{"id":5900,"date":"2022-01-19T12:59:08","date_gmt":"2022-01-19T10:59:08","guid":{"rendered":"https:\/\/vetatwork-project.eu\/utmaningar\/"},"modified":"2022-01-19T13:01:24","modified_gmt":"2022-01-19T11:01:24","slug":"utmaningar","status":"publish","type":"page","link":"https:\/\/vetatwork-project.eu\/sv\/utmaningar\/","title":{"rendered":"Utmaningar"},"content":{"rendered":"\t\t<div data-elementor-type=\"wp-page\" data-elementor-id=\"5900\" class=\"elementor elementor-5900 elementor-2124\" data-elementor-post-type=\"page\">\n\t\t\t\t\t\t<section class=\"elementor-section elementor-top-section elementor-element elementor-element-2f2e3f4 elementor-section-boxed elementor-section-height-default elementor-section-height-default\" data-id=\"2f2e3f4\" data-element_type=\"section\">\n\t\t\t\t\t\t<div class=\"elementor-container elementor-column-gap-default\">\n\t\t\t\t\t<div class=\"elementor-column elementor-col-100 elementor-top-column elementor-element elementor-element-278b5dd\" data-id=\"278b5dd\" data-element_type=\"column\">\n\t\t\t<div class=\"elementor-widget-wrap elementor-element-populated\">\n\t\t\t\t\t\t<div class=\"elementor-element elementor-element-a32e20e elementor-widget elementor-widget-text-editor\" data-id=\"a32e20e\" data-element_type=\"widget\" data-widget_type=\"text-editor.default\">\n\t\t\t\t<div class=\"elementor-widget-container\">\n\t\t\t\t\t\t\t<p><strong>Utmaningar; sv\u00e5ra att \u00f6vervinna, men n\u00f6dv\u00e4ndiga f\u00f6r att g\u00f6ra framsteg.<\/strong><\/p>\n\t\t\t\t\t\t<\/div>\n\t\t\t\t<\/div>\n\t\t\t\t<div class=\"elementor-element elementor-element-018f442 elementor-widget elementor-widget-text-editor\" data-id=\"018f442\" data-element_type=\"widget\" data-widget_type=\"text-editor.default\">\n\t\t\t\t<div class=\"elementor-widget-container\">\n\t\t\t\t\t\t\t<p>\u00c4ven om du har en tydlig vision och kan formulera vad du vill uppn\u00e5 \u00e4r det mycket troligt att du kommer att st\u00f6ta p\u00e5 utmaningar n\u00e4r du skapar ett partnerskap mellan yrkesutbildning och arbetsliv. L\u00e5t inte utmaningarna stoppa dig! Se dem som ett s\u00e4tt att f\u00f6rb\u00e4ttra kvaliteten p\u00e5 ditt arbete och se till att dina studeranden har de f\u00e4rdigheter de beh\u00f6ver f\u00f6r att lyckas i arbetslivet. Se utmaningar som en m\u00f6jlighet att v\u00e4xa och utvecklas, eftersom utmaningar tvingar dig att t\u00e4nka om och granska ditt s\u00e4tt att arbeta ur olika perspektiv. Genom att n\u00e4rma dig de utmaningar du m\u00f6ter med ett \u00f6ppet sinne blir du medveten om de r\u00e4dslor som kan hindra dig fr\u00e5n att g\u00f6ra framsteg. Du kommer ocks\u00e5 att f\u00f6rst\u00e5 hur du m\u00e5ste agera f\u00f6r att \u00f6vertyga dig sj\u00e4lv om att det \u00e4r f\u00f6rdelaktigt att skapa ett \u00f6ppet och genuint samarbete mellan yrkesutbildningen och arbetslivet. Se till att alla parter \u00e4r delaktiga i processen och att de \u00e4r medvetna om de utmaningar som ni tar itu med. F\u00f6r att uppmuntra yrkesutbildningsanordnare och\/eller arbetsgivare att ta itu med utmaningar p\u00e5 ett samarbetsinriktat s\u00e4tt m\u00e5ste du ocks\u00e5 lyfta fram f\u00f6rdelarna med att \u00f6vervinna utmaningarna f\u00f6r ditt f\u00f6retag, f\u00f6r yrkesutbildningen och f\u00f6r kompetensutvecklingen hos alla ber\u00f6rda.<\/p>\n<p>VET@work gruppen har delat in utmaningarna i tre huvudkategorier: externa, interna och vanem\u00e4ssiga. I det h\u00e4r underavsnittet beskrivs de fem st\u00f6rsta utmaningarna i var och en av de tre huvudkategorierna, tillsammans med f\u00f6rslag p\u00e5 hur de kan hanteras. Kom ih\u00e5g att du inte beh\u00f6ver l\u00f6sa alla utmaningar. \u00c4ven om man bara l\u00f6ser en eller tv\u00e5 utmaningar \u00e4r det en bra b\u00f6rjan f\u00f6r att f\u00e5 de inblandade att se utmaningarna som ett s\u00e4tt att f\u00f6rb\u00e4ttra samarbetet och kvaliteten p\u00e5 yrkesutbildningen.<\/p>\n\t\t\t\t\t\t<\/div>\n\t\t\t\t<\/div>\n\t\t\t\t<div class=\"elementor-element elementor-element-e106624 elementor-widget elementor-widget-heading\" data-id=\"e106624\" data-element_type=\"widget\" data-widget_type=\"heading.default\">\n\t\t\t\t<div class=\"elementor-widget-container\">\n\t\t\t<h3 class=\"elementor-heading-title elementor-size-default\">Tre olika utmaningar som du sannolikt kommer att m\u00f6ta n\u00e4r du startar ett VET@work samarbete:<\/h3>\t\t<\/div>\n\t\t\t\t<\/div>\n\t\t\t\t\t<\/div>\n\t\t<\/div>\n\t\t\t\t\t<\/div>\n\t\t<\/section>\n\t\t\t\t<section class=\"elementor-section elementor-top-section elementor-element elementor-element-a46392a elementor-section-boxed elementor-section-height-default elementor-section-height-default\" data-id=\"a46392a\" data-element_type=\"section\">\n\t\t\t\t\t\t<div class=\"elementor-container elementor-column-gap-default\">\n\t\t\t\t\t<div class=\"elementor-column elementor-col-33 elementor-top-column elementor-element elementor-element-bf159e1\" data-id=\"bf159e1\" data-element_type=\"column\">\n\t\t\t<div class=\"elementor-widget-wrap elementor-element-populated\">\n\t\t\t\t\t\t<div class=\"elementor-element elementor-element-1b4f20c elementor-widget elementor-widget-image\" data-id=\"1b4f20c\" data-element_type=\"widget\" data-widget_type=\"image.default\">\n\t\t\t\t<div class=\"elementor-widget-container\">\n\t\t\t\t\t\t\t\t\t\t\t\t\t\t<a href=\"https:\/\/vetatwork-project.eu\/sv\/external-obstacles\/\" target=\"_blank\">\n\t\t\t\t\t\t\t<img fetchpriority=\"high\" decoding=\"async\" width=\"800\" height=\"800\" src=\"https:\/\/vetatwork-project.eu\/wp-content\/uploads\/2021\/09\/collaborations-links-banner-Vet@Work@2.png\" class=\"attachment-large size-large wp-image-4404\" alt=\"useful links external obstacles\" srcset=\"https:\/\/vetatwork-project.eu\/wp-content\/uploads\/2021\/09\/collaborations-links-banner-Vet@Work@2.png 800w, https:\/\/vetatwork-project.eu\/wp-content\/uploads\/2021\/09\/collaborations-links-banner-Vet@Work@2-300x300.png 300w, https:\/\/vetatwork-project.eu\/wp-content\/uploads\/2021\/09\/collaborations-links-banner-Vet@Work@2-150x150.png 150w, https:\/\/vetatwork-project.eu\/wp-content\/uploads\/2021\/09\/collaborations-links-banner-Vet@Work@2-768x768.png 768w\" sizes=\"(max-width: 800px) 100vw, 800px\" \/>\t\t\t\t\t\t\t\t<\/a>\n\t\t\t\t\t\t\t\t\t\t\t\t\t<\/div>\n\t\t\t\t<\/div>\n\t\t\t\t<div class=\"elementor-element elementor-element-86aa239 elementor-align-center elementor-widget elementor-widget-button\" data-id=\"86aa239\" data-element_type=\"widget\" data-widget_type=\"button.default\">\n\t\t\t\t<div class=\"elementor-widget-container\">\n\t\t\t\t\t<div class=\"elementor-button-wrapper\">\n\t\t\t<a class=\"elementor-button elementor-button-link elementor-size-xs\" href=\"https:\/\/vetatwork-project.eu\/sv\/external-obstacles\/\" target=\"_blank\">\n\t\t\t\t\t\t<span class=\"elementor-button-content-wrapper\">\n\t\t\t\t\t\t\t\t\t<span class=\"elementor-button-text\">Externa utmaningar<\/span>\n\t\t\t\t\t<\/span>\n\t\t\t\t\t<\/a>\n\t\t<\/div>\n\t\t\t\t<\/div>\n\t\t\t\t<\/div>\n\t\t\t\t\t<\/div>\n\t\t<\/div>\n\t\t\t\t<div class=\"elementor-column elementor-col-33 elementor-top-column elementor-element elementor-element-e75f080\" data-id=\"e75f080\" data-element_type=\"column\">\n\t\t\t<div class=\"elementor-widget-wrap elementor-element-populated\">\n\t\t\t\t\t\t<div class=\"elementor-element elementor-element-a9aabbb elementor-widget elementor-widget-image\" data-id=\"a9aabbb\" data-element_type=\"widget\" data-widget_type=\"image.default\">\n\t\t\t\t<div class=\"elementor-widget-container\">\n\t\t\t\t\t\t\t\t\t\t\t\t\t\t<a href=\"https:\/\/vetatwork-project.eu\/sv\/internal-obstacles\/\" target=\"_blank\">\n\t\t\t\t\t\t\t<img decoding=\"async\" width=\"800\" height=\"800\" src=\"https:\/\/vetatwork-project.eu\/wp-content\/uploads\/2021\/09\/methodologies-banner-Vet@Work-man@2.png\" class=\"attachment-large size-large wp-image-4405\" alt=\"methodologies internal obstacles\" srcset=\"https:\/\/vetatwork-project.eu\/wp-content\/uploads\/2021\/09\/methodologies-banner-Vet@Work-man@2.png 800w, https:\/\/vetatwork-project.eu\/wp-content\/uploads\/2021\/09\/methodologies-banner-Vet@Work-man@2-300x300.png 300w, https:\/\/vetatwork-project.eu\/wp-content\/uploads\/2021\/09\/methodologies-banner-Vet@Work-man@2-150x150.png 150w, https:\/\/vetatwork-project.eu\/wp-content\/uploads\/2021\/09\/methodologies-banner-Vet@Work-man@2-768x768.png 768w\" sizes=\"(max-width: 800px) 100vw, 800px\" \/>\t\t\t\t\t\t\t\t<\/a>\n\t\t\t\t\t\t\t\t\t\t\t\t\t<\/div>\n\t\t\t\t<\/div>\n\t\t\t\t<div class=\"elementor-element elementor-element-94b66fb elementor-align-center elementor-widget elementor-widget-button\" data-id=\"94b66fb\" data-element_type=\"widget\" data-widget_type=\"button.default\">\n\t\t\t\t<div class=\"elementor-widget-container\">\n\t\t\t\t\t<div class=\"elementor-button-wrapper\">\n\t\t\t<a class=\"elementor-button elementor-button-link elementor-size-xs\" href=\"https:\/\/vetatwork-project.eu\/sv\/internal-obstacles\/\" target=\"_blank\">\n\t\t\t\t\t\t<span class=\"elementor-button-content-wrapper\">\n\t\t\t\t\t\t\t\t\t<span class=\"elementor-button-text\">Interna utmaningar<\/span>\n\t\t\t\t\t<\/span>\n\t\t\t\t\t<\/a>\n\t\t<\/div>\n\t\t\t\t<\/div>\n\t\t\t\t<\/div>\n\t\t\t\t\t<\/div>\n\t\t<\/div>\n\t\t\t\t<div class=\"elementor-column elementor-col-33 elementor-top-column elementor-element elementor-element-cb47f7d\" data-id=\"cb47f7d\" data-element_type=\"column\">\n\t\t\t<div class=\"elementor-widget-wrap elementor-element-populated\">\n\t\t\t\t\t\t<div class=\"elementor-element elementor-element-d4276e9 elementor-widget elementor-widget-image\" data-id=\"d4276e9\" data-element_type=\"widget\" data-widget_type=\"image.default\">\n\t\t\t\t<div class=\"elementor-widget-container\">\n\t\t\t\t\t\t\t\t\t\t\t\t\t\t<a href=\"https:\/\/vetatwork-project.eu\/sv\/habitual-obstacles\/\" target=\"_blank\">\n\t\t\t\t\t\t\t<img decoding=\"async\" width=\"800\" height=\"800\" src=\"https:\/\/vetatwork-project.eu\/wp-content\/uploads\/2021\/09\/methodologies-banner-Vet@Work-woman@2.png\" class=\"attachment-large size-large wp-image-4406\" alt=\"methodologies habitual obstacles\" srcset=\"https:\/\/vetatwork-project.eu\/wp-content\/uploads\/2021\/09\/methodologies-banner-Vet@Work-woman@2.png 800w, https:\/\/vetatwork-project.eu\/wp-content\/uploads\/2021\/09\/methodologies-banner-Vet@Work-woman@2-300x300.png 300w, https:\/\/vetatwork-project.eu\/wp-content\/uploads\/2021\/09\/methodologies-banner-Vet@Work-woman@2-150x150.png 150w, https:\/\/vetatwork-project.eu\/wp-content\/uploads\/2021\/09\/methodologies-banner-Vet@Work-woman@2-768x768.png 768w\" sizes=\"(max-width: 800px) 100vw, 800px\" \/>\t\t\t\t\t\t\t\t<\/a>\n\t\t\t\t\t\t\t\t\t\t\t\t\t<\/div>\n\t\t\t\t<\/div>\n\t\t\t\t<div class=\"elementor-element elementor-element-7621a4d elementor-align-center elementor-widget elementor-widget-button\" data-id=\"7621a4d\" data-element_type=\"widget\" data-widget_type=\"button.default\">\n\t\t\t\t<div class=\"elementor-widget-container\">\n\t\t\t\t\t<div class=\"elementor-button-wrapper\">\n\t\t\t<a class=\"elementor-button elementor-button-link elementor-size-xs\" href=\"https:\/\/vetatwork-project.eu\/sv\/habitual-obstacles\/\" target=\"_blank\">\n\t\t\t\t\t\t<span class=\"elementor-button-content-wrapper\">\n\t\t\t\t\t\t\t\t\t<span class=\"elementor-button-text\">Vanem\u00e4ssiga utmaningar<\/span>\n\t\t\t\t\t<\/span>\n\t\t\t\t\t<\/a>\n\t\t<\/div>\n\t\t\t\t<\/div>\n\t\t\t\t<\/div>\n\t\t\t\t\t<\/div>\n\t\t<\/div>\n\t\t\t\t\t<\/div>\n\t\t<\/section>\n\t\t\t\t<section class=\"elementor-section elementor-top-section elementor-element elementor-element-dfafbfe elementor-section-boxed elementor-section-height-default elementor-section-height-default\" data-id=\"dfafbfe\" data-element_type=\"section\">\n\t\t\t\t\t\t<div class=\"elementor-container elementor-column-gap-default\">\n\t\t\t\t\t<div class=\"elementor-column elementor-col-100 elementor-top-column elementor-element elementor-element-6ea6c5f\" data-id=\"6ea6c5f\" data-element_type=\"column\">\n\t\t\t<div class=\"elementor-widget-wrap elementor-element-populated\">\n\t\t\t\t\t\t<div class=\"elementor-element elementor-element-a997a4f elementor-widget elementor-widget-text-editor\" data-id=\"a997a4f\" data-element_type=\"widget\" data-widget_type=\"text-editor.default\">\n\t\t\t\t<div class=\"elementor-widget-container\">\n\t\t\t\t\t\t\t<p style=\"text-align: right;\"><strong><em>Coming together is the beginning<\/em><\/strong><\/p>\n<p style=\"text-align: right;\"><strong><em>Keeping together is progress<\/em><\/strong><\/p>\n<p style=\"text-align: right;\"><strong><em>Working together is success<\/em><\/strong><\/p>\n<p style=\"text-align: right;\"><em>Henry Ford, Industrialist and business magnate<\/em><\/p>\n\t\t\t\t\t\t<\/div>\n\t\t\t\t<\/div>\n\t\t\t\t\t<\/div>\n\t\t<\/div>\n\t\t\t\t\t<\/div>\n\t\t<\/section>\n\t\t\t\t<\/div>\n\t\t","protected":false},"excerpt":{"rendered":"<p>Utmaningar; sv\u00e5ra att \u00f6vervinna, men n\u00f6dv\u00e4ndiga f\u00f6r att g\u00f6ra framsteg. \u00c4ven om du har en tydlig vision och kan formulera vad du vill uppn\u00e5 \u00e4r det mycket troligt att du kommer att st\u00f6ta p\u00e5 utmaningar n\u00e4r du skapar ett partnerskap mellan yrkesutbildning och arbetsliv. L\u00e5t inte utmaningarna stoppa dig! Se dem som ett s\u00e4tt att [&hellip;]<\/p>\n","protected":false},"author":3,"featured_media":0,"parent":0,"menu_order":0,"comment_status":"closed","ping_status":"closed","template":"","meta":{"site-sidebar-layout":"no-sidebar","site-content-layout":"page-builder","ast-site-content-layout":"","site-content-style":"default","site-sidebar-style":"default","ast-global-header-display":"","ast-banner-title-visibility":"","ast-main-header-display":"","ast-hfb-above-header-display":"","ast-hfb-below-header-display":"","ast-hfb-mobile-header-display":"","site-post-title":"disabled","ast-breadcrumbs-content":"","ast-featured-img":"disabled","footer-sml-layout":"","theme-transparent-header-meta":"","adv-header-id-meta":"","stick-header-meta":"","header-above-stick-meta":"","header-main-stick-meta":"","header-below-stick-meta":"","astra-migrate-meta-layouts":"default","ast-page-background-enabled":"default","ast-page-background-meta":{"desktop":{"background-color":"","background-image":"","background-repeat":"repeat","background-position":"center center","background-size":"auto","background-attachment":"scroll","background-type":"","background-media":"","overlay-type":"","overlay-color":"","overlay-opacity":"","overlay-gradient":""},"tablet":{"background-color":"","background-image":"","background-repeat":"repeat","background-position":"center center","background-size":"auto","background-attachment":"scroll","background-type":"","background-media":"","overlay-type":"","overlay-color":"","overlay-opacity":"","overlay-gradient":""},"mobile":{"background-color":"","background-image":"","background-repeat":"repeat","background-position":"center center","background-size":"auto","background-attachment":"scroll","background-type":"","background-media":"","overlay-type":"","overlay-color":"","overlay-opacity":"","overlay-gradient":""}},"ast-content-background-meta":{"desktop":{"background-color":"var(--ast-global-color-5)","background-image":"","background-repeat":"repeat","background-position":"center center","background-size":"auto","background-attachment":"scroll","background-type":"","background-media":"","overlay-type":"","overlay-color":"","overlay-opacity":"","overlay-gradient":""},"tablet":{"background-color":"var(--ast-global-color-5)","background-image":"","background-repeat":"repeat","background-position":"center center","background-size":"auto","background-attachment":"scroll","background-type":"","background-media":"","overlay-type":"","overlay-color":"","overlay-opacity":"","overlay-gradient":""},"mobile":{"background-color":"var(--ast-global-color-5)","background-image":"","background-repeat":"repeat","background-position":"center center","background-size":"auto","background-attachment":"scroll","background-type":"","background-media":"","overlay-type":"","overlay-color":"","overlay-opacity":"","overlay-gradient":""}},"footnotes":""},"class_list":["post-5900","page","type-page","status-publish","hentry"],"_links":{"self":[{"href":"https:\/\/vetatwork-project.eu\/sv\/wp-json\/wp\/v2\/pages\/5900","targetHints":{"allow":["GET"]}}],"collection":[{"href":"https:\/\/vetatwork-project.eu\/sv\/wp-json\/wp\/v2\/pages"}],"about":[{"href":"https:\/\/vetatwork-project.eu\/sv\/wp-json\/wp\/v2\/types\/page"}],"author":[{"embeddable":true,"href":"https:\/\/vetatwork-project.eu\/sv\/wp-json\/wp\/v2\/users\/3"}],"replies":[{"embeddable":true,"href":"https:\/\/vetatwork-project.eu\/sv\/wp-json\/wp\/v2\/comments?post=5900"}],"version-history":[{"count":19,"href":"https:\/\/vetatwork-project.eu\/sv\/wp-json\/wp\/v2\/pages\/5900\/revisions"}],"predecessor-version":[{"id":5919,"href":"https:\/\/vetatwork-project.eu\/sv\/wp-json\/wp\/v2\/pages\/5900\/revisions\/5919"}],"wp:attachment":[{"href":"https:\/\/vetatwork-project.eu\/sv\/wp-json\/wp\/v2\/media?parent=5900"}],"curies":[{"name":"wp","href":"https:\/\/api.w.org\/{rel}","templated":true}]}}