{"id":5898,"date":"2022-01-19T10:13:17","date_gmt":"2022-01-19T08:13:17","guid":{"rendered":"https:\/\/vetatwork-project.eu\/fordelar\/"},"modified":"2022-01-19T10:13:18","modified_gmt":"2022-01-19T08:13:18","slug":"fordelar","status":"publish","type":"page","link":"https:\/\/vetatwork-project.eu\/sv\/fordelar\/","title":{"rendered":"F\u00f6rdelar"},"content":{"rendered":"\t\t<div data-elementor-type=\"wp-page\" data-elementor-id=\"5898\" class=\"elementor elementor-5898 elementor-628\" data-elementor-post-type=\"page\">\n\t\t\t\t\t\t<section class=\"elementor-section elementor-top-section elementor-element elementor-element-8b0b259 elementor-section-content-middle elementor-section-boxed elementor-section-height-default elementor-section-height-default\" data-id=\"8b0b259\" data-element_type=\"section\">\n\t\t\t\t\t\t<div class=\"elementor-container elementor-column-gap-default\">\n\t\t\t\t\t<div class=\"elementor-column elementor-col-50 elementor-top-column elementor-element elementor-element-72bd10b\" data-id=\"72bd10b\" data-element_type=\"column\">\n\t\t\t<div class=\"elementor-widget-wrap elementor-element-populated\">\n\t\t\t\t\t\t<div class=\"elementor-element elementor-element-e9ccc22 elementor-widget elementor-widget-text-editor\" data-id=\"e9ccc22\" data-element_type=\"widget\" data-widget_type=\"text-editor.default\">\n\t\t\t\t<div class=\"elementor-widget-container\">\n\t\t\t\t\t\t\t<p>F\u00f6rdelar<\/p>\n\t\t\t\t\t\t<\/div>\n\t\t\t\t<\/div>\n\t\t\t\t<div class=\"elementor-element elementor-element-24a751c elementor-widget elementor-widget-text-editor\" data-id=\"24a751c\" data-element_type=\"widget\" data-widget_type=\"text-editor.default\">\n\t\t\t\t<div class=\"elementor-widget-container\">\n\t\t\t\t\t\t\t<p><strong>Introduktion<\/strong><\/p>\n<p>\u00d6ppet samarbete mellan yrkesutbildningsanordnare och arbetslivet har en positiv inverkan p\u00e5 yrkesutbildningens kvalitet och utvecklingen av l\u00e4rarnas, arbetsgivarnas, handledarnas och framf\u00f6r allt studerandenas kompetens.<\/p>\n\t\t\t\t\t\t<\/div>\n\t\t\t\t<\/div>\n\t\t\t\t<div class=\"elementor-element elementor-element-93c73fe elementor-widget elementor-widget-spacer\" data-id=\"93c73fe\" data-element_type=\"widget\" data-widget_type=\"spacer.default\">\n\t\t\t\t<div class=\"elementor-widget-container\">\n\t\t\t\t\t<div class=\"elementor-spacer\">\n\t\t\t<div class=\"elementor-spacer-inner\"><\/div>\n\t\t<\/div>\n\t\t\t\t<\/div>\n\t\t\t\t<\/div>\n\t\t\t\t\t<\/div>\n\t\t<\/div>\n\t\t\t\t<div class=\"elementor-column elementor-col-50 elementor-top-column elementor-element elementor-element-ec3b8b5\" data-id=\"ec3b8b5\" data-element_type=\"column\">\n\t\t\t<div class=\"elementor-widget-wrap elementor-element-populated\">\n\t\t\t\t\t\t<div class=\"elementor-element elementor-element-da7ba49 elementor-widget elementor-widget-image\" data-id=\"da7ba49\" data-element_type=\"widget\" data-widget_type=\"image.default\">\n\t\t\t\t<div class=\"elementor-widget-container\">\n\t\t\t\t\t\t\t\t\t\t\t\t\t<img fetchpriority=\"high\" decoding=\"async\" width=\"800\" height=\"800\" src=\"https:\/\/vetatwork-project.eu\/wp-content\/uploads\/2021\/09\/benefits-banner-Vet@Work@2.png\" class=\"attachment-full size-full wp-image-4407\" alt=\"benefits\" srcset=\"https:\/\/vetatwork-project.eu\/wp-content\/uploads\/2021\/09\/benefits-banner-Vet@Work@2.png 800w, https:\/\/vetatwork-project.eu\/wp-content\/uploads\/2021\/09\/benefits-banner-Vet@Work@2-300x300.png 300w, https:\/\/vetatwork-project.eu\/wp-content\/uploads\/2021\/09\/benefits-banner-Vet@Work@2-150x150.png 150w, https:\/\/vetatwork-project.eu\/wp-content\/uploads\/2021\/09\/benefits-banner-Vet@Work@2-768x768.png 768w\" sizes=\"(max-width: 800px) 100vw, 800px\" \/>\t\t\t\t\t\t\t\t\t\t\t\t\t<\/div>\n\t\t\t\t<\/div>\n\t\t\t\t\t<\/div>\n\t\t<\/div>\n\t\t\t\t\t<\/div>\n\t\t<\/section>\n\t\t\t\t<section class=\"elementor-section elementor-top-section elementor-element elementor-element-d6fc508 elementor-section-boxed elementor-section-height-default elementor-section-height-default\" data-id=\"d6fc508\" data-element_type=\"section\">\n\t\t\t\t\t\t<div class=\"elementor-container elementor-column-gap-default\">\n\t\t\t\t\t<div class=\"elementor-column elementor-col-100 elementor-top-column elementor-element elementor-element-fda7072\" data-id=\"fda7072\" data-element_type=\"column\">\n\t\t\t<div class=\"elementor-widget-wrap elementor-element-populated\">\n\t\t\t\t\t\t<div class=\"elementor-element elementor-element-8b15fa5 elementor-widget elementor-widget-text-editor\" data-id=\"8b15fa5\" data-element_type=\"widget\" data-widget_type=\"text-editor.default\">\n\t\t\t\t<div class=\"elementor-widget-container\">\n\t\t\t\t\t\t\t<p>N\u00e4r vi utv\u00e4rderade projekts och VET@work handbokens inverkan vad g\u00e4ller st\u00e4rkandet av engagemang fr\u00e5gade vi oss sj\u00e4lva: 1) Har vi lyckats f\u00e5 h\u00f6gsta ledningen med i att utveckla en vision f\u00f6r samarbete mellan yrkesutbildning och arbetslivet och f\u00e5tt med detta i befintliga strategier, 2) Hur st\u00f6der och uppmuntrar v\u00e5r handbok samarbete mellan yrkesutbildningsanordnare, l\u00e4rare, arbetsgivare och arbetsplatshandledare, och 3) Har vi kunnat visa hur viktigt det \u00e4r att yrkesutbildningsanordnare och arbetsgivare inf\u00f6r strategier, metoder och resurser p\u00e5 ett s\u00e4tt som m\u00f6jligg\u00f6r och uppmuntrar samarbete mellan yrkesutbildning och arbetsplats.<\/p>\n<p>N\u00e4r det g\u00e4ller att inleda och st\u00e4rka samarbetet fr\u00e5gade vi oss sj\u00e4lva: 1) Hur hj\u00e4lper v\u00e5r handbok till att skapa en effektiv och \u00f6ppen kommunikation mellan arbetsgivare och yrkes utbildare? 2) Hur kan v\u00e5r handbok bidra till att s\u00e4kerst\u00e4lla ett h\u00e5llbart och kvalitativt samarbete som leder till en win-win-situation f\u00f6r alla inblandade parter, och 3) Hur kan den hj\u00e4lpa yrkesutbildningsanordnare och arbetsgivare att bed\u00f6ma sin beredskap f\u00f6r samarbete och att engagera sig i ett samarbete som matchar deras erfarenhetsniv\u00e5?<\/p>\n<p>D\u00e4refter fokuserade vi p\u00e5 samarbete och fr\u00e5gade oss 1) Kan vi visa hur viktigt det \u00e4r att integrera ett inl\u00e4rningsprogram\/en l\u00e4roplan som f\u00f6rhandlas, utformas och anpassas tillsammans och som uppfyller alla parters behov; 2) Har vi lyckats visa hur viktigt det \u00e4r att se till att alla parter har en gemensam f\u00f6rst\u00e5else f\u00f6r inl\u00e4rningsm\u00e5len och de definitioner\/termer som anv\u00e4nds i samarbetet, och 3) Har vi lyckats hj\u00e4lpa yrkesutbildningsanordnare och arbetsgivare att t\u00e4nka om sitt s\u00e4tt att samarbeta och kommunicera och d\u00e4rigenom f\u00f6rb\u00e4ttra kvaliteten p\u00e5 yrkesutbildningen.<\/p>\n<p>Det slutliga fokuset l\u00e5g p\u00e5 att fira och utv\u00e4rdera 1) Hur partnerskap mellan yrkesutbildning och arbetsliv hj\u00e4lper studeranden att n\u00e5 sina kort-, medel- och l\u00e5ngsiktiga m\u00e5l p\u00e5 ett s\u00e4tt som g\u00f6r \u00f6verg\u00e5ngen fr\u00e5n yrkesutbildning till arbetslivet smidigare, 2) Hur utbyte av b\u00e4sta praxis leder till ambassad\u00f6rer f\u00f6r yrkesutbildning och arbetsliv som bidrar till att g\u00f6ra yrkesutbildningen mer attraktiv, och 3) Hur partnerskap mellan yrkesutbildning och arbetsliv ger studeranden b\u00e4ttre karri\u00e4rm\u00f6jligheter och fortl\u00f6pande yrkesm\u00e4ssig utveckling.<\/p>\n\t\t\t\t\t\t<\/div>\n\t\t\t\t<\/div>\n\t\t\t\t<div class=\"elementor-element elementor-element-926ec4f elementor-tabs-alignment-stretch elementor-tabs-view-horizontal elementor-widget elementor-widget-tabs\" data-id=\"926ec4f\" data-element_type=\"widget\" data-widget_type=\"tabs.default\">\n\t\t\t\t<div class=\"elementor-widget-container\">\n\t\t\t\t\t<div class=\"elementor-tabs\">\n\t\t\t<div class=\"elementor-tabs-wrapper\" role=\"tablist\" >\n\t\t\t\t\t\t\t\t\t<div id=\"elementor-tab-title-1531\" class=\"elementor-tab-title elementor-tab-desktop-title\" aria-selected=\"true\" data-tab=\"1\" role=\"tab\" tabindex=\"0\" aria-controls=\"elementor-tab-content-1531\" aria-expanded=\"false\">VET@work:s positiva effekter<\/div>\n\t\t\t\t\t\t\t\t\t<div id=\"elementor-tab-title-1532\" class=\"elementor-tab-title elementor-tab-desktop-title\" aria-selected=\"false\" data-tab=\"2\" role=\"tab\" tabindex=\"-1\" aria-controls=\"elementor-tab-content-1532\" aria-expanded=\"false\">F\u00f6rv\u00e4ntade effekter efter att man b\u00f6rjat VET@work samarbete<\/div>\n\t\t\t\t\t\t\t<\/div>\n\t\t\t<div class=\"elementor-tabs-content-wrapper\" role=\"tablist\" aria-orientation=\"vertical\">\n\t\t\t\t\t\t\t\t\t<div class=\"elementor-tab-title elementor-tab-mobile-title\" aria-selected=\"true\" data-tab=\"1\" role=\"tab\" tabindex=\"0\" aria-controls=\"elementor-tab-content-1531\" aria-expanded=\"false\">VET@work:s positiva effekter<\/div>\n\t\t\t\t\t<div id=\"elementor-tab-content-1531\" class=\"elementor-tab-content elementor-clearfix\" data-tab=\"1\" role=\"tabpanel\" aria-labelledby=\"elementor-tab-title-1531\" tabindex=\"0\" hidden=\"false\"><p>Projektet har hj\u00e4lpt oss som deltagit i projektet och som har haft m\u00f6jlighet att testa och till\u00e4mpa metoderna som beskrivs i metodkapitlet att uppn\u00e5 ett antal positiva resultat.<\/p>\n<p>F\u00f6r det f\u00f6rsta har ett \u00f6ppet och h\u00e5llbart samarbete gjort det m\u00f6jligt att skapa och testa id\u00e9er. Vissa har varit mer framg\u00e5ngsrika \u00e4n andra, men alla id\u00e9er och experiment har hj\u00e4lpt oss att v\u00e4xa och f\u00f6rb\u00e4ttra kommunikationen, samarbetet, v\u00e5rt s\u00e4tt att arbeta tillsammans och fira gemensamma framg\u00e5ngshistorier. Vi har l\u00e4rt oss hur vi ska s\u00e4lja id\u00e9n om VET@work och vilka hinder vi sannolikt kommer att m\u00f6ta. Genom att vara medveten om hinder som vi sannolikt kommer att st\u00f6ta p\u00e5, hj\u00e4lper oss att \u00f6vervinna dem och ger oss b\u00e4ttre f\u00f6ruts\u00e4ttningar f\u00f6r att klara av de utmaningar som vi kan m\u00f6ta.<\/p>\n<p>Vi \u00e4r nu mycket s\u00e4krare n\u00e4r det g\u00e4ller v\u00e5rt s\u00e4tt att n\u00e4rma oss yrkesutbildningsanordnare och arbetsgivare. Vi vet hur viktigt det \u00e4r att kommunicera \u00f6ppet om vad vi vill uppn\u00e5 och att se till att vi f\u00f6rst\u00e5r de fr\u00e5gor och \u00e4mnen vi st\u00e4lls inf\u00f6r p\u00e5 samma s\u00e4tt. Vi har f\u00f6rb\u00e4ttrat v\u00e5r kommunikationsf\u00f6rm\u00e5ga och l\u00e4rt oss att vi m\u00e5ste anstr\u00e4nga oss f\u00f6r att se till att vi f\u00f6rst\u00e5r de termer som anv\u00e4nds p\u00e5 samma s\u00e4tt. Genom att se till att vi talar samma spr\u00e5k \u00f6kar v\u00e5r samarbetsvilja, vilket i sin tur leder till fler och b\u00e4ttre m\u00f6jligheter till samarbete.<\/p>\n<p>En av de mest v\u00e4rdefulla effekterna \u00e4r att VET@work har hj\u00e4lpt yrkesutbildningsanordnare och l\u00e4rare att b\u00e4ttre utv\u00e4rdera den kompetens och kunskap som finns i f\u00f6retagen. De har blivit b\u00e4ttre p\u00e5 att bed\u00f6ma och lyfta fram f\u00f6rdelar och positiva resultat VET@work samarbete medf\u00f6rt. VET@work har ocks\u00e5 \u00f6kat arbetsgivarnas f\u00f6rst\u00e5else f\u00f6r yrkesutbildning och deras uppskattning av vad som h\u00e4nder inom yrkesutbildningen. De har \u00f6kat sin medvetenhet om den verklighet som yrkesutbildningen (ofta) k\u00e4mpar med. B\u00e4ttre f\u00f6rst\u00e5else och uppskattning har bidragit till f\u00f6rb\u00e4ttrad kommunikationen och har hj\u00e4lpt bygga relationer som bygger p\u00e5 tillit, respekt och f\u00f6rst\u00e5else. Detta har i sin tur en positiv inverkan p\u00e5 kvaliteten p\u00e5 samarbetet och kompetensutvecklingen.<\/p>\n<p>Vi har ocks\u00e5 uppt\u00e4ckt att n\u00e4r f\u00f6rtroendet och respekten \u00f6kar, \u00f6kar ocks\u00e5 k\u00e4nslan av egenmakt! Arbetsgivare, handledare, l\u00e4rare och yrkesutbildningsanordnare k\u00e4nner sig st\u00e4rkta och vill g\u00f6ra mer, vilket leder till en positiv cirkel som i sig leder till b\u00e4ttre kvalitet i kommunikationen och djupare samarbete. Arbetsgivarna kommer att kunna observera ett stort antal studenter och f\u00e5 m\u00f6jlighet att v\u00e4lja ut dem som passar b\u00e4st f\u00f6r deras f\u00f6retag. F\u00f6r att citera en arbetsgivare som intervjuades under ett internationellt m\u00f6te: &#8221;Studerande kanske inte \u00e4r den b\u00e4sta studerande, hen kanske inte \u00e4r den starkaste studeranden, men samarbetet hj\u00e4lper mig att se vilken studerande som passar b\u00e4st f\u00f6r mig, mina anst\u00e4llda och mitt f\u00f6retag. Detta leder till att fler och fler studerande kan f\u00e5 ett l\u00e4roavtal medan de studerar, och i m\u00e5nga fall kan studenterna de erbjudas arbete efter att de slutf\u00f6rt sin examen.<\/p>\n<p>F\u00f6r oss har VET@work varit en m\u00f6jlighet att skapa en gemensam vision f\u00f6r ett bredare samarbete. Det har gett oss sj\u00e4lvf\u00f6rtroende att ta till oss nya id\u00e9er och dela dem med andra (arbetsgivare, anst\u00e4llda, arbetscoacher, yrkes utbildare, l\u00e4rare, studeranden osv.) Det har gjort det m\u00f6jligt f\u00f6r oss att stanna upp och reflektera \u00f6ver hur vi arbetar, vad vi vill uppn\u00e5 och hur vi kan uppn\u00e5 det via VET@work. Det har gett oss m\u00f6jligheten att f\u00f6rb\u00e4ttra v\u00e5r kommunikations- och samarbetsf\u00f6rm\u00e5ga samtidigt som vi har f\u00f6rst\u00e5tt vikten av att dela och fira framg\u00e5ngshistorier. Det har gjort oss medvetna om att \u00e4ven om samarbetet mellan yrkesutbildning och arbetsliv kr\u00e4ver resurser, betalar det sig tillbaka med r\u00e4nta!<\/p>\n<p style=\"text-align: justify;\">Vi \u00e4r ocks\u00e5 medvetna om att alla metoder inte passar alla! Men om vi har lyckats uppmuntra och st\u00f6dja en arbetsgivare och en utbildningsanordnare att samarbeta och hj\u00e4lpa dem att inf\u00f6ra en av v\u00e5ra metoder, tycker vi att vi har lyckats! Vi har lyckats f\u00e5 ett genomslag som (troligen) kommer att leda till nya former av VET@work samarbete.<\/p>\n<\/div>\n\t\t\t\t\t\t\t\t\t<div class=\"elementor-tab-title elementor-tab-mobile-title\" aria-selected=\"false\" data-tab=\"2\" role=\"tab\" tabindex=\"-1\" aria-controls=\"elementor-tab-content-1532\" aria-expanded=\"false\">F\u00f6rv\u00e4ntade effekter efter att man b\u00f6rjat VET@work samarbete<\/div>\n\t\t\t\t\t<div id=\"elementor-tab-content-1532\" class=\"elementor-tab-content elementor-clearfix\" data-tab=\"2\" role=\"tabpanel\" aria-labelledby=\"elementor-tab-title-1532\" tabindex=\"0\" hidden=\"hidden\"><p>Vilka effekter kan du f\u00f6rv\u00e4nta dig om du startar ett VET@work samarbete i enlighet med den h\u00e4r handboken? F\u00f6r det f\u00f6rsta kommer du att f\u00e5 en b\u00e4ttre och djupare f\u00f6rst\u00e5else f\u00f6r vad arbetslivet kan erbjuda yrkesutbildningen och vice versa. Du kommer att se att alla vinner p\u00e5 att samarbeta och att kvaliteten p\u00e5 yrkesutbildningen och kompetenser f\u00f6r alla inblandade parter f\u00f6rb\u00e4ttras. Studeranden kommer att finna utbildning och l\u00e4rande mer utmanande men samtidigt mer givande, vilket kommer att g\u00f6ra yrkesutbildningen till ett attraktivt alternativ f\u00f6r studeranden.<\/p>\n<p>Studeranden kommer att ha \u00f6kade f\u00f6rst\u00e5else f\u00f6r vad som f\u00f6rv\u00e4ntas av dem n\u00e4r de kommer ut i arbetslivet, och de kommer att utveckla och f\u00e5 f\u00e4rdigheter som kommer att gynna dem och arbetslivet. L\u00e4rarnas kunskaper om arbetsmarknaden och arbetslivet kommer att h\u00e5llas uppdaterade. Deras undervisningskompetens kommer att vara mer relevant f\u00f6r 2000-talets behov, och de kommer att bli b\u00e4ttre l\u00e4rare och mentorer f\u00f6r elever som g\u00e5r ut i arbetslivet.<\/p>\n<p>Studeranden kan l\u00e4ra sig av l\u00e4rare, arbetsgivare och anst\u00e4llda. De f\u00e5r en realistisk f\u00f6rst\u00e5else f\u00f6r arbetslivet och vad som f\u00f6rv\u00e4ntas av dem n\u00e4r de kommer in p\u00e5 arbetsplatsen som anst\u00e4llda\/arbetsgivare.<\/p>\n<p style=\"text-align: justify;\">Klyftan mellan yrkesutbildningsanordnare och arbetsgivare kommer att minska och ett samarbete som bygger p\u00e5 \u00f6ppen kommunikation kommer att g\u00f6ra yrkesutbildningen mer flexibel och av h\u00f6gre kvalitet n\u00e4r arbetsgivare och yrkesutbildningsanordnare arbetar parallellt f\u00f6r att tillgodose studerandenas behov. L\u00e4roplanerna kommer att utvecklas och genomf\u00f6ras gemensamt, och yrkesutbildningsinstitutionerna kommer att f\u00e5 tillg\u00e5ng till spetskunskap p\u00e5 omr\u00e5det. Mer sektorspecifik inl\u00e4rning baserad p\u00e5 samh\u00e4llets aktuella behov \u00e4r m\u00f6jlig och g\u00f6r det m\u00f6jligt f\u00f6r studeranden att l\u00e4ra sig de senaste moderna metoderna. Det fr\u00e4mjar och m\u00f6jligg\u00f6r en helhetssyn p\u00e5 yrkesutbildningen och f\u00f6rb\u00e4ttrar skolans och arbetsgivarnas rykte. Det leder ocks\u00e5 till en mer kompetent arbetskraft och mer n\u00f6jda l\u00e4rare, studeranden, anst\u00e4llda och arbetsgivare.<\/p>\n<\/div>\n\t\t\t\t\t\t\t<\/div>\n\t\t<\/div>\n\t\t\t\t<\/div>\n\t\t\t\t<\/div>\n\t\t\t\t<div class=\"elementor-element elementor-element-44e46bc elementor-widget elementor-widget-spacer\" data-id=\"44e46bc\" data-element_type=\"widget\" data-widget_type=\"spacer.default\">\n\t\t\t\t<div class=\"elementor-widget-container\">\n\t\t\t\t\t<div class=\"elementor-spacer\">\n\t\t\t<div class=\"elementor-spacer-inner\"><\/div>\n\t\t<\/div>\n\t\t\t\t<\/div>\n\t\t\t\t<\/div>\n\t\t\t\t\t<\/div>\n\t\t<\/div>\n\t\t\t\t\t<\/div>\n\t\t<\/section>\n\t\t\t\t<\/div>\n\t\t","protected":false},"excerpt":{"rendered":"<p>F\u00f6rdelar Introduktion \u00d6ppet samarbete mellan yrkesutbildningsanordnare och arbetslivet har en positiv inverkan p\u00e5 yrkesutbildningens kvalitet och utvecklingen av l\u00e4rarnas, arbetsgivarnas, handledarnas och framf\u00f6r allt studerandenas kompetens. N\u00e4r vi utv\u00e4rderade projekts och VET@work handbokens inverkan vad g\u00e4ller st\u00e4rkandet av engagemang fr\u00e5gade vi oss sj\u00e4lva: 1) Har vi lyckats f\u00e5 h\u00f6gsta ledningen med i att utveckla en [&hellip;]<\/p>\n","protected":false},"author":3,"featured_media":0,"parent":0,"menu_order":0,"comment_status":"closed","ping_status":"closed","template":"","meta":{"site-sidebar-layout":"no-sidebar","site-content-layout":"page-builder","ast-site-content-layout":"","site-content-style":"default","site-sidebar-style":"default","ast-global-header-display":"","ast-banner-title-visibility":"","ast-main-header-display":"","ast-hfb-above-header-display":"","ast-hfb-below-header-display":"","ast-hfb-mobile-header-display":"","site-post-title":"disabled","ast-breadcrumbs-content":"","ast-featured-img":"disabled","footer-sml-layout":"","theme-transparent-header-meta":"","adv-header-id-meta":"","stick-header-meta":"","header-above-stick-meta":"","header-main-stick-meta":"","header-below-stick-meta":"","astra-migrate-meta-layouts":"default","ast-page-background-enabled":"default","ast-page-background-meta":{"desktop":{"background-color":"","background-image":"","background-repeat":"repeat","background-position":"center center","background-size":"auto","background-attachment":"scroll","background-type":"","background-media":"","overlay-type":"","overlay-color":"","overlay-opacity":"","overlay-gradient":""},"tablet":{"background-color":"","background-image":"","background-repeat":"repeat","background-position":"center center","background-size":"auto","background-attachment":"scroll","background-type":"","background-media":"","overlay-type":"","overlay-color":"","overlay-opacity":"","overlay-gradient":""},"mobile":{"background-color":"","background-image":"","background-repeat":"repeat","background-position":"center center","background-size":"auto","background-attachment":"scroll","background-type":"","background-media":"","overlay-type":"","overlay-color":"","overlay-opacity":"","overlay-gradient":""}},"ast-content-background-meta":{"desktop":{"background-color":"var(--ast-global-color-5)","background-image":"","background-repeat":"repeat","background-position":"center center","background-size":"auto","background-attachment":"scroll","background-type":"","background-media":"","overlay-type":"","overlay-color":"","overlay-opacity":"","overlay-gradient":""},"tablet":{"background-color":"var(--ast-global-color-5)","background-image":"","background-repeat":"repeat","background-position":"center center","background-size":"auto","background-attachment":"scroll","background-type":"","background-media":"","overlay-type":"","overlay-color":"","overlay-opacity":"","overlay-gradient":""},"mobile":{"background-color":"var(--ast-global-color-5)","background-image":"","background-repeat":"repeat","background-position":"center center","background-size":"auto","background-attachment":"scroll","background-type":"","background-media":"","overlay-type":"","overlay-color":"","overlay-opacity":"","overlay-gradient":""}},"footnotes":""},"class_list":["post-5898","page","type-page","status-publish","hentry"],"_links":{"self":[{"href":"https:\/\/vetatwork-project.eu\/sv\/wp-json\/wp\/v2\/pages\/5898","targetHints":{"allow":["GET"]}}],"collection":[{"href":"https:\/\/vetatwork-project.eu\/sv\/wp-json\/wp\/v2\/pages"}],"about":[{"href":"https:\/\/vetatwork-project.eu\/sv\/wp-json\/wp\/v2\/types\/page"}],"author":[{"embeddable":true,"href":"https:\/\/vetatwork-project.eu\/sv\/wp-json\/wp\/v2\/users\/3"}],"replies":[{"embeddable":true,"href":"https:\/\/vetatwork-project.eu\/sv\/wp-json\/wp\/v2\/comments?post=5898"}],"version-history":[{"count":1,"href":"https:\/\/vetatwork-project.eu\/sv\/wp-json\/wp\/v2\/pages\/5898\/revisions"}],"predecessor-version":[{"id":5899,"href":"https:\/\/vetatwork-project.eu\/sv\/wp-json\/wp\/v2\/pages\/5898\/revisions\/5899"}],"wp:attachment":[{"href":"https:\/\/vetatwork-project.eu\/sv\/wp-json\/wp\/v2\/media?parent=5898"}],"curies":[{"name":"wp","href":"https:\/\/api.w.org\/{rel}","templated":true}]}}