{"id":5894,"date":"2022-01-19T10:03:24","date_gmt":"2022-01-19T08:03:24","guid":{"rendered":"https:\/\/vetatwork-project.eu\/6-steg-for-att-marknadsfora-samarbete\/"},"modified":"2022-01-19T10:03:24","modified_gmt":"2022-01-19T08:03:24","slug":"6-steg-for-att-marknadsfora-samarbete","status":"publish","type":"page","link":"https:\/\/vetatwork-project.eu\/sv\/6-steg-for-att-marknadsfora-samarbete\/","title":{"rendered":"6 steg f\u00f6r att marknadsf\u00f6ra samarbete"},"content":{"rendered":"\t\t<div data-elementor-type=\"wp-page\" data-elementor-id=\"5894\" class=\"elementor elementor-5894 elementor-2060\" data-elementor-post-type=\"page\">\n\t\t\t\t\t\t<section class=\"elementor-section elementor-top-section elementor-element elementor-element-92787e0 elementor-section-boxed elementor-section-height-default elementor-section-height-default\" data-id=\"92787e0\" data-element_type=\"section\">\n\t\t\t\t\t\t<div class=\"elementor-container elementor-column-gap-default\">\n\t\t\t\t\t<div class=\"elementor-column elementor-col-100 elementor-top-column elementor-element elementor-element-91ba768\" data-id=\"91ba768\" data-element_type=\"column\">\n\t\t\t<div class=\"elementor-widget-wrap elementor-element-populated\">\n\t\t\t\t\t\t<div class=\"elementor-element elementor-element-b7287ca elementor-widget elementor-widget-spacer\" data-id=\"b7287ca\" data-element_type=\"widget\" data-widget_type=\"spacer.default\">\n\t\t\t\t<div class=\"elementor-widget-container\">\n\t\t\t\t\t<div class=\"elementor-spacer\">\n\t\t\t<div class=\"elementor-spacer-inner\"><\/div>\n\t\t<\/div>\n\t\t\t\t<\/div>\n\t\t\t\t<\/div>\n\t\t\t\t\t<\/div>\n\t\t<\/div>\n\t\t\t\t\t<\/div>\n\t\t<\/section>\n\t\t\t\t<section class=\"elementor-section elementor-top-section elementor-element elementor-element-713e8b6 elementor-section-boxed elementor-section-height-default elementor-section-height-default\" data-id=\"713e8b6\" data-element_type=\"section\">\n\t\t\t\t\t\t<div class=\"elementor-container elementor-column-gap-default\">\n\t\t\t\t\t<div class=\"elementor-column elementor-col-50 elementor-top-column elementor-element elementor-element-28a71b5\" data-id=\"28a71b5\" data-element_type=\"column\">\n\t\t\t<div class=\"elementor-widget-wrap elementor-element-populated\">\n\t\t\t\t\t\t<div class=\"elementor-element elementor-element-ff223dc elementor-widget elementor-widget-text-editor\" data-id=\"ff223dc\" data-element_type=\"widget\" data-widget_type=\"text-editor.default\">\n\t\t\t\t<div class=\"elementor-widget-container\">\n\t\t\t\t\t\t\t<p>6 steg f\u00f6r att marknadsf\u00f6ra samarbete mellan en yrkesutbildningsanordnare och en arbetsgivare<\/p>\n\t\t\t\t\t\t<\/div>\n\t\t\t\t<\/div>\n\t\t\t\t\t<\/div>\n\t\t<\/div>\n\t\t\t\t<div class=\"elementor-column elementor-col-50 elementor-top-column elementor-element elementor-element-6292f12\" data-id=\"6292f12\" data-element_type=\"column\">\n\t\t\t<div class=\"elementor-widget-wrap elementor-element-populated\">\n\t\t\t\t\t\t<div class=\"elementor-element elementor-element-74ffe51 elementor-widget elementor-widget-image\" data-id=\"74ffe51\" data-element_type=\"widget\" data-widget_type=\"image.default\">\n\t\t\t\t<div class=\"elementor-widget-container\">\n\t\t\t\t\t\t\t\t\t\t\t\t\t<img decoding=\"async\" src=\"https:\/\/vetatwork-project.eu\/wp-content\/uploads\/elementor\/thumbs\/pedagogical-collaborations-banner-Vet@Work@2-pesaw2emx0oboem1kiampen70i07m1hm0dwkyfw60g.png\" title=\"pedagogical-collaborations-banner-Vet@Work@2\" alt=\"pedagogical collaborations\" loading=\"lazy\" \/>\t\t\t\t\t\t\t\t\t\t\t\t\t<\/div>\n\t\t\t\t<\/div>\n\t\t\t\t\t<\/div>\n\t\t<\/div>\n\t\t\t\t\t<\/div>\n\t\t<\/section>\n\t\t\t\t<section class=\"elementor-section elementor-top-section elementor-element elementor-element-87126ca elementor-section-boxed elementor-section-height-default elementor-section-height-default\" data-id=\"87126ca\" data-element_type=\"section\">\n\t\t\t\t\t\t<div class=\"elementor-container elementor-column-gap-default\">\n\t\t\t\t\t<div class=\"elementor-column elementor-col-100 elementor-top-column elementor-element elementor-element-fe313aa\" data-id=\"fe313aa\" data-element_type=\"column\">\n\t\t\t<div class=\"elementor-widget-wrap elementor-element-populated\">\n\t\t\t\t\t\t<div class=\"elementor-element elementor-element-b0af567 elementor-widget elementor-widget-accordion\" data-id=\"b0af567\" data-element_type=\"widget\" data-widget_type=\"accordion.default\">\n\t\t\t\t<div class=\"elementor-widget-container\">\n\t\t\t\t\t<div class=\"elementor-accordion\">\n\t\t\t\t\t\t\t<div class=\"elementor-accordion-item\">\n\t\t\t\t\t<div id=\"elementor-tab-title-1851\" class=\"elementor-tab-title\" data-tab=\"1\" role=\"button\" aria-controls=\"elementor-tab-content-1851\" aria-expanded=\"false\">\n\t\t\t\t\t\t\t\t\t\t\t\t\t<span class=\"elementor-accordion-icon elementor-accordion-icon-left\" aria-hidden=\"true\">\n\t\t\t\t\t\t\t\t\t\t\t\t\t\t\t<span class=\"elementor-accordion-icon-closed\"><i class=\"fas fa-plus\"><\/i><\/span>\n\t\t\t\t\t\t\t\t<span class=\"elementor-accordion-icon-opened\"><i class=\"fas fa-minus\"><\/i><\/span>\n\t\t\t\t\t\t\t\t\t\t\t\t\t\t<\/span>\n\t\t\t\t\t\t\t\t\t\t\t\t<a class=\"elementor-accordion-title\" tabindex=\"0\">Identifiera gemensamma samarbetsbehov<\/a>\n\t\t\t\t\t<\/div>\n\t\t\t\t\t<div id=\"elementor-tab-content-1851\" class=\"elementor-tab-content elementor-clearfix\" data-tab=\"1\" role=\"region\" aria-labelledby=\"elementor-tab-title-1851\"><p>F\u00f6r att samarbetet ska lyckas \u00e4r det viktigt att ta reda p\u00e5 vilka utmaningar arbetsgivaren har p\u00e5 arbetsplatsen. Dessa \u00e4r av st\u00f6rsta vikt f\u00f6r arbetsgivaren och hur samarbete kan bidra till att l\u00f6sa dessa problem. Det kan till exempel handla om personal- eller kompetensbrist eller handla om att schemat f\u00f6r yrkesutbildningen inte passar f\u00f6retagets behov. Genom att l\u00e4ra sig mer om arbetsgivarens behov kan man hitta en l\u00f6sning.<\/p>\n<\/div>\n\t\t\t\t<\/div>\n\t\t\t\t\t\t\t<div class=\"elementor-accordion-item\">\n\t\t\t\t\t<div id=\"elementor-tab-title-1852\" class=\"elementor-tab-title\" data-tab=\"2\" role=\"button\" aria-controls=\"elementor-tab-content-1852\" aria-expanded=\"false\">\n\t\t\t\t\t\t\t\t\t\t\t\t\t<span class=\"elementor-accordion-icon elementor-accordion-icon-left\" aria-hidden=\"true\">\n\t\t\t\t\t\t\t\t\t\t\t\t\t\t\t<span class=\"elementor-accordion-icon-closed\"><i class=\"fas fa-plus\"><\/i><\/span>\n\t\t\t\t\t\t\t\t<span class=\"elementor-accordion-icon-opened\"><i class=\"fas fa-minus\"><\/i><\/span>\n\t\t\t\t\t\t\t\t\t\t\t\t\t\t<\/span>\n\t\t\t\t\t\t\t\t\t\t\t\t<a class=\"elementor-accordion-title\" tabindex=\"0\">Visa p\u00e5 f\u00f6rdelarna med samarbete<\/a>\n\t\t\t\t\t<\/div>\n\t\t\t\t\t<div id=\"elementor-tab-content-1852\" class=\"elementor-tab-content elementor-clearfix\" data-tab=\"2\" role=\"region\" aria-labelledby=\"elementor-tab-title-1852\"><p>Genom att lyfta fram f\u00f6rdelarna med samarbete kan man \u00f6vertyga arbetsgivaren om varf\u00f6r hen b\u00f6r uppmuntra till mer samarbete. Det finns flera f\u00f6rdelar, bland annat<\/p>\n<ol>\n<li>M\u00f6jligheten att p\u00e5verka inneh\u00e5llet i l\u00e4roplanen s\u00e5 att det b\u00e4ttre motsvarar f\u00f6retagets behov.<\/li>\n<li>Skapa en h\u00e5llbar och framtidsinriktad arbetskraft<\/li>\n<li>Socialt ansvar ur ett lokalt och nationellt perspektiv.<\/li>\n<li>F\u00f6rb\u00e4ttrat rykte och st\u00e4llning i samh\u00e4llet (socialt och aff\u00e4rsm\u00e4ssigt).<\/li>\n<li>Fr\u00e4mja etiska v\u00e4rderingar<\/li>\n<li>Innovativt och \u00f6ppen f\u00f6r nya id\u00e9er.<\/li>\n<li>Positiv inverkan p\u00e5 f\u00f6retagets produktion\/oms\u00e4ttning &#8211; Avkastning p\u00e5 investeringen<\/li>\n<\/ol>\n<\/div>\n\t\t\t\t<\/div>\n\t\t\t\t\t\t\t<div class=\"elementor-accordion-item\">\n\t\t\t\t\t<div id=\"elementor-tab-title-1853\" class=\"elementor-tab-title\" data-tab=\"3\" role=\"button\" aria-controls=\"elementor-tab-content-1853\" aria-expanded=\"false\">\n\t\t\t\t\t\t\t\t\t\t\t\t\t<span class=\"elementor-accordion-icon elementor-accordion-icon-left\" aria-hidden=\"true\">\n\t\t\t\t\t\t\t\t\t\t\t\t\t\t\t<span class=\"elementor-accordion-icon-closed\"><i class=\"fas fa-plus\"><\/i><\/span>\n\t\t\t\t\t\t\t\t<span class=\"elementor-accordion-icon-opened\"><i class=\"fas fa-minus\"><\/i><\/span>\n\t\t\t\t\t\t\t\t\t\t\t\t\t\t<\/span>\n\t\t\t\t\t\t\t\t\t\t\t\t<a class=\"elementor-accordion-title\" tabindex=\"0\">S\u00e4kerst\u00e4ll effektiv kommunikation<\/a>\n\t\t\t\t\t<\/div>\n\t\t\t\t\t<div id=\"elementor-tab-content-1853\" class=\"elementor-tab-content elementor-clearfix\" data-tab=\"3\" role=\"region\" aria-labelledby=\"elementor-tab-title-1853\"><p>Det \u00e4r viktigt att bygga upp positiva relationer i partnerskap. P\u00e5 s\u00e5 s\u00e4tt bygger samarbetet p\u00e5 f\u00f6rtroende och respekt mellan alla intressenter (internt &#8211; chefer, f\u00f6rm\u00e4n och externt &#8211; arbetsrepresentanter, lokala myndigheter, kommunen).<\/p>\n<p>Effektiv kommunikation inneb\u00e4r \u00e4rlighet och integritet, att lyssna p\u00e5 andra och s\u00f6ka deras \u00e5sikter, att acceptera konstruktiv kritik och att vara \u00f6ppen f\u00f6r f\u00f6r\u00e4ndringar. Det \u00e4r ocks\u00e5 viktigt att respektera tiden f\u00f6r alla involverade, eftersom vi alla \u00e4r upptagna och du m\u00e5ste ge en trov\u00e4rdig och professionell bild av dig.<\/p>\n<\/div>\n\t\t\t\t<\/div>\n\t\t\t\t\t\t\t<div class=\"elementor-accordion-item\">\n\t\t\t\t\t<div id=\"elementor-tab-title-1854\" class=\"elementor-tab-title\" data-tab=\"4\" role=\"button\" aria-controls=\"elementor-tab-content-1854\" aria-expanded=\"false\">\n\t\t\t\t\t\t\t\t\t\t\t\t\t<span class=\"elementor-accordion-icon elementor-accordion-icon-left\" aria-hidden=\"true\">\n\t\t\t\t\t\t\t\t\t\t\t\t\t\t\t<span class=\"elementor-accordion-icon-closed\"><i class=\"fas fa-plus\"><\/i><\/span>\n\t\t\t\t\t\t\t\t<span class=\"elementor-accordion-icon-opened\"><i class=\"fas fa-minus\"><\/i><\/span>\n\t\t\t\t\t\t\t\t\t\t\t\t\t\t<\/span>\n\t\t\t\t\t\t\t\t\t\t\t\t<a class=\"elementor-accordion-title\" tabindex=\"0\">Visa en mentalitet d\u00e4r alla vinner<\/a>\n\t\t\t\t\t<\/div>\n\t\t\t\t\t<div id=\"elementor-tab-content-1854\" class=\"elementor-tab-content elementor-clearfix\" data-tab=\"4\" role=\"region\" aria-labelledby=\"elementor-tab-title-1854\"><p>F\u00f6r att samarbetet ska bli s\u00e5 bra som m\u00f6jligt m\u00e5ste det fungera f\u00f6r alla parter. Du m\u00e5ste vara beredd att anpassa ditt tillv\u00e4gag\u00e5ngss\u00e4tt f\u00f6r att hitta en gemensam grund och vara flexibla f\u00f6r varandras behov.<\/p>\n<p>Du m\u00e5ste vara f\u00f6rberedd i alla situationer och se till att du har all information som du beh\u00f6ver f\u00f6r att komma \u00f6verens om positiva resultat och hur samarbeta framg\u00e5ngsrikt. Ta fram exempel p\u00e5 andra samarbeten och f\u00f6rklara hur de var framg\u00e5ngsrika.<\/p>\n<\/div>\n\t\t\t\t<\/div>\n\t\t\t\t\t\t\t<div class=\"elementor-accordion-item\">\n\t\t\t\t\t<div id=\"elementor-tab-title-1855\" class=\"elementor-tab-title\" data-tab=\"5\" role=\"button\" aria-controls=\"elementor-tab-content-1855\" aria-expanded=\"false\">\n\t\t\t\t\t\t\t\t\t\t\t\t\t<span class=\"elementor-accordion-icon elementor-accordion-icon-left\" aria-hidden=\"true\">\n\t\t\t\t\t\t\t\t\t\t\t\t\t\t\t<span class=\"elementor-accordion-icon-closed\"><i class=\"fas fa-plus\"><\/i><\/span>\n\t\t\t\t\t\t\t\t<span class=\"elementor-accordion-icon-opened\"><i class=\"fas fa-minus\"><\/i><\/span>\n\t\t\t\t\t\t\t\t\t\t\t\t\t\t<\/span>\n\t\t\t\t\t\t\t\t\t\t\t\t<a class=\"elementor-accordion-title\" tabindex=\"0\">Ge det en chans - b\u00f6rja sm\u00e5tt<\/a>\n\t\t\t\t\t<\/div>\n\t\t\t\t\t<div id=\"elementor-tab-content-1855\" class=\"elementor-tab-content elementor-clearfix\" data-tab=\"5\" role=\"region\" aria-labelledby=\"elementor-tab-title-1855\"><p>N\u00e4r det g\u00e4ller nytt samarbete och byggandet av relationer b\u00f6r du vara beredd att b\u00f6rja i liten skala f\u00f6r att visa hur effektivt samarbetet \u00e4r. Det \u00e4r viktigt att i f\u00f6rv\u00e4g komma \u00f6verens om f\u00f6rv\u00e4ntningar och \u00e5tg\u00e4rder som kan genomf\u00f6ras framg\u00e5ngsrikt genom samarbete. Det kanske inte uppfyller alla dina f\u00f6rv\u00e4ntningar p\u00e5 vad du vill ha ut av samarbetet, men det \u00e4r en utg\u00e5ngspunkt f\u00f6r att b\u00f6rja bygga broar och respektera alla parters \u00f6nskem\u00e5l.<\/p>\n<\/div>\n\t\t\t\t<\/div>\n\t\t\t\t\t\t\t<div class=\"elementor-accordion-item\">\n\t\t\t\t\t<div id=\"elementor-tab-title-1856\" class=\"elementor-tab-title\" data-tab=\"6\" role=\"button\" aria-controls=\"elementor-tab-content-1856\" aria-expanded=\"false\">\n\t\t\t\t\t\t\t\t\t\t\t\t\t<span class=\"elementor-accordion-icon elementor-accordion-icon-left\" aria-hidden=\"true\">\n\t\t\t\t\t\t\t\t\t\t\t\t\t\t\t<span class=\"elementor-accordion-icon-closed\"><i class=\"fas fa-plus\"><\/i><\/span>\n\t\t\t\t\t\t\t\t<span class=\"elementor-accordion-icon-opened\"><i class=\"fas fa-minus\"><\/i><\/span>\n\t\t\t\t\t\t\t\t\t\t\t\t\t\t<\/span>\n\t\t\t\t\t\t\t\t\t\t\t\t<a class=\"elementor-accordion-title\" tabindex=\"0\">Erbjud st\u00f6d och var tillg\u00e4nglig<\/a>\n\t\t\t\t\t<\/div>\n\t\t\t\t\t<div id=\"elementor-tab-content-1856\" class=\"elementor-tab-content elementor-clearfix\" data-tab=\"6\" role=\"region\" aria-labelledby=\"elementor-tab-title-1856\"><p>I ett arbetsf\u00f6rh\u00e5llande \u00e4r du ute efter ett l\u00e5ngsiktigt och framg\u00e5ngsrikt engagemang &#8211; du m\u00e5ste se till att du \u00e4r tillg\u00e4nglig och tillg\u00e4nglig f\u00f6r att diskutera och ta itu med problem n\u00e4r de uppst\u00e5r. Det \u00e4r viktigt att komma \u00f6verens om b\u00e4sta s\u00e4ttet att kommunicera (kanal, tid, protokoll osv.). Anv\u00e4nd vid behov en m\u00e4ngd olika hybridtekniker, t.ex. virtuellkommunikation och m\u00f6ten p\u00e5 plats och st\u00e4lle. Det viktigaste \u00e4r trots allt att se till att kommunikationen \u00e4r regelbunden och tillf\u00f6rlitlig.<\/p>\n<\/div>\n\t\t\t\t<\/div>\n\t\t\t\t\t\t\t\t<\/div>\n\t\t\t\t<\/div>\n\t\t\t\t<\/div>\n\t\t\t\t\t<\/div>\n\t\t<\/div>\n\t\t\t\t\t<\/div>\n\t\t<\/section>\n\t\t\t\t<\/div>\n\t\t","protected":false},"excerpt":{"rendered":"<p>6 steg f\u00f6r att marknadsf\u00f6ra samarbete mellan en yrkesutbildningsanordnare och en arbetsgivare Identifiera gemensamma samarbetsbehov F\u00f6r att samarbetet ska lyckas \u00e4r det viktigt att ta reda p\u00e5 vilka utmaningar arbetsgivaren har p\u00e5 arbetsplatsen. Dessa \u00e4r av st\u00f6rsta vikt f\u00f6r arbetsgivaren och hur samarbete kan bidra till att l\u00f6sa dessa problem. Det kan till exempel handla [&hellip;]<\/p>\n","protected":false},"author":3,"featured_media":0,"parent":0,"menu_order":0,"comment_status":"closed","ping_status":"closed","template":"","meta":{"site-sidebar-layout":"no-sidebar","site-content-layout":"page-builder","ast-site-content-layout":"","site-content-style":"default","site-sidebar-style":"default","ast-global-header-display":"","ast-banner-title-visibility":"","ast-main-header-display":"","ast-hfb-above-header-display":"","ast-hfb-below-header-display":"","ast-hfb-mobile-header-display":"","site-post-title":"disabled","ast-breadcrumbs-content":"","ast-featured-img":"disabled","footer-sml-layout":"","theme-transparent-header-meta":"","adv-header-id-meta":"","stick-header-meta":"","header-above-stick-meta":"","header-main-stick-meta":"","header-below-stick-meta":"","astra-migrate-meta-layouts":"default","ast-page-background-enabled":"default","ast-page-background-meta":{"desktop":{"background-color":"","background-image":"","background-repeat":"repeat","background-position":"center center","background-size":"auto","background-attachment":"scroll","background-type":"","background-media":"","overlay-type":"","overlay-color":"","overlay-opacity":"","overlay-gradient":""},"tablet":{"background-color":"","background-image":"","background-repeat":"repeat","background-position":"center center","background-size":"auto","background-attachment":"scroll","background-type":"","background-media":"","overlay-type":"","overlay-color":"","overlay-opacity":"","overlay-gradient":""},"mobile":{"background-color":"","background-image":"","background-repeat":"repeat","background-position":"center center","background-size":"auto","background-attachment":"scroll","background-type":"","background-media":"","overlay-type":"","overlay-color":"","overlay-opacity":"","overlay-gradient":""}},"ast-content-background-meta":{"desktop":{"background-color":"var(--ast-global-color-5)","background-image":"","background-repeat":"repeat","background-position":"center center","background-size":"auto","background-attachment":"scroll","background-type":"","background-media":"","overlay-type":"","overlay-color":"","overlay-opacity":"","overlay-gradient":""},"tablet":{"background-color":"var(--ast-global-color-5)","background-image":"","background-repeat":"repeat","background-position":"center center","background-size":"auto","background-attachment":"scroll","background-type":"","background-media":"","overlay-type":"","overlay-color":"","overlay-opacity":"","overlay-gradient":""},"mobile":{"background-color":"var(--ast-global-color-5)","background-image":"","background-repeat":"repeat","background-position":"center center","background-size":"auto","background-attachment":"scroll","background-type":"","background-media":"","overlay-type":"","overlay-color":"","overlay-opacity":"","overlay-gradient":""}},"footnotes":""},"class_list":["post-5894","page","type-page","status-publish","hentry"],"_links":{"self":[{"href":"https:\/\/vetatwork-project.eu\/sv\/wp-json\/wp\/v2\/pages\/5894","targetHints":{"allow":["GET"]}}],"collection":[{"href":"https:\/\/vetatwork-project.eu\/sv\/wp-json\/wp\/v2\/pages"}],"about":[{"href":"https:\/\/vetatwork-project.eu\/sv\/wp-json\/wp\/v2\/types\/page"}],"author":[{"embeddable":true,"href":"https:\/\/vetatwork-project.eu\/sv\/wp-json\/wp\/v2\/users\/3"}],"replies":[{"embeddable":true,"href":"https:\/\/vetatwork-project.eu\/sv\/wp-json\/wp\/v2\/comments?post=5894"}],"version-history":[{"count":1,"href":"https:\/\/vetatwork-project.eu\/sv\/wp-json\/wp\/v2\/pages\/5894\/revisions"}],"predecessor-version":[{"id":5895,"href":"https:\/\/vetatwork-project.eu\/sv\/wp-json\/wp\/v2\/pages\/5894\/revisions\/5895"}],"wp:attachment":[{"href":"https:\/\/vetatwork-project.eu\/sv\/wp-json\/wp\/v2\/media?parent=5894"}],"curies":[{"name":"wp","href":"https:\/\/api.w.org\/{rel}","templated":true}]}}