{"id":5871,"date":"2022-01-19T09:35:59","date_gmt":"2022-01-19T07:35:59","guid":{"rendered":"https:\/\/vetatwork-project.eu\/partners\/teamet-fran-frankrike\/"},"modified":"2022-01-19T09:56:27","modified_gmt":"2022-01-19T07:56:27","slug":"teamet-fran-frankrike","status":"publish","type":"page","link":"https:\/\/vetatwork-project.eu\/sv\/partners\/teamet-fran-frankrike\/","title":{"rendered":"Teamet fr\u00e5n FRANKRIKE"},"content":{"rendered":"\t\t<div data-elementor-type=\"wp-page\" data-elementor-id=\"5871\" class=\"elementor elementor-5871 elementor-1139\" data-elementor-post-type=\"page\">\n\t\t\t\t\t\t<section class=\"elementor-section elementor-top-section elementor-element elementor-element-934404d elementor-section-boxed elementor-section-height-default elementor-section-height-default\" data-id=\"934404d\" data-element_type=\"section\">\n\t\t\t\t\t\t<div class=\"elementor-container elementor-column-gap-default\">\n\t\t\t\t\t<div class=\"elementor-column elementor-col-100 elementor-top-column elementor-element elementor-element-bc2717e\" data-id=\"bc2717e\" data-element_type=\"column\">\n\t\t\t<div class=\"elementor-widget-wrap elementor-element-populated\">\n\t\t\t\t\t\t<div class=\"elementor-element elementor-element-bbdc672 elementor-widget elementor-widget-spacer\" data-id=\"bbdc672\" data-element_type=\"widget\" data-widget_type=\"spacer.default\">\n\t\t\t\t<div class=\"elementor-widget-container\">\n\t\t\t\t\t<div class=\"elementor-spacer\">\n\t\t\t<div class=\"elementor-spacer-inner\"><\/div>\n\t\t<\/div>\n\t\t\t\t<\/div>\n\t\t\t\t<\/div>\n\t\t\t\t<div class=\"elementor-element elementor-element-e3e3e7c elementor-widget elementor-widget-text-editor\" data-id=\"e3e3e7c\" data-element_type=\"widget\" data-widget_type=\"text-editor.default\">\n\t\t\t\t<div class=\"elementor-widget-container\">\n\t\t\t\t\t\t\t<p>Teamet fr\u00e5n FRANKRIKE<\/p>\n\t\t\t\t\t\t<\/div>\n\t\t\t\t<\/div>\n\t\t\t\t\t<\/div>\n\t\t<\/div>\n\t\t\t\t\t<\/div>\n\t\t<\/section>\n\t\t\t\t<section class=\"elementor-section elementor-top-section elementor-element elementor-element-b3e8c94 elementor-section-boxed elementor-section-height-default elementor-section-height-default\" data-id=\"b3e8c94\" data-element_type=\"section\">\n\t\t\t\t\t\t<div class=\"elementor-container elementor-column-gap-default\">\n\t\t\t\t\t<div class=\"elementor-column elementor-col-50 elementor-top-column elementor-element elementor-element-5559eba\" data-id=\"5559eba\" data-element_type=\"column\">\n\t\t\t<div class=\"elementor-widget-wrap elementor-element-populated\">\n\t\t\t\t\t\t<div class=\"elementor-element elementor-element-26bab18 elementor-widget elementor-widget-image\" data-id=\"26bab18\" data-element_type=\"widget\" data-widget_type=\"image.default\">\n\t\t\t\t<div class=\"elementor-widget-container\">\n\t\t\t\t\t\t\t\t\t\t\t\t\t<img decoding=\"async\" src=\"https:\/\/vetatwork-project.eu\/wp-content\/uploads\/elementor\/thumbs\/V@WFR2-pgmjqwkdirahrjfizv4qymaa4k4c4hf7goru68cob8.png\" title=\"V@WFR2\" alt=\"partner\" loading=\"lazy\" \/>\t\t\t\t\t\t\t\t\t\t\t\t\t<\/div>\n\t\t\t\t<\/div>\n\t\t\t\t<div class=\"elementor-element elementor-element-55fc624 elementor-widget elementor-widget-text-editor\" data-id=\"55fc624\" data-element_type=\"widget\" data-widget_type=\"text-editor.default\">\n\t\t\t\t<div class=\"elementor-widget-container\">\n\t\t\t\t\t\t\t<p><strong><em>Mireille Rioual<\/em><\/strong><br \/><em>Head of unit Agricultral sector<br \/><\/em><em>Nantes Terre Atlantique<\/em><\/p>\n\t\t\t\t\t\t<\/div>\n\t\t\t\t<\/div>\n\t\t\t\t\t<\/div>\n\t\t<\/div>\n\t\t\t\t<div class=\"elementor-column elementor-col-50 elementor-top-column elementor-element elementor-element-f551990\" data-id=\"f551990\" data-element_type=\"column\">\n\t\t\t<div class=\"elementor-widget-wrap elementor-element-populated\">\n\t\t\t\t\t\t<div class=\"elementor-element elementor-element-a43ce00 elementor-widget elementor-widget-spacer\" data-id=\"a43ce00\" data-element_type=\"widget\" data-widget_type=\"spacer.default\">\n\t\t\t\t<div class=\"elementor-widget-container\">\n\t\t\t\t\t<div class=\"elementor-spacer\">\n\t\t\t<div class=\"elementor-spacer-inner\"><\/div>\n\t\t<\/div>\n\t\t\t\t<\/div>\n\t\t\t\t<\/div>\n\t\t\t\t<div class=\"elementor-element elementor-element-e385536 elementor-widget elementor-widget-text-editor\" data-id=\"e385536\" data-element_type=\"widget\" data-widget_type=\"text-editor.default\">\n\t\t\t\t<div class=\"elementor-widget-container\">\n\t\t\t\t\t\t\t<p>Jag heter Mireille Rioual och arbetar f\u00f6r Nantes Terre Atlantique i Frankrike, d\u00e4r jag \u00e4r l\u00e4rare p\u00e5 ett l\u00e4roavtalscenter och ansvarig f\u00f6r jordbruksavdelningen. Jag \u00e4r 53 \u00e5r gammal, bor p\u00e5 landsbygden och \u00e4lskar tr\u00e4dg\u00e5rdsarbete och att odla mina egna gr\u00f6nsaker.<\/p>\n<p>Jag tror att pedagogiskt samarbete \u00e4r viktigt eftersom mina elever inte gillar skolan. Som l\u00e4rare m\u00e5ste vi f\u00e5 dem att k\u00e4nna att skolan och f\u00f6retaget samarbetar, att instruktionerna \u00e4r konsekventa och g\u00e5r i samma riktning.<\/p>\n<p>Jag tror att eleverna beh\u00f6ver se l\u00e4rare och handledare som j\u00e4mlika, \u00e4ven om tiden g\u00e5r fortare i ett f\u00f6retag \u00e4n i skolan, d\u00e4r man m\u00e5ste ta sig tid att reflektera, f\u00f6rklara, analysera och ta ett steg tillbaka.<\/p>\n<p>Arbetet med projektpartnerna har gett mig m\u00f6jlighet att \u00f6ppna upp min syn p\u00e5 samarbete mellan skola och n\u00e4ringsliv. De exempel p\u00e5 samarbete som jag m\u00f6tte i olika l\u00e4nder var alla uppt\u00e4ckter som fick mig att identifiera m\u00f6jliga s\u00e4tt att samarbeta, men ocks\u00e5 identifiera vad som redan praktiseras och vad som beh\u00f6ver utvecklas.<\/p>\n<p>VET@work har visat mig exempel p\u00e5 samarbete som fungerar, och det ger mig en chans att komma med id\u00e9er och s\u00e4ga min mening: &#8221;Jag kan f\u00f6rs\u00f6ka!&#8221; Den har ocks\u00e5 visat att tales\u00e4ttet &#8221;Ensam kan jag g\u00e5 snabbare, tillsammans kan vi g\u00e5 l\u00e4ngre&#8221; \u00e4r sant!<\/p>\n\t\t\t\t\t\t<\/div>\n\t\t\t\t<\/div>\n\t\t\t\t\t<\/div>\n\t\t<\/div>\n\t\t\t\t\t<\/div>\n\t\t<\/section>\n\t\t\t\t<section class=\"elementor-section elementor-top-section elementor-element elementor-element-b9d6efe elementor-reverse-tablet elementor-reverse-mobile elementor-section-boxed elementor-section-height-default elementor-section-height-default\" data-id=\"b9d6efe\" data-element_type=\"section\">\n\t\t\t\t\t\t<div class=\"elementor-container elementor-column-gap-default\">\n\t\t\t\t\t<div class=\"elementor-column elementor-col-50 elementor-top-column elementor-element elementor-element-9e750a6\" data-id=\"9e750a6\" data-element_type=\"column\">\n\t\t\t<div class=\"elementor-widget-wrap elementor-element-populated\">\n\t\t\t\t\t\t<div class=\"elementor-element elementor-element-0c9d553 elementor-widget elementor-widget-spacer\" data-id=\"0c9d553\" data-element_type=\"widget\" data-widget_type=\"spacer.default\">\n\t\t\t\t<div class=\"elementor-widget-container\">\n\t\t\t\t\t<div class=\"elementor-spacer\">\n\t\t\t<div class=\"elementor-spacer-inner\"><\/div>\n\t\t<\/div>\n\t\t\t\t<\/div>\n\t\t\t\t<\/div>\n\t\t\t\t<div class=\"elementor-element elementor-element-72d7b7c elementor-widget elementor-widget-text-editor\" data-id=\"72d7b7c\" data-element_type=\"widget\" data-widget_type=\"text-editor.default\">\n\t\t\t\t<div class=\"elementor-widget-container\">\n\t\t\t\t\t\t\t<p>Jag heter Yveline Beraud-Dupalis och \u00e4r l\u00e4rare i tr\u00e4dg\u00e5rdsodling och landskapsplanering p\u00e5 ett l\u00e4roavtalscenter. Jag \u00e4r ocks\u00e5 ansvarig f\u00f6r tr\u00e4dg\u00e5rdsutbildningen. Innan jag blev l\u00e4rare var jag landskapsarkitekt. Jag bor i n\u00e4rheten av NANTES och tycker speciellt mycket om att resa och bes\u00f6ka tr\u00e4dg\u00e5rdar, slott, museer och utst\u00e4llningar. Jag gillar ocks\u00e5 att arbeta sj\u00e4lvst\u00e4ndigt. Jag har arbetat p\u00e5 NTA sedan maj 2001 och har tidigare deltagit i europeiska projekt som WORKQUAL och APPMENTOR.<\/p>\n<p>Nantes Terre Atlantique \u00e4r en offentlig yrkesskola som ligger n\u00e4ra Nantes i v\u00e4stra Frankrike. Vi erbjuder utbildning inom jordbruk, tr\u00e4dg\u00e5rdsodling, landskapsplanering och livsmedelsindustri.<\/p>\n<p>NTA \u00e4r den st\u00f6rsta offentliga jordbruksskolan i Loire Altantique, med en gymnasieskola, en yrkesskola (LYCEE DU GRAND BLOTTEREAU), ett l\u00e4rloavtalscenter (CFA JULES RIEFFEL) och ett vuxenutbildningscenter (CFPPA JULES RIEFFEL). NTA har cirka 800 studeranden.\u00a0 Vi har l\u00e4roavtalsstuderanden fr\u00e4mst inom tr\u00e4dg\u00e5rdsodling men ocks\u00e5 inom livsmedelsf\u00f6r\u00e4dling och jordbruk, och m\u00e5nga av dem gillar att arbeta med h\u00e4nderna och l\u00e4ra sig genom att g\u00f6ra. Det \u00e4r mycket viktigt att skolan har n\u00e4ra kontakt med f\u00f6retag f\u00f6r att f\u00f6rbereda unga studeranden f\u00f6r ett aktivt liv. Vi \u00e4r inte bara l\u00e4rare, vi \u00e4r mer som mentorer vars uppgift \u00e4r att samarbeta med handledare p\u00e5 arbetsplatsen s\u00e5 att vi steg f\u00f6r steg kan g\u00e5 mot samma m\u00e5l.<\/p>\n<p>Tack vare VET@work kunde jag bredda mina kunskaper om olika former av samarbete mellan skolor och f\u00f6retag. Genom att bes\u00f6ka olika f\u00f6retag i Europa har vi uppt\u00e4ckt olika metoder som \u00f6ppnar nya perspektiv f\u00f6r samarbete med v\u00e5ra egna f\u00f6retag.<\/p>\n<p>Erfarenheterna i Europa bekr\u00e4ftar att utvecklingen av ett samarbete mellan skolor och f\u00f6retag \u00e4r ett bra s\u00e4tt att hj\u00e4lpa unga studeranden att lyckas i \u00f6verg\u00e5ngen till arbetslivet.<\/p>\n\t\t\t\t\t\t<\/div>\n\t\t\t\t<\/div>\n\t\t\t\t\t<\/div>\n\t\t<\/div>\n\t\t\t\t<div class=\"elementor-column elementor-col-50 elementor-top-column elementor-element elementor-element-6914dcf\" data-id=\"6914dcf\" data-element_type=\"column\">\n\t\t\t<div class=\"elementor-widget-wrap elementor-element-populated\">\n\t\t\t\t\t\t<div class=\"elementor-element elementor-element-a4608ae elementor-widget elementor-widget-image\" data-id=\"a4608ae\" data-element_type=\"widget\" data-widget_type=\"image.default\">\n\t\t\t\t<div class=\"elementor-widget-container\">\n\t\t\t\t\t\t\t\t\t\t\t\t\t<img decoding=\"async\" src=\"https:\/\/vetatwork-project.eu\/wp-content\/uploads\/elementor\/thumbs\/V@WFR1-pgmjqzdw39ecqdbfjecmo3knwpqfrkqeh2qam28hsk.png\" title=\"V@WFR1\" alt=\"partner\" loading=\"lazy\" \/>\t\t\t\t\t\t\t\t\t\t\t\t\t<\/div>\n\t\t\t\t<\/div>\n\t\t\t\t<div class=\"elementor-element elementor-element-0b120d8 elementor-widget elementor-widget-text-editor\" data-id=\"0b120d8\" data-element_type=\"widget\" data-widget_type=\"text-editor.default\">\n\t\t\t\t<div class=\"elementor-widget-container\">\n\t\t\t\t\t\t\t<p><strong><em>Yveline Beraud<\/em><\/strong><br \/><em>Head of unit Horticultural sector<\/em><br \/><em>Nantes Terre Atlantique<\/em><\/p>\n\t\t\t\t\t\t<\/div>\n\t\t\t\t<\/div>\n\t\t\t\t\t<\/div>\n\t\t<\/div>\n\t\t\t\t\t<\/div>\n\t\t<\/section>\n\t\t\t\t<section class=\"elementor-section elementor-top-section elementor-element elementor-element-1615f25 elementor-section-boxed elementor-section-height-default elementor-section-height-default\" data-id=\"1615f25\" data-element_type=\"section\">\n\t\t\t\t\t\t<div class=\"elementor-container elementor-column-gap-default\">\n\t\t\t\t\t<div class=\"elementor-column elementor-col-100 elementor-top-column elementor-element elementor-element-9d026bd\" data-id=\"9d026bd\" data-element_type=\"column\">\n\t\t\t<div class=\"elementor-widget-wrap elementor-element-populated\">\n\t\t\t\t\t\t<div class=\"elementor-element elementor-element-8eae1df elementor-widget elementor-widget-text-editor\" data-id=\"8eae1df\" data-element_type=\"widget\" data-widget_type=\"text-editor.default\">\n\t\t\t\t<div class=\"elementor-widget-container\">\n\t\t\t\t\t\t\t<p>Jag kan rekommendera VET@work eftersom den ekonomiska v\u00e4rlden och arbetslivet f\u00f6r\u00e4ndras mycket snabbt och den nya generationen arbetstagare beh\u00f6ver inte bara manualer, mjuka eller intellektuella f\u00e4rdigheter utan \u00e4ven teoretiska kunskaper f\u00f6r att lyckas. Samarbete mellan skolor och f\u00f6retag \u00e4r ett av de b\u00e4sta s\u00e4tten att m\u00f6ta 2000-talets utmaningar.<\/p>\n\t\t\t\t\t\t<\/div>\n\t\t\t\t<\/div>\n\t\t\t\t\t<\/div>\n\t\t<\/div>\n\t\t\t\t\t<\/div>\n\t\t<\/section>\n\t\t\t\t<section class=\"elementor-section elementor-top-section elementor-element elementor-element-f3f934f elementor-section-boxed elementor-section-height-default elementor-section-height-default\" data-id=\"f3f934f\" data-element_type=\"section\">\n\t\t\t\t\t\t<div class=\"elementor-container elementor-column-gap-default\">\n\t\t\t\t\t<div class=\"elementor-column elementor-col-25 elementor-top-column elementor-element elementor-element-01f3fa8\" data-id=\"01f3fa8\" data-element_type=\"column\">\n\t\t\t<div class=\"elementor-widget-wrap elementor-element-populated\">\n\t\t\t\t\t\t<div class=\"elementor-element elementor-element-7ece994 elementor-widget elementor-widget-image\" data-id=\"7ece994\" data-element_type=\"widget\" data-widget_type=\"image.default\">\n\t\t\t\t<div class=\"elementor-widget-container\">\n\t\t\t\t\t\t\t\t\t\t\t\t\t\t<a href=\"https:\/\/vetatwork-project.eu\/sv\/partners\/icelandic-team\/\">\n\t\t\t\t\t\t\t<img decoding=\"async\" src=\"https:\/\/vetatwork-project.eu\/wp-content\/uploads\/elementor\/thumbs\/Partners-Flags-03@2-pesak4ucxvjuols9txqyfu76i2lu8lwk5j6ihl3uyw.png\" title=\"Partners-Flags-03@2\" alt=\"partners\" class=\"elementor-animation-grow\" loading=\"lazy\" \/>\t\t\t\t\t\t\t\t<\/a>\n\t\t\t\t\t\t\t\t\t\t\t\t\t<\/div>\n\t\t\t\t<\/div>\n\t\t\t\t<div class=\"elementor-element elementor-element-897965e elementor-widget elementor-widget-text-editor\" data-id=\"897965e\" data-element_type=\"widget\" data-widget_type=\"text-editor.default\">\n\t\t\t\t<div class=\"elementor-widget-container\">\n\t\t\t\t\t\t\t<p><a href=\"https:\/\/vetatwork-project.eu\/sv\/partners\/icelandic-team\/\">Teamet fr\u00e5n <br \/>ISLAND<\/a><\/p>\t\t\t\t\t\t<\/div>\n\t\t\t\t<\/div>\n\t\t\t\t\t<\/div>\n\t\t<\/div>\n\t\t\t\t<div class=\"elementor-column elementor-col-25 elementor-top-column elementor-element elementor-element-7c9f7d8\" data-id=\"7c9f7d8\" data-element_type=\"column\">\n\t\t\t<div class=\"elementor-widget-wrap elementor-element-populated\">\n\t\t\t\t\t\t<div class=\"elementor-element elementor-element-fa3ea16 elementor-widget elementor-widget-image\" data-id=\"fa3ea16\" data-element_type=\"widget\" data-widget_type=\"image.default\">\n\t\t\t\t<div class=\"elementor-widget-container\">\n\t\t\t\t\t\t\t\t\t\t\t\t\t\t<a href=\"https:\/\/vetatwork-project.eu\/sv\/partners\/teamet-fran-storbritannien\/\">\n\t\t\t\t\t\t\t<img decoding=\"async\" src=\"https:\/\/vetatwork-project.eu\/wp-content\/uploads\/elementor\/thumbs\/Partners-Flags-01@2-pesak9jjw1qaanlg2hs3ab0hgzyob3f7u6fxvyww3s.png\" title=\"Partners-Flags-01@2\" alt=\"partners\" class=\"elementor-animation-grow\" loading=\"lazy\" \/>\t\t\t\t\t\t\t\t<\/a>\n\t\t\t\t\t\t\t\t\t\t\t\t\t<\/div>\n\t\t\t\t<\/div>\n\t\t\t\t<div class=\"elementor-element elementor-element-792ed7f elementor-widget elementor-widget-text-editor\" data-id=\"792ed7f\" data-element_type=\"widget\" data-widget_type=\"text-editor.default\">\n\t\t\t\t<div class=\"elementor-widget-container\">\n\t\t\t\t\t\t\t<p><a href=\"https:\/\/vetatwork-project.eu\/sv\/partners\/teamet-fran-storbritannien\/\">Teamet fr\u00e5n <br \/>Storbritannien<\/a><\/p>\t\t\t\t\t\t<\/div>\n\t\t\t\t<\/div>\n\t\t\t\t\t<\/div>\n\t\t<\/div>\n\t\t\t\t<div class=\"elementor-column elementor-col-25 elementor-top-column elementor-element elementor-element-962d036\" data-id=\"962d036\" data-element_type=\"column\">\n\t\t\t<div class=\"elementor-widget-wrap elementor-element-populated\">\n\t\t\t\t\t\t<div class=\"elementor-element elementor-element-e523145 elementor-widget elementor-widget-image\" data-id=\"e523145\" data-element_type=\"widget\" data-widget_type=\"image.default\">\n\t\t\t\t<div class=\"elementor-widget-container\">\n\t\t\t\t\t\t\t\t\t\t\t\t\t\t<a href=\"https:\/\/vetatwork-project.eu\/sv\/partners\/dutch-team\/\">\n\t\t\t\t\t\t\t<img decoding=\"async\" src=\"https:\/\/vetatwork-project.eu\/wp-content\/uploads\/elementor\/thumbs\/Partners-Flags-02@2-pesak055zpdf2jz3ldptlddvj59064dwgvx337atu0.png\" title=\"Partners-Flags-02@2\" alt=\"partners\" class=\"elementor-animation-grow\" loading=\"lazy\" \/>\t\t\t\t\t\t\t\t<\/a>\n\t\t\t\t\t\t\t\t\t\t\t\t\t<\/div>\n\t\t\t\t<\/div>\n\t\t\t\t<div class=\"elementor-element elementor-element-b06c598 elementor-widget elementor-widget-text-editor\" data-id=\"b06c598\" data-element_type=\"widget\" data-widget_type=\"text-editor.default\">\n\t\t\t\t<div class=\"elementor-widget-container\">\n\t\t\t\t\t\t\t<p><a href=\"https:\/\/vetatwork-project.eu\/sv\/partners\/dutch-team\/\">Teamet fr\u00e5n <br \/>Nederl\u00e4nderna<\/a><\/p>\t\t\t\t\t\t<\/div>\n\t\t\t\t<\/div>\n\t\t\t\t\t<\/div>\n\t\t<\/div>\n\t\t\t\t<div class=\"elementor-column elementor-col-25 elementor-top-column elementor-element elementor-element-7ad2873\" data-id=\"7ad2873\" data-element_type=\"column\">\n\t\t\t<div class=\"elementor-widget-wrap elementor-element-populated\">\n\t\t\t\t\t\t<div class=\"elementor-element elementor-element-555476f elementor-widget elementor-widget-image\" data-id=\"555476f\" data-element_type=\"widget\" data-widget_type=\"image.default\">\n\t\t\t\t<div class=\"elementor-widget-container\">\n\t\t\t\t\t\t\t\t\t\t\t\t\t\t<a href=\"https:\/\/vetatwork-project.eu\/sv\/partners\/finland-team\/\">\n\t\t\t\t\t\t\t<img decoding=\"async\" src=\"https:\/\/vetatwork-project.eu\/wp-content\/uploads\/elementor\/thumbs\/Partners-Flags-05@2-pesajvfz1j6zgi5xctooqwkkk7w63mv8s8nnothsp4.png\" title=\"Partners-Flags-05@2\" alt=\"partners\" class=\"elementor-animation-grow\" loading=\"lazy\" \/>\t\t\t\t\t\t\t\t<\/a>\n\t\t\t\t\t\t\t\t\t\t\t\t\t<\/div>\n\t\t\t\t<\/div>\n\t\t\t\t<div class=\"elementor-element elementor-element-d2d165f elementor-widget elementor-widget-text-editor\" data-id=\"d2d165f\" data-element_type=\"widget\" data-widget_type=\"text-editor.default\">\n\t\t\t\t<div class=\"elementor-widget-container\">\n\t\t\t\t\t\t\t<p><a href=\"https:\/\/vetatwork-project.eu\/sv\/partners\/finland-team\/\">TEAMET fr\u00e5n<br \/>FINLAND<\/a><\/p>\t\t\t\t\t\t<\/div>\n\t\t\t\t<\/div>\n\t\t\t\t\t<\/div>\n\t\t<\/div>\n\t\t\t\t\t<\/div>\n\t\t<\/section>\n\t\t\t\t<\/div>\n\t\t","protected":false},"excerpt":{"rendered":"<p>Teamet fr\u00e5n FRANKRIKE Mireille RioualHead of unit Agricultral sectorNantes Terre Atlantique Jag heter Mireille Rioual och arbetar f\u00f6r Nantes Terre Atlantique i Frankrike, d\u00e4r jag \u00e4r l\u00e4rare p\u00e5 ett l\u00e4roavtalscenter och ansvarig f\u00f6r jordbruksavdelningen. Jag \u00e4r 53 \u00e5r gammal, bor p\u00e5 landsbygden och \u00e4lskar tr\u00e4dg\u00e5rdsarbete och att odla mina egna gr\u00f6nsaker. Jag tror att pedagogiskt [&hellip;]<\/p>\n","protected":false},"author":3,"featured_media":0,"parent":5838,"menu_order":0,"comment_status":"closed","ping_status":"closed","template":"","meta":{"site-sidebar-layout":"no-sidebar","site-content-layout":"page-builder","ast-site-content-layout":"","site-content-style":"default","site-sidebar-style":"default","ast-global-header-display":"","ast-banner-title-visibility":"","ast-main-header-display":"","ast-hfb-above-header-display":"","ast-hfb-below-header-display":"","ast-hfb-mobile-header-display":"","site-post-title":"disabled","ast-breadcrumbs-content":"","ast-featured-img":"disabled","footer-sml-layout":"","theme-transparent-header-meta":"","adv-header-id-meta":"","stick-header-meta":"","header-above-stick-meta":"","header-main-stick-meta":"","header-below-stick-meta":"","astra-migrate-meta-layouts":"default","ast-page-background-enabled":"default","ast-page-background-meta":{"desktop":{"background-color":"","background-image":"","background-repeat":"repeat","background-position":"center center","background-size":"auto","background-attachment":"scroll","background-type":"","background-media":"","overlay-type":"","overlay-color":"","overlay-opacity":"","overlay-gradient":""},"tablet":{"background-color":"","background-image":"","background-repeat":"repeat","background-position":"center center","background-size":"auto","background-attachment":"scroll","background-type":"","background-media":"","overlay-type":"","overlay-color":"","overlay-opacity":"","overlay-gradient":""},"mobile":{"background-color":"","background-image":"","background-repeat":"repeat","background-position":"center center","background-size":"auto","background-attachment":"scroll","background-type":"","background-media":"","overlay-type":"","overlay-color":"","overlay-opacity":"","overlay-gradient":""}},"ast-content-background-meta":{"desktop":{"background-color":"var(--ast-global-color-5)","background-image":"","background-repeat":"repeat","background-position":"center center","background-size":"auto","background-attachment":"scroll","background-type":"","background-media":"","overlay-type":"","overlay-color":"","overlay-opacity":"","overlay-gradient":""},"tablet":{"background-color":"var(--ast-global-color-5)","background-image":"","background-repeat":"repeat","background-position":"center center","background-size":"auto","background-attachment":"scroll","background-type":"","background-media":"","overlay-type":"","overlay-color":"","overlay-opacity":"","overlay-gradient":""},"mobile":{"background-color":"var(--ast-global-color-5)","background-image":"","background-repeat":"repeat","background-position":"center center","background-size":"auto","background-attachment":"scroll","background-type":"","background-media":"","overlay-type":"","overlay-color":"","overlay-opacity":"","overlay-gradient":""}},"footnotes":""},"class_list":["post-5871","page","type-page","status-publish","hentry"],"_links":{"self":[{"href":"https:\/\/vetatwork-project.eu\/sv\/wp-json\/wp\/v2\/pages\/5871","targetHints":{"allow":["GET"]}}],"collection":[{"href":"https:\/\/vetatwork-project.eu\/sv\/wp-json\/wp\/v2\/pages"}],"about":[{"href":"https:\/\/vetatwork-project.eu\/sv\/wp-json\/wp\/v2\/types\/page"}],"author":[{"embeddable":true,"href":"https:\/\/vetatwork-project.eu\/sv\/wp-json\/wp\/v2\/users\/3"}],"replies":[{"embeddable":true,"href":"https:\/\/vetatwork-project.eu\/sv\/wp-json\/wp\/v2\/comments?post=5871"}],"version-history":[{"count":4,"href":"https:\/\/vetatwork-project.eu\/sv\/wp-json\/wp\/v2\/pages\/5871\/revisions"}],"predecessor-version":[{"id":5890,"href":"https:\/\/vetatwork-project.eu\/sv\/wp-json\/wp\/v2\/pages\/5871\/revisions\/5890"}],"up":[{"embeddable":true,"href":"https:\/\/vetatwork-project.eu\/sv\/wp-json\/wp\/v2\/pages\/5838"}],"wp:attachment":[{"href":"https:\/\/vetatwork-project.eu\/sv\/wp-json\/wp\/v2\/media?parent=5871"}],"curies":[{"name":"wp","href":"https:\/\/api.w.org\/{rel}","templated":true}]}}