{"id":5867,"date":"2022-01-19T09:30:12","date_gmt":"2022-01-19T07:30:12","guid":{"rendered":"https:\/\/vetatwork-project.eu\/partners\/teamet-fran-nederlanderna\/"},"modified":"2022-01-19T09:51:50","modified_gmt":"2022-01-19T07:51:50","slug":"teamet-fran-nederlanderna","status":"publish","type":"page","link":"https:\/\/vetatwork-project.eu\/sv\/partners\/teamet-fran-nederlanderna\/","title":{"rendered":"Teamet fr\u00e5n Nederl\u00e4nderna"},"content":{"rendered":"\t\t<div data-elementor-type=\"wp-page\" data-elementor-id=\"5867\" class=\"elementor elementor-5867 elementor-1105\" data-elementor-post-type=\"page\">\n\t\t\t\t\t\t<section class=\"elementor-section elementor-top-section elementor-element elementor-element-c5b638d elementor-section-boxed elementor-section-height-default elementor-section-height-default\" data-id=\"c5b638d\" data-element_type=\"section\">\n\t\t\t\t\t\t<div class=\"elementor-container elementor-column-gap-default\">\n\t\t\t\t\t<div class=\"elementor-column elementor-col-100 elementor-top-column elementor-element elementor-element-a3797e0\" data-id=\"a3797e0\" data-element_type=\"column\">\n\t\t\t<div class=\"elementor-widget-wrap elementor-element-populated\">\n\t\t\t\t\t\t<div class=\"elementor-element elementor-element-e81f891 elementor-widget elementor-widget-spacer\" data-id=\"e81f891\" data-element_type=\"widget\" data-widget_type=\"spacer.default\">\n\t\t\t\t<div class=\"elementor-widget-container\">\n\t\t\t\t\t<div class=\"elementor-spacer\">\n\t\t\t<div class=\"elementor-spacer-inner\"><\/div>\n\t\t<\/div>\n\t\t\t\t<\/div>\n\t\t\t\t<\/div>\n\t\t\t\t<div class=\"elementor-element elementor-element-41683de elementor-widget elementor-widget-text-editor\" data-id=\"41683de\" data-element_type=\"widget\" data-widget_type=\"text-editor.default\">\n\t\t\t\t<div class=\"elementor-widget-container\">\n\t\t\t\t\t\t\t<p>Teamet fr\u00e5n Nederl\u00e4nderna<\/p>\n\t\t\t\t\t\t<\/div>\n\t\t\t\t<\/div>\n\t\t\t\t\t<\/div>\n\t\t<\/div>\n\t\t\t\t\t<\/div>\n\t\t<\/section>\n\t\t\t\t<section class=\"elementor-section elementor-top-section elementor-element elementor-element-c557c3c elementor-section-boxed elementor-section-height-default elementor-section-height-default\" data-id=\"c557c3c\" data-element_type=\"section\">\n\t\t\t\t\t\t<div class=\"elementor-container elementor-column-gap-default\">\n\t\t\t\t\t<div class=\"elementor-column elementor-col-50 elementor-top-column elementor-element elementor-element-1c8ff75\" data-id=\"1c8ff75\" data-element_type=\"column\">\n\t\t\t<div class=\"elementor-widget-wrap elementor-element-populated\">\n\t\t\t\t\t\t<div class=\"elementor-element elementor-element-7391e55 elementor-widget elementor-widget-image\" data-id=\"7391e55\" data-element_type=\"widget\" data-widget_type=\"image.default\">\n\t\t\t\t<div class=\"elementor-widget-container\">\n\t\t\t\t\t\t\t\t\t\t\t\t\t<img decoding=\"async\" src=\"https:\/\/vetatwork-project.eu\/wp-content\/uploads\/elementor\/thumbs\/V@WDCH1-03-pesairyqgkaq3voejw6rs5413d6xsgwnowyoghvpxw.png\" title=\"V@WDCH1-03\" alt=\"V@WDCH1-03\" loading=\"lazy\" \/>\t\t\t\t\t\t\t\t\t\t\t\t\t<\/div>\n\t\t\t\t<\/div>\n\t\t\t\t<div class=\"elementor-element elementor-element-98c629e elementor-widget elementor-widget-text-editor\" data-id=\"98c629e\" data-element_type=\"widget\" data-widget_type=\"text-editor.default\">\n\t\t\t\t<div class=\"elementor-widget-container\">\n\t\t\t\t\t\t\t<p><strong><em>Maarten Reckman<\/em><\/strong><br \/><em>Director at Het Idee<\/em><\/p>\n\t\t\t\t\t\t<\/div>\n\t\t\t\t<\/div>\n\t\t\t\t<div class=\"elementor-element elementor-element-7913f1b elementor-view-default elementor-widget elementor-widget-icon\" data-id=\"7913f1b\" data-element_type=\"widget\" data-widget_type=\"icon.default\">\n\t\t\t\t<div class=\"elementor-widget-container\">\n\t\t\t\t\t<div class=\"elementor-icon-wrapper\">\n\t\t\t<a class=\"elementor-icon elementor-animation-grow\" href=\"mailto:reckman@hetidee.eu\">\n\t\t\t<i aria-hidden=\"true\" class=\"far fa-envelope\"><\/i>\t\t\t<\/a>\n\t\t<\/div>\n\t\t\t\t<\/div>\n\t\t\t\t<\/div>\n\t\t\t\t\t<\/div>\n\t\t<\/div>\n\t\t\t\t<div class=\"elementor-column elementor-col-50 elementor-top-column elementor-element elementor-element-9cd140e\" data-id=\"9cd140e\" data-element_type=\"column\">\n\t\t\t<div class=\"elementor-widget-wrap elementor-element-populated\">\n\t\t\t\t\t\t<div class=\"elementor-element elementor-element-cebbfd9 elementor-widget elementor-widget-spacer\" data-id=\"cebbfd9\" data-element_type=\"widget\" data-widget_type=\"spacer.default\">\n\t\t\t\t<div class=\"elementor-widget-container\">\n\t\t\t\t\t<div class=\"elementor-spacer\">\n\t\t\t<div class=\"elementor-spacer-inner\"><\/div>\n\t\t<\/div>\n\t\t\t\t<\/div>\n\t\t\t\t<\/div>\n\t\t\t\t<div class=\"elementor-element elementor-element-93379b8 elementor-widget elementor-widget-text-editor\" data-id=\"93379b8\" data-element_type=\"widget\" data-widget_type=\"text-editor.default\">\n\t\t\t\t<div class=\"elementor-widget-container\">\n\t\t\t\t\t\t\t<p>Jag b\u00f6rjade min karri\u00e4r som socialarbetare. F\u00f6r fjorton \u00e5r sedan startade jag mitt f\u00f6retag Het Idee. Het Idee fokuserar p\u00e5 social r\u00e5dgivning, utveckling och genomf\u00f6rande. Het Idee har deltagit i projekt som ber\u00f6r deltagande, praktiskt l\u00e4rande, utbildning och arbetsmarknad genom att sammanf\u00f6ra regeringsf\u00f6retr\u00e4dare, utbildare, arbetsgivarorganisationer och icke-statliga organisationer. Projekten har gjort det m\u00f6jligt f\u00f6r mig att f\u00e5 kontakt med m\u00e5nga olika akt\u00f6rer n\u00e4r det g\u00e4ller samarbete mellan yrkesutbildning, f\u00f6retag och organisationer. Genom dessa kontakter har jag upplevt att avst\u00e5ndet mellan yrkesutbildningsanordnare och arbetsgivare\/arbetsplatser lett till m\u00e5nga missf\u00f6rst\u00e5nd. Ibland ser jag gemensamma projekt d\u00e4r viljan att samarbeta finns, men begr\u00e4nsas till att dela p\u00e5 uppgifterna. Ett steg mot verkligt samarbete och delat ansvar \u00e5terst\u00e5r att ta. Slutsatserna och rekommendationerna i VET@work bygger p\u00e5 att uppmuntra samarbete mellan olika akt\u00f6rer. Varf\u00f6r vill ni samarbeta? Hur vill du samarbeta? Och vad har du att erbjuda ett annat f\u00f6retag eller en annan organisation? Fr\u00e5gor om verkligt samarbete. Resultaten av VET@work ger insikt och information om hur man kan genomf\u00f6ra ett genuint samarbete. Hur man bygger en bro f\u00f6r att minska klyftan mellan skolor och f\u00f6retag.<\/p>\n\t\t\t\t\t\t<\/div>\n\t\t\t\t<\/div>\n\t\t\t\t\t<\/div>\n\t\t<\/div>\n\t\t\t\t\t<\/div>\n\t\t<\/section>\n\t\t\t\t<section class=\"elementor-section elementor-top-section elementor-element elementor-element-b0cfee8 elementor-reverse-tablet elementor-reverse-mobile elementor-section-boxed elementor-section-height-default elementor-section-height-default\" data-id=\"b0cfee8\" data-element_type=\"section\">\n\t\t\t\t\t\t<div class=\"elementor-container elementor-column-gap-default\">\n\t\t\t\t\t<div class=\"elementor-column elementor-col-50 elementor-top-column elementor-element elementor-element-9c478b3\" data-id=\"9c478b3\" data-element_type=\"column\">\n\t\t\t<div class=\"elementor-widget-wrap elementor-element-populated\">\n\t\t\t\t\t\t<div class=\"elementor-element elementor-element-7d8421a elementor-widget elementor-widget-spacer\" data-id=\"7d8421a\" data-element_type=\"widget\" data-widget_type=\"spacer.default\">\n\t\t\t\t<div class=\"elementor-widget-container\">\n\t\t\t\t\t<div class=\"elementor-spacer\">\n\t\t\t<div class=\"elementor-spacer-inner\"><\/div>\n\t\t<\/div>\n\t\t\t\t<\/div>\n\t\t\t\t<\/div>\n\t\t\t\t<div class=\"elementor-element elementor-element-4d4deb5 elementor-widget elementor-widget-text-editor\" data-id=\"4d4deb5\" data-element_type=\"widget\" data-widget_type=\"text-editor.default\">\n\t\t\t\t<div class=\"elementor-widget-container\">\n\t\t\t\t\t\t\t<p>P\u00e5 Stichting Welzijn i Lelystad utbildar jag elever med s\u00e4rskilda behov som vill g\u00e5 p\u00e5 yrkesskolan ROC Flevolands i Lelystad. Som jobbcoach p\u00e5 Werkconnectie v\u00e4gleder jag m\u00e4nniskor som l\u00e4mnat arbetslivet tillbaka till arbete. Som oberoende st\u00f6dperson f\u00f6r klienter st\u00e5r jag bredvid dem och hj\u00e4lper dem att formulera sina \u00f6nskem\u00e5l om f\u00e5 hj\u00e4lp fr\u00e5n v\u00e5rdgivare. Jag \u00e4r ocks\u00e5 frivillig styrelseledamot i Flevoland Equal Treatment Office och Harderwijk Multipurpose Centre Foundation.<\/p>\n<p>P\u00e5 grund av mitt sociala ansvar har jag ocks\u00e5 bjudits in till europeiska partnerskapsprojekt av projektpartnern Het Ideen. Ett inspirerande och konstruktivt samarbete och informationsutbyte som uppmuntrar mig att t\u00e4nka och agera inom mina egna gr\u00e4nser.<\/p>\n<p>Ett bra pedagogiskt samarbete mellan yrkesutbildare och arbetsgivare \u00e4r viktigt f\u00f6r elevernas utveckling. Ett gott samarbete mellan skolor och arbetsgivare s\u00e4kerst\u00e4ller att det skapas en s\u00e4ker inl\u00e4rningsmilj\u00f6 d\u00e4r eleverna kan utvecklas b\u00e4ttre.<\/p>\n<p>Att vara en del av VET@work olika aspekter p\u00e5 samarbete, vilket ger mig nya insikter i situationen. Jag har till exempel upplevt de problem som l\u00e4rare m\u00f6ter n\u00e4r de arbetar i arbetslivet, och jag har nu en \u00f6kad f\u00f6rst\u00e5else f\u00f6r de problem som de st\u00f6ter p\u00e5. I praktiken inneb\u00e4r detta att jag har f\u00e5tt mer och b\u00e4ttre kunskaper i kommunikation och samarbete. Vi g\u00f6r nu mycket mer tillsammans f\u00f6r att sp\u00e5ra och l\u00f6sa problem. Detta ger studerande b\u00e4ttre m\u00f6jligheter till en lyckad arbetsplatsplacering.<\/p>\n\t\t\t\t\t\t<\/div>\n\t\t\t\t<\/div>\n\t\t\t\t\t<\/div>\n\t\t<\/div>\n\t\t\t\t<div class=\"elementor-column elementor-col-50 elementor-top-column elementor-element elementor-element-6619018\" data-id=\"6619018\" data-element_type=\"column\">\n\t\t\t<div class=\"elementor-widget-wrap elementor-element-populated\">\n\t\t\t\t\t\t<div class=\"elementor-element elementor-element-348c9bc elementor-widget elementor-widget-image\" data-id=\"348c9bc\" data-element_type=\"widget\" data-widget_type=\"image.default\">\n\t\t\t\t<div class=\"elementor-widget-container\">\n\t\t\t\t\t\t\t\t\t\t\t\t\t<img decoding=\"async\" src=\"https:\/\/vetatwork-project.eu\/wp-content\/uploads\/elementor\/thumbs\/V@WDCH1-pesaip57w26v51si0cyw2ntnb7ku5dlgoj080nzwgk.png\" title=\"V@WDCH1\" alt=\"V@WDCH1\" loading=\"lazy\" \/>\t\t\t\t\t\t\t\t\t\t\t\t\t<\/div>\n\t\t\t\t<\/div>\n\t\t\t\t<div class=\"elementor-element elementor-element-3784e0c elementor-widget elementor-widget-text-editor\" data-id=\"3784e0c\" data-element_type=\"widget\" data-widget_type=\"text-editor.default\">\n\t\t\t\t<div class=\"elementor-widget-container\">\n\t\t\t\t\t\t\t<p><em><strong>Myriam Purperhart<\/strong><\/em><br \/><em>Het Idee<\/em><\/p>\n\t\t\t\t\t\t<\/div>\n\t\t\t\t<\/div>\n\t\t\t\t\t<\/div>\n\t\t<\/div>\n\t\t\t\t\t<\/div>\n\t\t<\/section>\n\t\t\t\t<section class=\"elementor-section elementor-top-section elementor-element elementor-element-98cbc17 elementor-section-boxed elementor-section-height-default elementor-section-height-default\" data-id=\"98cbc17\" data-element_type=\"section\">\n\t\t\t\t\t\t<div class=\"elementor-container elementor-column-gap-default\">\n\t\t\t\t\t<div class=\"elementor-column elementor-col-50 elementor-top-column elementor-element elementor-element-bd43475\" data-id=\"bd43475\" data-element_type=\"column\">\n\t\t\t<div class=\"elementor-widget-wrap elementor-element-populated\">\n\t\t\t\t\t\t<div class=\"elementor-element elementor-element-5a78372 elementor-widget elementor-widget-image\" data-id=\"5a78372\" data-element_type=\"widget\" data-widget_type=\"image.default\">\n\t\t\t\t<div class=\"elementor-widget-container\">\n\t\t\t\t\t\t\t\t\t\t\t\t\t<img decoding=\"async\" src=\"https:\/\/vetatwork-project.eu\/wp-content\/uploads\/elementor\/thumbs\/V@WDCH3-pesaildv4q1pulxymbcdsorsxo3dal6jc0ea3k5h5g.png\" title=\"V@WDCH3\" alt=\"V@WDCH3\" loading=\"lazy\" \/>\t\t\t\t\t\t\t\t\t\t\t\t\t<\/div>\n\t\t\t\t<\/div>\n\t\t\t\t<div class=\"elementor-element elementor-element-ce709c5 elementor-widget elementor-widget-text-editor\" data-id=\"ce709c5\" data-element_type=\"widget\" data-widget_type=\"text-editor.default\">\n\t\t\t\t<div class=\"elementor-widget-container\">\n\t\t\t\t\t\t\t<p><strong><em>Brenda Bos<\/em><\/strong><br \/><em>Staff Consultant<\/em><br \/><em>Stichtung Welzijn Lelystad<\/em><\/p>\n\t\t\t\t\t\t<\/div>\n\t\t\t\t<\/div>\n\t\t\t\t<div class=\"elementor-element elementor-element-ba27424 elementor-view-default elementor-widget elementor-widget-icon\" data-id=\"ba27424\" data-element_type=\"widget\" data-widget_type=\"icon.default\">\n\t\t\t\t<div class=\"elementor-widget-container\">\n\t\t\t\t\t<div class=\"elementor-icon-wrapper\">\n\t\t\t<a class=\"elementor-icon elementor-animation-grow\" href=\"mailto:%E2%80%8BB.Bos@welzijnlelystad.nl\">\n\t\t\t<i aria-hidden=\"true\" class=\"far fa-envelope\"><\/i>\t\t\t<\/a>\n\t\t<\/div>\n\t\t\t\t<\/div>\n\t\t\t\t<\/div>\n\t\t\t\t\t<\/div>\n\t\t<\/div>\n\t\t\t\t<div class=\"elementor-column elementor-col-50 elementor-top-column elementor-element elementor-element-7de296e\" data-id=\"7de296e\" data-element_type=\"column\">\n\t\t\t<div class=\"elementor-widget-wrap elementor-element-populated\">\n\t\t\t\t\t\t<div class=\"elementor-element elementor-element-62017f0 elementor-widget elementor-widget-spacer\" data-id=\"62017f0\" data-element_type=\"widget\" data-widget_type=\"spacer.default\">\n\t\t\t\t<div class=\"elementor-widget-container\">\n\t\t\t\t\t<div class=\"elementor-spacer\">\n\t\t\t<div class=\"elementor-spacer-inner\"><\/div>\n\t\t<\/div>\n\t\t\t\t<\/div>\n\t\t\t\t<\/div>\n\t\t\t\t<div class=\"elementor-element elementor-element-72c332d elementor-widget elementor-widget-text-editor\" data-id=\"72c332d\" data-element_type=\"widget\" data-widget_type=\"text-editor.default\">\n\t\t\t\t<div class=\"elementor-widget-container\">\n\t\t\t\t\t\t\t<p>Jag heter Brenda Bos och jag bor och arbetar i Lelystad. Jag har arbetat i n\u00e4stan tjugo \u00e5r f\u00f6r en stor v\u00e4lf\u00e4rdsorganisation som heter Welzijn Lelystad. Welzijn Lelystad f\u00f6r samman m\u00e4nniskor. Vi ser till att m\u00e4nniskor som beh\u00f6ver en hj\u00e4lpande hand kommer i kontakt med m\u00e4nniskor som \u00e4r redo att hj\u00e4lpa till. V\u00e5rt m\u00e5l \u00e4r att st\u00e4rka medborgarnas deltagande, vilket skapar ett h\u00e5llbart samh\u00e4lle.\u00a0 Ett samh\u00e4lle d\u00e4r alla kan delta. V\u00e5r m\u00e5lgrupp \u00e4r mycket varierande och omfattar flyktingar, unga v\u00e5rdnadshavare, ensamma \u00e4ldre och ungdomar.<\/p>\n<p>Som personalchef\/arbetsgivare ansvarar jag f\u00f6r praktikplatser och utbildningsprojekt p\u00e5 arbetsplatsen. V\u00e5r organisation \u00e4r s\u00e4rskilt \u00f6ppen f\u00f6r ungdomar som har sv\u00e5rt att hitta ett jobb. Welzijn Lelystad ser det som sin plikt att sprida budskapet att denna grupp f\u00f6rtj\u00e4nar en chans.\u00a0 Vi hoppas kunna erbjuda dem en spr\u00e5ngbr\u00e4da till en bra karri\u00e4r, eftersom denna &#8221;bortgl\u00f6mda&#8221; grupp har stor potential.<\/p>\n\t\t\t\t\t\t<\/div>\n\t\t\t\t<\/div>\n\t\t\t\t\t<\/div>\n\t\t<\/div>\n\t\t\t\t\t<\/div>\n\t\t<\/section>\n\t\t\t\t<section class=\"elementor-section elementor-top-section elementor-element elementor-element-39adc30 elementor-section-boxed elementor-section-height-default elementor-section-height-default\" data-id=\"39adc30\" data-element_type=\"section\">\n\t\t\t\t\t\t<div class=\"elementor-container elementor-column-gap-default\">\n\t\t\t\t\t<div class=\"elementor-column elementor-col-100 elementor-top-column elementor-element elementor-element-afad7a9\" data-id=\"afad7a9\" data-element_type=\"column\">\n\t\t\t<div class=\"elementor-widget-wrap elementor-element-populated\">\n\t\t\t\t\t\t<div class=\"elementor-element elementor-element-cd5895b elementor-widget elementor-widget-text-editor\" data-id=\"cd5895b\" data-element_type=\"widget\" data-widget_type=\"text-editor.default\">\n\t\t\t\t<div class=\"elementor-widget-container\">\n\t\t\t\t\t\t\t<p>Det h\u00e4r \u00e4r det f\u00f6rsta internationella projektet jag deltar i. Det \u00e4r intressant att se hur arbetsgivare och skolor i andra l\u00e4nder hanterar denna fr\u00e5ga.\u00a0 Jag l\u00e4rde mig mycket nytt av de personer som deltog i projektet och jag kommer att f\u00f6ra informationen vidare till mitt n\u00e4tverk och min organisation. Vi har genomf\u00f6rt m\u00e5nga pilotprojekt som bygger p\u00e5 id\u00e9er fr\u00e5n m\u00f6tena.\u00a0 Tillsammans kan vi \u00e5stadkomma mer \u00e4n om vi \u00e4r ensamma. N\u00e4r jag inte arbetar f\u00f6r Welzijn Lelystad ger jag r\u00e5d till andra f\u00f6retag, fr\u00e4mst inom restaurangbranschen, spelar tennis, l\u00e4ser, reser, shoppar och tycker om att laga mat.<\/p>\n\t\t\t\t\t\t<\/div>\n\t\t\t\t<\/div>\n\t\t\t\t\t<\/div>\n\t\t<\/div>\n\t\t\t\t\t<\/div>\n\t\t<\/section>\n\t\t\t\t<section class=\"elementor-section elementor-top-section elementor-element elementor-element-c8b59e9 elementor-section-boxed elementor-section-height-default elementor-section-height-default\" data-id=\"c8b59e9\" data-element_type=\"section\">\n\t\t\t\t\t\t<div class=\"elementor-container elementor-column-gap-default\">\n\t\t\t\t\t<div class=\"elementor-column elementor-col-25 elementor-top-column elementor-element elementor-element-7355f3a\" data-id=\"7355f3a\" data-element_type=\"column\">\n\t\t\t<div class=\"elementor-widget-wrap elementor-element-populated\">\n\t\t\t\t\t\t<div class=\"elementor-element elementor-element-a956f41 elementor-widget elementor-widget-image\" data-id=\"a956f41\" data-element_type=\"widget\" data-widget_type=\"image.default\">\n\t\t\t\t<div class=\"elementor-widget-container\">\n\t\t\t\t\t\t\t\t\t\t\t\t\t\t<a href=\"https:\/\/vetatwork-project.eu\/sv\/partners\/icelandic-team\/\">\n\t\t\t\t\t\t\t<img decoding=\"async\" src=\"https:\/\/vetatwork-project.eu\/wp-content\/uploads\/elementor\/thumbs\/Partners-Flags-03@2-pesak4ucxvjuols9txqyfu76i2lu8lwk5j6ihl3uyw.png\" title=\"Partners-Flags-03@2\" alt=\"partners\" class=\"elementor-animation-grow\" loading=\"lazy\" \/>\t\t\t\t\t\t\t\t<\/a>\n\t\t\t\t\t\t\t\t\t\t\t\t\t<\/div>\n\t\t\t\t<\/div>\n\t\t\t\t<div class=\"elementor-element elementor-element-6fed796 elementor-widget elementor-widget-text-editor\" data-id=\"6fed796\" data-element_type=\"widget\" data-widget_type=\"text-editor.default\">\n\t\t\t\t<div class=\"elementor-widget-container\">\n\t\t\t\t\t\t\t<p><a href=\"https:\/\/vetatwork-project.eu\/sv\/partners\/icelandic-team\/\">Teamet fr\u00e5n <br \/>ISLAND<\/a><\/p>\t\t\t\t\t\t<\/div>\n\t\t\t\t<\/div>\n\t\t\t\t\t<\/div>\n\t\t<\/div>\n\t\t\t\t<div class=\"elementor-column elementor-col-25 elementor-top-column elementor-element elementor-element-7ca6834\" data-id=\"7ca6834\" data-element_type=\"column\">\n\t\t\t<div class=\"elementor-widget-wrap elementor-element-populated\">\n\t\t\t\t\t\t<div class=\"elementor-element elementor-element-cb067e0 elementor-widget elementor-widget-image\" data-id=\"cb067e0\" data-element_type=\"widget\" data-widget_type=\"image.default\">\n\t\t\t\t<div class=\"elementor-widget-container\">\n\t\t\t\t\t\t\t\t\t\t\t\t\t\t<a href=\"https:\/\/vetatwork-project.eu\/sv\/partners\/the-french-team\/\">\n\t\t\t\t\t\t\t<img decoding=\"async\" src=\"https:\/\/vetatwork-project.eu\/wp-content\/uploads\/elementor\/thumbs\/Partners-Flags-06@2-pgmiwaxjmusnljykw3dkudp8fn1yv3jnj4hcsmyow8.png\" title=\"Partners-Flags-06@2\" alt=\"partner flag\" class=\"elementor-animation-grow\" loading=\"lazy\" \/>\t\t\t\t\t\t\t\t<\/a>\n\t\t\t\t\t\t\t\t\t\t\t\t\t<\/div>\n\t\t\t\t<\/div>\n\t\t\t\t<div class=\"elementor-element elementor-element-13a78d4 elementor-widget elementor-widget-text-editor\" data-id=\"13a78d4\" data-element_type=\"widget\" data-widget_type=\"text-editor.default\">\n\t\t\t\t<div class=\"elementor-widget-container\">\n\t\t\t\t\t\t\t<p><a href=\"https:\/\/vetatwork-project.eu\/sv\/partners\/the-french-team\/\">Teamet fr\u00e5n FRANKRIKE<\/a><\/p>\t\t\t\t\t\t<\/div>\n\t\t\t\t<\/div>\n\t\t\t\t\t<\/div>\n\t\t<\/div>\n\t\t\t\t<div class=\"elementor-column elementor-col-25 elementor-top-column elementor-element elementor-element-c5d6887\" data-id=\"c5d6887\" data-element_type=\"column\">\n\t\t\t<div class=\"elementor-widget-wrap elementor-element-populated\">\n\t\t\t\t\t\t<div class=\"elementor-element elementor-element-15acfa7 elementor-widget elementor-widget-image\" data-id=\"15acfa7\" data-element_type=\"widget\" data-widget_type=\"image.default\">\n\t\t\t\t<div class=\"elementor-widget-container\">\n\t\t\t\t\t\t\t\t\t\t\t\t\t\t<a href=\"https:\/\/vetatwork-project.eu\/sv\/partners\/finland-team\/\">\n\t\t\t\t\t\t\t<img decoding=\"async\" src=\"https:\/\/vetatwork-project.eu\/wp-content\/uploads\/elementor\/thumbs\/Partners-Flags-05@2-pesajvfz1j6zgi5xctooqwkkk7w63mv8s8nnothsp4.png\" title=\"Partners-Flags-05@2\" alt=\"partners\" class=\"elementor-animation-grow\" loading=\"lazy\" \/>\t\t\t\t\t\t\t\t<\/a>\n\t\t\t\t\t\t\t\t\t\t\t\t\t<\/div>\n\t\t\t\t<\/div>\n\t\t\t\t<div class=\"elementor-element elementor-element-e3be546 elementor-widget elementor-widget-text-editor\" data-id=\"e3be546\" data-element_type=\"widget\" data-widget_type=\"text-editor.default\">\n\t\t\t\t<div class=\"elementor-widget-container\">\n\t\t\t\t\t\t\t<p><a href=\"https:\/\/vetatwork-project.eu\/sv\/partners\/finland-team\/\">TEAMET fr\u00e5n<br \/>FINLAND<\/a><\/p>\t\t\t\t\t\t<\/div>\n\t\t\t\t<\/div>\n\t\t\t\t\t<\/div>\n\t\t<\/div>\n\t\t\t\t<div class=\"elementor-column elementor-col-25 elementor-top-column elementor-element elementor-element-5be3b40\" data-id=\"5be3b40\" data-element_type=\"column\">\n\t\t\t<div class=\"elementor-widget-wrap elementor-element-populated\">\n\t\t\t\t\t\t<div class=\"elementor-element elementor-element-fde8abb elementor-widget elementor-widget-image\" data-id=\"fde8abb\" data-element_type=\"widget\" data-widget_type=\"image.default\">\n\t\t\t\t<div class=\"elementor-widget-container\">\n\t\t\t\t\t\t\t\t\t\t\t\t\t\t<a href=\"https:\/\/vetatwork-project.eu\/sv\/partners\/teamet-fran-storbritannien\/\">\n\t\t\t\t\t\t\t<img decoding=\"async\" src=\"https:\/\/vetatwork-project.eu\/wp-content\/uploads\/elementor\/thumbs\/Partners-Flags-01@2-pesak9jjw1qaanlg2hs3ab0hgzyob3f7u6fxvyww3s.png\" title=\"Partners-Flags-01@2\" alt=\"partners\" class=\"elementor-animation-grow\" loading=\"lazy\" \/>\t\t\t\t\t\t\t\t<\/a>\n\t\t\t\t\t\t\t\t\t\t\t\t\t<\/div>\n\t\t\t\t<\/div>\n\t\t\t\t<div class=\"elementor-element elementor-element-53ae91e elementor-widget elementor-widget-text-editor\" data-id=\"53ae91e\" data-element_type=\"widget\" data-widget_type=\"text-editor.default\">\n\t\t\t\t<div class=\"elementor-widget-container\">\n\t\t\t\t\t\t\t<p><a href=\"https:\/\/vetatwork-project.eu\/sv\/partners\/teamet-fran-storbritannien\/\">Teamet fr\u00e5n <br \/>Storbritannien<\/a><\/p>\t\t\t\t\t\t<\/div>\n\t\t\t\t<\/div>\n\t\t\t\t\t<\/div>\n\t\t<\/div>\n\t\t\t\t\t<\/div>\n\t\t<\/section>\n\t\t\t\t<\/div>\n\t\t","protected":false},"excerpt":{"rendered":"<p>Teamet fr\u00e5n Nederl\u00e4nderna Maarten ReckmanDirector at Het Idee Jag b\u00f6rjade min karri\u00e4r som socialarbetare. F\u00f6r fjorton \u00e5r sedan startade jag mitt f\u00f6retag Het Idee. Het Idee fokuserar p\u00e5 social r\u00e5dgivning, utveckling och genomf\u00f6rande. Het Idee har deltagit i projekt som ber\u00f6r deltagande, praktiskt l\u00e4rande, utbildning och arbetsmarknad genom att sammanf\u00f6ra regeringsf\u00f6retr\u00e4dare, utbildare, arbetsgivarorganisationer och icke-statliga [&hellip;]<\/p>\n","protected":false},"author":3,"featured_media":0,"parent":5838,"menu_order":0,"comment_status":"closed","ping_status":"closed","template":"","meta":{"site-sidebar-layout":"no-sidebar","site-content-layout":"page-builder","ast-site-content-layout":"","site-content-style":"default","site-sidebar-style":"default","ast-global-header-display":"","ast-banner-title-visibility":"","ast-main-header-display":"","ast-hfb-above-header-display":"","ast-hfb-below-header-display":"","ast-hfb-mobile-header-display":"","site-post-title":"disabled","ast-breadcrumbs-content":"","ast-featured-img":"disabled","footer-sml-layout":"","theme-transparent-header-meta":"","adv-header-id-meta":"","stick-header-meta":"","header-above-stick-meta":"","header-main-stick-meta":"","header-below-stick-meta":"","astra-migrate-meta-layouts":"default","ast-page-background-enabled":"default","ast-page-background-meta":{"desktop":{"background-color":"","background-image":"","background-repeat":"repeat","background-position":"center center","background-size":"auto","background-attachment":"scroll","background-type":"","background-media":"","overlay-type":"","overlay-color":"","overlay-opacity":"","overlay-gradient":""},"tablet":{"background-color":"","background-image":"","background-repeat":"repeat","background-position":"center center","background-size":"auto","background-attachment":"scroll","background-type":"","background-media":"","overlay-type":"","overlay-color":"","overlay-opacity":"","overlay-gradient":""},"mobile":{"background-color":"","background-image":"","background-repeat":"repeat","background-position":"center center","background-size":"auto","background-attachment":"scroll","background-type":"","background-media":"","overlay-type":"","overlay-color":"","overlay-opacity":"","overlay-gradient":""}},"ast-content-background-meta":{"desktop":{"background-color":"var(--ast-global-color-5)","background-image":"","background-repeat":"repeat","background-position":"center center","background-size":"auto","background-attachment":"scroll","background-type":"","background-media":"","overlay-type":"","overlay-color":"","overlay-opacity":"","overlay-gradient":""},"tablet":{"background-color":"var(--ast-global-color-5)","background-image":"","background-repeat":"repeat","background-position":"center center","background-size":"auto","background-attachment":"scroll","background-type":"","background-media":"","overlay-type":"","overlay-color":"","overlay-opacity":"","overlay-gradient":""},"mobile":{"background-color":"var(--ast-global-color-5)","background-image":"","background-repeat":"repeat","background-position":"center center","background-size":"auto","background-attachment":"scroll","background-type":"","background-media":"","overlay-type":"","overlay-color":"","overlay-opacity":"","overlay-gradient":""}},"footnotes":""},"class_list":["post-5867","page","type-page","status-publish","hentry"],"_links":{"self":[{"href":"https:\/\/vetatwork-project.eu\/sv\/wp-json\/wp\/v2\/pages\/5867","targetHints":{"allow":["GET"]}}],"collection":[{"href":"https:\/\/vetatwork-project.eu\/sv\/wp-json\/wp\/v2\/pages"}],"about":[{"href":"https:\/\/vetatwork-project.eu\/sv\/wp-json\/wp\/v2\/types\/page"}],"author":[{"embeddable":true,"href":"https:\/\/vetatwork-project.eu\/sv\/wp-json\/wp\/v2\/users\/3"}],"replies":[{"embeddable":true,"href":"https:\/\/vetatwork-project.eu\/sv\/wp-json\/wp\/v2\/comments?post=5867"}],"version-history":[{"count":4,"href":"https:\/\/vetatwork-project.eu\/sv\/wp-json\/wp\/v2\/pages\/5867\/revisions"}],"predecessor-version":[{"id":5880,"href":"https:\/\/vetatwork-project.eu\/sv\/wp-json\/wp\/v2\/pages\/5867\/revisions\/5880"}],"up":[{"embeddable":true,"href":"https:\/\/vetatwork-project.eu\/sv\/wp-json\/wp\/v2\/pages\/5838"}],"wp:attachment":[{"href":"https:\/\/vetatwork-project.eu\/sv\/wp-json\/wp\/v2\/media?parent=5867"}],"curies":[{"name":"wp","href":"https:\/\/api.w.org\/{rel}","templated":true}]}}