{"id":5865,"date":"2022-01-19T09:27:21","date_gmt":"2022-01-19T07:27:21","guid":{"rendered":"https:\/\/vetatwork-project.eu\/partners\/teamet-fran-storbritannien\/"},"modified":"2022-01-19T09:52:28","modified_gmt":"2022-01-19T07:52:28","slug":"teamet-fran-storbritannien","status":"publish","type":"page","link":"https:\/\/vetatwork-project.eu\/sv\/partners\/teamet-fran-storbritannien\/","title":{"rendered":"Teamet fr\u00e5n Storbritannien"},"content":{"rendered":"\t\t<div data-elementor-type=\"wp-page\" data-elementor-id=\"5865\" class=\"elementor elementor-5865 elementor-1093\" data-elementor-post-type=\"page\">\n\t\t\t\t\t\t<section class=\"elementor-section elementor-top-section elementor-element elementor-element-861109e elementor-section-boxed elementor-section-height-default elementor-section-height-default\" data-id=\"861109e\" data-element_type=\"section\">\n\t\t\t\t\t\t<div class=\"elementor-container elementor-column-gap-default\">\n\t\t\t\t\t<div class=\"elementor-column elementor-col-100 elementor-top-column elementor-element elementor-element-a16c726\" data-id=\"a16c726\" data-element_type=\"column\">\n\t\t\t<div class=\"elementor-widget-wrap elementor-element-populated\">\n\t\t\t\t\t\t<div class=\"elementor-element elementor-element-b011492 elementor-widget elementor-widget-spacer\" data-id=\"b011492\" data-element_type=\"widget\" data-widget_type=\"spacer.default\">\n\t\t\t\t<div class=\"elementor-widget-container\">\n\t\t\t\t\t<div class=\"elementor-spacer\">\n\t\t\t<div class=\"elementor-spacer-inner\"><\/div>\n\t\t<\/div>\n\t\t\t\t<\/div>\n\t\t\t\t<\/div>\n\t\t\t\t<div class=\"elementor-element elementor-element-e1586fe elementor-widget elementor-widget-spacer\" data-id=\"e1586fe\" data-element_type=\"widget\" data-widget_type=\"spacer.default\">\n\t\t\t\t<div class=\"elementor-widget-container\">\n\t\t\t\t\t<div class=\"elementor-spacer\">\n\t\t\t<div class=\"elementor-spacer-inner\"><\/div>\n\t\t<\/div>\n\t\t\t\t<\/div>\n\t\t\t\t<\/div>\n\t\t\t\t<div class=\"elementor-element elementor-element-4aa4ea3 elementor-widget elementor-widget-text-editor\" data-id=\"4aa4ea3\" data-element_type=\"widget\" data-widget_type=\"text-editor.default\">\n\t\t\t\t<div class=\"elementor-widget-container\">\n\t\t\t\t\t\t\t<p>Teamet fr\u00e5n Storbritannien<\/p>\t\t\t\t\t\t<\/div>\n\t\t\t\t<\/div>\n\t\t\t\t\t<\/div>\n\t\t<\/div>\n\t\t\t\t\t<\/div>\n\t\t<\/section>\n\t\t\t\t<section class=\"elementor-section elementor-top-section elementor-element elementor-element-6f4a775 elementor-section-boxed elementor-section-height-default elementor-section-height-default\" data-id=\"6f4a775\" data-element_type=\"section\">\n\t\t\t\t\t\t<div class=\"elementor-container elementor-column-gap-default\">\n\t\t\t\t\t<div class=\"elementor-column elementor-col-50 elementor-top-column elementor-element elementor-element-09df09e\" data-id=\"09df09e\" data-element_type=\"column\">\n\t\t\t<div class=\"elementor-widget-wrap elementor-element-populated\">\n\t\t\t\t\t\t<div class=\"elementor-element elementor-element-ad55ff9 elementor-widget elementor-widget-image\" data-id=\"ad55ff9\" data-element_type=\"widget\" data-widget_type=\"image.default\">\n\t\t\t\t<div class=\"elementor-widget-container\">\n\t\t\t\t\t\t\t\t\t\t\t\t\t<img decoding=\"async\" src=\"https:\/\/vetatwork-project.eu\/wp-content\/uploads\/elementor\/thumbs\/V@WUK1-pesaj2ayjqovnl9dvino1ki3mlrz551pec50qjge1g.png\" title=\"V@WUK1\" alt=\"V@WUK1\" loading=\"lazy\" \/>\t\t\t\t\t\t\t\t\t\t\t\t\t<\/div>\n\t\t\t\t<\/div>\n\t\t\t\t<div class=\"elementor-element elementor-element-ffe484b elementor-widget elementor-widget-text-editor\" data-id=\"ffe484b\" data-element_type=\"widget\" data-widget_type=\"text-editor.default\">\n\t\t\t\t<div class=\"elementor-widget-container\">\n\t\t\t\t\t\t\t<p><strong><em>Philip Broomhead<\/em><\/strong><br \/><em>Director at Broadshoulders Ltd<\/em><\/p>\n\t\t\t\t\t\t<\/div>\n\t\t\t\t<\/div>\n\t\t\t\t<div class=\"elementor-element elementor-element-1dd7476 elementor-view-default elementor-widget elementor-widget-icon\" data-id=\"1dd7476\" data-element_type=\"widget\" data-widget_type=\"icon.default\">\n\t\t\t\t<div class=\"elementor-widget-container\">\n\t\t\t\t\t<div class=\"elementor-icon-wrapper\">\n\t\t\t<a class=\"elementor-icon elementor-animation-grow\" href=\"mailto:Bphilip@broadshoulders.co.uk\">\n\t\t\t<i aria-hidden=\"true\" class=\"far fa-envelope\"><\/i>\t\t\t<\/a>\n\t\t<\/div>\n\t\t\t\t<\/div>\n\t\t\t\t<\/div>\n\t\t\t\t\t<\/div>\n\t\t<\/div>\n\t\t\t\t<div class=\"elementor-column elementor-col-50 elementor-top-column elementor-element elementor-element-9ec9019\" data-id=\"9ec9019\" data-element_type=\"column\">\n\t\t\t<div class=\"elementor-widget-wrap elementor-element-populated\">\n\t\t\t\t\t\t<div class=\"elementor-element elementor-element-e496c10 elementor-widget elementor-widget-spacer\" data-id=\"e496c10\" data-element_type=\"widget\" data-widget_type=\"spacer.default\">\n\t\t\t\t<div class=\"elementor-widget-container\">\n\t\t\t\t\t<div class=\"elementor-spacer\">\n\t\t\t<div class=\"elementor-spacer-inner\"><\/div>\n\t\t<\/div>\n\t\t\t\t<\/div>\n\t\t\t\t<\/div>\n\t\t\t\t<div class=\"elementor-element elementor-element-a68623b elementor-widget elementor-widget-text-editor\" data-id=\"a68623b\" data-element_type=\"widget\" data-widget_type=\"text-editor.default\">\n\t\t\t\t<div class=\"elementor-widget-container\">\n\t\t\t\t\t\t\t<p>Philip inledde sitt f\u00f6rsta europeiska samarbete 2002 och har byggt upp varaktiga samarbetspartnerskap via m\u00e5nga internationella projekt, t.ex. de projekt som f\u00f6regick VET@work.<\/p>\n<p>Han har mer \u00e4n 30 \u00e5rs erfarenhet av fortbildning. Han har en bakgrund inom natur och jordbruk och har ett n\u00e4ra samarbete med l\u00e4roavtalsstuderanden, universitetsstuderanden, internationella partners och f\u00f6retr\u00e4dare i statliga organisationer.<\/p>\n<p>I dag \u00e4r Philip en passionerad f\u00f6respr\u00e5kare f\u00f6r l\u00e4rande p\u00e5 arbetsplatser och har specialiserar sig p\u00e5 ledarutveckling och hur coaching och mentorskap kan bidra till en positiv inl\u00e4rningskultur i f\u00f6retag.<\/p>\n<p>&#8221;De europeiska projekten har gett mig m\u00f6jligheter att resa till fantastiska platser och skapa best\u00e5ende v\u00e4nskaper, men ocks\u00e5 att l\u00e4ra mig om ett brett spektrum av utbildningsfilosofier. En sak jag har l\u00e4rt mig \u00e4r att vi alla st\u00e5r inf\u00f6r samma utmaningar, och tillsammans kan vi dela med oss av v\u00e5ra erfarenheter och ta med oss nya id\u00e9er och metoder hem.&#8221;<\/p>\n\t\t\t\t\t\t<\/div>\n\t\t\t\t<\/div>\n\t\t\t\t\t<\/div>\n\t\t<\/div>\n\t\t\t\t\t<\/div>\n\t\t<\/section>\n\t\t\t\t<section class=\"elementor-section elementor-top-section elementor-element elementor-element-1cde9d3 elementor-reverse-tablet elementor-reverse-mobile elementor-section-boxed elementor-section-height-default elementor-section-height-default\" data-id=\"1cde9d3\" data-element_type=\"section\">\n\t\t\t\t\t\t<div class=\"elementor-container elementor-column-gap-default\">\n\t\t\t\t\t<div class=\"elementor-column elementor-col-50 elementor-top-column elementor-element elementor-element-eec48ac\" data-id=\"eec48ac\" data-element_type=\"column\">\n\t\t\t<div class=\"elementor-widget-wrap elementor-element-populated\">\n\t\t\t\t\t\t<div class=\"elementor-element elementor-element-5d9c694 elementor-widget elementor-widget-spacer\" data-id=\"5d9c694\" data-element_type=\"widget\" data-widget_type=\"spacer.default\">\n\t\t\t\t<div class=\"elementor-widget-container\">\n\t\t\t\t\t<div class=\"elementor-spacer\">\n\t\t\t<div class=\"elementor-spacer-inner\"><\/div>\n\t\t<\/div>\n\t\t\t\t<\/div>\n\t\t\t\t<\/div>\n\t\t\t\t<div class=\"elementor-element elementor-element-3130b05 elementor-widget elementor-widget-text-editor\" data-id=\"3130b05\" data-element_type=\"widget\" data-widget_type=\"text-editor.default\">\n\t\t\t\t<div class=\"elementor-widget-container\">\n\t\t\t\t\t\t\t<p>Adele har specialiserat sig p\u00e5 att st\u00f6da inl\u00e4rning och arbetar som st\u00f6dl\u00e4rare i en lokal skola d\u00e4r hon st\u00f6der och hj\u00e4lper studeranden \u00f6ver 16 \u00e5r med s\u00e4rskilda inl\u00e4rningsbehov.<\/p>\n<p>Hon \u00e4r utbildad kundtj\u00e4nstbed\u00f6mare och har tidigare erfarenhet av detaljhandel, kundtj\u00e4nst och detaljhandelsledning.<\/p>\n<p>Hon \u00e4r en naturlig kommunikat\u00f6r och har tidigare arbetat med europeiska projekt. Adele ansl\u00f6t sig till VET@work teamet f\u00f6r att dela med sig av studerandens perspektiv p\u00e5 arbetsbaserat l\u00e4rande.<\/p>\n<p>Adele \u00e4r intresserad av naturlig h\u00e4lsa och psykiskt v\u00e4lbefinnande och \u00e4r kvalificerad Bowen- och massageterapeut.\u00a0 Under Covid-19 odlade hon g\u00e4rna sina egna gr\u00f6nsaker och bakade br\u00f6d.<\/p>\n<p>&#8221;Det har varit mycket givande att delta i projektet och m\u00f6tena &#8211; \u00e4ven om vi alla har olika s\u00e4tt att arbeta har vi alla samma m\u00e5l och ambitioner.&#8221;<\/p>\n\t\t\t\t\t\t<\/div>\n\t\t\t\t<\/div>\n\t\t\t\t\t<\/div>\n\t\t<\/div>\n\t\t\t\t<div class=\"elementor-column elementor-col-50 elementor-top-column elementor-element elementor-element-c201b20\" data-id=\"c201b20\" data-element_type=\"column\">\n\t\t\t<div class=\"elementor-widget-wrap elementor-element-populated\">\n\t\t\t\t\t\t<div class=\"elementor-element elementor-element-64b4417 elementor-widget elementor-widget-image\" data-id=\"64b4417\" data-element_type=\"widget\" data-widget_type=\"image.default\">\n\t\t\t\t<div class=\"elementor-widget-container\">\n\t\t\t\t\t\t\t\t\t\t\t\t\t<img decoding=\"async\" src=\"https:\/\/vetatwork-project.eu\/wp-content\/uploads\/elementor\/thumbs\/V@WUK2-pesaius912el2pkb3fenhmeevit1fk7upax4wbrjf8.png\" title=\"V@WUK2\" alt=\"V@WUK2\" loading=\"lazy\" \/>\t\t\t\t\t\t\t\t\t\t\t\t\t<\/div>\n\t\t\t\t<\/div>\n\t\t\t\t<div class=\"elementor-element elementor-element-ec12649 elementor-widget elementor-widget-text-editor\" data-id=\"ec12649\" data-element_type=\"widget\" data-widget_type=\"text-editor.default\">\n\t\t\t\t<div class=\"elementor-widget-container\">\n\t\t\t\t\t\t\t<p><strong><em>Adele Broomhead<\/em><\/strong><br \/><em>Broadshoulders Ltd<\/em><\/p>\n\t\t\t\t\t\t<\/div>\n\t\t\t\t<\/div>\n\t\t\t\t\t<\/div>\n\t\t<\/div>\n\t\t\t\t\t<\/div>\n\t\t<\/section>\n\t\t\t\t<section class=\"elementor-section elementor-top-section elementor-element elementor-element-fbde6a8 elementor-section-boxed elementor-section-height-default elementor-section-height-default\" data-id=\"fbde6a8\" data-element_type=\"section\">\n\t\t\t\t\t\t<div class=\"elementor-container elementor-column-gap-default\">\n\t\t\t\t\t<div class=\"elementor-column elementor-col-25 elementor-top-column elementor-element elementor-element-66f9316\" data-id=\"66f9316\" data-element_type=\"column\">\n\t\t\t<div class=\"elementor-widget-wrap elementor-element-populated\">\n\t\t\t\t\t\t<div class=\"elementor-element elementor-element-f78d75b elementor-widget elementor-widget-image\" data-id=\"f78d75b\" data-element_type=\"widget\" data-widget_type=\"image.default\">\n\t\t\t\t<div class=\"elementor-widget-container\">\n\t\t\t\t\t\t\t\t\t\t\t\t\t\t<a href=\"https:\/\/vetatwork-project.eu\/sv\/partners\/dutch-team\/\">\n\t\t\t\t\t\t\t<img decoding=\"async\" src=\"https:\/\/vetatwork-project.eu\/wp-content\/uploads\/elementor\/thumbs\/Partners-Flags-02@2-pesak055zpdf2jz3ldptlddvj59064dwgvx337atu0.png\" title=\"Partners-Flags-02@2\" alt=\"partners\" class=\"elementor-animation-grow\" loading=\"lazy\" \/>\t\t\t\t\t\t\t\t<\/a>\n\t\t\t\t\t\t\t\t\t\t\t\t\t<\/div>\n\t\t\t\t<\/div>\n\t\t\t\t<div class=\"elementor-element elementor-element-62e29be elementor-widget elementor-widget-text-editor\" data-id=\"62e29be\" data-element_type=\"widget\" data-widget_type=\"text-editor.default\">\n\t\t\t\t<div class=\"elementor-widget-container\">\n\t\t\t\t\t\t\t<p><a href=\"https:\/\/vetatwork-project.eu\/sv\/partners\/dutch-team\/\">Teamet fr\u00e5n <br \/>Nederl\u00e4nderna<\/a><\/p>\t\t\t\t\t\t<\/div>\n\t\t\t\t<\/div>\n\t\t\t\t\t<\/div>\n\t\t<\/div>\n\t\t\t\t<div class=\"elementor-column elementor-col-25 elementor-top-column elementor-element elementor-element-78e316b\" data-id=\"78e316b\" data-element_type=\"column\">\n\t\t\t<div class=\"elementor-widget-wrap elementor-element-populated\">\n\t\t\t\t\t\t<div class=\"elementor-element elementor-element-afd4572 elementor-widget elementor-widget-image\" data-id=\"afd4572\" data-element_type=\"widget\" data-widget_type=\"image.default\">\n\t\t\t\t<div class=\"elementor-widget-container\">\n\t\t\t\t\t\t\t\t\t\t\t\t\t\t<a href=\"https:\/\/vetatwork-project.eu\/sv\/partners\/icelandic-team\/\">\n\t\t\t\t\t\t\t<img decoding=\"async\" src=\"https:\/\/vetatwork-project.eu\/wp-content\/uploads\/elementor\/thumbs\/Partners-Flags-03@2-pesak4ucxvjuols9txqyfu76i2lu8lwk5j6ihl3uyw.png\" title=\"Partners-Flags-03@2\" alt=\"partners\" class=\"elementor-animation-grow\" loading=\"lazy\" \/>\t\t\t\t\t\t\t\t<\/a>\n\t\t\t\t\t\t\t\t\t\t\t\t\t<\/div>\n\t\t\t\t<\/div>\n\t\t\t\t<div class=\"elementor-element elementor-element-117a2b8 elementor-widget elementor-widget-text-editor\" data-id=\"117a2b8\" data-element_type=\"widget\" data-widget_type=\"text-editor.default\">\n\t\t\t\t<div class=\"elementor-widget-container\">\n\t\t\t\t\t\t\t<p><a href=\"https:\/\/vetatwork-project.eu\/sv\/partners\/icelandic-team\/\">Teamet fr\u00e5n <br \/>ISLAND<\/a><\/p>\t\t\t\t\t\t<\/div>\n\t\t\t\t<\/div>\n\t\t\t\t\t<\/div>\n\t\t<\/div>\n\t\t\t\t<div class=\"elementor-column elementor-col-25 elementor-top-column elementor-element elementor-element-68ce58b\" data-id=\"68ce58b\" data-element_type=\"column\">\n\t\t\t<div class=\"elementor-widget-wrap elementor-element-populated\">\n\t\t\t\t\t\t<div class=\"elementor-element elementor-element-4b13624 elementor-widget elementor-widget-image\" data-id=\"4b13624\" data-element_type=\"widget\" data-widget_type=\"image.default\">\n\t\t\t\t<div class=\"elementor-widget-container\">\n\t\t\t\t\t\t\t\t\t\t\t\t\t\t<a href=\"https:\/\/vetatwork-project.eu\/sv\/partners\/the-french-team\/\">\n\t\t\t\t\t\t\t<img decoding=\"async\" src=\"https:\/\/vetatwork-project.eu\/wp-content\/uploads\/elementor\/thumbs\/Partners-Flags-06@2-pgmiwaxjmusnljykw3dkudp8fn1yv3jnj4hcsmyow8.png\" title=\"Partners-Flags-06@2\" alt=\"partner flag\" class=\"elementor-animation-grow\" loading=\"lazy\" \/>\t\t\t\t\t\t\t\t<\/a>\n\t\t\t\t\t\t\t\t\t\t\t\t\t<\/div>\n\t\t\t\t<\/div>\n\t\t\t\t<div class=\"elementor-element elementor-element-5ddc2ef elementor-widget elementor-widget-text-editor\" data-id=\"5ddc2ef\" data-element_type=\"widget\" data-widget_type=\"text-editor.default\">\n\t\t\t\t<div class=\"elementor-widget-container\">\n\t\t\t\t\t\t\t<p><a href=\"https:\/\/vetatwork-project.eu\/sv\/partners\/the-french-team\/\">Teamet fr\u00e5n FRANKRIKE<\/a><\/p>\t\t\t\t\t\t<\/div>\n\t\t\t\t<\/div>\n\t\t\t\t\t<\/div>\n\t\t<\/div>\n\t\t\t\t<div class=\"elementor-column elementor-col-25 elementor-top-column elementor-element elementor-element-c53c208\" data-id=\"c53c208\" data-element_type=\"column\">\n\t\t\t<div class=\"elementor-widget-wrap elementor-element-populated\">\n\t\t\t\t\t\t<div class=\"elementor-element elementor-element-143a037 elementor-widget elementor-widget-image\" data-id=\"143a037\" data-element_type=\"widget\" data-widget_type=\"image.default\">\n\t\t\t\t<div class=\"elementor-widget-container\">\n\t\t\t\t\t\t\t\t\t\t\t\t\t\t<a href=\"https:\/\/vetatwork-project.eu\/sv\/partners\/finland-team\/\">\n\t\t\t\t\t\t\t<img decoding=\"async\" src=\"https:\/\/vetatwork-project.eu\/wp-content\/uploads\/elementor\/thumbs\/Partners-Flags-05@2-pesajvfz1j6zgi5xctooqwkkk7w63mv8s8nnothsp4.png\" title=\"Partners-Flags-05@2\" alt=\"partners\" class=\"elementor-animation-grow\" loading=\"lazy\" \/>\t\t\t\t\t\t\t\t<\/a>\n\t\t\t\t\t\t\t\t\t\t\t\t\t<\/div>\n\t\t\t\t<\/div>\n\t\t\t\t<div class=\"elementor-element elementor-element-8a57aeb elementor-widget elementor-widget-text-editor\" data-id=\"8a57aeb\" data-element_type=\"widget\" data-widget_type=\"text-editor.default\">\n\t\t\t\t<div class=\"elementor-widget-container\">\n\t\t\t\t\t\t\t<p><a href=\"https:\/\/vetatwork-project.eu\/sv\/partners\/finland-team\/\">TEAMET fr\u00e5n<br \/>FINLAND<\/a><\/p>\t\t\t\t\t\t<\/div>\n\t\t\t\t<\/div>\n\t\t\t\t\t<\/div>\n\t\t<\/div>\n\t\t\t\t\t<\/div>\n\t\t<\/section>\n\t\t\t\t<\/div>\n\t\t","protected":false},"excerpt":{"rendered":"<p>Teamet fr\u00e5n Storbritannien Philip BroomheadDirector at Broadshoulders Ltd Philip inledde sitt f\u00f6rsta europeiska samarbete 2002 och har byggt upp varaktiga samarbetspartnerskap via m\u00e5nga internationella projekt, t.ex. de projekt som f\u00f6regick VET@work. Han har mer \u00e4n 30 \u00e5rs erfarenhet av fortbildning. Han har en bakgrund inom natur och jordbruk och har ett n\u00e4ra samarbete med l\u00e4roavtalsstuderanden, [&hellip;]<\/p>\n","protected":false},"author":3,"featured_media":0,"parent":5838,"menu_order":0,"comment_status":"closed","ping_status":"closed","template":"","meta":{"site-sidebar-layout":"no-sidebar","site-content-layout":"page-builder","ast-site-content-layout":"","site-content-style":"default","site-sidebar-style":"default","ast-global-header-display":"","ast-banner-title-visibility":"","ast-main-header-display":"","ast-hfb-above-header-display":"","ast-hfb-below-header-display":"","ast-hfb-mobile-header-display":"","site-post-title":"disabled","ast-breadcrumbs-content":"","ast-featured-img":"disabled","footer-sml-layout":"","theme-transparent-header-meta":"","adv-header-id-meta":"","stick-header-meta":"","header-above-stick-meta":"","header-main-stick-meta":"","header-below-stick-meta":"","astra-migrate-meta-layouts":"default","ast-page-background-enabled":"default","ast-page-background-meta":{"desktop":{"background-color":"","background-image":"","background-repeat":"repeat","background-position":"center center","background-size":"auto","background-attachment":"scroll","background-type":"","background-media":"","overlay-type":"","overlay-color":"","overlay-opacity":"","overlay-gradient":""},"tablet":{"background-color":"","background-image":"","background-repeat":"repeat","background-position":"center center","background-size":"auto","background-attachment":"scroll","background-type":"","background-media":"","overlay-type":"","overlay-color":"","overlay-opacity":"","overlay-gradient":""},"mobile":{"background-color":"","background-image":"","background-repeat":"repeat","background-position":"center center","background-size":"auto","background-attachment":"scroll","background-type":"","background-media":"","overlay-type":"","overlay-color":"","overlay-opacity":"","overlay-gradient":""}},"ast-content-background-meta":{"desktop":{"background-color":"var(--ast-global-color-5)","background-image":"","background-repeat":"repeat","background-position":"center center","background-size":"auto","background-attachment":"scroll","background-type":"","background-media":"","overlay-type":"","overlay-color":"","overlay-opacity":"","overlay-gradient":""},"tablet":{"background-color":"var(--ast-global-color-5)","background-image":"","background-repeat":"repeat","background-position":"center center","background-size":"auto","background-attachment":"scroll","background-type":"","background-media":"","overlay-type":"","overlay-color":"","overlay-opacity":"","overlay-gradient":""},"mobile":{"background-color":"var(--ast-global-color-5)","background-image":"","background-repeat":"repeat","background-position":"center center","background-size":"auto","background-attachment":"scroll","background-type":"","background-media":"","overlay-type":"","overlay-color":"","overlay-opacity":"","overlay-gradient":""}},"footnotes":""},"class_list":["post-5865","page","type-page","status-publish","hentry"],"_links":{"self":[{"href":"https:\/\/vetatwork-project.eu\/sv\/wp-json\/wp\/v2\/pages\/5865","targetHints":{"allow":["GET"]}}],"collection":[{"href":"https:\/\/vetatwork-project.eu\/sv\/wp-json\/wp\/v2\/pages"}],"about":[{"href":"https:\/\/vetatwork-project.eu\/sv\/wp-json\/wp\/v2\/types\/page"}],"author":[{"embeddable":true,"href":"https:\/\/vetatwork-project.eu\/sv\/wp-json\/wp\/v2\/users\/3"}],"replies":[{"embeddable":true,"href":"https:\/\/vetatwork-project.eu\/sv\/wp-json\/wp\/v2\/comments?post=5865"}],"version-history":[{"count":7,"href":"https:\/\/vetatwork-project.eu\/sv\/wp-json\/wp\/v2\/pages\/5865\/revisions"}],"predecessor-version":[{"id":5884,"href":"https:\/\/vetatwork-project.eu\/sv\/wp-json\/wp\/v2\/pages\/5865\/revisions\/5884"}],"up":[{"embeddable":true,"href":"https:\/\/vetatwork-project.eu\/sv\/wp-json\/wp\/v2\/pages\/5838"}],"wp:attachment":[{"href":"https:\/\/vetatwork-project.eu\/sv\/wp-json\/wp\/v2\/media?parent=5865"}],"curies":[{"name":"wp","href":"https:\/\/api.w.org\/{rel}","templated":true}]}}