{"id":5858,"date":"2022-01-17T14:03:36","date_gmt":"2022-01-17T12:03:36","guid":{"rendered":"https:\/\/vetatwork-project.eu\/hur-du-kommer-igang\/"},"modified":"2022-01-17T14:03:37","modified_gmt":"2022-01-17T12:03:37","slug":"hur-du-kommer-igang","status":"publish","type":"page","link":"https:\/\/vetatwork-project.eu\/sv\/hur-du-kommer-igang\/","title":{"rendered":"Hur du kommer ig\u00e5ng"},"content":{"rendered":"\t\t<div data-elementor-type=\"wp-page\" data-elementor-id=\"5858\" class=\"elementor elementor-5858 elementor-2073\" data-elementor-post-type=\"page\">\n\t\t\t\t\t\t<section class=\"elementor-section elementor-top-section elementor-element elementor-element-215b96d elementor-section-boxed elementor-section-height-default elementor-section-height-default\" data-id=\"215b96d\" data-element_type=\"section\">\n\t\t\t\t\t\t<div class=\"elementor-container elementor-column-gap-default\">\n\t\t\t\t\t<div class=\"elementor-column elementor-col-100 elementor-top-column elementor-element elementor-element-a327a0e\" data-id=\"a327a0e\" data-element_type=\"column\">\n\t\t\t<div class=\"elementor-widget-wrap elementor-element-populated\">\n\t\t\t\t\t\t<div class=\"elementor-element elementor-element-a4c1176 elementor-widget elementor-widget-text-editor\" data-id=\"a4c1176\" data-element_type=\"widget\" data-widget_type=\"text-editor.default\">\n\t\t\t\t<div class=\"elementor-widget-container\">\n\t\t\t\t\t\t\t<h3 style=\"text-align: left;\">Hur du kommer ig\u00e5ng<\/h3>\n<p><img fetchpriority=\"high\" decoding=\"async\" class=\"alignright wp-image-4430\" src=\"https:\/\/vetatwork-project.eu\/wp-content\/uploads\/2021\/09\/methodologies-employer-banner-Vet@Work@2.png\" alt=\"cases get started\" width=\"400\" height=\"400\" srcset=\"https:\/\/vetatwork-project.eu\/wp-content\/uploads\/2021\/09\/methodologies-employer-banner-Vet@Work@2.png 800w, https:\/\/vetatwork-project.eu\/wp-content\/uploads\/2021\/09\/methodologies-employer-banner-Vet@Work@2-300x300.png 300w, https:\/\/vetatwork-project.eu\/wp-content\/uploads\/2021\/09\/methodologies-employer-banner-Vet@Work@2-150x150.png 150w, https:\/\/vetatwork-project.eu\/wp-content\/uploads\/2021\/09\/methodologies-employer-banner-Vet@Work@2-768x768.png 768w\" sizes=\"(max-width: 400px) 100vw, 400px\" \/><\/p>\n<p>N\u00e4r vi testade och utv\u00e4rderade de 12 metoderna blev det tydligt att vi f\u00f6rst m\u00e5ste hitta ett gemensamt m\u00e5l och ett gemensamt spr\u00e5k. Detta f\u00f6r att bidra till att skapa ett \u00f6ppet, konstruktivt och h\u00e5llbart samarbete som kommer att hj\u00e4lpa studeranden vid yrkesutbildningen att f\u00e5 de f\u00e4rdigheter fr\u00e5n 2000-talet som de beh\u00f6ver f\u00f6r att lyckas i arbetslivet.\u00a0 Vi ins\u00e5g vikten av att b\u00e5de yrkesutbildningsanordnare och arbetsgivare tar med samarbetet mellan yrkesutbildning och arbetsplatser i sina strategier, visioner och handlingsplaner p\u00e5 ett konkret och realistiskt s\u00e4tt.<\/p>\n<p>N\u00e4r vi arbetade med VET@work handboken och s\u00e4rskilt med detta kapitel, som fokuserar p\u00e5 olika s\u00e4tt yrkesutbildningen och arbetslivet kan samarbeta, s\u00e5g vi framf\u00f6r oss en bro d\u00e4r yrkesutbildningens behov och verklighet var p\u00e5 ena sidan och arbetslivets behov och verklighet p\u00e5 andra sidan. Vi (yrkesutbildningsanordnare och arbetsgivare) ville alla samma sak, n\u00e4mligen att f\u00f6rverkliga yrkesutbildning p\u00e5 ett s\u00e4tt som ger kvalificerad arbetskraft till arbetsmarknaden. Som i alla samarbeten\/metoder inledde vi VET@work processen med att diskutera och se till att vi f\u00f6rstod vad vi pratade om p\u00e5 samma s\u00e4tt. Vi delade med oss av goda exempel och l\u00e4rde oss av misstag som vi hade gjort tidigare. Vi var \u00f6ppna och \u00e4rliga och alla ville vi l\u00e4ra oss och f\u00f6rb\u00e4ttra v\u00e5rt s\u00e4tt att arbeta och samarbeta. Vi var inte r\u00e4dda f\u00f6r att g\u00f6ra misstag, utan s\u00e5g dem som ett s\u00e4tt att v\u00e4xa och utvecklas.<\/p>\n<p>Om du \u00e4r os\u00e4ker p\u00e5 hur erfaren du \u00e4r vad g\u00e4ller VET@work samarbete rekommenderar vi att du b\u00f6rjar med att g\u00f6ra sj\u00e4lvutv\u00e4rderingstest som du hittar <a style=\"font-size: 20px;\" href=\"https:\/\/vetatwork-project.eu\/sv\/verktyg-for-sjalv-bedomning\/\" target=\"_blank\" rel=\"noopener\">h\u00e4r<\/a>.<\/p>\n\t\t\t\t\t\t<\/div>\n\t\t\t\t<\/div>\n\t\t\t\t\t<\/div>\n\t\t<\/div>\n\t\t\t\t\t<\/div>\n\t\t<\/section>\n\t\t\t\t<\/div>\n\t\t","protected":false},"excerpt":{"rendered":"<p>Hur du kommer ig\u00e5ng N\u00e4r vi testade och utv\u00e4rderade de 12 metoderna blev det tydligt att vi f\u00f6rst m\u00e5ste hitta ett gemensamt m\u00e5l och ett gemensamt spr\u00e5k. Detta f\u00f6r att bidra till att skapa ett \u00f6ppet, konstruktivt och h\u00e5llbart samarbete som kommer att hj\u00e4lpa studeranden vid yrkesutbildningen att f\u00e5 de f\u00e4rdigheter fr\u00e5n 2000-talet som de [&hellip;]<\/p>\n","protected":false},"author":3,"featured_media":0,"parent":0,"menu_order":0,"comment_status":"closed","ping_status":"closed","template":"","meta":{"site-sidebar-layout":"no-sidebar","site-content-layout":"page-builder","ast-site-content-layout":"","site-content-style":"default","site-sidebar-style":"default","ast-global-header-display":"","ast-banner-title-visibility":"","ast-main-header-display":"","ast-hfb-above-header-display":"","ast-hfb-below-header-display":"","ast-hfb-mobile-header-display":"","site-post-title":"disabled","ast-breadcrumbs-content":"","ast-featured-img":"disabled","footer-sml-layout":"","theme-transparent-header-meta":"","adv-header-id-meta":"","stick-header-meta":"","header-above-stick-meta":"","header-main-stick-meta":"","header-below-stick-meta":"","astra-migrate-meta-layouts":"default","ast-page-background-enabled":"default","ast-page-background-meta":{"desktop":{"background-color":"","background-image":"","background-repeat":"repeat","background-position":"center center","background-size":"auto","background-attachment":"scroll","background-type":"","background-media":"","overlay-type":"","overlay-color":"","overlay-opacity":"","overlay-gradient":""},"tablet":{"background-color":"","background-image":"","background-repeat":"repeat","background-position":"center center","background-size":"auto","background-attachment":"scroll","background-type":"","background-media":"","overlay-type":"","overlay-color":"","overlay-opacity":"","overlay-gradient":""},"mobile":{"background-color":"","background-image":"","background-repeat":"repeat","background-position":"center center","background-size":"auto","background-attachment":"scroll","background-type":"","background-media":"","overlay-type":"","overlay-color":"","overlay-opacity":"","overlay-gradient":""}},"ast-content-background-meta":{"desktop":{"background-color":"var(--ast-global-color-5)","background-image":"","background-repeat":"repeat","background-position":"center center","background-size":"auto","background-attachment":"scroll","background-type":"","background-media":"","overlay-type":"","overlay-color":"","overlay-opacity":"","overlay-gradient":""},"tablet":{"background-color":"var(--ast-global-color-5)","background-image":"","background-repeat":"repeat","background-position":"center center","background-size":"auto","background-attachment":"scroll","background-type":"","background-media":"","overlay-type":"","overlay-color":"","overlay-opacity":"","overlay-gradient":""},"mobile":{"background-color":"var(--ast-global-color-5)","background-image":"","background-repeat":"repeat","background-position":"center center","background-size":"auto","background-attachment":"scroll","background-type":"","background-media":"","overlay-type":"","overlay-color":"","overlay-opacity":"","overlay-gradient":""}},"footnotes":""},"class_list":["post-5858","page","type-page","status-publish","hentry"],"_links":{"self":[{"href":"https:\/\/vetatwork-project.eu\/sv\/wp-json\/wp\/v2\/pages\/5858","targetHints":{"allow":["GET"]}}],"collection":[{"href":"https:\/\/vetatwork-project.eu\/sv\/wp-json\/wp\/v2\/pages"}],"about":[{"href":"https:\/\/vetatwork-project.eu\/sv\/wp-json\/wp\/v2\/types\/page"}],"author":[{"embeddable":true,"href":"https:\/\/vetatwork-project.eu\/sv\/wp-json\/wp\/v2\/users\/3"}],"replies":[{"embeddable":true,"href":"https:\/\/vetatwork-project.eu\/sv\/wp-json\/wp\/v2\/comments?post=5858"}],"version-history":[{"count":1,"href":"https:\/\/vetatwork-project.eu\/sv\/wp-json\/wp\/v2\/pages\/5858\/revisions"}],"predecessor-version":[{"id":5859,"href":"https:\/\/vetatwork-project.eu\/sv\/wp-json\/wp\/v2\/pages\/5858\/revisions\/5859"}],"wp:attachment":[{"href":"https:\/\/vetatwork-project.eu\/sv\/wp-json\/wp\/v2\/media?parent=5858"}],"curies":[{"name":"wp","href":"https:\/\/api.w.org\/{rel}","templated":true}]}}