{"id":5836,"date":"2022-01-17T13:43:02","date_gmt":"2022-01-17T11:43:02","guid":{"rendered":"https:\/\/vetatwork-project.eu\/om-vetwork\/"},"modified":"2022-01-17T13:43:03","modified_gmt":"2022-01-17T11:43:03","slug":"om-vetwork","status":"publish","type":"page","link":"https:\/\/vetatwork-project.eu\/sv\/om-vetwork\/","title":{"rendered":"Om VET@work"},"content":{"rendered":"\t\t<div data-elementor-type=\"wp-page\" data-elementor-id=\"5836\" class=\"elementor elementor-5836 elementor-698\" data-elementor-post-type=\"page\">\n\t\t\t\t\t\t<section class=\"elementor-section elementor-top-section elementor-element elementor-element-f61e93f elementor-section-content-middle elementor-section-boxed elementor-section-height-default elementor-section-height-default\" data-id=\"f61e93f\" data-element_type=\"section\">\n\t\t\t\t\t\t<div class=\"elementor-container elementor-column-gap-default\">\n\t\t\t\t\t<div class=\"elementor-column elementor-col-50 elementor-top-column elementor-element elementor-element-e13ecb8\" data-id=\"e13ecb8\" data-element_type=\"column\">\n\t\t\t<div class=\"elementor-widget-wrap elementor-element-populated\">\n\t\t\t\t\t\t<div class=\"elementor-element elementor-element-f41f03c elementor-widget elementor-widget-text-editor\" data-id=\"f41f03c\" data-element_type=\"widget\" data-widget_type=\"text-editor.default\">\n\t\t\t\t<div class=\"elementor-widget-container\">\n\t\t\t\t\t\t\t<p><strong>Om VET@work<\/strong><\/p>\n\t\t\t\t\t\t<\/div>\n\t\t\t\t<\/div>\n\t\t\t\t<div class=\"elementor-element elementor-element-d21eb0c elementor-widget elementor-widget-text-editor\" data-id=\"d21eb0c\" data-element_type=\"widget\" data-widget_type=\"text-editor.default\">\n\t\t\t\t<div class=\"elementor-widget-container\">\n\t\t\t\t\t\t\t<p>VET@work \u00e4r ett Erasmus+ KA2-projekt som finansieras av Europeiska kommissionen genom Utbildningsstyrelsen i Finland. Projektet \u00e4r en forts\u00e4ttning p\u00e5 flera framg\u00e5ngsrika Leonardo da Vinci- och Erasmus+ KA2-projekt, t.ex. POETE, WorkMentor (utvald till Success Story), WorkQual och AppMentor (vinnare av European Innovative Teaching Award 2021).<\/p>\n<p>Id\u00e9n till detta projekt f\u00f6ddes under AppMentor-projektet. Vi blev medvetna om att arbetsgivare och yrkesutbildningsanordnare saknar ett gemensamt spr\u00e5k och verktyg f\u00f6r att l\u00e4ra eleverna de r\u00e4tta och n\u00f6dv\u00e4ndiga f\u00e4rdigheterna f\u00f6r arbetsmarknaden. Samarbetet mellan arbetsgivare och yrkesutbildningsanordnare var s\u00e5 varierande att det inte gav eleverna en sammanh\u00e4ngande inl\u00e4rningserfarenhet.<\/p>\n\t\t\t\t\t\t<\/div>\n\t\t\t\t<\/div>\n\t\t\t\t\t<\/div>\n\t\t<\/div>\n\t\t\t\t<div class=\"elementor-column elementor-col-50 elementor-top-column elementor-element elementor-element-c5b9a36\" data-id=\"c5b9a36\" data-element_type=\"column\">\n\t\t\t<div class=\"elementor-widget-wrap elementor-element-populated\">\n\t\t\t\t\t\t<div class=\"elementor-element elementor-element-decb4b7 elementor-widget elementor-widget-image\" data-id=\"decb4b7\" data-element_type=\"widget\" data-widget_type=\"image.default\">\n\t\t\t\t<div class=\"elementor-widget-container\">\n\t\t\t\t\t\t\t\t\t\t\t\t\t<img fetchpriority=\"high\" decoding=\"async\" width=\"800\" height=\"800\" src=\"https:\/\/vetatwork-project.eu\/wp-content\/uploads\/2021\/09\/Vet@Work-About-banner-woman@2.png\" class=\"attachment-full size-full wp-image-4429\" alt=\"about\" srcset=\"https:\/\/vetatwork-project.eu\/wp-content\/uploads\/2021\/09\/Vet@Work-About-banner-woman@2.png 800w, https:\/\/vetatwork-project.eu\/wp-content\/uploads\/2021\/09\/Vet@Work-About-banner-woman@2-300x300.png 300w, https:\/\/vetatwork-project.eu\/wp-content\/uploads\/2021\/09\/Vet@Work-About-banner-woman@2-150x150.png 150w, https:\/\/vetatwork-project.eu\/wp-content\/uploads\/2021\/09\/Vet@Work-About-banner-woman@2-768x768.png 768w\" sizes=\"(max-width: 800px) 100vw, 800px\" \/>\t\t\t\t\t\t\t\t\t\t\t\t\t<\/div>\n\t\t\t\t<\/div>\n\t\t\t\t\t<\/div>\n\t\t<\/div>\n\t\t\t\t\t<\/div>\n\t\t<\/section>\n\t\t\t\t<section class=\"elementor-section elementor-top-section elementor-element elementor-element-00a8827 elementor-section-boxed elementor-section-height-default elementor-section-height-default\" data-id=\"00a8827\" data-element_type=\"section\">\n\t\t\t\t\t\t<div class=\"elementor-container elementor-column-gap-default\">\n\t\t\t\t\t<div class=\"elementor-column elementor-col-100 elementor-top-column elementor-element elementor-element-b464930\" data-id=\"b464930\" data-element_type=\"column\">\n\t\t\t<div class=\"elementor-widget-wrap elementor-element-populated\">\n\t\t\t\t\t\t<div class=\"elementor-element elementor-element-d1d4b8c elementor-widget elementor-widget-text-editor\" data-id=\"d1d4b8c\" data-element_type=\"widget\" data-widget_type=\"text-editor.default\">\n\t\t\t\t<div class=\"elementor-widget-container\">\n\t\t\t\t\t\t\t<p>Vi ville genomf\u00f6ra ett projekt d\u00e4r b\u00e5de yrkesutbildare och arbetsgivare arbetar sida vid sida, \u00f6ppet och utan f\u00f6rdomar, f\u00f6r att hitta verktyg som hj\u00e4lper yrkesutbildare och arbetsgivare att skapa och genomf\u00f6ra ett \u00f6ppet samarbete av h\u00f6g kvalitet. V\u00e5rt m\u00e5l \u00e4r att testa metoder och praxis f\u00f6r att se till att elever inom yrkesutbildningen f\u00e5r de f\u00e4rdigheter de beh\u00f6ver f\u00f6r att komma in p\u00e5 arbetsmarknaden.<\/p>\n<p>Under projektets tre\u00e5riga livscykel h\u00f6ll yrkesutbildningsanordnare och arbetsgivare regelbundna internationella och virtuella m\u00f6ten med fokus p\u00e5 \u00e4mnen och metoder som uppmuntrar och underl\u00e4ttar framtida samarbete mellan yrkesutbildning och arbetsplatser. Under dessa m\u00f6ten har vi delat id\u00e9er och erfarenheter, intervjuat och l\u00e4rt oss av experter som yrkesutbildningsanordnare, studeranden, l\u00e4rare, arbetsgivare och anst\u00e4llda (arbetsplatshandledare) som inte \u00e4r direkt involverade i projektet.<\/p>\n<p>VET@work teamet vill tacka alla som har gett sin v\u00e4rdefulla tid och kunskap till detta projekt. Deras vilja att hj\u00e4lpa till och ge oss feedback \u00e4r mycket uppskattad. Vi \u00e4r mycket tacksamma f\u00f6r alla bidrag som har gjort det m\u00f6jligt f\u00f6r oss att utveckla en n\u00e4tbaserad handbok som vi \u00e4r stolta \u00f6ver.<\/p>\n\t\t\t\t\t\t<\/div>\n\t\t\t\t<\/div>\n\t\t\t\t\t<\/div>\n\t\t<\/div>\n\t\t\t\t\t<\/div>\n\t\t<\/section>\n\t\t\t\t<section class=\"elementor-section elementor-top-section elementor-element elementor-element-9fc4e32 elementor-section-content-middle elementor-reverse-mobile elementor-section-boxed elementor-section-height-default elementor-section-height-default\" data-id=\"9fc4e32\" data-element_type=\"section\">\n\t\t\t\t\t\t<div class=\"elementor-container elementor-column-gap-default\">\n\t\t\t\t\t<div class=\"elementor-column elementor-col-50 elementor-top-column elementor-element elementor-element-7373f92\" data-id=\"7373f92\" data-element_type=\"column\">\n\t\t\t<div class=\"elementor-widget-wrap elementor-element-populated\">\n\t\t\t\t\t\t<div class=\"elementor-element elementor-element-8acacb9 elementor-widget elementor-widget-image\" data-id=\"8acacb9\" data-element_type=\"widget\" data-widget_type=\"image.default\">\n\t\t\t\t<div class=\"elementor-widget-container\">\n\t\t\t\t\t\t\t\t\t\t\t\t\t<img decoding=\"async\" width=\"800\" height=\"800\" src=\"https:\/\/vetatwork-project.eu\/wp-content\/uploads\/2021\/09\/Vet@Work-About-banner-man@2.png\" class=\"attachment-full size-full wp-image-4428\" alt=\"about\" srcset=\"https:\/\/vetatwork-project.eu\/wp-content\/uploads\/2021\/09\/Vet@Work-About-banner-man@2.png 800w, https:\/\/vetatwork-project.eu\/wp-content\/uploads\/2021\/09\/Vet@Work-About-banner-man@2-300x300.png 300w, https:\/\/vetatwork-project.eu\/wp-content\/uploads\/2021\/09\/Vet@Work-About-banner-man@2-150x150.png 150w, https:\/\/vetatwork-project.eu\/wp-content\/uploads\/2021\/09\/Vet@Work-About-banner-man@2-768x768.png 768w\" sizes=\"(max-width: 800px) 100vw, 800px\" \/>\t\t\t\t\t\t\t\t\t\t\t\t\t<\/div>\n\t\t\t\t<\/div>\n\t\t\t\t\t<\/div>\n\t\t<\/div>\n\t\t\t\t<div class=\"elementor-column elementor-col-50 elementor-top-column elementor-element elementor-element-0c38ab7\" data-id=\"0c38ab7\" data-element_type=\"column\">\n\t\t\t<div class=\"elementor-widget-wrap elementor-element-populated\">\n\t\t\t\t\t\t<div class=\"elementor-element elementor-element-d68e8e9 elementor-widget elementor-widget-text-editor\" data-id=\"d68e8e9\" data-element_type=\"widget\" data-widget_type=\"text-editor.default\">\n\t\t\t\t<div class=\"elementor-widget-container\">\n\t\t\t\t\t\t\t<p>V\u00e5rt fr\u00e4msta m\u00e5l har varit att hj\u00e4lpa yrkesutbildningsanordnare och arbetsgivare att f\u00f6rb\u00e4ttra kvaliteten p\u00e5 nya eller existerande samarbetet mellan yrkesutbildning och arbetsliv. F\u00f6r att uppn\u00e5 detta har vi delat med oss av goda exempel, tittat p\u00e5 nuvarande samarbetsm\u00f6nster, vad som hindrar samarbetet och lyft fram f\u00f6rdelarna med samarbete mellan yrkesutbildning och arbetsliv f\u00f6r yrkesutbildningsanordnare, arbetsgivare och studeranden. Vi vill f\u00f6rse anv\u00e4ndarna med metoder och testade exempel som visar p\u00e5 olika s\u00e4tt att samarbeta tillsammans. N\u00e5gra av fallen riktar sig till nyb\u00f6rjare och andra till dem som har mer erfarenhet av samarbete mellan yrkesutbildning och arbetsplats. Vi delar ocks\u00e5 med oss av tips och id\u00e9er om hur man marknadsf\u00f6r och genomf\u00f6r VET@work samarbete och hj\u00e4lper de intresserade att komma ig\u00e5ng med ett enkelt virtuellt sj\u00e4lvbed\u00f6mningsverktyg. Detta sj\u00e4lvbed\u00f6mningsverktyg visar hur redo yrkesutbildningsanordnare eller arbetsgivare \u00e4r att p\u00e5b\u00f6rja och genomf\u00f6ra ett VET@work samarbete.<\/p>\n\t\t\t\t\t\t<\/div>\n\t\t\t\t<\/div>\n\t\t\t\t<div class=\"elementor-element elementor-element-3056223 elementor-widget elementor-widget-spacer\" data-id=\"3056223\" data-element_type=\"widget\" data-widget_type=\"spacer.default\">\n\t\t\t\t<div class=\"elementor-widget-container\">\n\t\t\t\t\t<div class=\"elementor-spacer\">\n\t\t\t<div class=\"elementor-spacer-inner\"><\/div>\n\t\t<\/div>\n\t\t\t\t<\/div>\n\t\t\t\t<\/div>\n\t\t\t\t\t<\/div>\n\t\t<\/div>\n\t\t\t\t\t<\/div>\n\t\t<\/section>\n\t\t\t\t<section class=\"elementor-section elementor-top-section elementor-element elementor-element-fc925e0 elementor-section-boxed elementor-section-height-default elementor-section-height-default\" data-id=\"fc925e0\" data-element_type=\"section\">\n\t\t\t\t\t\t<div class=\"elementor-container elementor-column-gap-default\">\n\t\t\t\t\t<div class=\"elementor-column elementor-col-100 elementor-top-column elementor-element elementor-element-efe6668\" data-id=\"efe6668\" data-element_type=\"column\">\n\t\t\t<div class=\"elementor-widget-wrap elementor-element-populated\">\n\t\t\t\t\t\t<div class=\"elementor-element elementor-element-0f1a3a3 elementor-widget elementor-widget-text-editor\" data-id=\"0f1a3a3\" data-element_type=\"widget\" data-widget_type=\"text-editor.default\">\n\t\t\t\t<div class=\"elementor-widget-container\">\n\t\t\t\t\t\t\t<p>Allt detta och mycket mer finns i den h\u00e4r handboken, skriven bara f\u00f6r dig! Vi hoppas att den \u00e4r anv\u00e4ndbar med sina verktyg, metoder och tips och att den uppmuntrar dig att inf\u00f6ra samarbete mellan yrkesutbildning och arbetsliv i era handlingsplaner.<\/p>\n<p><em>Med v\u00e4nliga h\u00e4lsningar: Tanja, Johanna, Klara, Bernadetta, Kirsi, Philip, Adele, Maarten, Myriam, Brenda, Hrafnhildur, Harpa, Hulda, Yveline and Mireille (the VET@work team)<\/em><\/p>\n\t\t\t\t\t\t<\/div>\n\t\t\t\t<\/div>\n\t\t\t\t\t<\/div>\n\t\t<\/div>\n\t\t\t\t\t<\/div>\n\t\t<\/section>\n\t\t\t\t<\/div>\n\t\t","protected":false},"excerpt":{"rendered":"<p>Om VET@work VET@work \u00e4r ett Erasmus+ KA2-projekt som finansieras av Europeiska kommissionen genom Utbildningsstyrelsen i Finland. Projektet \u00e4r en forts\u00e4ttning p\u00e5 flera framg\u00e5ngsrika Leonardo da Vinci- och Erasmus+ KA2-projekt, t.ex. POETE, WorkMentor (utvald till Success Story), WorkQual och AppMentor (vinnare av European Innovative Teaching Award 2021). Id\u00e9n till detta projekt f\u00f6ddes under AppMentor-projektet. Vi blev [&hellip;]<\/p>\n","protected":false},"author":3,"featured_media":4416,"parent":0,"menu_order":0,"comment_status":"closed","ping_status":"closed","template":"","meta":{"site-sidebar-layout":"no-sidebar","site-content-layout":"page-builder","ast-site-content-layout":"","site-content-style":"default","site-sidebar-style":"default","ast-global-header-display":"","ast-banner-title-visibility":"","ast-main-header-display":"","ast-hfb-above-header-display":"","ast-hfb-below-header-display":"","ast-hfb-mobile-header-display":"","site-post-title":"disabled","ast-breadcrumbs-content":"","ast-featured-img":"disabled","footer-sml-layout":"","theme-transparent-header-meta":"","adv-header-id-meta":"","stick-header-meta":"","header-above-stick-meta":"","header-main-stick-meta":"","header-below-stick-meta":"","astra-migrate-meta-layouts":"default","ast-page-background-enabled":"default","ast-page-background-meta":{"desktop":{"background-color":"","background-image":"","background-repeat":"repeat","background-position":"center center","background-size":"auto","background-attachment":"scroll","background-type":"","background-media":"","overlay-type":"","overlay-color":"","overlay-opacity":"","overlay-gradient":""},"tablet":{"background-color":"","background-image":"","background-repeat":"repeat","background-position":"center center","background-size":"auto","background-attachment":"scroll","background-type":"","background-media":"","overlay-type":"","overlay-color":"","overlay-opacity":"","overlay-gradient":""},"mobile":{"background-color":"","background-image":"","background-repeat":"repeat","background-position":"center center","background-size":"auto","background-attachment":"scroll","background-type":"","background-media":"","overlay-type":"","overlay-color":"","overlay-opacity":"","overlay-gradient":""}},"ast-content-background-meta":{"desktop":{"background-color":"var(--ast-global-color-5)","background-image":"","background-repeat":"repeat","background-position":"center center","background-size":"auto","background-attachment":"scroll","background-type":"","background-media":"","overlay-type":"","overlay-color":"","overlay-opacity":"","overlay-gradient":""},"tablet":{"background-color":"var(--ast-global-color-5)","background-image":"","background-repeat":"repeat","background-position":"center center","background-size":"auto","background-attachment":"scroll","background-type":"","background-media":"","overlay-type":"","overlay-color":"","overlay-opacity":"","overlay-gradient":""},"mobile":{"background-color":"var(--ast-global-color-5)","background-image":"","background-repeat":"repeat","background-position":"center center","background-size":"auto","background-attachment":"scroll","background-type":"","background-media":"","overlay-type":"","overlay-color":"","overlay-opacity":"","overlay-gradient":""}},"footnotes":""},"class_list":["post-5836","page","type-page","status-publish","has-post-thumbnail","hentry"],"_links":{"self":[{"href":"https:\/\/vetatwork-project.eu\/sv\/wp-json\/wp\/v2\/pages\/5836","targetHints":{"allow":["GET"]}}],"collection":[{"href":"https:\/\/vetatwork-project.eu\/sv\/wp-json\/wp\/v2\/pages"}],"about":[{"href":"https:\/\/vetatwork-project.eu\/sv\/wp-json\/wp\/v2\/types\/page"}],"author":[{"embeddable":true,"href":"https:\/\/vetatwork-project.eu\/sv\/wp-json\/wp\/v2\/users\/3"}],"replies":[{"embeddable":true,"href":"https:\/\/vetatwork-project.eu\/sv\/wp-json\/wp\/v2\/comments?post=5836"}],"version-history":[{"count":1,"href":"https:\/\/vetatwork-project.eu\/sv\/wp-json\/wp\/v2\/pages\/5836\/revisions"}],"predecessor-version":[{"id":5837,"href":"https:\/\/vetatwork-project.eu\/sv\/wp-json\/wp\/v2\/pages\/5836\/revisions\/5837"}],"wp:featuredmedia":[{"embeddable":true,"href":"https:\/\/vetatwork-project.eu\/sv\/wp-json\/wp\/v2\/media\/4416"}],"wp:attachment":[{"href":"https:\/\/vetatwork-project.eu\/sv\/wp-json\/wp\/v2\/media?parent=5836"}],"curies":[{"name":"wp","href":"https:\/\/api.w.org\/{rel}","templated":true}]}}