{"id":5643,"date":"2022-01-17T11:56:20","date_gmt":"2022-01-17T09:56:20","guid":{"rendered":"https:\/\/vetatwork-project.eu\/steg-1-yrkesutbildningsanordnaren\/"},"modified":"2022-01-17T12:20:07","modified_gmt":"2022-01-17T10:20:07","slug":"steg-1-yrkesutbildningsanordnaren","status":"publish","type":"page","link":"https:\/\/vetatwork-project.eu\/sv\/steg-1-yrkesutbildningsanordnaren\/","title":{"rendered":"Steg 1 Yrkesutbildningsanordnaren"},"content":{"rendered":"\t\t<div data-elementor-type=\"wp-page\" data-elementor-id=\"5643\" class=\"elementor elementor-5643 elementor-2385\" data-elementor-post-type=\"page\">\n\t\t\t\t\t\t<section class=\"elementor-section elementor-top-section elementor-element elementor-element-9551122 elementor-section-boxed elementor-section-height-default elementor-section-height-default\" data-id=\"9551122\" data-element_type=\"section\">\n\t\t\t\t\t\t<div class=\"elementor-container elementor-column-gap-default\">\n\t\t\t\t\t<div class=\"elementor-column elementor-col-100 elementor-top-column elementor-element elementor-element-9e12898\" data-id=\"9e12898\" data-element_type=\"column\">\n\t\t\t<div class=\"elementor-widget-wrap elementor-element-populated\">\n\t\t\t\t\t\t<div class=\"elementor-element elementor-element-5c2d18a elementor-widget elementor-widget-spacer\" data-id=\"5c2d18a\" data-element_type=\"widget\" data-widget_type=\"spacer.default\">\n\t\t\t\t<div class=\"elementor-widget-container\">\n\t\t\t\t\t<div class=\"elementor-spacer\">\n\t\t\t<div class=\"elementor-spacer-inner\"><\/div>\n\t\t<\/div>\n\t\t\t\t<\/div>\n\t\t\t\t<\/div>\n\t\t\t\t<div class=\"elementor-element elementor-element-592c153 elementor-widget elementor-widget-image\" data-id=\"592c153\" data-element_type=\"widget\" data-widget_type=\"image.default\">\n\t\t\t\t<div class=\"elementor-widget-container\">\n\t\t\t\t\t\t\t\t\t\t\t\t\t<img fetchpriority=\"high\" decoding=\"async\" width=\"1200\" height=\"630\" src=\"https:\/\/vetatwork-project.eu\/wp-content\/uploads\/2022\/01\/evaluation-banner-Sweden-07.jpg\" class=\"attachment-full size-full wp-image-5723\" alt=\"\" srcset=\"https:\/\/vetatwork-project.eu\/wp-content\/uploads\/2022\/01\/evaluation-banner-Sweden-07.jpg 1200w, https:\/\/vetatwork-project.eu\/wp-content\/uploads\/2022\/01\/evaluation-banner-Sweden-07-300x158.jpg 300w, https:\/\/vetatwork-project.eu\/wp-content\/uploads\/2022\/01\/evaluation-banner-Sweden-07-1024x538.jpg 1024w, https:\/\/vetatwork-project.eu\/wp-content\/uploads\/2022\/01\/evaluation-banner-Sweden-07-768x403.jpg 768w\" sizes=\"(max-width: 1200px) 100vw, 1200px\" \/>\t\t\t\t\t\t\t\t\t\t\t\t\t<\/div>\n\t\t\t\t<\/div>\n\t\t\t\t<div class=\"elementor-element elementor-element-d8f3adb elementor-widget elementor-widget-spacer\" data-id=\"d8f3adb\" data-element_type=\"widget\" data-widget_type=\"spacer.default\">\n\t\t\t\t<div class=\"elementor-widget-container\">\n\t\t\t\t\t<div class=\"elementor-spacer\">\n\t\t\t<div class=\"elementor-spacer-inner\"><\/div>\n\t\t<\/div>\n\t\t\t\t<\/div>\n\t\t\t\t<\/div>\n\t\t\t\t<div class=\"elementor-element elementor-element-22b45f4 elementor-widget elementor-widget-heading\" data-id=\"22b45f4\" data-element_type=\"widget\" data-widget_type=\"heading.default\">\n\t\t\t\t<div class=\"elementor-widget-container\">\n\t\t\t<h1 class=\"elementor-heading-title elementor-size-default\">Steg 1<\/h1>\t\t<\/div>\n\t\t\t\t<\/div>\n\t\t\t\t<div class=\"elementor-element elementor-element-fd9b740 elementor-widget elementor-widget-text-editor\" data-id=\"fd9b740\" data-element_type=\"widget\" data-widget_type=\"text-editor.default\">\n\t\t\t\t<div class=\"elementor-widget-container\">\n\t\t\t\t\t\t\t<h3 style=\"text-align: center;\">V\u00e4lkommen! Du \u00e4r intresserad av samarbete mellan yrkesutbildning och arbetslivet och du har tagit ditt f\u00f6rsta steg p\u00e5 VET@work bron.<\/h3>\n<p style=\"text-align: center;\">Klicka p\u00e5 den h\u00e4r <a href=\"https:\/\/vetatwork-project.eu\/how-to-get-started\/\" target=\"_blank\" rel=\"noopener\">l\u00e4nken <\/a>f\u00f6r att l\u00e4sa mer om: Hur du kommer ig\u00e5ng &#8211; Vet @ Work<\/p>\n\t\t\t\t\t\t<\/div>\n\t\t\t\t<\/div>\n\t\t\t\t<div class=\"elementor-element elementor-element-bfd94ec elementor-widget elementor-widget-spacer\" data-id=\"bfd94ec\" data-element_type=\"widget\" data-widget_type=\"spacer.default\">\n\t\t\t\t<div class=\"elementor-widget-container\">\n\t\t\t\t\t<div class=\"elementor-spacer\">\n\t\t\t<div class=\"elementor-spacer-inner\"><\/div>\n\t\t<\/div>\n\t\t\t\t<\/div>\n\t\t\t\t<\/div>\n\t\t\t\t<div class=\"elementor-element elementor-element-a71273c elementor-widget elementor-widget-spacer\" data-id=\"a71273c\" data-element_type=\"widget\" data-widget_type=\"spacer.default\">\n\t\t\t\t<div class=\"elementor-widget-container\">\n\t\t\t\t\t<div class=\"elementor-spacer\">\n\t\t\t<div class=\"elementor-spacer-inner\"><\/div>\n\t\t<\/div>\n\t\t\t\t<\/div>\n\t\t\t\t<\/div>\n\t\t\t\t\t<\/div>\n\t\t<\/div>\n\t\t\t\t\t<\/div>\n\t\t<\/section>\n\t\t\t\t<\/div>\n\t\t","protected":false},"excerpt":{"rendered":"<p>Steg 1 V\u00e4lkommen! Du \u00e4r intresserad av samarbete mellan yrkesutbildning och arbetslivet och du har tagit ditt f\u00f6rsta steg p\u00e5 VET@work bron. Klicka p\u00e5 den h\u00e4r l\u00e4nken f\u00f6r att l\u00e4sa mer om: Hur du kommer ig\u00e5ng &#8211; Vet @ Work<\/p>\n","protected":false},"author":3,"featured_media":0,"parent":0,"menu_order":0,"comment_status":"closed","ping_status":"closed","template":"","meta":{"site-sidebar-layout":"no-sidebar","site-content-layout":"page-builder","ast-site-content-layout":"","site-content-style":"default","site-sidebar-style":"default","ast-global-header-display":"","ast-banner-title-visibility":"","ast-main-header-display":"","ast-hfb-above-header-display":"","ast-hfb-below-header-display":"","ast-hfb-mobile-header-display":"","site-post-title":"disabled","ast-breadcrumbs-content":"","ast-featured-img":"disabled","footer-sml-layout":"","theme-transparent-header-meta":"","adv-header-id-meta":"","stick-header-meta":"","header-above-stick-meta":"","header-main-stick-meta":"","header-below-stick-meta":"","astra-migrate-meta-layouts":"default","ast-page-background-enabled":"default","ast-page-background-meta":{"desktop":{"background-color":"","background-image":"","background-repeat":"repeat","background-position":"center center","background-size":"auto","background-attachment":"scroll","background-type":"","background-media":"","overlay-type":"","overlay-color":"","overlay-opacity":"","overlay-gradient":""},"tablet":{"background-color":"","background-image":"","background-repeat":"repeat","background-position":"center center","background-size":"auto","background-attachment":"scroll","background-type":"","background-media":"","overlay-type":"","overlay-color":"","overlay-opacity":"","overlay-gradient":""},"mobile":{"background-color":"","background-image":"","background-repeat":"repeat","background-position":"center center","background-size":"auto","background-attachment":"scroll","background-type":"","background-media":"","overlay-type":"","overlay-color":"","overlay-opacity":"","overlay-gradient":""}},"ast-content-background-meta":{"desktop":{"background-color":"var(--ast-global-color-5)","background-image":"","background-repeat":"repeat","background-position":"center center","background-size":"auto","background-attachment":"scroll","background-type":"","background-media":"","overlay-type":"","overlay-color":"","overlay-opacity":"","overlay-gradient":""},"tablet":{"background-color":"var(--ast-global-color-5)","background-image":"","background-repeat":"repeat","background-position":"center center","background-size":"auto","background-attachment":"scroll","background-type":"","background-media":"","overlay-type":"","overlay-color":"","overlay-opacity":"","overlay-gradient":""},"mobile":{"background-color":"var(--ast-global-color-5)","background-image":"","background-repeat":"repeat","background-position":"center center","background-size":"auto","background-attachment":"scroll","background-type":"","background-media":"","overlay-type":"","overlay-color":"","overlay-opacity":"","overlay-gradient":""}},"footnotes":""},"class_list":["post-5643","page","type-page","status-publish","hentry"],"_links":{"self":[{"href":"https:\/\/vetatwork-project.eu\/sv\/wp-json\/wp\/v2\/pages\/5643","targetHints":{"allow":["GET"]}}],"collection":[{"href":"https:\/\/vetatwork-project.eu\/sv\/wp-json\/wp\/v2\/pages"}],"about":[{"href":"https:\/\/vetatwork-project.eu\/sv\/wp-json\/wp\/v2\/types\/page"}],"author":[{"embeddable":true,"href":"https:\/\/vetatwork-project.eu\/sv\/wp-json\/wp\/v2\/users\/3"}],"replies":[{"embeddable":true,"href":"https:\/\/vetatwork-project.eu\/sv\/wp-json\/wp\/v2\/comments?post=5643"}],"version-history":[{"count":4,"href":"https:\/\/vetatwork-project.eu\/sv\/wp-json\/wp\/v2\/pages\/5643\/revisions"}],"predecessor-version":[{"id":5737,"href":"https:\/\/vetatwork-project.eu\/sv\/wp-json\/wp\/v2\/pages\/5643\/revisions\/5737"}],"wp:attachment":[{"href":"https:\/\/vetatwork-project.eu\/sv\/wp-json\/wp\/v2\/media?parent=5643"}],"curies":[{"name":"wp","href":"https:\/\/api.w.org\/{rel}","templated":true}]}}