{"id":4811,"date":"2022-01-07T14:51:42","date_gmt":"2022-01-07T12:51:42","guid":{"rendered":"https:\/\/vetatwork-project.eu\/methode-7-blijven-praten\/"},"modified":"2022-01-07T16:27:51","modified_gmt":"2022-01-07T14:27:51","slug":"methode-7-blijven-praten","status":"publish","type":"page","link":"https:\/\/vetatwork-project.eu\/nl\/methode-7-blijven-praten\/","title":{"rendered":"Methode 7: Blijven praten"},"content":{"rendered":"\t\t<div data-elementor-type=\"wp-page\" data-elementor-id=\"4811\" class=\"elementor elementor-4811 elementor-921\" data-elementor-post-type=\"page\">\n\t\t\t\t\t\t<section class=\"elementor-section elementor-top-section elementor-element elementor-element-bc08589 elementor-section-boxed elementor-section-height-default elementor-section-height-default\" data-id=\"bc08589\" data-element_type=\"section\">\n\t\t\t\t\t\t<div class=\"elementor-container elementor-column-gap-default\">\n\t\t\t\t\t<div class=\"elementor-column elementor-col-100 elementor-top-column elementor-element elementor-element-97ae6eb\" data-id=\"97ae6eb\" data-element_type=\"column\">\n\t\t\t<div class=\"elementor-widget-wrap elementor-element-populated\">\n\t\t\t\t\t\t<div class=\"elementor-element elementor-element-906e8f7 elementor-widget elementor-widget-spacer\" data-id=\"906e8f7\" data-element_type=\"widget\" data-widget_type=\"spacer.default\">\n\t\t\t\t<div class=\"elementor-widget-container\">\n\t\t\t\t\t<div class=\"elementor-spacer\">\n\t\t\t<div class=\"elementor-spacer-inner\"><\/div>\n\t\t<\/div>\n\t\t\t\t<\/div>\n\t\t\t\t<\/div>\n\t\t\t\t<div class=\"elementor-element elementor-element-f50641e elementor-widget elementor-widget-text-editor\" data-id=\"f50641e\" data-element_type=\"widget\" data-widget_type=\"text-editor.default\">\n\t\t\t\t<div class=\"elementor-widget-container\">\n\t\t\t\t\t\t\t<p>Methode 7: Blijven praten<\/p>\n\t\t\t\t\t\t<\/div>\n\t\t\t\t<\/div>\n\t\t\t\t\t<\/div>\n\t\t<\/div>\n\t\t\t\t\t<\/div>\n\t\t<\/section>\n\t\t\t\t<section class=\"elementor-section elementor-top-section elementor-element elementor-element-3c42f1e elementor-section-boxed elementor-section-height-default elementor-section-height-default\" data-id=\"3c42f1e\" data-element_type=\"section\">\n\t\t\t\t\t\t<div class=\"elementor-container elementor-column-gap-default\">\n\t\t\t\t\t<div class=\"elementor-column elementor-col-50 elementor-top-column elementor-element elementor-element-2d8456d\" data-id=\"2d8456d\" data-element_type=\"column\">\n\t\t\t<div class=\"elementor-widget-wrap elementor-element-populated\">\n\t\t\t\t\t\t<div class=\"elementor-element elementor-element-51677c8 elementor-widget elementor-widget-text-editor\" data-id=\"51677c8\" data-element_type=\"widget\" data-widget_type=\"text-editor.default\">\n\t\t\t\t<div class=\"elementor-widget-container\">\n\t\t\t\t\t\t\t<p>Inleiding<\/p>\n\t\t\t\t\t\t<\/div>\n\t\t\t\t<\/div>\n\t\t\t\t<div class=\"elementor-element elementor-element-55ccc85 elementor-widget elementor-widget-text-editor\" data-id=\"55ccc85\" data-element_type=\"widget\" data-widget_type=\"text-editor.default\">\n\t\t\t\t<div class=\"elementor-widget-container\">\n\t\t\t\t\t\t\t<p style=\"text-align: justify;\">Zorg voor communicatie in drie richtingen! In een partnerschap tussen werkgevers en scholen waarbij de nadruk ligt op de ontwikkeling van de vaardigheden van studenten\/leerlingen, moeten alle partijen (inclusief de studenten\/leerlingen) op de hoogte worden gehouden van wat er in de samenwerking gebeurt. Regelmatige communicatie met alle partijen zorgt voor duidelijkheid en richting voor een succesvolle samenwerking. Dit kan formele en informele communicatie omvatten met geplande voortgangsbeoordelingen en informeel bijpraten om effectieve werkrelaties op te bouwen.<\/p>\n\t\t\t\t\t\t<\/div>\n\t\t\t\t<\/div>\n\t\t\t\t\t<\/div>\n\t\t<\/div>\n\t\t\t\t<div class=\"elementor-column elementor-col-50 elementor-top-column elementor-element elementor-element-2589044\" data-id=\"2589044\" data-element_type=\"column\">\n\t\t\t<div class=\"elementor-widget-wrap elementor-element-populated\">\n\t\t\t\t\t\t<div class=\"elementor-element elementor-element-04fff4e elementor-widget elementor-widget-image\" data-id=\"04fff4e\" data-element_type=\"widget\" data-widget_type=\"image.default\">\n\t\t\t\t<div class=\"elementor-widget-container\">\n\t\t\t\t\t\t\t\t\t\t\t\t\t<img fetchpriority=\"high\" decoding=\"async\" width=\"1024\" height=\"538\" src=\"https:\/\/vetatwork-project.eu\/wp-content\/uploads\/2021\/09\/vetatwork-working-1-2-1024x538.jpg\" class=\"attachment-large size-large wp-image-3144\" alt=\"cases singing from the same hymn keep talking\" srcset=\"https:\/\/vetatwork-project.eu\/wp-content\/uploads\/2021\/09\/vetatwork-working-1-2-1024x538.jpg 1024w, https:\/\/vetatwork-project.eu\/wp-content\/uploads\/2021\/09\/vetatwork-working-1-2-300x158.jpg 300w, https:\/\/vetatwork-project.eu\/wp-content\/uploads\/2021\/09\/vetatwork-working-1-2-768x403.jpg 768w, https:\/\/vetatwork-project.eu\/wp-content\/uploads\/2021\/09\/vetatwork-working-1-2.jpg 1200w\" sizes=\"(max-width: 1024px) 100vw, 1024px\" \/>\t\t\t\t\t\t\t\t\t\t\t\t\t<\/div>\n\t\t\t\t<\/div>\n\t\t\t\t\t<\/div>\n\t\t<\/div>\n\t\t\t\t\t<\/div>\n\t\t<\/section>\n\t\t\t\t<section class=\"elementor-section elementor-top-section elementor-element elementor-element-9ed684e elementor-section-boxed elementor-section-height-default elementor-section-height-default\" data-id=\"9ed684e\" data-element_type=\"section\">\n\t\t\t\t\t\t<div class=\"elementor-container elementor-column-gap-default\">\n\t\t\t\t\t<div class=\"elementor-column elementor-col-100 elementor-top-column elementor-element elementor-element-4682074\" data-id=\"4682074\" data-element_type=\"column\">\n\t\t\t<div class=\"elementor-widget-wrap elementor-element-populated\">\n\t\t\t\t\t\t<div class=\"elementor-element elementor-element-a3003ef elementor-widget elementor-widget-spacer\" data-id=\"a3003ef\" data-element_type=\"widget\" data-widget_type=\"spacer.default\">\n\t\t\t\t<div class=\"elementor-widget-container\">\n\t\t\t\t\t<div class=\"elementor-spacer\">\n\t\t\t<div class=\"elementor-spacer-inner\"><\/div>\n\t\t<\/div>\n\t\t\t\t<\/div>\n\t\t\t\t<\/div>\n\t\t\t\t<div class=\"elementor-element elementor-element-e08ee40 elementor-widget elementor-widget-text-editor\" data-id=\"e08ee40\" data-element_type=\"widget\" data-widget_type=\"text-editor.default\">\n\t\t\t\t<div class=\"elementor-widget-container\">\n\t\t\t\t\t\t\t<p>Voorbeelden van: Blijven Praten, die zijn uitgeprobeerd binnen het VET@work-project<\/p>\n\t\t\t\t\t\t<\/div>\n\t\t\t\t<\/div>\n\t\t\t\t\t<\/div>\n\t\t<\/div>\n\t\t\t\t\t<\/div>\n\t\t<\/section>\n\t\t\t\t<section class=\"elementor-section elementor-top-section elementor-element elementor-element-e15815c elementor-section-boxed elementor-section-height-default elementor-section-height-default\" data-id=\"e15815c\" data-element_type=\"section\">\n\t\t\t\t\t\t<div class=\"elementor-container elementor-column-gap-default\">\n\t\t\t\t\t<div class=\"elementor-column elementor-col-100 elementor-top-column elementor-element elementor-element-33892a6\" data-id=\"33892a6\" data-element_type=\"column\">\n\t\t\t<div class=\"elementor-widget-wrap elementor-element-populated\">\n\t\t\t\t\t\t<div class=\"elementor-element elementor-element-1e660d9 elementor-widget elementor-widget-toggle\" data-id=\"1e660d9\" data-element_type=\"widget\" data-widget_type=\"toggle.default\">\n\t\t\t\t<div class=\"elementor-widget-container\">\n\t\t\t\t\t<div class=\"elementor-toggle\">\n\t\t\t\t\t\t\t<div class=\"elementor-toggle-item\">\n\t\t\t\t\t<div id=\"elementor-tab-title-3181\" class=\"elementor-tab-title\" data-tab=\"1\" role=\"button\" aria-controls=\"elementor-tab-content-3181\" aria-expanded=\"false\">\n\t\t\t\t\t\t\t\t\t\t\t\t<span class=\"elementor-toggle-icon elementor-toggle-icon-left\" aria-hidden=\"true\">\n\t\t\t\t\t\t\t\t\t\t\t\t\t\t\t<span class=\"elementor-toggle-icon-closed\"><i class=\"fas fa-caret-right\"><\/i><\/span>\n\t\t\t\t\t\t\t\t<span class=\"elementor-toggle-icon-opened\"><i class=\"elementor-toggle-icon-opened fas fa-caret-up\"><\/i><\/span>\n\t\t\t\t\t\t\t\t\t\t\t\t\t<\/span>\n\t\t\t\t\t\t\t\t\t\t\t\t<a class=\"elementor-toggle-title\" tabindex=\"0\">Geval 1: Finland - regelmatige leercaf\u00e9s met beroepsopleidingen en werkgeversvertegenwoordigers<\/a>\n\t\t\t\t\t<\/div>\n\n\t\t\t\t\t<div id=\"elementor-tab-content-3181\" class=\"elementor-tab-content elementor-clearfix\" data-tab=\"1\" role=\"region\" aria-labelledby=\"elementor-tab-title-3181\"><p style=\"text-align: justify;\">Een evenement waaraan onderwijsinstellingen, docenten, mentor-docenten, studenten, werkgevers en werkmentoren deelnemen. Doel is gezamenlijk de inhoud, uitvoering en tijdschema&#8217;s van het beroepsopleidingscurriculum te plannen. Doel is beide partijen bewuster te maken en ervoor te zorgen dat het aangeboden curriculum aan de behoeften van de werkgevers\/werkwereld voldoet. De deelnemers bestaan uit het management, hoofden van eenheden, docenten, werkgevers, werkmentoren en studenten. De Leercaf\u00e9s zijn het vervolg op de Planningsacademies.<\/p>\n<h4 style=\"text-align: justify;\">Voorbereiding<\/h4>\n<p style=\"text-align: justify;\"><strong>Het beroepsonderwijs<\/strong><br \/>\nMaak een agenda die ruimte voor discussie biedt. Nodig de hoofden van de afdelingen, de docenten, de werkgevers, de werkmentoren en de studenten uit om rond de tafel te gaan zitten en te discussi\u00ebren om het eens te worden over de inhoud en de uitvoering van het curriculum. Presentaties die je voorbereidt moeten in een begrijpelijke taal worden opgesteld. Stuur het materiaal dat u tijdens het evenement wilt bespreken van tevoren naar alle deelnemers.<\/p>\n<p style=\"text-align: justify;\"><strong>Werkgever<\/strong><br \/>\nZorg ervoor dat de werkgevers op de hoogte worden gebracht van de bijeenkomst en dat zij echt worden uitgenodigd om inspraak te hebben in de manier waarop de leerplannen zullen worden uitgevoerd. Nodig iedereen uit en niet alleen degenen die positief staan tegenover een samenwerking tussen beroepsonderwijs en werkgevers.<\/p>\n<p style=\"text-align: justify;\"><strong>Studenten<\/strong><br \/>\nDe studenten moeten v\u00f3\u00f3r het evenement worden voorbereid en vragen en feedback verzamelen. Dit kan bijvoorbeeld door te informeren bij andere leerlingen die de betreffende opleidingen volgen.<\/p>\n<h4 style=\"text-align: justify;\">Uitvoering<\/h4>\n<p style=\"text-align: justify;\"><strong>Het beroepsonderwijs<\/strong><br \/>\nBegin met een inleiding en presenteer de opzet van het evenement. Vraag de deelnemers aan \u2018rondetafels\u2019 plaats te nemen, zodat elke tafel ten minste uit een docent, werkgever, werkmentor en een student bestaat. Geef de \u2018rondetafels\u2019 voldoende tijd om te praten en tot een consensus te komen. Zorg ervoor dat iedereen dezelfde opvatting heeft over de belangrijkste concepten en termen die zijn besproken. Vraag de deelnemers om te delen wat ze aan hun tafel hebben besproken. Zorg ervoor dat er ook tijd is om informeel te discussi\u00ebren, bijvoorbeeld tijdens koffiepauzes en de lunch. Maak afspraken over hoe de samenwerking in de toekomst kan worden voortgezet.<\/p>\n<p style=\"text-align: justify;\"><strong>Werkgever<\/strong><br \/>\nWerkgevers moeten worden aangemoedigd om hun mening te geven over de opleiding die wordt gegeven. Om met positieve oplossingen te komen in plaats van negatieve kritiek te leveren op de school.<\/p>\n<p style=\"text-align: justify;\"><strong>Studenten<\/strong><br \/>\nStudenten moeten zich voldoende op hun gemak kunnen voelen om hun opmerkingen en die van hun klasgenoten te kunnen uiten. Ze moeten een evenwichtig beeld schetsen van het curruculum in praktijk zonder al te veel in details te treden.<\/p>\n<h4 style=\"text-align: justify;\">Na het evenement<\/h4>\n<p style=\"text-align: justify;\"><strong>Het beroepsonderwijs<\/strong><br \/>\nStuur een verslag van de bijeenkomst naar alle deelnemers. Cre\u00eber een (online) forum waar de samenwerking kan worden voortgezet en zorg ervoor dat de partijen weten wanneer het volgende leercafe gehouden zal worden. Zorg ervoor dat alle bijdragers worden ge\u00efnformeerd en geef een follow-up om aan te geven dat ieders inbreng gehoord en dat er actie wordt ondernomen.<\/p>\n<p style=\"text-align: justify;\"><strong>Werkgever<\/strong><br \/>\nBlijf feedback geven en steun de ontwikkeling van het curriculum door contact te houden met de opleiding en constructieve opmerkingen voor verbetering te geven.<\/p>\n<p style=\"text-align: justify;\"><strong>Studenten<\/strong><br \/>\nNa het evenement moeten de studenten een terugkoppeling geven aan de leerlingen die niet aanwezig waren om ervoor te zorgen dat de acties worden uitgevoerd en de leerervaring voor toekomstige studenten wordt verbeterd.<\/p>\n<h4 style=\"text-align: justify;\">Aanbevelingen<\/h4>\n<p style=\"text-align: justify;\">Om de samenwerking vlotter te laten verlopen, stuur de deelnemers al het materiaal dat zal worden besproken en waaraan zal worden gewerkt voorafgaand aan het evenement. Je kunt ook soortgelijke evenementen organiseren bij een van de deelnemende werkgevers of een virtueel leercafe organiseren.<\/p>\n<p style=\"text-align: justify;\">Zorg ervoor dat de evenementen regelmatig worden gehouden en dat alle belangstellenden worden uitgenodigd. Betrek nieuwe werkgevers en werkmentoren erbij zodra ze ook maar de geringste belangstelling voor deelname tonen.<\/p>\n<\/div>\n\t\t\t\t<\/div>\n\t\t\t\t\t\t\t<div class=\"elementor-toggle-item\">\n\t\t\t\t\t<div id=\"elementor-tab-title-3182\" class=\"elementor-tab-title\" data-tab=\"2\" role=\"button\" aria-controls=\"elementor-tab-content-3182\" aria-expanded=\"false\">\n\t\t\t\t\t\t\t\t\t\t\t\t<span class=\"elementor-toggle-icon elementor-toggle-icon-left\" aria-hidden=\"true\">\n\t\t\t\t\t\t\t\t\t\t\t\t\t\t\t<span class=\"elementor-toggle-icon-closed\"><i class=\"fas fa-caret-right\"><\/i><\/span>\n\t\t\t\t\t\t\t\t<span class=\"elementor-toggle-icon-opened\"><i class=\"elementor-toggle-icon-opened fas fa-caret-up\"><\/i><\/span>\n\t\t\t\t\t\t\t\t\t\t\t\t\t<\/span>\n\t\t\t\t\t\t\t\t\t\t\t\t<a class=\"elementor-toggle-title\" tabindex=\"0\">Case 2: Nederland - Netwerken<\/a>\n\t\t\t\t\t<\/div>\n\n\t\t\t\t\t<div id=\"elementor-tab-content-3182\" class=\"elementor-tab-content elementor-clearfix\" data-tab=\"2\" role=\"region\" aria-labelledby=\"elementor-tab-title-3182\"><p style=\"text-align: justify;\">Veel onderwijsinstellingen zijn nogal intern gericht op het proces van het geven van goed onderwijs. Om samenwerking met werkgevers op te zetten, zal meer aandacht moeten worden besteed buiten de school. Daarvoor is het nodig een goed netwerk op te bouwen. In Lelystad is het opbouwen van netwerken een onderdeel geworden van de samenwerking tussen onderwijs en bedrijfsleven.<\/p>\n<p style=\"text-align: justify;\">In het bedrijfsleven is dat al lang gebruikelijk en bewezen effectief: Netwerken. Ondernemers ontmoeten elkaar en vertegenwoordigers van bijvoorbeeld overheden of non-profit organisaties. Tijdens congressen, netwerkbijeenkomsten, serviceclubs en dergelijke ontmoeten mensen elkaar vaak in een ontspannen sfeer. Hier worden relaties opgebouwd en wordt gebouwd aan toekomstige samenwerkingen. Werkopdrachten worden toegekend aan relaties en bekenden van relaties. Goede referenties zijn belangrijk.<\/p>\n<p style=\"text-align: justify;\">In Lelystad is het opbouwen van netwerken een onderdeel geworden van de samenwerking tussen onderwijs en bedrijfsleven. Contactpersonen en docenten uit het onderwijs netwerken zelf actief. Daarnaast worden er netwerkevenementen georganiseerd vanuit het bestaande samenwerkingsverband (Lelytalent) tussen onderwijs en bedrijfsleven.<\/p>\n<h4 style=\"text-align: justify;\">Voorbereiding<\/h4>\n<p style=\"text-align: justify;\"><strong>Het beroepsonderwijs<\/strong><br \/>\nZorg er als onderwijsinstelling voor dat Netwerken een serieus onderdeel van het werk wordt. Dat wil zeggen, budget en investering in tijd is onontbeerlijk. Organiseer een aansprekend evenement dat bestaat uit een evenwichtige combinatie tussen informatie, kennisuitwisseling en ontspanning. Vooral het ontspannende deel moet aantrekkelijk zijn voor de werkgevers. De bijeenkomst is vaak ook een ontspannende afwisseling in een druk bestaan. Lekker eten en drinken spelen daarbij zeker een rol.<\/p>\n<p style=\"text-align: justify;\">Zorg voor een geschikte datum, kijk wat er die dag nog meer te doen is en of dat niet conflicteert. Zorg voor een geschikt tijdstip dat goed past in de agenda van de ondernemers. Vaak aan het eind van de middag of op een avond.<\/p>\n<p style=\"text-align: justify;\">Overleg persoonlijk met de belangrijkste werkgevers om plaats, datum en tijdstip van het evenement vast te stellen. Zorg ervoor dat uitnodigingen op tijd de deur uitgaan en stuur later een herinnering. Zorg voor een in de tijd beperkt programma, zodat er voldoende ruimte is voor informeel netwerken en het informatieve gedeelte voor veel aanwezigen interessant is. Zorg voor een cadeautje als aandenken aan het evenement, achteraf in de vorm van een goodiebag, een boekje of iets dergelijks.<\/p>\n<p style=\"text-align: justify;\">Leerkrachten of andere vertegenwoordigers van de school moeten bereid zijn om buiten de schooluren te werken. Je moet hen dus overtuigen van het belang en de doelstellingen van het evenement.<\/p>\n<p style=\"text-align: justify;\"><strong>Werkgever<\/strong><br \/>\nDe werkgever moet overtuigd zijn van nut en noodzaak van het evenement en bereid zijn er tijd in te steken. Een aantrekkelijk programma kan helpen om de werkgever te overtuigen. Ook het perspectief om collega&#8217;s te ontmoeten en interessante nieuwe contacten te leggen.<\/p>\n<p style=\"text-align: justify;\"><strong>Studenten<\/strong><br \/>\nStudenten kunnen betrokken worden bij de organisatie van het evenement. Denk aan logistiek, administratie, promotie en catering. Studenten moeten zich voorbereiden op het evenement. Hoe moeten ze zich presenteren en werken tijdens het evenement en naar de gasten.\u00a0 Er is maar \u00e9\u00e9n kans om een goede eerste indruk te maken. Iemands toekomstige werkgever kan deelnemer zijn aan het netwerkevenement.<\/p>\n<h4 style=\"text-align: justify;\">Uitvoering<\/h4>\n<p style=\"text-align: justify;\"><strong>Het beroepsonderwijs<br \/>\n<\/strong>Bereid alle vertegenwoordigers van de school voor op de kunst van het netwerken:<\/p>\n<ul style=\"text-align: justify;\">\n<li>Bereid alle vertegenwoordigers van de school voor op de kunst van het netwerken:<\/li>\n<li>Ga niet gezellig bij je collega&#8217;s zitten, maar ontmoet vooral nieuwe mensen.<\/li>\n<li>Het is een netwerkevenement, dus het is heel normaal om je aan een totaal vreemde voor te stellen.<\/li>\n<li>Deel niet alleen visitekaartjes uit, maar vraag er ook actief naar bij anderen.<\/li>\n<li>Wees ge\u00efnteresseerd in het verhaal van de ander maar zorg dat je ook je eigen verhaal (pitch) klaar hebt.<\/li>\n<li>Maak nieuwe contacten maar zoek ook je bestaande contacten op. Elkaar in een ontspannen sfeer op de hoogte brengen van ontwikkelingen kan ook in de samenwerking verrassende resultaten opleveren.<\/li>\n<\/ul>\n<p style=\"text-align: justify;\"><strong>Werkgever<\/strong><br \/>\nVeel werkgevers zijn gewend om deel te nemen aan netwerkevenementen. Maar de meeste van deze evenementen zijn gericht op business to business en niet op samenwerking met scholen. Het advies aan werkgevers is dan ook om zich goed voor te bereiden. Wat wilt u als werkgever bereiken? Met wie zou u in contact willen komen? Breng niet alleen je eigen idee\u00ebn mee, maar wees ook ge\u00efnteresseerd in het programma en de idee\u00ebn die de school aanreikt. En natuurlijk neem je je visitekaartjes mee.<\/p>\n<p style=\"text-align: justify;\"><strong>Studenten<\/strong><br \/>\nLaat je van je beste kant zien. Neem je taak serieus en wees gastvrij naar de deelnemers van het evenement. Een vooruitziende student heeft ook zijn eigen visitekaartjes om met interessante mensen in contact te komen.<\/p>\n<h4 style=\"text-align: justify;\">Na het evenement<\/h4>\n<p style=\"text-align: justify;\"><strong>Het beroepsonderwijs<\/strong><br \/>\nNatuurlijk zijn we blij als het netwerkevenement succesvol was en bijna alles volgens plan verliep. Maar de voordelen ervan kunnen zeer nuttig zijn. Welke informatie hebben we tijdens het evenement opgedaan? Hebben we interessante idee\u00ebn verzameld? Welke contacten zijn interessant? Wat voor follow-up is mogelijk?\u00a0 Wie gaat er actie ondernemen?<\/p>\n<p style=\"text-align: justify;\">Evalueer het evenement ook met collega&#8217;s en betrokken studenten: wat ging goed en wat kan beter? Stuur de genodigden een bedankmail en vraag om feedback over de organisatie en inhoud van het programma. Neem de feedback en evaluatie mee voor het volgende evenement.<\/p>\n<p style=\"text-align: justify;\">Leg verder contact met de personen die u persoonlijk hebt ontmoet. Gebruik hiervoor o.a. LinkedIn of stuur hen een persoonlijke e-mail. Deze nieuwe netwerkcontacten kunnen helpen bij het realiseren van nieuwe samenwerkingen tussen onderwijs en bedrijfsleven.<\/p>\n<p style=\"text-align: justify;\"><strong>Werkgever<\/strong><br \/>\nDenk na over nieuwe mogelijkheden in samenwerking met het beroepsonderwijs. Beter opgeleide studenten die beter passen op de werkvloer. Meer studenten interesseren voor uw bedrijf. Meer en beter opgeleide werknemers in de nabije toekomst.<\/p>\n<p style=\"text-align: justify;\"><strong>Studenten<\/strong><br \/>\nEvalueer het evenement samen met de docenten. Wat hebben jullie ervan geleerd? Wat kan er de volgende keer beter? Heb je interessante mensen ontmoet en hoe kun je dit contact voortzetten?<\/p>\n<h4 style=\"text-align: justify;\">Aanbevelingen<\/h4>\n<p style=\"text-align: justify;\">Zorg ervoor dat elke vertegenwoordiger van de organisatie een visitekaartje heeft.<\/p>\n<p style=\"text-align: justify;\">Zorg ervoor dat je voldoende aandacht besteedt aan de follow-up en dat je de contacten actief houdt.<\/p>\n<p style=\"text-align: justify;\">Wees je ervan bewust dat je je als vertegenwoordiger van een onderwijsinstelling moet aanpassen aan de tijd en omstandigheden van de werkgevers. Op dinsdagochtend zul je weinig werkgevers enthousiast krijgen voor een bijeenkomst<\/p>\n<\/div>\n\t\t\t\t<\/div>\n\t\t\t\t\t\t\t\t<\/div>\n\t\t\t\t<\/div>\n\t\t\t\t<\/div>\n\t\t\t\t<div class=\"elementor-element elementor-element-7c95cea elementor-widget elementor-widget-spacer\" data-id=\"7c95cea\" data-element_type=\"widget\" data-widget_type=\"spacer.default\">\n\t\t\t\t<div class=\"elementor-widget-container\">\n\t\t\t\t\t<div class=\"elementor-spacer\">\n\t\t\t<div class=\"elementor-spacer-inner\"><\/div>\n\t\t<\/div>\n\t\t\t\t<\/div>\n\t\t\t\t<\/div>\n\t\t\t\t\t<\/div>\n\t\t<\/div>\n\t\t\t\t\t<\/div>\n\t\t<\/section>\n\t\t\t\t<\/div>\n\t\t","protected":false},"excerpt":{"rendered":"<p>Methode 7: Blijven praten Inleiding Zorg voor communicatie in drie richtingen! In een partnerschap tussen werkgevers en scholen waarbij de nadruk ligt op de ontwikkeling van de vaardigheden van studenten\/leerlingen, moeten alle partijen (inclusief de studenten\/leerlingen) op de hoogte worden gehouden van wat er in de samenwerking gebeurt. Regelmatige communicatie met alle partijen zorgt voor [&hellip;]<\/p>\n","protected":false},"author":3,"featured_media":3160,"parent":0,"menu_order":0,"comment_status":"closed","ping_status":"closed","template":"","meta":{"site-sidebar-layout":"no-sidebar","site-content-layout":"page-builder","ast-site-content-layout":"","site-content-style":"default","site-sidebar-style":"default","ast-global-header-display":"","ast-banner-title-visibility":"","ast-main-header-display":"","ast-hfb-above-header-display":"","ast-hfb-below-header-display":"","ast-hfb-mobile-header-display":"","site-post-title":"disabled","ast-breadcrumbs-content":"","ast-featured-img":"disabled","footer-sml-layout":"","theme-transparent-header-meta":"","adv-header-id-meta":"","stick-header-meta":"","header-above-stick-meta":"","header-main-stick-meta":"","header-below-stick-meta":"","astra-migrate-meta-layouts":"default","ast-page-background-enabled":"default","ast-page-background-meta":{"desktop":{"background-color":"","background-image":"","background-repeat":"repeat","background-position":"center center","background-size":"auto","background-attachment":"scroll","background-type":"","background-media":"","overlay-type":"","overlay-color":"","overlay-opacity":"","overlay-gradient":""},"tablet":{"background-color":"","background-image":"","background-repeat":"repeat","background-position":"center center","background-size":"auto","background-attachment":"scroll","background-type":"","background-media":"","overlay-type":"","overlay-color":"","overlay-opacity":"","overlay-gradient":""},"mobile":{"background-color":"","background-image":"","background-repeat":"repeat","background-position":"center center","background-size":"auto","background-attachment":"scroll","background-type":"","background-media":"","overlay-type":"","overlay-color":"","overlay-opacity":"","overlay-gradient":""}},"ast-content-background-meta":{"desktop":{"background-color":"var(--ast-global-color-5)","background-image":"","background-repeat":"repeat","background-position":"center center","background-size":"auto","background-attachment":"scroll","background-type":"","background-media":"","overlay-type":"","overlay-color":"","overlay-opacity":"","overlay-gradient":""},"tablet":{"background-color":"var(--ast-global-color-5)","background-image":"","background-repeat":"repeat","background-position":"center center","background-size":"auto","background-attachment":"scroll","background-type":"","background-media":"","overlay-type":"","overlay-color":"","overlay-opacity":"","overlay-gradient":""},"mobile":{"background-color":"var(--ast-global-color-5)","background-image":"","background-repeat":"repeat","background-position":"center center","background-size":"auto","background-attachment":"scroll","background-type":"","background-media":"","overlay-type":"","overlay-color":"","overlay-opacity":"","overlay-gradient":""}},"footnotes":""},"class_list":["post-4811","page","type-page","status-publish","has-post-thumbnail","hentry"],"_links":{"self":[{"href":"https:\/\/vetatwork-project.eu\/nl\/wp-json\/wp\/v2\/pages\/4811","targetHints":{"allow":["GET"]}}],"collection":[{"href":"https:\/\/vetatwork-project.eu\/nl\/wp-json\/wp\/v2\/pages"}],"about":[{"href":"https:\/\/vetatwork-project.eu\/nl\/wp-json\/wp\/v2\/types\/page"}],"author":[{"embeddable":true,"href":"https:\/\/vetatwork-project.eu\/nl\/wp-json\/wp\/v2\/users\/3"}],"replies":[{"embeddable":true,"href":"https:\/\/vetatwork-project.eu\/nl\/wp-json\/wp\/v2\/comments?post=4811"}],"version-history":[{"count":4,"href":"https:\/\/vetatwork-project.eu\/nl\/wp-json\/wp\/v2\/pages\/4811\/revisions"}],"predecessor-version":[{"id":4910,"href":"https:\/\/vetatwork-project.eu\/nl\/wp-json\/wp\/v2\/pages\/4811\/revisions\/4910"}],"wp:featuredmedia":[{"embeddable":true,"href":"https:\/\/vetatwork-project.eu\/nl\/wp-json\/wp\/v2\/media\/3160"}],"wp:attachment":[{"href":"https:\/\/vetatwork-project.eu\/nl\/wp-json\/wp\/v2\/media?parent=4811"}],"curies":[{"name":"wp","href":"https:\/\/api.w.org\/{rel}","templated":true}]}}