{"id":4775,"date":"2022-01-07T13:08:30","date_gmt":"2022-01-07T11:08:30","guid":{"rendered":"https:\/\/vetatwork-project.eu\/obstakels-moeilijk-te-overwinnen-maar-noodzakelijk-voor-vooruitgang\/"},"modified":"2022-01-12T11:38:53","modified_gmt":"2022-01-12T09:38:53","slug":"obstakels-moeilijk-te-overwinnen-maar-noodzakelijk-voor-vooruitgang","status":"publish","type":"page","link":"https:\/\/vetatwork-project.eu\/nl\/obstakels-moeilijk-te-overwinnen-maar-noodzakelijk-voor-vooruitgang\/","title":{"rendered":"Obstakels"},"content":{"rendered":"\t\t<div data-elementor-type=\"wp-page\" data-elementor-id=\"4775\" class=\"elementor elementor-4775 elementor-2124\" data-elementor-post-type=\"page\">\n\t\t\t\t\t\t<section class=\"elementor-section elementor-top-section elementor-element elementor-element-2f2e3f4 elementor-section-boxed elementor-section-height-default elementor-section-height-default\" data-id=\"2f2e3f4\" data-element_type=\"section\">\n\t\t\t\t\t\t<div class=\"elementor-container elementor-column-gap-default\">\n\t\t\t\t\t<div class=\"elementor-column elementor-col-100 elementor-top-column elementor-element elementor-element-278b5dd\" data-id=\"278b5dd\" data-element_type=\"column\">\n\t\t\t<div class=\"elementor-widget-wrap elementor-element-populated\">\n\t\t\t\t\t\t<div class=\"elementor-element elementor-element-a32e20e elementor-widget elementor-widget-text-editor\" data-id=\"a32e20e\" data-element_type=\"widget\" data-widget_type=\"text-editor.default\">\n\t\t\t\t<div class=\"elementor-widget-container\">\n\t\t\t\t\t\t\t<p class=\"Standard\" style=\"margin-bottom: 0cm; line-height: normal;\"><b><span lang=\"EN-US\">Obstakels; moeilijk te overwinnen, maar noodzakelijk voor vooruitgang<\/span><\/b><\/p>\n\t\t\t\t\t\t<\/div>\n\t\t\t\t<\/div>\n\t\t\t\t<div class=\"elementor-element elementor-element-018f442 elementor-widget elementor-widget-text-editor\" data-id=\"018f442\" data-element_type=\"widget\" data-widget_type=\"text-editor.default\">\n\t\t\t\t<div class=\"elementor-widget-container\">\n\t\t\t\t\t\t\t<p style=\"text-align: justify;\">Zelfs als je een duidelijke visie hebt en kunt verwoorden wat je wilt bereiken, is de kans groot dat je obstakels tegenkomt bij het opzetten van een samenwerking tussen beroepsonderwijs en werk. Laat je niet tegenhouden door je obstakels! Zie ze als een manier om de kwaliteit van wat je doet te verbeteren en ervoor te zorgen dat leerlingen de vaardigheden verwerven die ze nodig hebben om succesvol te zijn in hun beroepsleven. Zie obstakels als een kans op groei en vooruitgang, omdat ze je dwingen na te denken en wat je doet vanuit andere invalshoeken te bekijken. Als je de obstakels die je tegenkomt met een open geest aanpakt, word je je bewust van de bestaande angsten die vooruitgang in de weg staan en van de stappen die je moet zetten om te overtuigen dat het waardevol is om transparante en echte samenwerkingsverbanden op te zetten tussen aanbieders van beroepsonderwijs en de wereld van het werk. Zorg ervoor dat je alle partijen bij het proces betrekt en maak hen bewust van de obstakels die je op het punt staat op te lossen. Om aanbieders van beroepsonderwijs en\/of werkgevers aan te moedigen de obstakels gezamenlijk aan te pakken, moet je ook laten zien welke voordelen het overwinnen van deze obstakels zal hebben voor jouw organisatie, het beroepsonderwijs en de ontwikkeling van de vaardigheden van alle betrokkenen.<\/p>\n<p style=\"text-align: justify;\">Het VET@work-team heeft obstakels in drie hoofdcategorie\u00ebn onderverdeeld: externe, interne en gewoonteobstakels. In dit subhoofdstuk kunt je meer te weten komen over wat wij hebben gezien als de vijf belangrijkste obstakels in elk van de drie hoofdcategorie\u00ebn en suggesties over hoe je ze kunt oplossen. Onthoud dat je niet alle hindernissen hoeft op te lossen. Door slechts \u00e9\u00e9n of twee obstakels op te lossen, komt de dynamiek op gang en zullen de betrokkenen de obstakels gaan zien als een manier om de samenwerking en de kwaliteit van het beroepsonderwijs te verbeteren.<\/p>\n\t\t\t\t\t\t<\/div>\n\t\t\t\t<\/div>\n\t\t\t\t<div class=\"elementor-element elementor-element-e106624 elementor-widget elementor-widget-heading\" data-id=\"e106624\" data-element_type=\"widget\" data-widget_type=\"heading.default\">\n\t\t\t\t<div class=\"elementor-widget-container\">\n\t\t\t<h3 class=\"elementor-heading-title elementor-size-default\">De drie verschillende soorten obstakels die je waarschijnlijk zult tegenkomen bij het opzetten van een VET@work-samenwerking:<\/h3>\t\t<\/div>\n\t\t\t\t<\/div>\n\t\t\t\t\t<\/div>\n\t\t<\/div>\n\t\t\t\t\t<\/div>\n\t\t<\/section>\n\t\t\t\t<section class=\"elementor-section elementor-top-section elementor-element elementor-element-a46392a elementor-section-boxed elementor-section-height-default elementor-section-height-default\" data-id=\"a46392a\" data-element_type=\"section\">\n\t\t\t\t\t\t<div class=\"elementor-container elementor-column-gap-default\">\n\t\t\t\t\t<div class=\"elementor-column elementor-col-33 elementor-top-column elementor-element elementor-element-bf159e1\" data-id=\"bf159e1\" data-element_type=\"column\">\n\t\t\t<div class=\"elementor-widget-wrap elementor-element-populated\">\n\t\t\t\t\t\t<div class=\"elementor-element elementor-element-1b4f20c elementor-widget elementor-widget-image\" data-id=\"1b4f20c\" data-element_type=\"widget\" data-widget_type=\"image.default\">\n\t\t\t\t<div class=\"elementor-widget-container\">\n\t\t\t\t\t\t\t\t\t\t\t\t\t\t<a href=\"https:\/\/vetatwork-project.eu\/nl\/external-obstacles\/\" target=\"_blank\">\n\t\t\t\t\t\t\t<img fetchpriority=\"high\" decoding=\"async\" width=\"800\" height=\"800\" src=\"https:\/\/vetatwork-project.eu\/wp-content\/uploads\/2021\/09\/collaborations-links-banner-Vet@Work@2.png\" class=\"attachment-large size-large wp-image-3008\" alt=\"useful links external obstacles\" srcset=\"https:\/\/vetatwork-project.eu\/wp-content\/uploads\/2021\/09\/collaborations-links-banner-Vet@Work@2.png 800w, https:\/\/vetatwork-project.eu\/wp-content\/uploads\/2021\/09\/collaborations-links-banner-Vet@Work@2-300x300.png 300w, https:\/\/vetatwork-project.eu\/wp-content\/uploads\/2021\/09\/collaborations-links-banner-Vet@Work@2-150x150.png 150w, https:\/\/vetatwork-project.eu\/wp-content\/uploads\/2021\/09\/collaborations-links-banner-Vet@Work@2-768x768.png 768w\" sizes=\"(max-width: 800px) 100vw, 800px\" \/>\t\t\t\t\t\t\t\t<\/a>\n\t\t\t\t\t\t\t\t\t\t\t\t\t<\/div>\n\t\t\t\t<\/div>\n\t\t\t\t<div class=\"elementor-element elementor-element-86aa239 elementor-align-center elementor-widget elementor-widget-button\" data-id=\"86aa239\" data-element_type=\"widget\" data-widget_type=\"button.default\">\n\t\t\t\t<div class=\"elementor-widget-container\">\n\t\t\t\t\t<div class=\"elementor-button-wrapper\">\n\t\t\t<a class=\"elementor-button elementor-button-link elementor-size-xs\" href=\"https:\/\/vetatwork-project.eu\/nl\/external-obstacles\/\" target=\"_blank\">\n\t\t\t\t\t\t<span class=\"elementor-button-content-wrapper\">\n\t\t\t\t\t\t\t\t\t<span class=\"elementor-button-text\">Externe belemmeringen<\/span>\n\t\t\t\t\t<\/span>\n\t\t\t\t\t<\/a>\n\t\t<\/div>\n\t\t\t\t<\/div>\n\t\t\t\t<\/div>\n\t\t\t\t\t<\/div>\n\t\t<\/div>\n\t\t\t\t<div class=\"elementor-column elementor-col-33 elementor-top-column elementor-element elementor-element-e75f080\" data-id=\"e75f080\" data-element_type=\"column\">\n\t\t\t<div class=\"elementor-widget-wrap elementor-element-populated\">\n\t\t\t\t\t\t<div class=\"elementor-element elementor-element-a9aabbb elementor-widget elementor-widget-image\" data-id=\"a9aabbb\" data-element_type=\"widget\" data-widget_type=\"image.default\">\n\t\t\t\t<div class=\"elementor-widget-container\">\n\t\t\t\t\t\t\t\t\t\t\t\t\t\t<a href=\"https:\/\/vetatwork-project.eu\/nl\/internal-obstacles\/\" target=\"_blank\">\n\t\t\t\t\t\t\t<img decoding=\"async\" width=\"800\" height=\"800\" src=\"https:\/\/vetatwork-project.eu\/wp-content\/uploads\/2021\/09\/methodologies-banner-Vet@Work-man@2.png\" class=\"attachment-large size-large wp-image-3012\" alt=\"methodologies internal obstacles\" srcset=\"https:\/\/vetatwork-project.eu\/wp-content\/uploads\/2021\/09\/methodologies-banner-Vet@Work-man@2.png 800w, https:\/\/vetatwork-project.eu\/wp-content\/uploads\/2021\/09\/methodologies-banner-Vet@Work-man@2-300x300.png 300w, https:\/\/vetatwork-project.eu\/wp-content\/uploads\/2021\/09\/methodologies-banner-Vet@Work-man@2-150x150.png 150w, https:\/\/vetatwork-project.eu\/wp-content\/uploads\/2021\/09\/methodologies-banner-Vet@Work-man@2-768x768.png 768w\" sizes=\"(max-width: 800px) 100vw, 800px\" \/>\t\t\t\t\t\t\t\t<\/a>\n\t\t\t\t\t\t\t\t\t\t\t\t\t<\/div>\n\t\t\t\t<\/div>\n\t\t\t\t<div class=\"elementor-element elementor-element-94b66fb elementor-align-center elementor-widget elementor-widget-button\" data-id=\"94b66fb\" data-element_type=\"widget\" data-widget_type=\"button.default\">\n\t\t\t\t<div class=\"elementor-widget-container\">\n\t\t\t\t\t<div class=\"elementor-button-wrapper\">\n\t\t\t<a class=\"elementor-button elementor-button-link elementor-size-xs\" href=\"https:\/\/vetatwork-project.eu\/nl\/internal-obstacles\/\" target=\"_blank\">\n\t\t\t\t\t\t<span class=\"elementor-button-content-wrapper\">\n\t\t\t\t\t\t\t\t\t<span class=\"elementor-button-text\">Interne belemmeringen<\/span>\n\t\t\t\t\t<\/span>\n\t\t\t\t\t<\/a>\n\t\t<\/div>\n\t\t\t\t<\/div>\n\t\t\t\t<\/div>\n\t\t\t\t\t<\/div>\n\t\t<\/div>\n\t\t\t\t<div class=\"elementor-column elementor-col-33 elementor-top-column elementor-element elementor-element-cb47f7d\" data-id=\"cb47f7d\" data-element_type=\"column\">\n\t\t\t<div class=\"elementor-widget-wrap elementor-element-populated\">\n\t\t\t\t\t\t<div class=\"elementor-element elementor-element-d4276e9 elementor-widget elementor-widget-image\" data-id=\"d4276e9\" data-element_type=\"widget\" data-widget_type=\"image.default\">\n\t\t\t\t<div class=\"elementor-widget-container\">\n\t\t\t\t\t\t\t\t\t\t\t\t\t\t<a href=\"https:\/\/vetatwork-project.eu\/nl\/habitual-obstacles\/\" target=\"_blank\">\n\t\t\t\t\t\t\t<img decoding=\"async\" width=\"800\" height=\"800\" src=\"https:\/\/vetatwork-project.eu\/wp-content\/uploads\/2021\/09\/methodologies-banner-Vet@Work-woman@2.png\" class=\"attachment-large size-large wp-image-3016\" alt=\"methodologies habitual obstacles\" srcset=\"https:\/\/vetatwork-project.eu\/wp-content\/uploads\/2021\/09\/methodologies-banner-Vet@Work-woman@2.png 800w, https:\/\/vetatwork-project.eu\/wp-content\/uploads\/2021\/09\/methodologies-banner-Vet@Work-woman@2-300x300.png 300w, https:\/\/vetatwork-project.eu\/wp-content\/uploads\/2021\/09\/methodologies-banner-Vet@Work-woman@2-150x150.png 150w, https:\/\/vetatwork-project.eu\/wp-content\/uploads\/2021\/09\/methodologies-banner-Vet@Work-woman@2-768x768.png 768w\" sizes=\"(max-width: 800px) 100vw, 800px\" \/>\t\t\t\t\t\t\t\t<\/a>\n\t\t\t\t\t\t\t\t\t\t\t\t\t<\/div>\n\t\t\t\t<\/div>\n\t\t\t\t<div class=\"elementor-element elementor-element-7621a4d elementor-align-center elementor-widget elementor-widget-button\" data-id=\"7621a4d\" data-element_type=\"widget\" data-widget_type=\"button.default\">\n\t\t\t\t<div class=\"elementor-widget-container\">\n\t\t\t\t\t<div class=\"elementor-button-wrapper\">\n\t\t\t<a class=\"elementor-button elementor-button-link elementor-size-xs\" href=\"https:\/\/vetatwork-project.eu\/nl\/habitual-obstacles\/\" target=\"_blank\">\n\t\t\t\t\t\t<span class=\"elementor-button-content-wrapper\">\n\t\t\t\t\t\t\t\t\t<span class=\"elementor-button-text\">Gewoonte-obstakels<\/span>\n\t\t\t\t\t<\/span>\n\t\t\t\t\t<\/a>\n\t\t<\/div>\n\t\t\t\t<\/div>\n\t\t\t\t<\/div>\n\t\t\t\t\t<\/div>\n\t\t<\/div>\n\t\t\t\t\t<\/div>\n\t\t<\/section>\n\t\t\t\t<section class=\"elementor-section elementor-top-section elementor-element elementor-element-dfafbfe elementor-section-boxed elementor-section-height-default elementor-section-height-default\" data-id=\"dfafbfe\" data-element_type=\"section\">\n\t\t\t\t\t\t<div class=\"elementor-container elementor-column-gap-default\">\n\t\t\t\t\t<div class=\"elementor-column elementor-col-100 elementor-top-column elementor-element elementor-element-6ea6c5f\" data-id=\"6ea6c5f\" data-element_type=\"column\">\n\t\t\t<div class=\"elementor-widget-wrap elementor-element-populated\">\n\t\t\t\t\t\t<div class=\"elementor-element elementor-element-a997a4f elementor-widget elementor-widget-text-editor\" data-id=\"a997a4f\" data-element_type=\"widget\" data-widget_type=\"text-editor.default\">\n\t\t\t\t<div class=\"elementor-widget-container\">\n\t\t\t\t\t\t\t<p style=\"text-align: right;\"><strong><em>Coming together is the beginning<\/em><\/strong><\/p>\n<p style=\"text-align: right;\"><strong><em>Keeping together is progress<\/em><\/strong><\/p>\n<p style=\"text-align: right;\"><strong><em>Working together is success<\/em><\/strong><\/p>\n<p style=\"text-align: right;\"><em>Henry Ford, Industrialist and business magnate<\/em><\/p>\n\t\t\t\t\t\t<\/div>\n\t\t\t\t<\/div>\n\t\t\t\t\t<\/div>\n\t\t<\/div>\n\t\t\t\t\t<\/div>\n\t\t<\/section>\n\t\t\t\t<\/div>\n\t\t","protected":false},"excerpt":{"rendered":"<p>Obstakels; moeilijk te overwinnen, maar noodzakelijk voor vooruitgang Zelfs als je een duidelijke visie hebt en kunt verwoorden wat je wilt bereiken, is de kans groot dat je obstakels tegenkomt bij het opzetten van een samenwerking tussen beroepsonderwijs en werk. Laat je niet tegenhouden door je obstakels! Zie ze als een manier om de kwaliteit [&hellip;]<\/p>\n","protected":false},"author":3,"featured_media":0,"parent":0,"menu_order":0,"comment_status":"closed","ping_status":"closed","template":"","meta":{"site-sidebar-layout":"no-sidebar","site-content-layout":"page-builder","ast-site-content-layout":"","site-content-style":"default","site-sidebar-style":"default","ast-global-header-display":"","ast-banner-title-visibility":"","ast-main-header-display":"","ast-hfb-above-header-display":"","ast-hfb-below-header-display":"","ast-hfb-mobile-header-display":"","site-post-title":"disabled","ast-breadcrumbs-content":"","ast-featured-img":"disabled","footer-sml-layout":"","theme-transparent-header-meta":"","adv-header-id-meta":"","stick-header-meta":"","header-above-stick-meta":"","header-main-stick-meta":"","header-below-stick-meta":"","astra-migrate-meta-layouts":"default","ast-page-background-enabled":"default","ast-page-background-meta":{"desktop":{"background-color":"","background-image":"","background-repeat":"repeat","background-position":"center center","background-size":"auto","background-attachment":"scroll","background-type":"","background-media":"","overlay-type":"","overlay-color":"","overlay-opacity":"","overlay-gradient":""},"tablet":{"background-color":"","background-image":"","background-repeat":"repeat","background-position":"center center","background-size":"auto","background-attachment":"scroll","background-type":"","background-media":"","overlay-type":"","overlay-color":"","overlay-opacity":"","overlay-gradient":""},"mobile":{"background-color":"","background-image":"","background-repeat":"repeat","background-position":"center center","background-size":"auto","background-attachment":"scroll","background-type":"","background-media":"","overlay-type":"","overlay-color":"","overlay-opacity":"","overlay-gradient":""}},"ast-content-background-meta":{"desktop":{"background-color":"var(--ast-global-color-5)","background-image":"","background-repeat":"repeat","background-position":"center center","background-size":"auto","background-attachment":"scroll","background-type":"","background-media":"","overlay-type":"","overlay-color":"","overlay-opacity":"","overlay-gradient":""},"tablet":{"background-color":"var(--ast-global-color-5)","background-image":"","background-repeat":"repeat","background-position":"center center","background-size":"auto","background-attachment":"scroll","background-type":"","background-media":"","overlay-type":"","overlay-color":"","overlay-opacity":"","overlay-gradient":""},"mobile":{"background-color":"var(--ast-global-color-5)","background-image":"","background-repeat":"repeat","background-position":"center center","background-size":"auto","background-attachment":"scroll","background-type":"","background-media":"","overlay-type":"","overlay-color":"","overlay-opacity":"","overlay-gradient":""}},"footnotes":""},"class_list":["post-4775","page","type-page","status-publish","hentry"],"_links":{"self":[{"href":"https:\/\/vetatwork-project.eu\/nl\/wp-json\/wp\/v2\/pages\/4775","targetHints":{"allow":["GET"]}}],"collection":[{"href":"https:\/\/vetatwork-project.eu\/nl\/wp-json\/wp\/v2\/pages"}],"about":[{"href":"https:\/\/vetatwork-project.eu\/nl\/wp-json\/wp\/v2\/types\/page"}],"author":[{"embeddable":true,"href":"https:\/\/vetatwork-project.eu\/nl\/wp-json\/wp\/v2\/users\/3"}],"replies":[{"embeddable":true,"href":"https:\/\/vetatwork-project.eu\/nl\/wp-json\/wp\/v2\/comments?post=4775"}],"version-history":[{"count":7,"href":"https:\/\/vetatwork-project.eu\/nl\/wp-json\/wp\/v2\/pages\/4775\/revisions"}],"predecessor-version":[{"id":5115,"href":"https:\/\/vetatwork-project.eu\/nl\/wp-json\/wp\/v2\/pages\/4775\/revisions\/5115"}],"wp:attachment":[{"href":"https:\/\/vetatwork-project.eu\/nl\/wp-json\/wp\/v2\/media?parent=4775"}],"curies":[{"name":"wp","href":"https:\/\/api.w.org\/{rel}","templated":true}]}}