{"id":4585,"date":"2022-01-05T16:01:06","date_gmt":"2022-01-05T14:01:06","guid":{"rendered":"https:\/\/vetatwork-project.eu\/adferd-12-ad-fagna-arangri\/"},"modified":"2022-01-05T19:54:22","modified_gmt":"2022-01-05T17:54:22","slug":"adferd-12-ad-fagna-arangri","status":"publish","type":"page","link":"https:\/\/vetatwork-project.eu\/is\/adferd-12-ad-fagna-arangri\/","title":{"rendered":"A\u00f0fer\u00f0 12.A\u00f0 fagna \u00e1rangri"},"content":{"rendered":"\t\t<div data-elementor-type=\"wp-page\" data-elementor-id=\"4585\" class=\"elementor elementor-4585 elementor-972\" data-elementor-post-type=\"page\">\n\t\t\t\t\t\t<section class=\"elementor-section elementor-top-section elementor-element elementor-element-91219c4 elementor-section-boxed elementor-section-height-default elementor-section-height-default\" data-id=\"91219c4\" data-element_type=\"section\">\n\t\t\t\t\t\t<div class=\"elementor-container elementor-column-gap-default\">\n\t\t\t\t\t<div class=\"elementor-column elementor-col-100 elementor-top-column elementor-element elementor-element-c178b30\" data-id=\"c178b30\" data-element_type=\"column\">\n\t\t\t<div class=\"elementor-widget-wrap elementor-element-populated\">\n\t\t\t\t\t\t<div class=\"elementor-element elementor-element-b63c03c elementor-widget elementor-widget-spacer\" data-id=\"b63c03c\" data-element_type=\"widget\" data-widget_type=\"spacer.default\">\n\t\t\t\t<div class=\"elementor-widget-container\">\n\t\t\t\t\t<div class=\"elementor-spacer\">\n\t\t\t<div class=\"elementor-spacer-inner\"><\/div>\n\t\t<\/div>\n\t\t\t\t<\/div>\n\t\t\t\t<\/div>\n\t\t\t\t<div class=\"elementor-element elementor-element-23e8aca elementor-widget elementor-widget-text-editor\" data-id=\"23e8aca\" data-element_type=\"widget\" data-widget_type=\"text-editor.default\">\n\t\t\t\t<div class=\"elementor-widget-container\">\n\t\t\t\t\t\t\t<p>A\u00f0fer\u00f0 12: A\u00f0 fagna \u00e1rangri<\/p>\n\t\t\t\t\t\t<\/div>\n\t\t\t\t<\/div>\n\t\t\t\t<div class=\"elementor-element elementor-element-c2bbb2a elementor-widget elementor-widget-spacer\" data-id=\"c2bbb2a\" data-element_type=\"widget\" data-widget_type=\"spacer.default\">\n\t\t\t\t<div class=\"elementor-widget-container\">\n\t\t\t\t\t<div class=\"elementor-spacer\">\n\t\t\t<div class=\"elementor-spacer-inner\"><\/div>\n\t\t<\/div>\n\t\t\t\t<\/div>\n\t\t\t\t<\/div>\n\t\t\t\t\t<\/div>\n\t\t<\/div>\n\t\t\t\t\t<\/div>\n\t\t<\/section>\n\t\t\t\t<section class=\"elementor-section elementor-top-section elementor-element elementor-element-cce29c7 elementor-section-boxed elementor-section-height-default elementor-section-height-default\" data-id=\"cce29c7\" data-element_type=\"section\">\n\t\t\t\t\t\t<div class=\"elementor-container elementor-column-gap-default\">\n\t\t\t\t\t<div class=\"elementor-column elementor-col-50 elementor-top-column elementor-element elementor-element-9cf7c0c\" data-id=\"9cf7c0c\" data-element_type=\"column\">\n\t\t\t<div class=\"elementor-widget-wrap elementor-element-populated\">\n\t\t\t\t\t\t<div class=\"elementor-element elementor-element-8ed89db elementor-widget elementor-widget-text-editor\" data-id=\"8ed89db\" data-element_type=\"widget\" data-widget_type=\"text-editor.default\">\n\t\t\t\t<div class=\"elementor-widget-container\">\n\t\t\t\t\t\t\t<p>Fagni\u00f0 \u00fev\u00ed a\u00f0 n\u00e1 \u00e1rangri og n\u00e1 markmi\u00f0um.<\/p>\n\t\t\t\t\t\t<\/div>\n\t\t\t\t<\/div>\n\t\t\t\t<div class=\"elementor-element elementor-element-e0ebd1e elementor-widget elementor-widget-text-editor\" data-id=\"e0ebd1e\" data-element_type=\"widget\" data-widget_type=\"text-editor.default\">\n\t\t\t\t<div class=\"elementor-widget-container\">\n\t\t\t\t\t\t\t<p style=\"text-align: justify;\">Allt samstarf gr\u00e6\u00f0ir \u00e1 uppbyggilegri og j\u00e1kv\u00e6\u00f0ri gagnr\u00fdni.\u00a0 Samstarfi\u00f0 n\u00e6r ekki alltaf \u00f6llum markmi\u00f0um r\u00e9ttum en \u00fea\u00f0 er mikilv\u00e6gt a\u00f0 horfa \u00e1 \u00fea\u00f0 sem er j\u00e1kv\u00e6tt og hr\u00f3sa og styrkja \u00feannig vinnubr\u00f6g\u00f0in.\u00a0 Hr\u00f3s og j\u00e1kv\u00e6\u00f0 styrking hj\u00e1lpar vi\u00f0 a\u00f0 byggja upp sj\u00e1lfstraust og h\u00e6fni hj\u00e1 \u00feeim sem eru hluti af starfsn\u00e1mskerfinu.\u00a0 \u00deegar veri\u00f0 er a\u00f0 byrja a\u00f0 klifra upp tr\u00f6ppur \u00ed samstarfi getur sm\u00e1 a\u00f0sto\u00f0 og hvatning stu\u00f0la\u00f0 a\u00f0 \u00fev\u00ed a\u00f0 vi\u00f0 f\u00e6rumst \u00ed r\u00e9tta \u00e1tt.<\/p>\n<p style=\"text-align: justify;\">Vi\u00f0 \u00feurfum v\u00f6r\u00f0ur til a\u00f0 mi\u00f0a vi\u00f0 \u00feegar vi\u00f0 viljum vi\u00f0urkenna g\u00f3\u00f0a vinnu.<\/p>\n\t\t\t\t\t\t<\/div>\n\t\t\t\t<\/div>\n\t\t\t\t\t<\/div>\n\t\t<\/div>\n\t\t\t\t<div class=\"elementor-column elementor-col-50 elementor-top-column elementor-element elementor-element-b945f3a\" data-id=\"b945f3a\" data-element_type=\"column\">\n\t\t\t<div class=\"elementor-widget-wrap elementor-element-populated\">\n\t\t\t\t\t\t<div class=\"elementor-element elementor-element-c6b6d13 elementor-widget elementor-widget-image\" data-id=\"c6b6d13\" data-element_type=\"widget\" data-widget_type=\"image.default\">\n\t\t\t\t<div class=\"elementor-widget-container\">\n\t\t\t\t\t\t\t\t\t\t\t\t\t<img fetchpriority=\"high\" decoding=\"async\" width=\"1024\" height=\"538\" src=\"https:\/\/vetatwork-project.eu\/wp-content\/uploads\/2021\/09\/celebrate-success-2-1024x538.jpg\" class=\"attachment-large size-large wp-image-3159\" alt=\"cases celebrating success\" srcset=\"https:\/\/vetatwork-project.eu\/wp-content\/uploads\/2021\/09\/celebrate-success-2-1024x538.jpg 1024w, https:\/\/vetatwork-project.eu\/wp-content\/uploads\/2021\/09\/celebrate-success-2-300x158.jpg 300w, https:\/\/vetatwork-project.eu\/wp-content\/uploads\/2021\/09\/celebrate-success-2-768x403.jpg 768w, https:\/\/vetatwork-project.eu\/wp-content\/uploads\/2021\/09\/celebrate-success-2.jpg 1200w\" sizes=\"(max-width: 1024px) 100vw, 1024px\" \/>\t\t\t\t\t\t\t\t\t\t\t\t\t<\/div>\n\t\t\t\t<\/div>\n\t\t\t\t\t<\/div>\n\t\t<\/div>\n\t\t\t\t\t<\/div>\n\t\t<\/section>\n\t\t\t\t<section class=\"elementor-section elementor-top-section elementor-element elementor-element-08abc57 elementor-hidden-desktop elementor-hidden-tablet elementor-hidden-mobile elementor-section-boxed elementor-section-height-default elementor-section-height-default\" data-id=\"08abc57\" data-element_type=\"section\">\n\t\t\t\t\t\t<div class=\"elementor-container elementor-column-gap-default\">\n\t\t\t\t\t<div class=\"elementor-column elementor-col-100 elementor-top-column elementor-element elementor-element-529d5c5\" data-id=\"529d5c5\" data-element_type=\"column\">\n\t\t\t<div class=\"elementor-widget-wrap elementor-element-populated\">\n\t\t\t\t\t\t<div class=\"elementor-element elementor-element-46b47c3 elementor-widget elementor-widget-spacer\" data-id=\"46b47c3\" data-element_type=\"widget\" data-widget_type=\"spacer.default\">\n\t\t\t\t<div class=\"elementor-widget-container\">\n\t\t\t\t\t<div class=\"elementor-spacer\">\n\t\t\t<div class=\"elementor-spacer-inner\"><\/div>\n\t\t<\/div>\n\t\t\t\t<\/div>\n\t\t\t\t<\/div>\n\t\t\t\t<div class=\"elementor-element elementor-element-56eb148 elementor-widget elementor-widget-text-editor\" data-id=\"56eb148\" data-element_type=\"widget\" data-widget_type=\"text-editor.default\">\n\t\t\t\t<div class=\"elementor-widget-container\">\n\t\t\t\t\t\t\t<p>Examples of Celebrating Success that have been biloted within VET@work<\/p>\n\t\t\t\t\t\t<\/div>\n\t\t\t\t<\/div>\n\t\t\t\t<div class=\"elementor-element elementor-element-13c75c2 elementor-widget elementor-widget-spacer\" data-id=\"13c75c2\" data-element_type=\"widget\" data-widget_type=\"spacer.default\">\n\t\t\t\t<div class=\"elementor-widget-container\">\n\t\t\t\t\t<div class=\"elementor-spacer\">\n\t\t\t<div class=\"elementor-spacer-inner\"><\/div>\n\t\t<\/div>\n\t\t\t\t<\/div>\n\t\t\t\t<\/div>\n\t\t\t\t<div class=\"elementor-element elementor-element-18b7275 elementor-widget elementor-widget-text-editor\" data-id=\"18b7275\" data-element_type=\"widget\" data-widget_type=\"text-editor.default\">\n\t\t\t\t<div class=\"elementor-widget-container\">\n\t\t\t\t\t\t\t<p>coming soon&#8230;<\/p>\n\t\t\t\t\t\t<\/div>\n\t\t\t\t<\/div>\n\t\t\t\t\t<\/div>\n\t\t<\/div>\n\t\t\t\t\t<\/div>\n\t\t<\/section>\n\t\t\t\t<section class=\"elementor-section elementor-top-section elementor-element elementor-element-9f01faf elementor-section-boxed elementor-section-height-default elementor-section-height-default\" data-id=\"9f01faf\" data-element_type=\"section\">\n\t\t\t\t\t\t<div class=\"elementor-container elementor-column-gap-default\">\n\t\t\t\t\t<div class=\"elementor-column elementor-col-100 elementor-top-column elementor-element elementor-element-cd301fd\" data-id=\"cd301fd\" data-element_type=\"column\">\n\t\t\t<div class=\"elementor-widget-wrap elementor-element-populated\">\n\t\t\t\t\t\t<div class=\"elementor-element elementor-element-ad57120 elementor-widget elementor-widget-spacer\" data-id=\"ad57120\" data-element_type=\"widget\" data-widget_type=\"spacer.default\">\n\t\t\t\t<div class=\"elementor-widget-container\">\n\t\t\t\t\t<div class=\"elementor-spacer\">\n\t\t\t<div class=\"elementor-spacer-inner\"><\/div>\n\t\t<\/div>\n\t\t\t\t<\/div>\n\t\t\t\t<\/div>\n\t\t\t\t\t<\/div>\n\t\t<\/div>\n\t\t\t\t\t<\/div>\n\t\t<\/section>\n\t\t\t\t<\/div>\n\t\t","protected":false},"excerpt":{"rendered":"<p>A\u00f0fer\u00f0 12: A\u00f0 fagna \u00e1rangri Fagni\u00f0 \u00fev\u00ed a\u00f0 n\u00e1 \u00e1rangri og n\u00e1 markmi\u00f0um. Allt samstarf gr\u00e6\u00f0ir \u00e1 uppbyggilegri og j\u00e1kv\u00e6\u00f0ri gagnr\u00fdni.\u00a0 Samstarfi\u00f0 n\u00e6r ekki alltaf \u00f6llum markmi\u00f0um r\u00e9ttum en \u00fea\u00f0 er mikilv\u00e6gt a\u00f0 horfa \u00e1 \u00fea\u00f0 sem er j\u00e1kv\u00e6tt og hr\u00f3sa og styrkja \u00feannig vinnubr\u00f6g\u00f0in.\u00a0 Hr\u00f3s og j\u00e1kv\u00e6\u00f0 styrking hj\u00e1lpar vi\u00f0 a\u00f0 byggja upp sj\u00e1lfstraust [&hellip;]<\/p>\n","protected":false},"author":3,"featured_media":3159,"parent":0,"menu_order":0,"comment_status":"closed","ping_status":"closed","template":"","meta":{"site-sidebar-layout":"no-sidebar","site-content-layout":"page-builder","ast-site-content-layout":"","site-content-style":"default","site-sidebar-style":"default","ast-global-header-display":"","ast-banner-title-visibility":"","ast-main-header-display":"","ast-hfb-above-header-display":"","ast-hfb-below-header-display":"","ast-hfb-mobile-header-display":"","site-post-title":"disabled","ast-breadcrumbs-content":"","ast-featured-img":"disabled","footer-sml-layout":"","theme-transparent-header-meta":"","adv-header-id-meta":"","stick-header-meta":"","header-above-stick-meta":"","header-main-stick-meta":"","header-below-stick-meta":"","astra-migrate-meta-layouts":"default","ast-page-background-enabled":"default","ast-page-background-meta":{"desktop":{"background-color":"","background-image":"","background-repeat":"repeat","background-position":"center center","background-size":"auto","background-attachment":"scroll","background-type":"","background-media":"","overlay-type":"","overlay-color":"","overlay-opacity":"","overlay-gradient":""},"tablet":{"background-color":"","background-image":"","background-repeat":"repeat","background-position":"center center","background-size":"auto","background-attachment":"scroll","background-type":"","background-media":"","overlay-type":"","overlay-color":"","overlay-opacity":"","overlay-gradient":""},"mobile":{"background-color":"","background-image":"","background-repeat":"repeat","background-position":"center center","background-size":"auto","background-attachment":"scroll","background-type":"","background-media":"","overlay-type":"","overlay-color":"","overlay-opacity":"","overlay-gradient":""}},"ast-content-background-meta":{"desktop":{"background-color":"var(--ast-global-color-5)","background-image":"","background-repeat":"repeat","background-position":"center center","background-size":"auto","background-attachment":"scroll","background-type":"","background-media":"","overlay-type":"","overlay-color":"","overlay-opacity":"","overlay-gradient":""},"tablet":{"background-color":"var(--ast-global-color-5)","background-image":"","background-repeat":"repeat","background-position":"center center","background-size":"auto","background-attachment":"scroll","background-type":"","background-media":"","overlay-type":"","overlay-color":"","overlay-opacity":"","overlay-gradient":""},"mobile":{"background-color":"var(--ast-global-color-5)","background-image":"","background-repeat":"repeat","background-position":"center center","background-size":"auto","background-attachment":"scroll","background-type":"","background-media":"","overlay-type":"","overlay-color":"","overlay-opacity":"","overlay-gradient":""}},"footnotes":""},"class_list":["post-4585","page","type-page","status-publish","has-post-thumbnail","hentry"],"_links":{"self":[{"href":"https:\/\/vetatwork-project.eu\/is\/wp-json\/wp\/v2\/pages\/4585","targetHints":{"allow":["GET"]}}],"collection":[{"href":"https:\/\/vetatwork-project.eu\/is\/wp-json\/wp\/v2\/pages"}],"about":[{"href":"https:\/\/vetatwork-project.eu\/is\/wp-json\/wp\/v2\/types\/page"}],"author":[{"embeddable":true,"href":"https:\/\/vetatwork-project.eu\/is\/wp-json\/wp\/v2\/users\/3"}],"replies":[{"embeddable":true,"href":"https:\/\/vetatwork-project.eu\/is\/wp-json\/wp\/v2\/comments?post=4585"}],"version-history":[{"count":8,"href":"https:\/\/vetatwork-project.eu\/is\/wp-json\/wp\/v2\/pages\/4585\/revisions"}],"predecessor-version":[{"id":4669,"href":"https:\/\/vetatwork-project.eu\/is\/wp-json\/wp\/v2\/pages\/4585\/revisions\/4669"}],"wp:featuredmedia":[{"embeddable":true,"href":"https:\/\/vetatwork-project.eu\/is\/wp-json\/wp\/v2\/media\/3159"}],"wp:attachment":[{"href":"https:\/\/vetatwork-project.eu\/is\/wp-json\/wp\/v2\/media?parent=4585"}],"curies":[{"name":"wp","href":"https:\/\/api.w.org\/{rel}","templated":true}]}}