{"id":4268,"date":"2022-01-03T14:58:04","date_gmt":"2022-01-03T12:58:04","guid":{"rendered":"https:\/\/vetatwork-project.eu\/kostir\/"},"modified":"2022-01-03T14:58:04","modified_gmt":"2022-01-03T12:58:04","slug":"kostir","status":"publish","type":"page","link":"https:\/\/vetatwork-project.eu\/is\/kostir\/","title":{"rendered":"Kostir"},"content":{"rendered":"\t\t<div data-elementor-type=\"wp-page\" data-elementor-id=\"4268\" class=\"elementor elementor-4268 elementor-628\" data-elementor-post-type=\"page\">\n\t\t\t\t\t\t<section class=\"elementor-section elementor-top-section elementor-element elementor-element-8b0b259 elementor-section-content-middle elementor-section-boxed elementor-section-height-default elementor-section-height-default\" data-id=\"8b0b259\" data-element_type=\"section\">\n\t\t\t\t\t\t<div class=\"elementor-container elementor-column-gap-default\">\n\t\t\t\t\t<div class=\"elementor-column elementor-col-50 elementor-top-column elementor-element elementor-element-72bd10b\" data-id=\"72bd10b\" data-element_type=\"column\">\n\t\t\t<div class=\"elementor-widget-wrap elementor-element-populated\">\n\t\t\t\t\t\t<div class=\"elementor-element elementor-element-e9ccc22 elementor-widget elementor-widget-text-editor\" data-id=\"e9ccc22\" data-element_type=\"widget\" data-widget_type=\"text-editor.default\">\n\t\t\t\t<div class=\"elementor-widget-container\">\n\t\t\t\t\t\t\t<p>Kostir<\/p>\n\t\t\t\t\t\t<\/div>\n\t\t\t\t<\/div>\n\t\t\t\t<div class=\"elementor-element elementor-element-24a751c elementor-widget elementor-widget-text-editor\" data-id=\"24a751c\" data-element_type=\"widget\" data-widget_type=\"text-editor.default\">\n\t\t\t\t<div class=\"elementor-widget-container\">\n\t\t\t\t\t\t\t<p><strong>Kynning<\/strong><\/p>\n<p>Eins og vi\u00f0 er a\u00f0 b\u00faast mun gagns\u00e6tt samstarf milli starfsmenntunara\u00f0ila og atvinnul\u00edfsins hafa j\u00e1kv\u00e6\u00f0 \u00e1hrif \u00e1 g\u00e6\u00f0i starfsmenntunar og f\u00e6rni\u00fer\u00f3un kennara, vinnuveitenda, starfsmentor og s\u00ed\u00f0ast en ekki s\u00edst nemenda.<\/p>\n\t\t\t\t\t\t<\/div>\n\t\t\t\t<\/div>\n\t\t\t\t<div class=\"elementor-element elementor-element-93c73fe elementor-widget elementor-widget-spacer\" data-id=\"93c73fe\" data-element_type=\"widget\" data-widget_type=\"spacer.default\">\n\t\t\t\t<div class=\"elementor-widget-container\">\n\t\t\t\t\t<div class=\"elementor-spacer\">\n\t\t\t<div class=\"elementor-spacer-inner\"><\/div>\n\t\t<\/div>\n\t\t\t\t<\/div>\n\t\t\t\t<\/div>\n\t\t\t\t\t<\/div>\n\t\t<\/div>\n\t\t\t\t<div class=\"elementor-column elementor-col-50 elementor-top-column elementor-element elementor-element-ec3b8b5\" data-id=\"ec3b8b5\" data-element_type=\"column\">\n\t\t\t<div class=\"elementor-widget-wrap elementor-element-populated\">\n\t\t\t\t\t\t<div class=\"elementor-element elementor-element-da7ba49 elementor-widget elementor-widget-image\" data-id=\"da7ba49\" data-element_type=\"widget\" data-widget_type=\"image.default\">\n\t\t\t\t<div class=\"elementor-widget-container\">\n\t\t\t\t\t\t\t\t\t\t\t\t\t<img fetchpriority=\"high\" decoding=\"async\" width=\"800\" height=\"800\" src=\"https:\/\/vetatwork-project.eu\/wp-content\/uploads\/2021\/09\/benefits-banner-Vet@Work@2.png\" class=\"attachment-full size-full wp-image-3023\" alt=\"benefits\" srcset=\"https:\/\/vetatwork-project.eu\/wp-content\/uploads\/2021\/09\/benefits-banner-Vet@Work@2.png 800w, https:\/\/vetatwork-project.eu\/wp-content\/uploads\/2021\/09\/benefits-banner-Vet@Work@2-300x300.png 300w, https:\/\/vetatwork-project.eu\/wp-content\/uploads\/2021\/09\/benefits-banner-Vet@Work@2-150x150.png 150w, https:\/\/vetatwork-project.eu\/wp-content\/uploads\/2021\/09\/benefits-banner-Vet@Work@2-768x768.png 768w\" sizes=\"(max-width: 800px) 100vw, 800px\" \/>\t\t\t\t\t\t\t\t\t\t\t\t\t<\/div>\n\t\t\t\t<\/div>\n\t\t\t\t\t<\/div>\n\t\t<\/div>\n\t\t\t\t\t<\/div>\n\t\t<\/section>\n\t\t\t\t<section class=\"elementor-section elementor-top-section elementor-element elementor-element-d6fc508 elementor-section-boxed elementor-section-height-default elementor-section-height-default\" data-id=\"d6fc508\" data-element_type=\"section\">\n\t\t\t\t\t\t<div class=\"elementor-container elementor-column-gap-default\">\n\t\t\t\t\t<div class=\"elementor-column elementor-col-100 elementor-top-column elementor-element elementor-element-fda7072\" data-id=\"fda7072\" data-element_type=\"column\">\n\t\t\t<div class=\"elementor-widget-wrap elementor-element-populated\">\n\t\t\t\t\t\t<div class=\"elementor-element elementor-element-8b15fa5 elementor-widget elementor-widget-text-editor\" data-id=\"8b15fa5\" data-element_type=\"widget\" data-widget_type=\"text-editor.default\">\n\t\t\t\t<div class=\"elementor-widget-container\">\n\t\t\t\t\t\t\t<p>\u00deegar meti\u00f0 var hva\u00f0a \u00e1hrif \u00feetta verkefni og VET@work handb\u00f3kin hefur haft og munu hafa \u00ed framt\u00ed\u00f0inni vi\u00f0 a\u00f0 styrkja skuldbindinguna spur\u00f0um vi\u00f0 okkur eftirfarandi:<br \/>\n1) Hefur okkur tekist a\u00f0 f\u00e1 \u00e6\u00f0stu stj\u00f3rnendur til a\u00f0 taka \u00fe\u00e1tt \u00ed og \u00fer\u00f3a framt\u00ed\u00f0ars\u00fdn um innlei\u00f0ingu samstarfs sk\u00f3la og vinnusta\u00f0a inn \u00ed n\u00faverandi stefnur og framt\u00ed\u00f0ars\u00fdn?<\/p>\n<p>2) Hvernig sty\u00f0ur handb\u00f3kin okkar og hvetur samstarf milli starfsmennta- og starfs\u00fej\u00e1lfunara\u00f0ila og kennara og vinnuveitenda og starfsmentora?<\/p>\n<p>3) Hefur okkur tekist a\u00f0 s\u00fdna fram \u00e1 hversu mikilv\u00e6gt \u00fea\u00f0 er a\u00f0 starfsn\u00e1mssk\u00f3lar og atvinnurekendur innlei\u00f0i stefnur, verklag og \u00farr\u00e6\u00f0i sem gera kleift og hvetja til samstarfs sk\u00f3la og vinnusta\u00f0a?<\/p>\n<p>\u00deegar kemur a\u00f0 \u00fev\u00ed a\u00f0 koma \u00e1 og styrkja n\u00faverandi samstarf, spur\u00f0um vi\u00f0 okkur eftirfarandi:<\/p>\n<p>1) Hvernig hj\u00e1lpar handb\u00f3kin okkar vi\u00f0 a\u00f0 skapa lei\u00f0ir til a\u00f0 innlei\u00f0a skilvirk og gagns\u00e6 samskipti milli vinnuveitenda og starfsmenntunara\u00f0ila?<\/p>\n<p>2) Hvernig getur handb\u00f3kin hj\u00e1lpa\u00f0 til vi\u00f0 a\u00f0 tryggja sj\u00e1lfb\u00e6rt og gott samstarf sem lei\u00f0ir til gr\u00f3\u00f0a fyrir alla?<\/p>\n<p>3) Hvernig \u00e1 a\u00f0 hj\u00e1lpa starfsn\u00e1mssk\u00f3lum og vinnuveitendum a\u00f0 meta vilja \u00feeirra til a\u00f0 vinna saman og koma \u00e1 samstarfi sem h\u00e6fir reynslu \u00feeirra af sl\u00edku samstarfi?<\/p>\n<p>\u00dea\u00f0 n\u00e6sta sem vi\u00f0 l\u00f6g\u00f0um \u00e1herslu \u00e1 var samvinna og vi\u00f0 spur\u00f0um okkur hvort vi\u00f0<br \/>\n1) n\u00e1\u00f0um a\u00f0 s\u00fdna fram \u00e1 mikilv\u00e6gi \u00feess a\u00f0 sam\u00fe\u00e6tta n\u00e1ms\u00e1\u00e6tlun\/n\u00e1mskr\u00e1 sem hefur veri\u00f0 samin, skipul\u00f6g\u00f0 og a\u00f0l\u00f6gu\u00f0 \u00ed samvinnu og sem hentar \u00fe\u00f6rfum allra a\u00f0ila;<br \/>\n2) g\u00e1tum s\u00fdnt fram \u00e1 mikilv\u00e6gi \u00feess a\u00f0 ganga \u00far skugga um a\u00f0 allir a\u00f0ilar hafi sameiginlegan skilning \u00e1 n\u00e1msmarkmi\u00f0um og skilgreiningum\/hugt\u00f6kum sem notu\u00f0 eru \u00ed samstarfinu og<\/p>\n<p>3) h\u00f6fum a\u00f0sto\u00f0a\u00f0 starfsn\u00e1mssk\u00f3la og atvinnurekendur vi\u00f0 n\u00fdsk\u00f6pun \u00ed samstarfi, samskiptum og samstarfi og auka \u00feannig g\u00e6\u00f0i starfsmenntunar?<\/p>\n<p>Loka\u00e1herslan var \u00e1 a\u00f0 fagna og meta hvernig<br \/>\n1) samstarf sk\u00f3la og vinnusta\u00f0a hj\u00e1lpar nemendum a\u00f0 n\u00e1 skammt\u00edma-, mi\u00f0lungs- og langt\u00edmamarkmi\u00f0um \u00e1 \u00feann h\u00e1tt sem gerir umskipti fr\u00e1 starfsmenntun yfir \u00ed atvinnul\u00edfi\u00f0 au\u00f0veldari,<\/p>\n<p>2) \u00fea\u00f0 a\u00f0 uppl\u00fdsa um g\u00f3\u00f0 d\u00e6mi um starfsvenjur gat gefi\u00f0 af s\u00e9r sendiherra samstarfs sem munu hj\u00e1lpa til vi\u00f0 a\u00f0 gera VET meira a\u00f0la\u00f0andi og<br \/>\n3) samstarf sk\u00f3la og vinnusta\u00f0a mun veita nemendum b\u00e6tta starfsm\u00f6guleika og st\u00f6\u00f0uga faglega \u00fer\u00f3un.<\/p>\n\t\t\t\t\t\t<\/div>\n\t\t\t\t<\/div>\n\t\t\t\t<div class=\"elementor-element elementor-element-926ec4f elementor-tabs-alignment-stretch elementor-tabs-view-horizontal elementor-widget elementor-widget-tabs\" data-id=\"926ec4f\" data-element_type=\"widget\" data-widget_type=\"tabs.default\">\n\t\t\t\t<div class=\"elementor-widget-container\">\n\t\t\t\t\t<div class=\"elementor-tabs\">\n\t\t\t<div class=\"elementor-tabs-wrapper\" role=\"tablist\" >\n\t\t\t\t\t\t\t\t\t<div id=\"elementor-tab-title-1531\" class=\"elementor-tab-title elementor-tab-desktop-title\" aria-selected=\"true\" data-tab=\"1\" role=\"tab\" tabindex=\"0\" aria-controls=\"elementor-tab-content-1531\" aria-expanded=\"false\">J\u00e1kv\u00e6\u00f0 \u00e1hrif VET@work verkefnisins<\/div>\n\t\t\t\t\t\t\t\t\t<div id=\"elementor-tab-title-1532\" class=\"elementor-tab-title elementor-tab-desktop-title\" aria-selected=\"false\" data-tab=\"2\" role=\"tab\" tabindex=\"-1\" aria-controls=\"elementor-tab-content-1532\" aria-expanded=\"false\">L\u00edkleg \u00e1hrif af samstarfi sk\u00f3la og vinnusta\u00f0a<\/div>\n\t\t\t\t\t\t\t<\/div>\n\t\t\t<div class=\"elementor-tabs-content-wrapper\" role=\"tablist\" aria-orientation=\"vertical\">\n\t\t\t\t\t\t\t\t\t<div class=\"elementor-tab-title elementor-tab-mobile-title\" aria-selected=\"true\" data-tab=\"1\" role=\"tab\" tabindex=\"0\" aria-controls=\"elementor-tab-content-1531\" aria-expanded=\"false\">J\u00e1kv\u00e6\u00f0 \u00e1hrif VET@work verkefnisins<\/div>\n\t\t\t\t\t<div id=\"elementor-tab-content-1531\" class=\"elementor-tab-content elementor-clearfix\" data-tab=\"1\" role=\"tabpanel\" aria-labelledby=\"elementor-tab-title-1531\" tabindex=\"0\" hidden=\"false\"><p style=\"text-align: justify;\">Verkefni\u00f0 hefur skila\u00f0 m\u00f6rgum j\u00e1kv\u00e6\u00f0um till\u00f6gum fyrir okkur sem h\u00f6fum teki\u00f0 \u00fe\u00e1tt \u00ed \u00feessu verkefni og h\u00f6fum fengi\u00f0 t\u00e6kif\u00e6ri til a\u00f0 pr\u00f3fa og innlei\u00f0a g\u00f3\u00f0ar a\u00f0fer\u00f0ir sem l\u00fdst er \u00ed a\u00f0fer\u00f0afr\u00e6\u00f0ikaflanum.<\/p>\n<p style=\"text-align: justify;\">\u00cd fyrsta lagi hefur gagns\u00e6 og sj\u00e1lfb\u00e6r samvinna gert okkur kleift a\u00f0 b\u00faa til og pr\u00f3fa hugmyndir. Sumt hefur gengi\u00f0 betur en anna\u00f0, en allar hugmyndir og pr\u00f3fanir hafa hj\u00e1lpa\u00f0 okkur a\u00f0 vaxa og ver\u00f0a betri \u00ed samskiptum, samvinnu, samstarfi og a\u00f0 meta kosti samstarfsins.\u00a0 Vi\u00f0 h\u00f6fum l\u00e6rt hvernig \u00e1 a\u00f0 kynna hugmyndina um samstarf sk\u00f3la og vinnusta\u00f0a og hva\u00f0a hindrunum vi\u00f0 erum l\u00edkleg til a\u00f0 m\u00e6ta. A\u00f0 vita um hindranir mun hj\u00e1lpa okkur a\u00f0 sigrast \u00e1 \u00feeim og gera okkur betur \u00ed stakk b\u00fain til a\u00f0 takast \u00e1 vi\u00f0 \u00fe\u00e6r.<\/p>\n<p style=\"text-align: justify;\">Vi\u00f0 erum miklu \u00f6ruggari um hvernig eigi a\u00f0 n\u00e1lgast starfsmenntask\u00f3la og vinnuveitendur. Vi\u00f0 vitum hversu mikilv\u00e6gt \u00fea\u00f0 er a\u00f0 vera opinsk\u00e1 um \u00fea\u00f0 sem vi\u00f0 viljum f\u00e1 fram og tryggja a\u00f0 vi\u00f0 skiljum hugt\u00f6kin og vi\u00f0fangsefnin sem vi\u00f0 erum a\u00f0 fara a\u00f0 takast \u00e1 vi\u00f0 \u00e1 sama h\u00e1tt. Vi\u00f0 h\u00f6fum b\u00e6tt samskiptaf\u00e6rni okkar og l\u00e6rt a\u00f0 vi\u00f0 ver\u00f0um a\u00f0 leggja okkur fram um a\u00f0 tryggja a\u00f0 vi\u00f0 skiljum hugt\u00f6kin sem notu\u00f0 eru \u00e1 sama h\u00e1tt. \u00dea\u00f0 a\u00f0 tryggja a\u00f0 vi\u00f0 t\u00f6lum \u201esama\u201c tungum\u00e1li\u00f0 mun auka viljann til samstarfs og \u00fea\u00f0 mun skila s\u00e9r \u00ed fleiri og b\u00e6ttum t\u00e6kif\u00e6rum til samstarfs.<\/p>\n<p style=\"text-align: justify;\">Eitt af mikilv\u00e6gustu \u00e1hrifunum er a\u00f0 VET@work verkefni\u00f0 hefur hj\u00e1lpa\u00f0 starfsn\u00e1mssk\u00f3lum og kennurum a\u00f0 meta betur \u00fe\u00e1 f\u00e6rni og \u00feekkingu sem er til sta\u00f0ar \u00ed fyrirt\u00e6kjunum. \u00deeir hafa or\u00f0i\u00f0 betri \u00ed a\u00f0 meta \u00e1vinninginn og vinninginn af samstarfi og mi\u00f0la \u00feessum \u00e1vinningi til annarra sem koma beint og\/e\u00f0a \u00f3beint a\u00f0 m\u00e1lum. \u00dea\u00f0 hefur einnig gefi\u00f0 vinnuveitendum inns\u00fdn \u00ed starfsmenntun og auki\u00f0 vi\u00f0urkenningu \u00e1 verkn\u00e1mi og \u00feess veruleika sem starfsmenntun er (oft) a\u00f0 gl\u00edma vi\u00f0. Aukinn skilningur og \u00feakkl\u00e6ti hefur hj\u00e1lpa\u00f0 til vi\u00f0 a\u00f0 b\u00e6ta samskipti og byggja upp tengsl sem byggjast \u00e1 trausti, vir\u00f0ingu og skilningi. \u00deetta mun aftur hafa j\u00e1kv\u00e6\u00f0 \u00e1hrif \u00e1 g\u00e6\u00f0i samstarfs og f\u00e6rni\u00fer\u00f3un.<\/p>\n<p style=\"text-align: justify;\">Vi\u00f0 t\u00f3kum l\u00edka eftir \u00fev\u00ed a\u00f0 \u00feegar traust og vir\u00f0ing eykst, \u00fe\u00e1 eykst tilfinningin fyrir valdeflingu! Vinnuveitendur, starfsmentorar, kennarar og stj\u00f3rnendur starfsn\u00e1mssk\u00f3la ver\u00f0a sterkari og vilja gera meira, \u00fea\u00f0 lei\u00f0ir af s\u00e9r j\u00e1kv\u00e6\u00f0 \u00e1hrif sem skila s\u00e9r \u00ed betri samskiptum og d\u00fdpri samvinnu og\u00a0 samstarfi. Vinnuveitendur f\u00e1 a\u00f0 fylgjast me\u00f0 fj\u00f6lm\u00f6rgum nemendum og f\u00e1 t\u00e6kif\u00e6ri til a\u00f0 velja \u00fe\u00e1 sem henta best inn \u00ed fyrirt\u00e6ki \u00feeirra. Til a\u00f0 vitna \u00ed einn af vinnuveitendum sem r\u00e6tt var vi\u00f0 \u00e1 einum fj\u00f6l\u00fej\u00f3\u00f0legum fundi: \u201eNemandi er kannski ekki besti nemandinn, h\u00fan \/ hann er kannski ekki sterkasti nemandinn en samstarf mun hj\u00e1lpa m\u00e9r a\u00f0 sj\u00e1 hva\u00f0a nemandi hentar m\u00e9r best, starfsm\u00f6nnum m\u00ednum og fyrirt\u00e6ki m\u00ednu. \u201d \u00deetta mun lei\u00f0a til \u00feess a\u00f0 fleiri nemendur geta fengi\u00f0 starf \u00e1 me\u00f0an \u00feeir eru enn \u00ed n\u00e1mi og \u00ed m\u00f6rgum tilfellum er h\u00e6gt a\u00f0 bj\u00f3\u00f0a nemendum upp \u00e1 n\u00e1mssamning \u00e1 me\u00f0an \u00feeir stunda n\u00e1m \u00ed sk\u00f3la.<\/p>\n<p style=\"text-align: justify;\">Fyrir okkur hefur VET@work verkefni\u00f0 gefi\u00f0 t\u00e6kif\u00e6ri til a\u00f0 byggja upp sameiginlega s\u00fdn um auki\u00f0 samstarf. \u00dea\u00f0 hefur gefi\u00f0 okkur sj\u00e1lfstraust til a\u00f0 sko\u00f0a n\u00fdjar hugmyndir og deila \u00feessum hugmyndum me\u00f0 \u00f6\u00f0rum (vinnuveitendum, starfsm\u00f6nnum, starfsmentorum, starfsmenntunara\u00f0ilum, kennurum, nemendum og svo frv.). \u00dea\u00f0 hefur gert okkur kleift a\u00f0 velta fyrir okkur hvernig vi\u00f0 vinnum, hverju vi\u00f0 viljum n\u00e1 og hvernig vi\u00f0 getum n\u00e1\u00f0 \u00feessu me\u00f0 samstarfi sk\u00f3la og vinnusta\u00f0a. Verkefni\u00f0 hefur gert okkur kleift a\u00f0 b\u00e6ta samskipti, samvinnu og samvinnuf\u00e6rni okkar og \u00fea\u00f0 hefur s\u00fdnt okkur hversu mikilv\u00e6gt \u00fea\u00f0 er a\u00f0 deila og fagna velgengni. \u00dea\u00f0 hefur auki\u00f0 me\u00f0vitund um a\u00f0 jafnvel \u00fe\u00f3tt starfsmenntun og samvinna um starfsn\u00e1m krefjist peninga mun \u00fea\u00f0 koma til baka me\u00f0 v\u00f6xtum!<\/p>\n<p style=\"text-align: justify;\">Vi\u00f0 erum l\u00edka me\u00f0vitu\u00f0 um a\u00f0 ekki allar a\u00f0fer\u00f0ir henta \u00f6llum! Ef okkur hefur tekist a\u00f0 hvetja til og sty\u00f0ja innlei\u00f0ingu einnar a\u00f0fer\u00f0afr\u00e6\u00f0i fyrir samstarf milli eins vinnuveitanda og eins starfsmenntunara\u00f0ila h\u00f6fum vi\u00f0 haft \u00e1hrif! \u00c1hrif sem munu l\u00edklega lei\u00f0a til frekara samstarfs.<\/p>\n<\/div>\n\t\t\t\t\t\t\t\t\t<div class=\"elementor-tab-title elementor-tab-mobile-title\" aria-selected=\"false\" data-tab=\"2\" role=\"tab\" tabindex=\"-1\" aria-controls=\"elementor-tab-content-1532\" aria-expanded=\"false\">L\u00edkleg \u00e1hrif af samstarfi sk\u00f3la og vinnusta\u00f0a<\/div>\n\t\t\t\t\t<div id=\"elementor-tab-content-1532\" class=\"elementor-tab-content elementor-clearfix\" data-tab=\"2\" role=\"tabpanel\" aria-labelledby=\"elementor-tab-title-1532\" tabindex=\"0\" hidden=\"hidden\"><p style=\"text-align: justify;\">Hva\u00f0a \u00e1hrifa m\u00e1 b\u00faast vi\u00f0 ef \u00fe\u00fa setur upp samstarf eins og l\u00fdst er \u00ed \u00feessari handb\u00f3k? \u00cd fyrsta lagi muntu f\u00e1 meiri og d\u00fdpri skilning \u00e1 \u00fev\u00ed sem atvinnugreinin getur bo\u00f0i\u00f0 starfsn\u00e1mssk\u00f3lunum upp \u00e1 og \u00f6fugt. \u00de\u00fa munt sj\u00e1 kostina fyrir b\u00e1\u00f0a \/ alla a\u00f0ila og \u00fe\u00fa munt geta eflt starfsmenntunina og n\u00e1\u00f0 meiri f\u00e6rni allra hluta\u00f0eigandi. Nemendum mun finnast menntun og n\u00e1m meira krefjandi og gefandi sem mun gera starfsmenntun a\u00f0 a\u00f0la\u00f0andi valkosti fyrir nemendur.<\/p>\n<p style=\"text-align: justify;\">Nemendur f\u00e1 betri t\u00e6kif\u00e6ri til a\u00f0 kynna s\u00e9r til hvers er \u00e6tlast af \u00feeim \u00feegar \u00feeir koma \u00fat \u00ed atvinnul\u00edfi\u00f0, \u00feeir \u00f6\u00f0last og \u00fer\u00f3a f\u00e6rni sem n\u00fdtist \u00feeim og atvinnul\u00edfinu. Skilningur kennara \u00e1 vinnumarka\u00f0i og atvinnul\u00edfi ver\u00f0ur uppf\u00e6r\u00f0ur. Kennsluf\u00e6rni \u00feeirra ver\u00f0ur betur a\u00f0l\u00f6gu\u00f0 \u00fe\u00f6rfum 21. aldarinnar og \u00feeir ver\u00f0a betri kennarar og lei\u00f0beinendur fyrir nemendur sem eru a\u00f0 fara \u00fat \u00ed atvinnul\u00edfi\u00f0.<\/p>\n<p style=\"text-align: justify;\">Nemendur munu geta l\u00e6rt b\u00e6\u00f0i af kennurum, vinnuveitendum og starfsm\u00f6nnum. \u00deeir munu \u00f6\u00f0last raunh\u00e6fan skilning \u00e1 atvinnul\u00edfinu og til hvers er \u00e6tlast af \u00feeim \u00feegar \u00feeir koma \u00fat \u00ed atvinnul\u00edfi\u00f0 sem laun\u00feegar\/atvinnurekendur.<\/p>\n<p style=\"text-align: justify;\">Bili\u00f0 milli starfsn\u00e1mssk\u00f3lanna og vinnuveitenda mun hverfa og vegna b\u00e6ttrar samvinnu sem byggir \u00e1 gagns\u00e6jum samskiptum mun starfsmenntun ver\u00f0a sveigjanlegri \u00fear sem vinnuveitandi og starfsn\u00e1mssk\u00f3lar starfa hli\u00f0 vi\u00f0 hli\u00f0 a\u00f0 \u00fe\u00f6rfum nemandans. N\u00e1msg\u00f6gn ver\u00f0a \u00fer\u00f3u\u00f0 og \u00fatf\u00e6r\u00f0 saman og h\u00e1\u00fer\u00f3a\u00f0ri \u00feekkingu ver\u00f0ur mi\u00f0la\u00f0 til sk\u00f3lans. S\u00e9rh\u00e6f\u00f0ara n\u00e1m sem byggir \u00e1 \u00fe\u00f6rfum samf\u00e9lagsins mun ver\u00f0a m\u00f6guleiki og mun gefa nemendum t\u00e6kif\u00e6ri til a\u00f0 l\u00e6ra um n\u00fdjustu starfsh\u00e6tti. \u00dea\u00f0 mun hvetja til og gera kleift a\u00f0 innlei\u00f0a heildar n\u00e1lgun \u00e1 starfsmenntun og b\u00e6ta or\u00f0spor sk\u00f3lans og vinnuveitenda. \u00dea\u00f0 mun einnig skila s\u00e9r \u00ed h\u00e6fara starfsf\u00f3lki og \u00e1n\u00e6g\u00f0ari kennurum, nemendum, starfsm\u00f6nnum og vinnuveitendum.<\/p>\n<\/div>\n\t\t\t\t\t\t\t<\/div>\n\t\t<\/div>\n\t\t\t\t<\/div>\n\t\t\t\t<\/div>\n\t\t\t\t<div class=\"elementor-element elementor-element-44e46bc elementor-widget elementor-widget-spacer\" data-id=\"44e46bc\" data-element_type=\"widget\" data-widget_type=\"spacer.default\">\n\t\t\t\t<div class=\"elementor-widget-container\">\n\t\t\t\t\t<div class=\"elementor-spacer\">\n\t\t\t<div class=\"elementor-spacer-inner\"><\/div>\n\t\t<\/div>\n\t\t\t\t<\/div>\n\t\t\t\t<\/div>\n\t\t\t\t\t<\/div>\n\t\t<\/div>\n\t\t\t\t\t<\/div>\n\t\t<\/section>\n\t\t\t\t<\/div>\n\t\t","protected":false},"excerpt":{"rendered":"<p>Kostir Kynning Eins og vi\u00f0 er a\u00f0 b\u00faast mun gagns\u00e6tt samstarf milli starfsmenntunara\u00f0ila og atvinnul\u00edfsins hafa j\u00e1kv\u00e6\u00f0 \u00e1hrif \u00e1 g\u00e6\u00f0i starfsmenntunar og f\u00e6rni\u00fer\u00f3un kennara, vinnuveitenda, starfsmentor og s\u00ed\u00f0ast en ekki s\u00edst nemenda. \u00deegar meti\u00f0 var hva\u00f0a \u00e1hrif \u00feetta verkefni og VET@work handb\u00f3kin hefur haft og munu hafa \u00ed framt\u00ed\u00f0inni vi\u00f0 a\u00f0 styrkja skuldbindinguna spur\u00f0um vi\u00f0 [&hellip;]<\/p>\n","protected":false},"author":3,"featured_media":0,"parent":0,"menu_order":0,"comment_status":"closed","ping_status":"closed","template":"","meta":{"site-sidebar-layout":"no-sidebar","site-content-layout":"page-builder","ast-site-content-layout":"","site-content-style":"default","site-sidebar-style":"default","ast-global-header-display":"","ast-banner-title-visibility":"","ast-main-header-display":"","ast-hfb-above-header-display":"","ast-hfb-below-header-display":"","ast-hfb-mobile-header-display":"","site-post-title":"disabled","ast-breadcrumbs-content":"","ast-featured-img":"disabled","footer-sml-layout":"","theme-transparent-header-meta":"","adv-header-id-meta":"","stick-header-meta":"","header-above-stick-meta":"","header-main-stick-meta":"","header-below-stick-meta":"","astra-migrate-meta-layouts":"default","ast-page-background-enabled":"default","ast-page-background-meta":{"desktop":{"background-color":"","background-image":"","background-repeat":"repeat","background-position":"center center","background-size":"auto","background-attachment":"scroll","background-type":"","background-media":"","overlay-type":"","overlay-color":"","overlay-opacity":"","overlay-gradient":""},"tablet":{"background-color":"","background-image":"","background-repeat":"repeat","background-position":"center center","background-size":"auto","background-attachment":"scroll","background-type":"","background-media":"","overlay-type":"","overlay-color":"","overlay-opacity":"","overlay-gradient":""},"mobile":{"background-color":"","background-image":"","background-repeat":"repeat","background-position":"center center","background-size":"auto","background-attachment":"scroll","background-type":"","background-media":"","overlay-type":"","overlay-color":"","overlay-opacity":"","overlay-gradient":""}},"ast-content-background-meta":{"desktop":{"background-color":"var(--ast-global-color-5)","background-image":"","background-repeat":"repeat","background-position":"center center","background-size":"auto","background-attachment":"scroll","background-type":"","background-media":"","overlay-type":"","overlay-color":"","overlay-opacity":"","overlay-gradient":""},"tablet":{"background-color":"var(--ast-global-color-5)","background-image":"","background-repeat":"repeat","background-position":"center center","background-size":"auto","background-attachment":"scroll","background-type":"","background-media":"","overlay-type":"","overlay-color":"","overlay-opacity":"","overlay-gradient":""},"mobile":{"background-color":"var(--ast-global-color-5)","background-image":"","background-repeat":"repeat","background-position":"center center","background-size":"auto","background-attachment":"scroll","background-type":"","background-media":"","overlay-type":"","overlay-color":"","overlay-opacity":"","overlay-gradient":""}},"footnotes":""},"class_list":["post-4268","page","type-page","status-publish","hentry"],"_links":{"self":[{"href":"https:\/\/vetatwork-project.eu\/is\/wp-json\/wp\/v2\/pages\/4268","targetHints":{"allow":["GET"]}}],"collection":[{"href":"https:\/\/vetatwork-project.eu\/is\/wp-json\/wp\/v2\/pages"}],"about":[{"href":"https:\/\/vetatwork-project.eu\/is\/wp-json\/wp\/v2\/types\/page"}],"author":[{"embeddable":true,"href":"https:\/\/vetatwork-project.eu\/is\/wp-json\/wp\/v2\/users\/3"}],"replies":[{"embeddable":true,"href":"https:\/\/vetatwork-project.eu\/is\/wp-json\/wp\/v2\/comments?post=4268"}],"version-history":[{"count":1,"href":"https:\/\/vetatwork-project.eu\/is\/wp-json\/wp\/v2\/pages\/4268\/revisions"}],"predecessor-version":[{"id":4269,"href":"https:\/\/vetatwork-project.eu\/is\/wp-json\/wp\/v2\/pages\/4268\/revisions\/4269"}],"wp:attachment":[{"href":"https:\/\/vetatwork-project.eu\/is\/wp-json\/wp\/v2\/media?parent=4268"}],"curies":[{"name":"wp","href":"https:\/\/api.w.org\/{rel}","templated":true}]}}