{"id":4261,"date":"2022-01-03T14:51:03","date_gmt":"2022-01-03T12:51:03","guid":{"rendered":"https:\/\/vetatwork-project.eu\/10-abendingar-um-hvad-a-ad-fordast-thegar-byggt-er-upp-samstarf-milli-starfsnamsskola-og-vinnuveitanda\/"},"modified":"2022-01-07T16:23:04","modified_gmt":"2022-01-07T14:23:04","slug":"10-abendingar-um-hvad-a-ad-fordast-thegar-byggt-er-upp-samstarf-milli-starfsnamsskola-og-vinnuveitanda","status":"publish","type":"page","link":"https:\/\/vetatwork-project.eu\/is\/10-abendingar-um-hvad-a-ad-fordast-thegar-byggt-er-upp-samstarf-milli-starfsnamsskola-og-vinnuveitanda\/","title":{"rendered":"10 \u00e1bendingar um hva\u00f0 \u00e1 a\u00f0 for\u00f0ast \u00feegar byggt er upp samstarf milli starfsn\u00e1mssk\u00f3la og vinnuveitanda"},"content":{"rendered":"\t\t<div data-elementor-type=\"wp-page\" data-elementor-id=\"4261\" class=\"elementor elementor-4261 elementor-2065\" data-elementor-post-type=\"page\">\n\t\t\t\t\t\t<section class=\"elementor-section elementor-top-section elementor-element elementor-element-c5a2e09 elementor-section-boxed elementor-section-height-default elementor-section-height-default\" data-id=\"c5a2e09\" data-element_type=\"section\">\n\t\t\t\t\t\t<div class=\"elementor-container elementor-column-gap-default\">\n\t\t\t\t\t<div class=\"elementor-column elementor-col-50 elementor-top-column elementor-element elementor-element-413cb09\" data-id=\"413cb09\" data-element_type=\"column\">\n\t\t\t<div class=\"elementor-widget-wrap elementor-element-populated\">\n\t\t\t\t\t\t<div class=\"elementor-element elementor-element-4d0c299 elementor-widget elementor-widget-text-editor\" data-id=\"4d0c299\" data-element_type=\"widget\" data-widget_type=\"text-editor.default\">\n\t\t\t\t<div class=\"elementor-widget-container\">\n\t\t\t\t\t\t\t<p>Nokkrar \u00e1bendingar um hva\u00f0 \u00e1 a\u00f0 for\u00f0ast \u00feegar byggt er upp samstarf milli starfsn\u00e1mssk\u00f3la og vinnuveitanda<\/p>\n\t\t\t\t\t\t<\/div>\n\t\t\t\t<\/div>\n\t\t\t\t\t<\/div>\n\t\t<\/div>\n\t\t\t\t<div class=\"elementor-column elementor-col-50 elementor-top-column elementor-element elementor-element-e61963d\" data-id=\"e61963d\" data-element_type=\"column\">\n\t\t\t<div class=\"elementor-widget-wrap elementor-element-populated\">\n\t\t\t\t\t\t<div class=\"elementor-element elementor-element-6f2c498 elementor-widget elementor-widget-image\" data-id=\"6f2c498\" data-element_type=\"widget\" data-widget_type=\"image.default\">\n\t\t\t\t<div class=\"elementor-widget-container\">\n\t\t\t\t\t\t\t\t\t\t\t\t\t<img fetchpriority=\"high\" decoding=\"async\" width=\"800\" height=\"800\" src=\"https:\/\/vetatwork-project.eu\/wp-content\/uploads\/2021\/09\/VET@WORK-404-page@2.png\" class=\"attachment-full size-full wp-image-2915\" alt=\"VET@WORK 404 page building collaboration\" srcset=\"https:\/\/vetatwork-project.eu\/wp-content\/uploads\/2021\/09\/VET@WORK-404-page@2.png 800w, https:\/\/vetatwork-project.eu\/wp-content\/uploads\/2021\/09\/VET@WORK-404-page@2-300x300.png 300w, https:\/\/vetatwork-project.eu\/wp-content\/uploads\/2021\/09\/VET@WORK-404-page@2-150x150.png 150w, https:\/\/vetatwork-project.eu\/wp-content\/uploads\/2021\/09\/VET@WORK-404-page@2-768x768.png 768w\" sizes=\"(max-width: 800px) 100vw, 800px\" \/>\t\t\t\t\t\t\t\t\t\t\t\t\t<\/div>\n\t\t\t\t<\/div>\n\t\t\t\t\t<\/div>\n\t\t<\/div>\n\t\t\t\t\t<\/div>\n\t\t<\/section>\n\t\t\t\t<section class=\"elementor-section elementor-top-section elementor-element elementor-element-d66d467 elementor-section-boxed elementor-section-height-default elementor-section-height-default\" data-id=\"d66d467\" data-element_type=\"section\">\n\t\t\t\t\t\t<div class=\"elementor-container elementor-column-gap-default\">\n\t\t\t\t\t<div class=\"elementor-column elementor-col-100 elementor-top-column elementor-element elementor-element-cf4a853\" data-id=\"cf4a853\" data-element_type=\"column\">\n\t\t\t<div class=\"elementor-widget-wrap elementor-element-populated\">\n\t\t\t\t\t\t<div class=\"elementor-element elementor-element-ee07e90 elementor-widget elementor-widget-toggle\" data-id=\"ee07e90\" data-element_type=\"widget\" data-widget_type=\"toggle.default\">\n\t\t\t\t<div class=\"elementor-widget-container\">\n\t\t\t\t\t<div class=\"elementor-toggle\">\n\t\t\t\t\t\t\t<div class=\"elementor-toggle-item\">\n\t\t\t\t\t<div id=\"elementor-tab-title-2491\" class=\"elementor-tab-title\" data-tab=\"1\" role=\"button\" aria-controls=\"elementor-tab-content-2491\" aria-expanded=\"false\">\n\t\t\t\t\t\t\t\t\t\t\t\t<span class=\"elementor-toggle-icon elementor-toggle-icon-left\" aria-hidden=\"true\">\n\t\t\t\t\t\t\t\t\t\t\t\t\t\t\t<span class=\"elementor-toggle-icon-closed\"><i class=\"fas fa-caret-right\"><\/i><\/span>\n\t\t\t\t\t\t\t\t<span class=\"elementor-toggle-icon-opened\"><i class=\"elementor-toggle-icon-opened fas fa-caret-up\"><\/i><\/span>\n\t\t\t\t\t\t\t\t\t\t\t\t\t<\/span>\n\t\t\t\t\t\t\t\t\t\t\t\t<a class=\"elementor-toggle-title\" tabindex=\"0\">S\u00fdna ekki n\u00e6gan \u00e1huga<\/a>\n\t\t\t\t\t<\/div>\n\n\t\t\t\t\t<div id=\"elementor-tab-content-2491\" class=\"elementor-tab-content elementor-clearfix\" data-tab=\"1\" role=\"region\" aria-labelledby=\"elementor-tab-title-2491\"><p>A\u00f0 halda a\u00f0 vinnuveitandinn s\u00e9 til sta\u00f0ar til a\u00f0 veita starfsreynslu og \u00e6tti a\u00f0 vera \u00feakkl\u00e1tur fyrir samstarfi\u00f0 er r\u00f6ng n\u00e1lgun til a\u00f0 byggja upp langt\u00edma samband. \u00deetta er samstarf jafningja og \u00fe\u00fa \u00e6ttir a\u00f0 vir\u00f0a \u00feann t\u00edma og \u00fea\u00f0 sem vinnuveitandinn leggur fram.<\/p>\n<\/div>\n\t\t\t\t<\/div>\n\t\t\t\t\t\t\t<div class=\"elementor-toggle-item\">\n\t\t\t\t\t<div id=\"elementor-tab-title-2492\" class=\"elementor-tab-title\" data-tab=\"2\" role=\"button\" aria-controls=\"elementor-tab-content-2492\" aria-expanded=\"false\">\n\t\t\t\t\t\t\t\t\t\t\t\t<span class=\"elementor-toggle-icon elementor-toggle-icon-left\" aria-hidden=\"true\">\n\t\t\t\t\t\t\t\t\t\t\t\t\t\t\t<span class=\"elementor-toggle-icon-closed\"><i class=\"fas fa-caret-right\"><\/i><\/span>\n\t\t\t\t\t\t\t\t<span class=\"elementor-toggle-icon-opened\"><i class=\"elementor-toggle-icon-opened fas fa-caret-up\"><\/i><\/span>\n\t\t\t\t\t\t\t\t\t\t\t\t\t<\/span>\n\t\t\t\t\t\t\t\t\t\t\t\t<a class=\"elementor-toggle-title\" tabindex=\"0\">Skortur \u00e1 undirb\u00faningi<\/a>\n\t\t\t\t\t<\/div>\n\n\t\t\t\t\t<div id=\"elementor-tab-content-2492\" class=\"elementor-tab-content elementor-clearfix\" data-tab=\"2\" role=\"region\" aria-labelledby=\"elementor-tab-title-2492\"><p>Ef \u00fe\u00fa vinnur ekki heimavinnuna \u00fe\u00edna fyrir fyrsta fund, s\u00fdnir skort \u00e1 fagmennsku og s\u00fdnir \u00e1hugaleysi. \u00de\u00fa \u00e6ttir a\u00f0 undirb\u00faa \u00feig fyrir fundinn, afla uppl\u00fdsinga um fyrirt\u00e6ki\u00f0 og starfsgreinina \u00e1samt \u00fev\u00ed a\u00f0 vita allt um kr\u00f6fur til nemenda.<\/p>\n<\/div>\n\t\t\t\t<\/div>\n\t\t\t\t\t\t\t<div class=\"elementor-toggle-item\">\n\t\t\t\t\t<div id=\"elementor-tab-title-2493\" class=\"elementor-tab-title\" data-tab=\"3\" role=\"button\" aria-controls=\"elementor-tab-content-2493\" aria-expanded=\"false\">\n\t\t\t\t\t\t\t\t\t\t\t\t<span class=\"elementor-toggle-icon elementor-toggle-icon-left\" aria-hidden=\"true\">\n\t\t\t\t\t\t\t\t\t\t\t\t\t\t\t<span class=\"elementor-toggle-icon-closed\"><i class=\"fas fa-caret-right\"><\/i><\/span>\n\t\t\t\t\t\t\t\t<span class=\"elementor-toggle-icon-opened\"><i class=\"elementor-toggle-icon-opened fas fa-caret-up\"><\/i><\/span>\n\t\t\t\t\t\t\t\t\t\t\t\t\t<\/span>\n\t\t\t\t\t\t\t\t\t\t\t\t<a class=\"elementor-toggle-title\" tabindex=\"0\">A\u00f0 vera ekki hei\u00f0arlegur og einl\u00e6gur<\/a>\n\t\t\t\t\t<\/div>\n\n\t\t\t\t\t<div id=\"elementor-tab-content-2493\" class=\"elementor-tab-content elementor-clearfix\" data-tab=\"3\" role=\"region\" aria-labelledby=\"elementor-tab-title-2493\"><p>\u00dea\u00f0 er mikilv\u00e6gt a\u00f0 vera opinn um fyrir\u00e6tlanir og kr\u00f6fur til starfs\u00fej\u00e1lfunar e\u00f0a vinnusta\u00f0an\u00e1ms. \u00dea\u00f0 er ekkert verra en a\u00f0 vinnuveitandi s\u00e9 ekki a\u00f0 fullu me\u00f0vita\u00f0ur um kr\u00f6furnar og segi \u201e\u00c9g vissi ekki um \u00feetta\u201c.<\/p>\n<\/div>\n\t\t\t\t<\/div>\n\t\t\t\t\t\t\t<div class=\"elementor-toggle-item\">\n\t\t\t\t\t<div id=\"elementor-tab-title-2494\" class=\"elementor-tab-title\" data-tab=\"4\" role=\"button\" aria-controls=\"elementor-tab-content-2494\" aria-expanded=\"false\">\n\t\t\t\t\t\t\t\t\t\t\t\t<span class=\"elementor-toggle-icon elementor-toggle-icon-left\" aria-hidden=\"true\">\n\t\t\t\t\t\t\t\t\t\t\t\t\t\t\t<span class=\"elementor-toggle-icon-closed\"><i class=\"fas fa-caret-right\"><\/i><\/span>\n\t\t\t\t\t\t\t\t<span class=\"elementor-toggle-icon-opened\"><i class=\"elementor-toggle-icon-opened fas fa-caret-up\"><\/i><\/span>\n\t\t\t\t\t\t\t\t\t\t\t\t\t<\/span>\n\t\t\t\t\t\t\t\t\t\t\t\t<a class=\"elementor-toggle-title\" tabindex=\"0\">A\u00f0 vera ekki opinn fyrir \u00e1bendingum\/sj\u00f3narmi\u00f0um<\/a>\n\t\t\t\t\t<\/div>\n\n\t\t\t\t\t<div id=\"elementor-tab-content-2494\" class=\"elementor-tab-content elementor-clearfix\" data-tab=\"4\" role=\"region\" aria-labelledby=\"elementor-tab-title-2494\"><p>\u00dea\u00f0 getur veri\u00f0 a\u00f0 \u00fe\u00fa hafir fyrirfram \u00e1kve\u00f0na hugmynd um hvers konar samstarfi \u00fe\u00fa ert a\u00f0 s\u00e6kjast eftir en \u00fea\u00f0 er mikilv\u00e6gt a\u00f0 vera me\u00f0 opinn huga og hlusta \u00e1 \u00fearfir allra a\u00f0ila. \u00c1rangursr\u00edkt samstarf sn\u00fdst um a\u00f0 m\u00e6ta \u00fe\u00f6rfum allra hluta\u00f0eigandi.<\/p>\n<\/div>\n\t\t\t\t<\/div>\n\t\t\t\t\t\t\t<div class=\"elementor-toggle-item\">\n\t\t\t\t\t<div id=\"elementor-tab-title-2495\" class=\"elementor-tab-title\" data-tab=\"5\" role=\"button\" aria-controls=\"elementor-tab-content-2495\" aria-expanded=\"false\">\n\t\t\t\t\t\t\t\t\t\t\t\t<span class=\"elementor-toggle-icon elementor-toggle-icon-left\" aria-hidden=\"true\">\n\t\t\t\t\t\t\t\t\t\t\t\t\t\t\t<span class=\"elementor-toggle-icon-closed\"><i class=\"fas fa-caret-right\"><\/i><\/span>\n\t\t\t\t\t\t\t\t<span class=\"elementor-toggle-icon-opened\"><i class=\"elementor-toggle-icon-opened fas fa-caret-up\"><\/i><\/span>\n\t\t\t\t\t\t\t\t\t\t\t\t\t<\/span>\n\t\t\t\t\t\t\t\t\t\t\t\t<a class=\"elementor-toggle-title\" tabindex=\"0\">Standa ekki vi\u00f0 lofor\u00f0 \u00fe\u00edn<\/a>\n\t\t\t\t\t<\/div>\n\n\t\t\t\t\t<div id=\"elementor-tab-content-2495\" class=\"elementor-tab-content elementor-clearfix\" data-tab=\"5\" role=\"region\" aria-labelledby=\"elementor-tab-title-2495\"><p>Fars\u00e6lt samstarf byggist \u00e1 trausti og vir\u00f0ingu. Ef \u00fe\u00fa segist \u00e6tla a\u00f0 gera eitthva\u00f0, vertu viss um a\u00f0 fylgja \u00fev\u00ed eftir.\u00a0 S\u00f6mulei\u00f0is, ekki lofa einhverju sem \u00fe\u00fa getur ekki sta\u00f0i\u00f0 vi\u00f0 &#8211; vertu rauns\u00e6r, hei\u00f0arlegur og \u00e1rei\u00f0anlegur.<\/p>\n<\/div>\n\t\t\t\t<\/div>\n\t\t\t\t\t\t\t<div class=\"elementor-toggle-item\">\n\t\t\t\t\t<div id=\"elementor-tab-title-2496\" class=\"elementor-tab-title\" data-tab=\"6\" role=\"button\" aria-controls=\"elementor-tab-content-2496\" aria-expanded=\"false\">\n\t\t\t\t\t\t\t\t\t\t\t\t<span class=\"elementor-toggle-icon elementor-toggle-icon-left\" aria-hidden=\"true\">\n\t\t\t\t\t\t\t\t\t\t\t\t\t\t\t<span class=\"elementor-toggle-icon-closed\"><i class=\"fas fa-caret-right\"><\/i><\/span>\n\t\t\t\t\t\t\t\t<span class=\"elementor-toggle-icon-opened\"><i class=\"elementor-toggle-icon-opened fas fa-caret-up\"><\/i><\/span>\n\t\t\t\t\t\t\t\t\t\t\t\t\t<\/span>\n\t\t\t\t\t\t\t\t\t\t\t\t<a class=\"elementor-toggle-title\" tabindex=\"0\">A\u00f0 s\u00f3a t\u00edma vinnuveitanda<\/a>\n\t\t\t\t\t<\/div>\n\n\t\t\t\t\t<div id=\"elementor-tab-content-2496\" class=\"elementor-tab-content elementor-clearfix\" data-tab=\"6\" role=\"region\" aria-labelledby=\"elementor-tab-title-2496\"><p>Vinnuveitandinn metur t\u00edma sinn, langir fundir og \u00fea\u00f0 a\u00f0 m\u00e6ta ekki\u00a0 getur ska\u00f0a\u00f0 traust \u00ed sambandi. Virtu t\u00edma vinnuveitandans, n\u00fdttu hann sem best me\u00f0 \u00fev\u00ed a\u00f0 vera tilb\u00fainn og fagmannlegur.<\/p>\n<\/div>\n\t\t\t\t<\/div>\n\t\t\t\t\t\t\t<div class=\"elementor-toggle-item\">\n\t\t\t\t\t<div id=\"elementor-tab-title-2497\" class=\"elementor-tab-title\" data-tab=\"7\" role=\"button\" aria-controls=\"elementor-tab-content-2497\" aria-expanded=\"false\">\n\t\t\t\t\t\t\t\t\t\t\t\t<span class=\"elementor-toggle-icon elementor-toggle-icon-left\" aria-hidden=\"true\">\n\t\t\t\t\t\t\t\t\t\t\t\t\t\t\t<span class=\"elementor-toggle-icon-closed\"><i class=\"fas fa-caret-right\"><\/i><\/span>\n\t\t\t\t\t\t\t\t<span class=\"elementor-toggle-icon-opened\"><i class=\"elementor-toggle-icon-opened fas fa-caret-up\"><\/i><\/span>\n\t\t\t\t\t\t\t\t\t\t\t\t\t<\/span>\n\t\t\t\t\t\t\t\t\t\t\t\t<a class=\"elementor-toggle-title\" tabindex=\"0\">A\u00f0 tala anna\u00f0 tungum\u00e1l<\/a>\n\t\t\t\t\t<\/div>\n\n\t\t\t\t\t<div id=\"elementor-tab-content-2497\" class=\"elementor-tab-content elementor-clearfix\" data-tab=\"7\" role=\"region\" aria-labelledby=\"elementor-tab-title-2497\"><p>Vinnuveitendur hafa sitt eigi\u00f0 tungum\u00e1l og t\u00e6knileg hugt\u00f6k \u00e1 vinnusta\u00f0 s\u00ednum. Og \u00fea\u00f0 gera framhaldssk\u00f3lar og starfsmenntunar mi\u00f0st\u00f6\u00f0var l\u00edka. Ef \u00fe\u00fa getur ekki \u00e1tt einf\u00f6ld samskipti \u00e1n fl\u00f3kinna hugtaka muntu missa sambandi\u00f0 vi\u00f0 vinnuveitandann. Nota\u00f0u sameiginlegt tungum\u00e1l \u00fear sem h\u00e6gt er, \u00fatsk\u00fdri\u00f0 og noti\u00f0 t\u00e6knim\u00e1l sem allir geta skili\u00f0.<\/p>\n<\/div>\n\t\t\t\t<\/div>\n\t\t\t\t\t\t\t<div class=\"elementor-toggle-item\">\n\t\t\t\t\t<div id=\"elementor-tab-title-2498\" class=\"elementor-tab-title\" data-tab=\"8\" role=\"button\" aria-controls=\"elementor-tab-content-2498\" aria-expanded=\"false\">\n\t\t\t\t\t\t\t\t\t\t\t\t<span class=\"elementor-toggle-icon elementor-toggle-icon-left\" aria-hidden=\"true\">\n\t\t\t\t\t\t\t\t\t\t\t\t\t\t\t<span class=\"elementor-toggle-icon-closed\"><i class=\"fas fa-caret-right\"><\/i><\/span>\n\t\t\t\t\t\t\t\t<span class=\"elementor-toggle-icon-opened\"><i class=\"elementor-toggle-icon-opened fas fa-caret-up\"><\/i><\/span>\n\t\t\t\t\t\t\t\t\t\t\t\t\t<\/span>\n\t\t\t\t\t\t\t\t\t\t\t\t<a class=\"elementor-toggle-title\" tabindex=\"0\">Hunsa m\u00e1lefnin<\/a>\n\t\t\t\t\t<\/div>\n\n\t\t\t\t\t<div id=\"elementor-tab-content-2498\" class=\"elementor-tab-content elementor-clearfix\" data-tab=\"8\" role=\"region\" aria-labelledby=\"elementor-tab-title-2498\"><p>\u00cd kapphlaupinu um a\u00f0 tryggja pl\u00e1ss fyrir vinnusta\u00f0an\u00e1m\u00a0 getur veri\u00f0 au\u00f0velt a\u00f0 hunsa sumt af \u00fev\u00ed neikv\u00e6\u00f0a og \u00e6tla a\u00f0 taka \u00e1 \u00feeim \u00ed framt\u00ed\u00f0inni. \u00deetta getur leitt til st\u00e6rri vandam\u00e1la s\u00ed\u00f0ar svo vertu viss um a\u00f0 taka \u00e1 \u00feessum m\u00e1lum og leitastu vi\u00f0 a\u00f0 finna lausnir fr\u00e1 upphafi.<\/p>\n<\/div>\n\t\t\t\t<\/div>\n\t\t\t\t\t\t\t<div class=\"elementor-toggle-item\">\n\t\t\t\t\t<div id=\"elementor-tab-title-2499\" class=\"elementor-tab-title\" data-tab=\"9\" role=\"button\" aria-controls=\"elementor-tab-content-2499\" aria-expanded=\"false\">\n\t\t\t\t\t\t\t\t\t\t\t\t<span class=\"elementor-toggle-icon elementor-toggle-icon-left\" aria-hidden=\"true\">\n\t\t\t\t\t\t\t\t\t\t\t\t\t\t\t<span class=\"elementor-toggle-icon-closed\"><i class=\"fas fa-caret-right\"><\/i><\/span>\n\t\t\t\t\t\t\t\t<span class=\"elementor-toggle-icon-opened\"><i class=\"elementor-toggle-icon-opened fas fa-caret-up\"><\/i><\/span>\n\t\t\t\t\t\t\t\t\t\t\t\t\t<\/span>\n\t\t\t\t\t\t\t\t\t\t\t\t<a class=\"elementor-toggle-title\" tabindex=\"0\">A\u00f0 starfa me\u00f0 eigin hagsmuni a\u00f0 lei\u00f0arlj\u00f3si<\/a>\n\t\t\t\t\t<\/div>\n\n\t\t\t\t\t<div id=\"elementor-tab-content-2499\" class=\"elementor-tab-content elementor-clearfix\" data-tab=\"9\" role=\"region\" aria-labelledby=\"elementor-tab-title-2499\"><p>A\u00f0 nota samvinnu til a\u00f0 n\u00e1 eigin markmi\u00f0um getur veri\u00f0 skammt\u00edmalausn en byggir ekki upp langt\u00edma\u00e1rangur. Gakktu \u00far skugga um a\u00f0 \u00fe\u00fa setjir \u00feig \u00ed spor annarra hagsmunaa\u00f0ila og leitastu vi\u00f0 a\u00f0 vinna me\u00f0 hagsmuni allra a\u00f0 lei\u00f0arlj\u00f3si. Gakktu \u00far skugga um a\u00f0 \u00fe\u00fa notir opin samskipti og vertu tilb\u00fainn til a\u00f0 hlusta \u00e1 sj\u00f3narmi\u00f0 annarra. Bestu samstarfsverkefnin eru \u00feannig a\u00f0 allir gr\u00e6\u00f0a.<\/p>\n<\/div>\n\t\t\t\t<\/div>\n\t\t\t\t\t\t\t<div class=\"elementor-toggle-item\">\n\t\t\t\t\t<div id=\"elementor-tab-title-24910\" class=\"elementor-tab-title\" data-tab=\"10\" role=\"button\" aria-controls=\"elementor-tab-content-24910\" aria-expanded=\"false\">\n\t\t\t\t\t\t\t\t\t\t\t\t<span class=\"elementor-toggle-icon elementor-toggle-icon-left\" aria-hidden=\"true\">\n\t\t\t\t\t\t\t\t\t\t\t\t\t\t\t<span class=\"elementor-toggle-icon-closed\"><i class=\"fas fa-caret-right\"><\/i><\/span>\n\t\t\t\t\t\t\t\t<span class=\"elementor-toggle-icon-opened\"><i class=\"elementor-toggle-icon-opened fas fa-caret-up\"><\/i><\/span>\n\t\t\t\t\t\t\t\t\t\t\t\t\t<\/span>\n\t\t\t\t\t\t\t\t\t\t\t\t<a class=\"elementor-toggle-title\" tabindex=\"0\">B\u00faast vi\u00f0 of miklu<\/a>\n\t\t\t\t\t<\/div>\n\n\t\t\t\t\t<div id=\"elementor-tab-content-24910\" class=\"elementor-tab-content elementor-clearfix\" data-tab=\"10\" role=\"region\" aria-labelledby=\"elementor-tab-title-24910\"><p>Ef \u00fe\u00fa ert me\u00f0 n\u00fdtt e\u00f0a vaxandi samstarf skaltu ekki b\u00faast vi\u00f0 a\u00f0 allt s\u00e9 fullkomi\u00f0 fr\u00e1 upphafi. \u00de\u00fa ver\u00f0ur a\u00f0 halda \u00e1fram a\u00f0 \u00fatsk\u00fdra kr\u00f6furnar og halda reglulegu sambandi til a\u00f0 veita stu\u00f0ning \u00fear sem \u00fe\u00f6rf er \u00e1. Byrja\u00f0u \u00e1 litlum skrefum og bygg\u00f0u traustar br\u00fdr fyrir alla. Gakktu \u00far skugga um a\u00f0 \u00fe\u00fa veitir regluleg og j\u00e1kv\u00e6\u00f0 vi\u00f0br\u00f6g\u00f0 til a\u00f0 byggja upp skri\u00f0\u00feunga \u00ed samstarfi\u00f0 og sj\u00e1lfstraust hj\u00e1 \u00f6llum.<\/p>\n<\/div>\n\t\t\t\t<\/div>\n\t\t\t\t\t\t\t\t<\/div>\n\t\t\t\t<\/div>\n\t\t\t\t<\/div>\n\t\t\t\t\t<\/div>\n\t\t<\/div>\n\t\t\t\t\t<\/div>\n\t\t<\/section>\n\t\t\t\t<\/div>\n\t\t","protected":false},"excerpt":{"rendered":"<p>Nokkrar \u00e1bendingar um hva\u00f0 \u00e1 a\u00f0 for\u00f0ast \u00feegar byggt er upp samstarf milli starfsn\u00e1mssk\u00f3la og vinnuveitanda S\u00fdna ekki n\u00e6gan \u00e1huga A\u00f0 halda a\u00f0 vinnuveitandinn s\u00e9 til sta\u00f0ar til a\u00f0 veita starfsreynslu og \u00e6tti a\u00f0 vera \u00feakkl\u00e1tur fyrir samstarfi\u00f0 er r\u00f6ng n\u00e1lgun til a\u00f0 byggja upp langt\u00edma samband. \u00deetta er samstarf jafningja og \u00fe\u00fa \u00e6ttir a\u00f0 [&hellip;]<\/p>\n","protected":false},"author":3,"featured_media":0,"parent":0,"menu_order":0,"comment_status":"closed","ping_status":"closed","template":"","meta":{"site-sidebar-layout":"no-sidebar","site-content-layout":"page-builder","ast-site-content-layout":"","site-content-style":"default","site-sidebar-style":"default","ast-global-header-display":"","ast-banner-title-visibility":"","ast-main-header-display":"","ast-hfb-above-header-display":"","ast-hfb-below-header-display":"","ast-hfb-mobile-header-display":"","site-post-title":"disabled","ast-breadcrumbs-content":"","ast-featured-img":"disabled","footer-sml-layout":"","theme-transparent-header-meta":"","adv-header-id-meta":"","stick-header-meta":"","header-above-stick-meta":"","header-main-stick-meta":"","header-below-stick-meta":"","astra-migrate-meta-layouts":"default","ast-page-background-enabled":"default","ast-page-background-meta":{"desktop":{"background-color":"","background-image":"","background-repeat":"repeat","background-position":"center center","background-size":"auto","background-attachment":"scroll","background-type":"","background-media":"","overlay-type":"","overlay-color":"","overlay-opacity":"","overlay-gradient":""},"tablet":{"background-color":"","background-image":"","background-repeat":"repeat","background-position":"center center","background-size":"auto","background-attachment":"scroll","background-type":"","background-media":"","overlay-type":"","overlay-color":"","overlay-opacity":"","overlay-gradient":""},"mobile":{"background-color":"","background-image":"","background-repeat":"repeat","background-position":"center center","background-size":"auto","background-attachment":"scroll","background-type":"","background-media":"","overlay-type":"","overlay-color":"","overlay-opacity":"","overlay-gradient":""}},"ast-content-background-meta":{"desktop":{"background-color":"var(--ast-global-color-5)","background-image":"","background-repeat":"repeat","background-position":"center center","background-size":"auto","background-attachment":"scroll","background-type":"","background-media":"","overlay-type":"","overlay-color":"","overlay-opacity":"","overlay-gradient":""},"tablet":{"background-color":"var(--ast-global-color-5)","background-image":"","background-repeat":"repeat","background-position":"center center","background-size":"auto","background-attachment":"scroll","background-type":"","background-media":"","overlay-type":"","overlay-color":"","overlay-opacity":"","overlay-gradient":""},"mobile":{"background-color":"var(--ast-global-color-5)","background-image":"","background-repeat":"repeat","background-position":"center center","background-size":"auto","background-attachment":"scroll","background-type":"","background-media":"","overlay-type":"","overlay-color":"","overlay-opacity":"","overlay-gradient":""}},"footnotes":""},"class_list":["post-4261","page","type-page","status-publish","hentry"],"_links":{"self":[{"href":"https:\/\/vetatwork-project.eu\/is\/wp-json\/wp\/v2\/pages\/4261","targetHints":{"allow":["GET"]}}],"collection":[{"href":"https:\/\/vetatwork-project.eu\/is\/wp-json\/wp\/v2\/pages"}],"about":[{"href":"https:\/\/vetatwork-project.eu\/is\/wp-json\/wp\/v2\/types\/page"}],"author":[{"embeddable":true,"href":"https:\/\/vetatwork-project.eu\/is\/wp-json\/wp\/v2\/users\/3"}],"replies":[{"embeddable":true,"href":"https:\/\/vetatwork-project.eu\/is\/wp-json\/wp\/v2\/comments?post=4261"}],"version-history":[{"count":4,"href":"https:\/\/vetatwork-project.eu\/is\/wp-json\/wp\/v2\/pages\/4261\/revisions"}],"predecessor-version":[{"id":4880,"href":"https:\/\/vetatwork-project.eu\/is\/wp-json\/wp\/v2\/pages\/4261\/revisions\/4880"}],"wp:attachment":[{"href":"https:\/\/vetatwork-project.eu\/is\/wp-json\/wp\/v2\/media?parent=4261"}],"curies":[{"name":"wp","href":"https:\/\/api.w.org\/{rel}","templated":true}]}}