{"id":4259,"date":"2022-01-03T14:44:45","date_gmt":"2022-01-03T12:44:45","guid":{"rendered":"https:\/\/vetatwork-project.eu\/6-skref-i-ad-fa-fylgi-vid-samstarf-starfsnamsskola-og-vinnuveitenda\/"},"modified":"2022-01-03T14:44:46","modified_gmt":"2022-01-03T12:44:46","slug":"6-skref-i-ad-fa-fylgi-vid-samstarf-starfsnamsskola-og-vinnuveitenda","status":"publish","type":"page","link":"https:\/\/vetatwork-project.eu\/is\/6-skref-i-ad-fa-fylgi-vid-samstarf-starfsnamsskola-og-vinnuveitenda\/","title":{"rendered":"6 skref \u00ed a\u00f0 f\u00e1 fylgi vi\u00f0 samstarf starfsn\u00e1mssk\u00f3la og vinnuveitenda."},"content":{"rendered":"\t\t<div data-elementor-type=\"wp-page\" data-elementor-id=\"4259\" class=\"elementor elementor-4259 elementor-2060\" data-elementor-post-type=\"page\">\n\t\t\t\t\t\t<section class=\"elementor-section elementor-top-section elementor-element elementor-element-92787e0 elementor-section-boxed elementor-section-height-default elementor-section-height-default\" data-id=\"92787e0\" data-element_type=\"section\">\n\t\t\t\t\t\t<div class=\"elementor-container elementor-column-gap-default\">\n\t\t\t\t\t<div class=\"elementor-column elementor-col-100 elementor-top-column elementor-element elementor-element-91ba768\" data-id=\"91ba768\" data-element_type=\"column\">\n\t\t\t<div class=\"elementor-widget-wrap elementor-element-populated\">\n\t\t\t\t\t\t<div class=\"elementor-element elementor-element-b7287ca elementor-widget elementor-widget-spacer\" data-id=\"b7287ca\" data-element_type=\"widget\" data-widget_type=\"spacer.default\">\n\t\t\t\t<div class=\"elementor-widget-container\">\n\t\t\t\t\t<div class=\"elementor-spacer\">\n\t\t\t<div class=\"elementor-spacer-inner\"><\/div>\n\t\t<\/div>\n\t\t\t\t<\/div>\n\t\t\t\t<\/div>\n\t\t\t\t\t<\/div>\n\t\t<\/div>\n\t\t\t\t\t<\/div>\n\t\t<\/section>\n\t\t\t\t<section class=\"elementor-section elementor-top-section elementor-element elementor-element-713e8b6 elementor-section-boxed elementor-section-height-default elementor-section-height-default\" data-id=\"713e8b6\" data-element_type=\"section\">\n\t\t\t\t\t\t<div class=\"elementor-container elementor-column-gap-default\">\n\t\t\t\t\t<div class=\"elementor-column elementor-col-50 elementor-top-column elementor-element elementor-element-28a71b5\" data-id=\"28a71b5\" data-element_type=\"column\">\n\t\t\t<div class=\"elementor-widget-wrap elementor-element-populated\">\n\t\t\t\t\t\t<div class=\"elementor-element elementor-element-ff223dc elementor-widget elementor-widget-text-editor\" data-id=\"ff223dc\" data-element_type=\"widget\" data-widget_type=\"text-editor.default\">\n\t\t\t\t<div class=\"elementor-widget-container\">\n\t\t\t\t\t\t\t<p>Vi\u00f0 h\u00f6fum bent \u00e1 6 skref til a\u00f0 hj\u00e1lpa til vi\u00f0 a\u00f0 selja samstarf milli starfs\u00fej\u00e1lfunara\u00f0ila og vinnuveitanda<\/p>\n\t\t\t\t\t\t<\/div>\n\t\t\t\t<\/div>\n\t\t\t\t\t<\/div>\n\t\t<\/div>\n\t\t\t\t<div class=\"elementor-column elementor-col-50 elementor-top-column elementor-element elementor-element-6292f12\" data-id=\"6292f12\" data-element_type=\"column\">\n\t\t\t<div class=\"elementor-widget-wrap elementor-element-populated\">\n\t\t\t\t\t\t<div class=\"elementor-element elementor-element-74ffe51 elementor-widget elementor-widget-image\" data-id=\"74ffe51\" data-element_type=\"widget\" data-widget_type=\"image.default\">\n\t\t\t\t<div class=\"elementor-widget-container\">\n\t\t\t\t\t\t\t\t\t\t\t\t\t<img decoding=\"async\" src=\"https:\/\/vetatwork-project.eu\/wp-content\/uploads\/elementor\/thumbs\/pedagogical-collaborations-banner-Vet@Work@2-pesaw2emx0oboem1kiampen70i07m1hm0dwkyfw60g.png\" title=\"pedagogical-collaborations-banner-Vet@Work@2\" alt=\"pedagogical collaborations\" loading=\"lazy\" \/>\t\t\t\t\t\t\t\t\t\t\t\t\t<\/div>\n\t\t\t\t<\/div>\n\t\t\t\t\t<\/div>\n\t\t<\/div>\n\t\t\t\t\t<\/div>\n\t\t<\/section>\n\t\t\t\t<section class=\"elementor-section elementor-top-section elementor-element elementor-element-87126ca elementor-section-boxed elementor-section-height-default elementor-section-height-default\" data-id=\"87126ca\" data-element_type=\"section\">\n\t\t\t\t\t\t<div class=\"elementor-container elementor-column-gap-default\">\n\t\t\t\t\t<div class=\"elementor-column elementor-col-100 elementor-top-column elementor-element elementor-element-fe313aa\" data-id=\"fe313aa\" data-element_type=\"column\">\n\t\t\t<div class=\"elementor-widget-wrap elementor-element-populated\">\n\t\t\t\t\t\t<div class=\"elementor-element elementor-element-b0af567 elementor-widget elementor-widget-accordion\" data-id=\"b0af567\" data-element_type=\"widget\" data-widget_type=\"accordion.default\">\n\t\t\t\t<div class=\"elementor-widget-container\">\n\t\t\t\t\t<div class=\"elementor-accordion\">\n\t\t\t\t\t\t\t<div class=\"elementor-accordion-item\">\n\t\t\t\t\t<div id=\"elementor-tab-title-1851\" class=\"elementor-tab-title\" data-tab=\"1\" role=\"button\" aria-controls=\"elementor-tab-content-1851\" aria-expanded=\"false\">\n\t\t\t\t\t\t\t\t\t\t\t\t\t<span class=\"elementor-accordion-icon elementor-accordion-icon-left\" aria-hidden=\"true\">\n\t\t\t\t\t\t\t\t\t\t\t\t\t\t\t<span class=\"elementor-accordion-icon-closed\"><i class=\"fas fa-plus\"><\/i><\/span>\n\t\t\t\t\t\t\t\t<span class=\"elementor-accordion-icon-opened\"><i class=\"fas fa-minus\"><\/i><\/span>\n\t\t\t\t\t\t\t\t\t\t\t\t\t\t<\/span>\n\t\t\t\t\t\t\t\t\t\t\t\t<a class=\"elementor-accordion-title\" tabindex=\"0\">Bendi\u00f0 \u00e1 sameiginlega \u00fe\u00f6rf \u00e1 samvinnu.<\/a>\n\t\t\t\t\t<\/div>\n\t\t\t\t\t<div id=\"elementor-tab-content-1851\" class=\"elementor-tab-content elementor-clearfix\" data-tab=\"1\" role=\"region\" aria-labelledby=\"elementor-tab-title-1851\"><p>Til a\u00f0 samstarf ver\u00f0i \u00e1rangursr\u00edkt er mikilv\u00e6gt a\u00f0 koma auga \u00e1 hverjar eru \u00e1skoranirnar \u00e1 \u00a0vinnusta\u00f0num.\u00a0 \u00de\u00e6r munu ver\u00f0a mj\u00f6g mikilv\u00e6gar fyrir vinnuveitandann og \u00fea\u00f0 hvort samstarfi\u00f0 muni hj\u00e1lpa vi\u00f0 a\u00f0 n\u00e1lgast \u00fe\u00e6r.\u00a0 \u00dea\u00f0 g\u00e6tu veri\u00f0 atri\u00f0i var\u00f0andi starfsf\u00f3lk e\u00f0a a\u00f0 \u00fea\u00f0 vantar f\u00e6rni e\u00f0a a\u00f0 stundaskr\u00e1 e\u00f0a fyrirkomulag sk\u00f3lans hentar ekki \u00fe\u00f6rfum vinnusta\u00f0arins.\u00a0 Me\u00f0 \u00fev\u00ed a\u00f0 n\u00e1lgast \u00fearfir vinnuveitandans er l\u00edklegra a\u00f0 h\u00e6gt s\u00e9 a\u00f0 benda \u00e1 lausnir.<\/p>\n<\/div>\n\t\t\t\t<\/div>\n\t\t\t\t\t\t\t<div class=\"elementor-accordion-item\">\n\t\t\t\t\t<div id=\"elementor-tab-title-1852\" class=\"elementor-tab-title\" data-tab=\"2\" role=\"button\" aria-controls=\"elementor-tab-content-1852\" aria-expanded=\"false\">\n\t\t\t\t\t\t\t\t\t\t\t\t\t<span class=\"elementor-accordion-icon elementor-accordion-icon-left\" aria-hidden=\"true\">\n\t\t\t\t\t\t\t\t\t\t\t\t\t\t\t<span class=\"elementor-accordion-icon-closed\"><i class=\"fas fa-plus\"><\/i><\/span>\n\t\t\t\t\t\t\t\t<span class=\"elementor-accordion-icon-opened\"><i class=\"fas fa-minus\"><\/i><\/span>\n\t\t\t\t\t\t\t\t\t\t\t\t\t\t<\/span>\n\t\t\t\t\t\t\t\t\t\t\t\t<a class=\"elementor-accordion-title\" tabindex=\"0\">S\u00fdna kostina vi\u00f0 samstarf.<\/a>\n\t\t\t\t\t<\/div>\n\t\t\t\t\t<div id=\"elementor-tab-content-1852\" class=\"elementor-tab-content elementor-clearfix\" data-tab=\"2\" role=\"region\" aria-labelledby=\"elementor-tab-title-1852\"><p>Me\u00f0 \u00fev\u00ed a\u00f0 s\u00fdna fram \u00e1\u00a0 kostina vi\u00f0 samstarf g\u00e6ti veri\u00f0 h\u00e6gt a\u00f0 sannf\u00e6ra vinnuveitanda um a\u00f0 sty\u00f0ja betur vi\u00f0 samstarfi\u00f0.\u00a0 \u00dea\u00f0 eru \u00fdmsir kostir vi\u00f0 samstarf sk\u00f3la og vinnusta\u00f0a, me\u00f0al annars:<\/p>\n<ol>\n<li>T\u00e6kif\u00e6ri til a\u00f0 hafa \u00e1hrif \u00e1 innihald n\u00e1mskr\u00e1rinnar og f\u00e6ra hana n\u00e6r \u00fe\u00f6rfum marka\u00f0arins<\/li>\n<li>H\u00e6gt a\u00f0 m\u00f3ta starfskrafta til framt\u00ed\u00f0ar og me\u00f0 f\u00e6rni til framt\u00ed\u00f0ar<\/li>\n<li>S\u00fdna fram \u00e1 a\u00f0 vinnusta\u00f0ur er samf\u00e9lagslega \u00e1byrgur \u00e1 sta\u00f0num og \u00e1 landsv\u00edsu<\/li>\n<li>B\u00e6\u00f0i sk\u00f3li og fyrirt\u00e6ki nj\u00f3ta aukins or\u00f0st\u00edrs og vir\u00f0ingar \u00ed samf\u00e9laginu<\/li>\n<li>Auka v\u00e6gi si\u00f0fer\u00f0ilegra gilda<\/li>\n<li>N\u00e1 a\u00f0 kynnast n\u00fdjungum og opna \u00e1 n\u00fdjar hugmyndir<\/li>\n<li>J\u00e1kv\u00e6\u00f0 \u00e1hrif \u00e1 framlei\u00f0ni og veltu &#8211; meiri \u00e1g\u00f3\u00f0i af starfinu<\/li>\n<\/ol>\n<\/div>\n\t\t\t\t<\/div>\n\t\t\t\t\t\t\t<div class=\"elementor-accordion-item\">\n\t\t\t\t\t<div id=\"elementor-tab-title-1853\" class=\"elementor-tab-title\" data-tab=\"3\" role=\"button\" aria-controls=\"elementor-tab-content-1853\" aria-expanded=\"false\">\n\t\t\t\t\t\t\t\t\t\t\t\t\t<span class=\"elementor-accordion-icon elementor-accordion-icon-left\" aria-hidden=\"true\">\n\t\t\t\t\t\t\t\t\t\t\t\t\t\t\t<span class=\"elementor-accordion-icon-closed\"><i class=\"fas fa-plus\"><\/i><\/span>\n\t\t\t\t\t\t\t\t<span class=\"elementor-accordion-icon-opened\"><i class=\"fas fa-minus\"><\/i><\/span>\n\t\t\t\t\t\t\t\t\t\t\t\t\t\t<\/span>\n\t\t\t\t\t\t\t\t\t\t\t\t<a class=\"elementor-accordion-title\" tabindex=\"0\">A\u00f0 tryggja g\u00f3\u00f0 samskipti<\/a>\n\t\t\t\t\t<\/div>\n\t\t\t\t\t<div id=\"elementor-tab-content-1853\" class=\"elementor-tab-content elementor-clearfix\" data-tab=\"3\" role=\"region\" aria-labelledby=\"elementor-tab-title-1853\"><p>\u00dea\u00f0 er mikilv\u00e6gt a\u00f0 byggja upp j\u00e1kv\u00e6\u00f0 samb\u00f6nd \u00ed samstarfi a\u00f0ila.\u00a0 Me\u00f0 \u00fev\u00ed ver\u00f0ur samstarfi\u00f0 byggt \u00e1 trausti og vir\u00f0ingu me\u00f0al allra (innanh\u00fass &#8211; stj\u00f3rnendur starfsmentorar og utanh\u00fass -kj\u00f6rnir fulltr\u00faar, sta\u00f0bundin yfirv\u00f6ld, sveitarf\u00e9lag).<\/p>\n<p>\u00c1rangursr\u00edk samskipti fela \u00ed s\u00e9r hei\u00f0arleika og sanngirni, a\u00f0 hlusta og leita eftir sko\u00f0unum annarra, taka vi\u00f0 uppbyggilegri gagnr\u00fdni og vera opinn fyrir breytingum.\u00a0 \u00dea\u00f0 er l\u00edka mikilv\u00e6gt a\u00f0 vir\u00f0a t\u00edma allra vegna \u00feess a\u00f0 vinnuveitendur eru uppteknir og vi\u00f0 ver\u00f0um a\u00f0 koma fram sem alv\u00f6ru fagmenn.<\/p>\n<\/div>\n\t\t\t\t<\/div>\n\t\t\t\t\t\t\t<div class=\"elementor-accordion-item\">\n\t\t\t\t\t<div id=\"elementor-tab-title-1854\" class=\"elementor-tab-title\" data-tab=\"4\" role=\"button\" aria-controls=\"elementor-tab-content-1854\" aria-expanded=\"false\">\n\t\t\t\t\t\t\t\t\t\t\t\t\t<span class=\"elementor-accordion-icon elementor-accordion-icon-left\" aria-hidden=\"true\">\n\t\t\t\t\t\t\t\t\t\t\t\t\t\t\t<span class=\"elementor-accordion-icon-closed\"><i class=\"fas fa-plus\"><\/i><\/span>\n\t\t\t\t\t\t\t\t<span class=\"elementor-accordion-icon-opened\"><i class=\"fas fa-minus\"><\/i><\/span>\n\t\t\t\t\t\t\t\t\t\t\t\t\t\t<\/span>\n\t\t\t\t\t\t\t\t\t\t\t\t<a class=\"elementor-accordion-title\" tabindex=\"0\">S\u00fdna fram \u00e1 a\u00f0 allir gr\u00e6\u00f0i<\/a>\n\t\t\t\t\t<\/div>\n\t\t\t\t\t<div id=\"elementor-tab-content-1854\" class=\"elementor-tab-content elementor-clearfix\" data-tab=\"4\" role=\"region\" aria-labelledby=\"elementor-tab-title-1854\"><p>Til a\u00f0 f\u00e1 sem mest \u00fat \u00far samstarfinu \u00fearf \u00fea\u00f0 a\u00f0 virka fyrir alla a\u00f0ila.\u00a0 \u00de\u00fa \u00e6ttir a\u00f0 vera tilb\u00fainn til a\u00f0 a\u00f0laga n\u00e1lgun \u00fe\u00edna a\u00f0 \u00fev\u00ed a\u00f0 finna sameiginlegan grunn og vera sveigjanlegur vegna \u00fearfa annarra.<\/p>\n<p>Vertu alltaf vi\u00f0b\u00fainn og passa\u00f0u a\u00f0 hafa vi\u00f0 h\u00f6ndina uppl\u00fdsingar til a\u00f0 n\u00e1 j\u00e1kv\u00e6\u00f0u og g\u00f3\u00f0u samstarfi.\u00a0 Nota\u00f0u d\u00e6mi um anna\u00f0 samstarf til a\u00f0 benda \u00e1 hvernig eitthva\u00f0 sem tekst vel l\u00edtur \u00fat.<\/p>\n<\/div>\n\t\t\t\t<\/div>\n\t\t\t\t\t\t\t<div class=\"elementor-accordion-item\">\n\t\t\t\t\t<div id=\"elementor-tab-title-1855\" class=\"elementor-tab-title\" data-tab=\"5\" role=\"button\" aria-controls=\"elementor-tab-content-1855\" aria-expanded=\"false\">\n\t\t\t\t\t\t\t\t\t\t\t\t\t<span class=\"elementor-accordion-icon elementor-accordion-icon-left\" aria-hidden=\"true\">\n\t\t\t\t\t\t\t\t\t\t\t\t\t\t\t<span class=\"elementor-accordion-icon-closed\"><i class=\"fas fa-plus\"><\/i><\/span>\n\t\t\t\t\t\t\t\t<span class=\"elementor-accordion-icon-opened\"><i class=\"fas fa-minus\"><\/i><\/span>\n\t\t\t\t\t\t\t\t\t\t\t\t\t\t<\/span>\n\t\t\t\t\t\t\t\t\t\t\t\t<a class=\"elementor-accordion-title\" tabindex=\"0\">Pr\u00f3fa\u00f0u - byrja\u00f0u sm\u00e1tt<\/a>\n\t\t\t\t\t<\/div>\n\t\t\t\t\t<div id=\"elementor-tab-content-1855\" class=\"elementor-tab-content elementor-clearfix\" data-tab=\"5\" role=\"region\" aria-labelledby=\"elementor-tab-title-1855\"><p>\u00deegar \u00fearf a\u00f0 byggja upp n\u00fdtt samstarf og samb\u00f6nd \u00fearftu a\u00f0 vera vi\u00f0b\u00fainn \u00fev\u00ed a\u00f0 byrja sm\u00e1tt til a\u00f0 s\u00fdna fram \u00e1 \u00fea\u00f0 hversu samstarfi\u00f0 er \u00e1hrifar\u00edkt.\u00a0 \u00dea\u00f0 er mikilv\u00e6gt \u00ed byrjun a\u00f0 vera me\u00f0 v\u00e6ntingar \u00e1 hreinu og vera samm\u00e1la um \u00fea\u00f0 sem h\u00e6gt er a\u00f0 n\u00e1 \u00e1rangri vi\u00f0 \u00ed samstarfinu.\u00a0 \u00dea\u00f0 getur veri\u00f0 a\u00f0 \u00fea\u00f0 s\u00e9 ekki allt \u00fea\u00f0 sem \u00fe\u00fa vilt n\u00e1 fram en \u00fea\u00f0 getur or\u00f0i\u00f0 byrjunin \u00e1 a\u00f0 byggja br\u00fdr og n\u00e1 vir\u00f0ingu allra sem taka \u00fe\u00e1tt.<\/p>\n<\/div>\n\t\t\t\t<\/div>\n\t\t\t\t\t\t\t<div class=\"elementor-accordion-item\">\n\t\t\t\t\t<div id=\"elementor-tab-title-1856\" class=\"elementor-tab-title\" data-tab=\"6\" role=\"button\" aria-controls=\"elementor-tab-content-1856\" aria-expanded=\"false\">\n\t\t\t\t\t\t\t\t\t\t\t\t\t<span class=\"elementor-accordion-icon elementor-accordion-icon-left\" aria-hidden=\"true\">\n\t\t\t\t\t\t\t\t\t\t\t\t\t\t\t<span class=\"elementor-accordion-icon-closed\"><i class=\"fas fa-plus\"><\/i><\/span>\n\t\t\t\t\t\t\t\t<span class=\"elementor-accordion-icon-opened\"><i class=\"fas fa-minus\"><\/i><\/span>\n\t\t\t\t\t\t\t\t\t\t\t\t\t\t<\/span>\n\t\t\t\t\t\t\t\t\t\t\t\t<a class=\"elementor-accordion-title\" tabindex=\"0\">S\u00fdndu stu\u00f0ning og vertu a\u00f0gengilegur.<\/a>\n\t\t\t\t\t<\/div>\n\t\t\t\t\t<div id=\"elementor-tab-content-1856\" class=\"elementor-tab-content elementor-clearfix\" data-tab=\"6\" role=\"region\" aria-labelledby=\"elementor-tab-title-1856\"><p>\u00cd samstarfi ertu a\u00f0 leita a\u00f0 langt\u00edma fars\u00e6lli skuldbindingu &#8211; \u00fe\u00fa \u00e6ttir a\u00f0 tryggja a\u00f0 \u00fe\u00fa s\u00e9rt tilt\u00e6kur og a\u00f0gengilegur til a\u00f0 r\u00e6\u00f0a og taka \u00e1 \u00f6llum vandam\u00e1lum sem upp koma. \u00dea\u00f0 er mikilv\u00e6gt a\u00f0 vera samm\u00e1la um hver er besta samskiptaa\u00f0fer\u00f0in (lei\u00f0ir, t\u00edmi, samskiptareglur og svo frv.). \u00dea\u00f0 er\u00a0 jafnvel h\u00e6gt a\u00f0 nota \u00fdmsar blanda\u00f0ar lei\u00f0ir eins og fjarfundi og augliti til auglitis. Umfram allt, tryggja a\u00f0 \u00fea\u00f0 s\u00e9 reglulegt og \u00e1rei\u00f0anlegt.<\/p>\n<\/div>\n\t\t\t\t<\/div>\n\t\t\t\t\t\t\t\t<\/div>\n\t\t\t\t<\/div>\n\t\t\t\t<\/div>\n\t\t\t\t\t<\/div>\n\t\t<\/div>\n\t\t\t\t\t<\/div>\n\t\t<\/section>\n\t\t\t\t<\/div>\n\t\t","protected":false},"excerpt":{"rendered":"<p>Vi\u00f0 h\u00f6fum bent \u00e1 6 skref til a\u00f0 hj\u00e1lpa til vi\u00f0 a\u00f0 selja samstarf milli starfs\u00fej\u00e1lfunara\u00f0ila og vinnuveitanda Bendi\u00f0 \u00e1 sameiginlega \u00fe\u00f6rf \u00e1 samvinnu. Til a\u00f0 samstarf ver\u00f0i \u00e1rangursr\u00edkt er mikilv\u00e6gt a\u00f0 koma auga \u00e1 hverjar eru \u00e1skoranirnar \u00e1 \u00a0vinnusta\u00f0num.\u00a0 \u00de\u00e6r munu ver\u00f0a mj\u00f6g mikilv\u00e6gar fyrir vinnuveitandann og \u00fea\u00f0 hvort samstarfi\u00f0 muni hj\u00e1lpa vi\u00f0 a\u00f0 [&hellip;]<\/p>\n","protected":false},"author":3,"featured_media":0,"parent":0,"menu_order":0,"comment_status":"closed","ping_status":"closed","template":"","meta":{"site-sidebar-layout":"no-sidebar","site-content-layout":"page-builder","ast-site-content-layout":"","site-content-style":"default","site-sidebar-style":"default","ast-global-header-display":"","ast-banner-title-visibility":"","ast-main-header-display":"","ast-hfb-above-header-display":"","ast-hfb-below-header-display":"","ast-hfb-mobile-header-display":"","site-post-title":"disabled","ast-breadcrumbs-content":"","ast-featured-img":"disabled","footer-sml-layout":"","theme-transparent-header-meta":"","adv-header-id-meta":"","stick-header-meta":"","header-above-stick-meta":"","header-main-stick-meta":"","header-below-stick-meta":"","astra-migrate-meta-layouts":"default","ast-page-background-enabled":"default","ast-page-background-meta":{"desktop":{"background-color":"","background-image":"","background-repeat":"repeat","background-position":"center center","background-size":"auto","background-attachment":"scroll","background-type":"","background-media":"","overlay-type":"","overlay-color":"","overlay-opacity":"","overlay-gradient":""},"tablet":{"background-color":"","background-image":"","background-repeat":"repeat","background-position":"center center","background-size":"auto","background-attachment":"scroll","background-type":"","background-media":"","overlay-type":"","overlay-color":"","overlay-opacity":"","overlay-gradient":""},"mobile":{"background-color":"","background-image":"","background-repeat":"repeat","background-position":"center center","background-size":"auto","background-attachment":"scroll","background-type":"","background-media":"","overlay-type":"","overlay-color":"","overlay-opacity":"","overlay-gradient":""}},"ast-content-background-meta":{"desktop":{"background-color":"var(--ast-global-color-5)","background-image":"","background-repeat":"repeat","background-position":"center center","background-size":"auto","background-attachment":"scroll","background-type":"","background-media":"","overlay-type":"","overlay-color":"","overlay-opacity":"","overlay-gradient":""},"tablet":{"background-color":"var(--ast-global-color-5)","background-image":"","background-repeat":"repeat","background-position":"center center","background-size":"auto","background-attachment":"scroll","background-type":"","background-media":"","overlay-type":"","overlay-color":"","overlay-opacity":"","overlay-gradient":""},"mobile":{"background-color":"var(--ast-global-color-5)","background-image":"","background-repeat":"repeat","background-position":"center center","background-size":"auto","background-attachment":"scroll","background-type":"","background-media":"","overlay-type":"","overlay-color":"","overlay-opacity":"","overlay-gradient":""}},"footnotes":""},"class_list":["post-4259","page","type-page","status-publish","hentry"],"_links":{"self":[{"href":"https:\/\/vetatwork-project.eu\/is\/wp-json\/wp\/v2\/pages\/4259","targetHints":{"allow":["GET"]}}],"collection":[{"href":"https:\/\/vetatwork-project.eu\/is\/wp-json\/wp\/v2\/pages"}],"about":[{"href":"https:\/\/vetatwork-project.eu\/is\/wp-json\/wp\/v2\/types\/page"}],"author":[{"embeddable":true,"href":"https:\/\/vetatwork-project.eu\/is\/wp-json\/wp\/v2\/users\/3"}],"replies":[{"embeddable":true,"href":"https:\/\/vetatwork-project.eu\/is\/wp-json\/wp\/v2\/comments?post=4259"}],"version-history":[{"count":1,"href":"https:\/\/vetatwork-project.eu\/is\/wp-json\/wp\/v2\/pages\/4259\/revisions"}],"predecessor-version":[{"id":4260,"href":"https:\/\/vetatwork-project.eu\/is\/wp-json\/wp\/v2\/pages\/4259\/revisions\/4260"}],"wp:attachment":[{"href":"https:\/\/vetatwork-project.eu\/is\/wp-json\/wp\/v2\/media?parent=4259"}],"curies":[{"name":"wp","href":"https:\/\/api.w.org\/{rel}","templated":true}]}}