{"id":4257,"date":"2022-01-03T14:34:18","date_gmt":"2022-01-03T12:34:18","guid":{"rendered":"https:\/\/vetatwork-project.eu\/hvernig-a-ad-byrja\/"},"modified":"2022-01-03T15:58:32","modified_gmt":"2022-01-03T13:58:32","slug":"hvernig-a-ad-byrja","status":"publish","type":"page","link":"https:\/\/vetatwork-project.eu\/is\/hvernig-a-ad-byrja\/","title":{"rendered":"Hvernig \u00e1 a\u00f0 byrja?"},"content":{"rendered":"\t\t<div data-elementor-type=\"wp-page\" data-elementor-id=\"4257\" class=\"elementor elementor-4257 elementor-2073\" data-elementor-post-type=\"page\">\n\t\t\t\t\t\t<section class=\"elementor-section elementor-top-section elementor-element elementor-element-215b96d elementor-section-boxed elementor-section-height-default elementor-section-height-default\" data-id=\"215b96d\" data-element_type=\"section\">\n\t\t\t\t\t\t<div class=\"elementor-container elementor-column-gap-default\">\n\t\t\t\t\t<div class=\"elementor-column elementor-col-100 elementor-top-column elementor-element elementor-element-a327a0e\" data-id=\"a327a0e\" data-element_type=\"column\">\n\t\t\t<div class=\"elementor-widget-wrap elementor-element-populated\">\n\t\t\t\t\t\t<div class=\"elementor-element elementor-element-a4c1176 elementor-widget elementor-widget-text-editor\" data-id=\"a4c1176\" data-element_type=\"widget\" data-widget_type=\"text-editor.default\">\n\t\t\t\t<div class=\"elementor-widget-container\">\n\t\t\t\t\t\t\t<h3 style=\"text-align: left;\">Hvernig \u00e1 a\u00f0 byrja?<\/h3>\n<p><img fetchpriority=\"high\" decoding=\"async\" class=\"alignright wp-image-3115\" src=\"https:\/\/vetatwork-project.eu\/wp-content\/uploads\/2021\/09\/methodologies-employer-banner-Vet@Work@2.png\" alt=\"cases get started\" width=\"400\" height=\"400\" srcset=\"https:\/\/vetatwork-project.eu\/wp-content\/uploads\/2021\/09\/methodologies-employer-banner-Vet@Work@2.png 800w, https:\/\/vetatwork-project.eu\/wp-content\/uploads\/2021\/09\/methodologies-employer-banner-Vet@Work@2-300x300.png 300w, https:\/\/vetatwork-project.eu\/wp-content\/uploads\/2021\/09\/methodologies-employer-banner-Vet@Work@2-150x150.png 150w, https:\/\/vetatwork-project.eu\/wp-content\/uploads\/2021\/09\/methodologies-employer-banner-Vet@Work@2-768x768.png 768w\" sizes=\"(max-width: 400px) 100vw, 400px\" \/><\/p>\n<p>\u00cd \u00feessum kafla VET@work handb\u00f3karinnar m\u00e1 finna uppl\u00fdsingar, \u00e1bendingar og a\u00f0fer\u00f0ir sem vi\u00f0 pr\u00f3fu\u00f0um sem koma manni af sta\u00f0 hvort sem \u00fe\u00fa ert byrjandi \u00ed starfsn\u00e1mskerfinu e\u00f0a hefur reynslu af samstarfinu.<\/p>\n<p>\u00deegar vi\u00f0 vorum a\u00f0 pr\u00f3fa a\u00f0fer\u00f0irnar 12 ur\u00f0um vi\u00f0 \u00feess mj\u00f6g \u00e1skynja a\u00f0 vi\u00f0 \u00feurfum fyrst a\u00f0 setja sameiginleg markmi\u00f0 og nota samr\u00e6mt or\u00f0alag.\u00a0 \u00deetta hj\u00e1lpar okkur a\u00f0 koma upp gagns\u00e6u og uppbyggilegu samstarfi til framt\u00ed\u00f0ar til a\u00f0 starfsnemar \u00f6\u00f0list n\u00fat\u00edma f\u00e6rni til a\u00f0 n\u00e1 langt \u00e1 vinnumarka\u00f0i.\u00a0\u00a0 Vi\u00f0 ger\u00f0um okkur grein fyrir hversu mikilv\u00e6gt \u00fea\u00f0 er a\u00f0 b\u00e6\u00f0i starfsn\u00e1mssk\u00f3lar og atvinnurekendur geri r\u00e1\u00f0 fyrir samvinnu \u00feegar \u00feessar einingar setja fram stefnu og \u00feegar starfsemin er skipul\u00f6g\u00f0 \u00e1 raunh\u00e6fan h\u00e1tt. Samvinnan \u00fearf a\u00f0 vera hluti af \u00fev\u00ed sem er gert en ekki bara stundum \u00e1 dagskr\u00e1.<\/p>\n<p>\u00deegar vi\u00f0 unnum a\u00f0 VET@work handb\u00f3kinni og s\u00e9rstaklega vi\u00f0 \u00feennan kafla sem l\u00edtur \u00e1 mismunandi lei\u00f0ir sem starfsn\u00e1mssk\u00f3lar og vinnumarka\u00f0urinn<\/p>\n<p>geta nota\u00f0 vi\u00f0 a\u00f0 vinna saman, s\u00e1um vi\u00f0 fyrir okkur br\u00fa \u00fear sem \u00fearfir og a\u00f0sta\u00f0a starfsn\u00e1mssk\u00f3lanna var \u00f6\u00f0ru megin vi\u00f0 br\u00fana og vi\u00f0 hinn endann var veruleiki vinnusta\u00f0anna.\u00a0 Vi\u00f0 (starfsn\u00e1mssk\u00f3larnir og vinnuveitendur) vildum \u00f6ll \u00fea\u00f0 sama a\u00f0 vera me\u00f0 starfsn\u00e1m sem undirb\u00fdr h\u00e6fa fagmenn fyrir atvinnul\u00edfi\u00f0.\u00a0 Eins og alltaf \u00feegar um samstarf er a\u00f0 r\u00e6\u00f0a byrju\u00f0um vi\u00f0 verkefni\u00f0 VET@work \u00e1 a\u00f0 r\u00e6\u00f0a um og vera viss um a\u00f0 vi\u00f0 myndum skilja hlutina eins.\u00a0 Vi\u00f0 kynntum d\u00e6mi um g\u00f3\u00f0 vinnubr\u00f6g\u00f0 og rifju\u00f0um upp mist\u00f6k.\u00a0 Allir voru opnir og vildu l\u00e6ra og vi\u00f0 vildum b\u00e6ta okkur vi\u00f0 a\u00f0 vera \u00ed samstarfi.\u00a0 Vi\u00f0 vorum ekki hr\u00e6dd vi\u00f0 a\u00f0 gera mist\u00f6k e\u00f0a setja fram hugmyndir sem fengust ekki sta\u00f0ist og vi\u00f0 litum \u00e1 \u00fea\u00f0 sem t\u00e6kif\u00e6ri til a\u00f0 vaxa.<\/p>\n<p><span style=\"font-size: 16px;\">Ef \u00fe\u00fa ert \u00f3viss um \u00fea\u00f0 hversu reynd(ur) \u00fe\u00fa ert hva\u00f0 var\u00f0ar samstarf um starfsn\u00e1m leggjum vi\u00f0 til a\u00f0 \u00fe\u00fa svarir <\/span><a style=\"font-size: 20px;\" href=\"https:\/\/vetatwork-project.eu\/is\/self-evaluation-tool\/\" target=\"_blank\" rel=\"noopener\">k\u00f6nnuninni<\/a> til a\u00f0 meta sj\u00e1lfan \u00feig.<\/p>\n\t\t\t\t\t\t<\/div>\n\t\t\t\t<\/div>\n\t\t\t\t\t<\/div>\n\t\t<\/div>\n\t\t\t\t\t<\/div>\n\t\t<\/section>\n\t\t\t\t<\/div>\n\t\t","protected":false},"excerpt":{"rendered":"<p>Hvernig \u00e1 a\u00f0 byrja? \u00cd \u00feessum kafla VET@work handb\u00f3karinnar m\u00e1 finna uppl\u00fdsingar, \u00e1bendingar og a\u00f0fer\u00f0ir sem vi\u00f0 pr\u00f3fu\u00f0um sem koma manni af sta\u00f0 hvort sem \u00fe\u00fa ert byrjandi \u00ed starfsn\u00e1mskerfinu e\u00f0a hefur reynslu af samstarfinu. \u00deegar vi\u00f0 vorum a\u00f0 pr\u00f3fa a\u00f0fer\u00f0irnar 12 ur\u00f0um vi\u00f0 \u00feess mj\u00f6g \u00e1skynja a\u00f0 vi\u00f0 \u00feurfum fyrst a\u00f0 setja sameiginleg markmi\u00f0 [&hellip;]<\/p>\n","protected":false},"author":3,"featured_media":0,"parent":0,"menu_order":0,"comment_status":"closed","ping_status":"closed","template":"","meta":{"site-sidebar-layout":"no-sidebar","site-content-layout":"page-builder","ast-site-content-layout":"","site-content-style":"default","site-sidebar-style":"default","ast-global-header-display":"","ast-banner-title-visibility":"","ast-main-header-display":"","ast-hfb-above-header-display":"","ast-hfb-below-header-display":"","ast-hfb-mobile-header-display":"","site-post-title":"disabled","ast-breadcrumbs-content":"","ast-featured-img":"disabled","footer-sml-layout":"","theme-transparent-header-meta":"","adv-header-id-meta":"","stick-header-meta":"","header-above-stick-meta":"","header-main-stick-meta":"","header-below-stick-meta":"","astra-migrate-meta-layouts":"default","ast-page-background-enabled":"default","ast-page-background-meta":{"desktop":{"background-color":"","background-image":"","background-repeat":"repeat","background-position":"center center","background-size":"auto","background-attachment":"scroll","background-type":"","background-media":"","overlay-type":"","overlay-color":"","overlay-opacity":"","overlay-gradient":""},"tablet":{"background-color":"","background-image":"","background-repeat":"repeat","background-position":"center center","background-size":"auto","background-attachment":"scroll","background-type":"","background-media":"","overlay-type":"","overlay-color":"","overlay-opacity":"","overlay-gradient":""},"mobile":{"background-color":"","background-image":"","background-repeat":"repeat","background-position":"center center","background-size":"auto","background-attachment":"scroll","background-type":"","background-media":"","overlay-type":"","overlay-color":"","overlay-opacity":"","overlay-gradient":""}},"ast-content-background-meta":{"desktop":{"background-color":"var(--ast-global-color-5)","background-image":"","background-repeat":"repeat","background-position":"center center","background-size":"auto","background-attachment":"scroll","background-type":"","background-media":"","overlay-type":"","overlay-color":"","overlay-opacity":"","overlay-gradient":""},"tablet":{"background-color":"var(--ast-global-color-5)","background-image":"","background-repeat":"repeat","background-position":"center center","background-size":"auto","background-attachment":"scroll","background-type":"","background-media":"","overlay-type":"","overlay-color":"","overlay-opacity":"","overlay-gradient":""},"mobile":{"background-color":"var(--ast-global-color-5)","background-image":"","background-repeat":"repeat","background-position":"center center","background-size":"auto","background-attachment":"scroll","background-type":"","background-media":"","overlay-type":"","overlay-color":"","overlay-opacity":"","overlay-gradient":""}},"footnotes":""},"class_list":["post-4257","page","type-page","status-publish","hentry"],"_links":{"self":[{"href":"https:\/\/vetatwork-project.eu\/is\/wp-json\/wp\/v2\/pages\/4257","targetHints":{"allow":["GET"]}}],"collection":[{"href":"https:\/\/vetatwork-project.eu\/is\/wp-json\/wp\/v2\/pages"}],"about":[{"href":"https:\/\/vetatwork-project.eu\/is\/wp-json\/wp\/v2\/types\/page"}],"author":[{"embeddable":true,"href":"https:\/\/vetatwork-project.eu\/is\/wp-json\/wp\/v2\/users\/3"}],"replies":[{"embeddable":true,"href":"https:\/\/vetatwork-project.eu\/is\/wp-json\/wp\/v2\/comments?post=4257"}],"version-history":[{"count":3,"href":"https:\/\/vetatwork-project.eu\/is\/wp-json\/wp\/v2\/pages\/4257\/revisions"}],"predecessor-version":[{"id":4281,"href":"https:\/\/vetatwork-project.eu\/is\/wp-json\/wp\/v2\/pages\/4257\/revisions\/4281"}],"wp:attachment":[{"href":"https:\/\/vetatwork-project.eu\/is\/wp-json\/wp\/v2\/media?parent=4257"}],"curies":[{"name":"wp","href":"https:\/\/api.w.org\/{rel}","templated":true}]}}