{"id":4223,"date":"2022-01-03T13:39:36","date_gmt":"2022-01-03T11:39:36","guid":{"rendered":"https:\/\/vetatwork-project.eu\/samstarfsadilar\/breska-teymid\/"},"modified":"2022-01-03T14:20:08","modified_gmt":"2022-01-03T12:20:08","slug":"breska-teymid","status":"publish","type":"page","link":"https:\/\/vetatwork-project.eu\/is\/samstarfsadilar\/breska-teymid\/","title":{"rendered":"Breska teymi\u00f0"},"content":{"rendered":"\t\t<div data-elementor-type=\"wp-page\" data-elementor-id=\"4223\" class=\"elementor elementor-4223 elementor-1093\" data-elementor-post-type=\"page\">\n\t\t\t\t\t\t<section class=\"elementor-section elementor-top-section elementor-element elementor-element-861109e elementor-section-boxed elementor-section-height-default elementor-section-height-default\" data-id=\"861109e\" data-element_type=\"section\">\n\t\t\t\t\t\t<div class=\"elementor-container elementor-column-gap-default\">\n\t\t\t\t\t<div class=\"elementor-column elementor-col-100 elementor-top-column elementor-element elementor-element-a16c726\" data-id=\"a16c726\" data-element_type=\"column\">\n\t\t\t<div class=\"elementor-widget-wrap elementor-element-populated\">\n\t\t\t\t\t\t<div class=\"elementor-element elementor-element-b011492 elementor-widget elementor-widget-spacer\" data-id=\"b011492\" data-element_type=\"widget\" data-widget_type=\"spacer.default\">\n\t\t\t\t<div class=\"elementor-widget-container\">\n\t\t\t\t\t<div class=\"elementor-spacer\">\n\t\t\t<div class=\"elementor-spacer-inner\"><\/div>\n\t\t<\/div>\n\t\t\t\t<\/div>\n\t\t\t\t<\/div>\n\t\t\t\t<div class=\"elementor-element elementor-element-e1586fe elementor-widget elementor-widget-spacer\" data-id=\"e1586fe\" data-element_type=\"widget\" data-widget_type=\"spacer.default\">\n\t\t\t\t<div class=\"elementor-widget-container\">\n\t\t\t\t\t<div class=\"elementor-spacer\">\n\t\t\t<div class=\"elementor-spacer-inner\"><\/div>\n\t\t<\/div>\n\t\t\t\t<\/div>\n\t\t\t\t<\/div>\n\t\t\t\t<div class=\"elementor-element elementor-element-4aa4ea3 elementor-widget elementor-widget-text-editor\" data-id=\"4aa4ea3\" data-element_type=\"widget\" data-widget_type=\"text-editor.default\">\n\t\t\t\t<div class=\"elementor-widget-container\">\n\t\t\t\t\t\t\t<p>Breska teymi\u00f0<\/p>\n\t\t\t\t\t\t<\/div>\n\t\t\t\t<\/div>\n\t\t\t\t\t<\/div>\n\t\t<\/div>\n\t\t\t\t\t<\/div>\n\t\t<\/section>\n\t\t\t\t<section class=\"elementor-section elementor-top-section elementor-element elementor-element-6f4a775 elementor-section-boxed elementor-section-height-default elementor-section-height-default\" data-id=\"6f4a775\" data-element_type=\"section\">\n\t\t\t\t\t\t<div class=\"elementor-container elementor-column-gap-default\">\n\t\t\t\t\t<div class=\"elementor-column elementor-col-50 elementor-top-column elementor-element elementor-element-09df09e\" data-id=\"09df09e\" data-element_type=\"column\">\n\t\t\t<div class=\"elementor-widget-wrap elementor-element-populated\">\n\t\t\t\t\t\t<div class=\"elementor-element elementor-element-ad55ff9 elementor-widget elementor-widget-image\" data-id=\"ad55ff9\" data-element_type=\"widget\" data-widget_type=\"image.default\">\n\t\t\t\t<div class=\"elementor-widget-container\">\n\t\t\t\t\t\t\t\t\t\t\t\t\t<img decoding=\"async\" src=\"https:\/\/vetatwork-project.eu\/wp-content\/uploads\/elementor\/thumbs\/V@WUK1-pesaj2ayjqovnl9dvino1ki3mlrz551pec50qjge1g.png\" title=\"V@WUK1\" alt=\"V@WUK1\" loading=\"lazy\" \/>\t\t\t\t\t\t\t\t\t\t\t\t\t<\/div>\n\t\t\t\t<\/div>\n\t\t\t\t<div class=\"elementor-element elementor-element-ffe484b elementor-widget elementor-widget-text-editor\" data-id=\"ffe484b\" data-element_type=\"widget\" data-widget_type=\"text-editor.default\">\n\t\t\t\t<div class=\"elementor-widget-container\">\n\t\t\t\t\t\t\t<p><strong><em>Philip Broomhead<\/em><\/strong><br \/><em>Director at Broadshoulders Ltd<\/em><\/p>\n\t\t\t\t\t\t<\/div>\n\t\t\t\t<\/div>\n\t\t\t\t<div class=\"elementor-element elementor-element-1dd7476 elementor-view-default elementor-widget elementor-widget-icon\" data-id=\"1dd7476\" data-element_type=\"widget\" data-widget_type=\"icon.default\">\n\t\t\t\t<div class=\"elementor-widget-container\">\n\t\t\t\t\t<div class=\"elementor-icon-wrapper\">\n\t\t\t<a class=\"elementor-icon elementor-animation-grow\" href=\"mailto:Bphilip@broadshoulders.co.uk\">\n\t\t\t<i aria-hidden=\"true\" class=\"far fa-envelope\"><\/i>\t\t\t<\/a>\n\t\t<\/div>\n\t\t\t\t<\/div>\n\t\t\t\t<\/div>\n\t\t\t\t\t<\/div>\n\t\t<\/div>\n\t\t\t\t<div class=\"elementor-column elementor-col-50 elementor-top-column elementor-element elementor-element-9ec9019\" data-id=\"9ec9019\" data-element_type=\"column\">\n\t\t\t<div class=\"elementor-widget-wrap elementor-element-populated\">\n\t\t\t\t\t\t<div class=\"elementor-element elementor-element-e496c10 elementor-widget elementor-widget-spacer\" data-id=\"e496c10\" data-element_type=\"widget\" data-widget_type=\"spacer.default\">\n\t\t\t\t<div class=\"elementor-widget-container\">\n\t\t\t\t\t<div class=\"elementor-spacer\">\n\t\t\t<div class=\"elementor-spacer-inner\"><\/div>\n\t\t<\/div>\n\t\t\t\t<\/div>\n\t\t\t\t<\/div>\n\t\t\t\t<div class=\"elementor-element elementor-element-a68623b elementor-widget elementor-widget-text-editor\" data-id=\"a68623b\" data-element_type=\"widget\" data-widget_type=\"text-editor.default\">\n\t\t\t\t<div class=\"elementor-widget-container\">\n\t\t\t\t\t\t\t<p>Philip byrja\u00f0i a\u00f0 vinna a\u00f0 Evr\u00f3pusamstarfi \u00e1ri\u00f0 2002 og b\u00fdr a\u00f0 langt\u00edmatengslum vi\u00f0 samstarfsf\u00f3lk \u00ed m\u00f6rgum verkefnum, me\u00f0al annars \u00feeim verkefnum sem hafa leitt til VET@work.<\/p>\n<p>Me\u00f0 yfir 30 \u00e1ra reynslu af framhaldssk\u00f3lakerfinu og bakgrunn \u00ed v\u00edsindum og landb\u00fana\u00f0i hefur \u00feetta starf leitt til tengsla vi\u00f0 nema \u00e1 samningi, al\u00fej\u00f3\u00f0lega samstarfsa\u00f0ila og fulltr\u00faa stj\u00f3rnvalda og samtaka.<\/p>\n<p>Philip er \u00e1kafur fylgisma\u00f0ur n\u00e1ms \u00e1 vinnusta\u00f0 og n\u00fa\u00a0 s\u00e9rh\u00e6fir hann sig \u00ed stj\u00f3rnun og \u00fev\u00ed hva\u00f0a \u00e1hrif li\u00f0veisla og stu\u00f0ningur hefur \u00e1 n\u00e1msumhverfi \u00ed atvinnul\u00edfinu.<\/p>\n<p>\u201c\u00dea\u00f0 er ekki bara a\u00f0 Evr\u00f3puverkefni hafa veitt m\u00e9r t\u00e6kif\u00e6ri til a\u00f0 fer\u00f0ast og sj\u00e1 fr\u00e1b\u00e6ra sta\u00f0i og stofna vin\u00e1ttusamb\u00f6nd heldur hef \u00e9g fengi\u00f0 a\u00f0 kynnst og hugsa um margv\u00edslegar hugmyndir um menntun og n\u00e1m.\u00a0 Eitt af \u00fev\u00ed sem \u00e9g hef l\u00e6rt er a\u00f0 vi\u00f0 gl\u00edmum \u00f6ll vi\u00f0 \u00fea\u00f0 sama og saman getum vi\u00f0 greint fr\u00e1 reynslu okkar og komi\u00f0 til baka me\u00f0 n\u00fdjar hugmyndir og a\u00f0fer\u00f0ir sem vi\u00f0 getum n\u00fdtt \u00e1 heimavelli.\u201d<\/p>\n\t\t\t\t\t\t<\/div>\n\t\t\t\t<\/div>\n\t\t\t\t\t<\/div>\n\t\t<\/div>\n\t\t\t\t\t<\/div>\n\t\t<\/section>\n\t\t\t\t<section class=\"elementor-section elementor-top-section elementor-element elementor-element-1cde9d3 elementor-reverse-tablet elementor-reverse-mobile elementor-section-boxed elementor-section-height-default elementor-section-height-default\" data-id=\"1cde9d3\" data-element_type=\"section\">\n\t\t\t\t\t\t<div class=\"elementor-container elementor-column-gap-default\">\n\t\t\t\t\t<div class=\"elementor-column elementor-col-50 elementor-top-column elementor-element elementor-element-eec48ac\" data-id=\"eec48ac\" data-element_type=\"column\">\n\t\t\t<div class=\"elementor-widget-wrap elementor-element-populated\">\n\t\t\t\t\t\t<div class=\"elementor-element elementor-element-5d9c694 elementor-widget elementor-widget-spacer\" data-id=\"5d9c694\" data-element_type=\"widget\" data-widget_type=\"spacer.default\">\n\t\t\t\t<div class=\"elementor-widget-container\">\n\t\t\t\t\t<div class=\"elementor-spacer\">\n\t\t\t<div class=\"elementor-spacer-inner\"><\/div>\n\t\t<\/div>\n\t\t\t\t<\/div>\n\t\t\t\t<\/div>\n\t\t\t\t<div class=\"elementor-element elementor-element-3130b05 elementor-widget elementor-widget-text-editor\" data-id=\"3130b05\" data-element_type=\"widget\" data-widget_type=\"text-editor.default\">\n\t\t\t\t<div class=\"elementor-widget-container\">\n\t\t\t\t\t\t\t<div class=\"wsite-multicol\">\n<div class=\"wsite-multicol-table-wrap\">\n<p>Adele er s\u00e9rkennari vi\u00f0 framhaldssk\u00f3la og vinnur oftast ein me\u00f0 nemum eldri en 16 \u00e1ra sem gl\u00edma vi\u00f0 s\u00e9r\u00fearfir \u00ed n\u00e1mi.<\/p>\n<p>H\u00fan hefur \u00fej\u00e1lfun til a\u00f0 meta g\u00e6\u00f0i \u00fej\u00f3nustu vi\u00f0 vi\u00f0skiptavini og hefur reynslu af sm\u00e1s\u00f6luverslun, \u00fej\u00f3nustu vi\u00f0 vi\u00f0skiptavini og stj\u00f3rnun \u00ed sm\u00e1s\u00f6luverslunum.<\/p>\n<p>Me\u00f0 s\u00edna h\u00e6fileika \u00ed samskiptum hefur h\u00fan unni\u00f0 a\u00f0 Evr\u00f3puverkefnum og kom til li\u00f0s vi\u00f0 VET@work li\u00f0i\u00f0 til a\u00f0 gefa hugmynd um sj\u00f3narhorn nemans \u00e1 n\u00e1m \u00e1 vinnusta\u00f0.<\/p>\n<p>Adele hefur \u00e1huga \u00e1 heilsu og n\u00e1tt\u00farulegri n\u00e1lgun \u00e1 heilbrig\u00f0i og andlega heilsu, h\u00fan er Bowen t\u00e6knir og nuddari.\u00a0 H\u00fan hefur noti\u00f0 \u00feess a\u00f0 r\u00e6kta eigin gr\u00e6nmeti og baka brau\u00f0 \u00ed COVID lokunum.<\/p>\n<p>\u201cM\u00e9r hefur fundist \u00fea\u00f0 mj\u00f6g gefandi a\u00f0 taka \u00fe\u00e1tt \u00ed verkefninu og fundunum &#8211; \u00fe\u00f3tt vi\u00f0 gerum hlutina \u00e1 mismunandi vegu stefnum vi\u00f0 \u00f6ll \u00ed s\u00f6mu \u00e1tt.\u201d<\/p>\n<\/div>\n<\/div>\n\t\t\t\t\t\t<\/div>\n\t\t\t\t<\/div>\n\t\t\t\t\t<\/div>\n\t\t<\/div>\n\t\t\t\t<div class=\"elementor-column elementor-col-50 elementor-top-column elementor-element elementor-element-c201b20\" data-id=\"c201b20\" data-element_type=\"column\">\n\t\t\t<div class=\"elementor-widget-wrap elementor-element-populated\">\n\t\t\t\t\t\t<div class=\"elementor-element elementor-element-64b4417 elementor-widget elementor-widget-image\" data-id=\"64b4417\" data-element_type=\"widget\" data-widget_type=\"image.default\">\n\t\t\t\t<div class=\"elementor-widget-container\">\n\t\t\t\t\t\t\t\t\t\t\t\t\t<img decoding=\"async\" src=\"https:\/\/vetatwork-project.eu\/wp-content\/uploads\/elementor\/thumbs\/V@WUK2-pesaius912el2pkb3fenhmeevit1fk7upax4wbrjf8.png\" title=\"V@WUK2\" alt=\"V@WUK2\" loading=\"lazy\" \/>\t\t\t\t\t\t\t\t\t\t\t\t\t<\/div>\n\t\t\t\t<\/div>\n\t\t\t\t<div class=\"elementor-element elementor-element-ec12649 elementor-widget elementor-widget-text-editor\" data-id=\"ec12649\" data-element_type=\"widget\" data-widget_type=\"text-editor.default\">\n\t\t\t\t<div class=\"elementor-widget-container\">\n\t\t\t\t\t\t\t<p><strong><em>Adele Broomhead<\/em><\/strong><br \/><em>Broadshoulders Ltd<\/em><\/p>\n\t\t\t\t\t\t<\/div>\n\t\t\t\t<\/div>\n\t\t\t\t\t<\/div>\n\t\t<\/div>\n\t\t\t\t\t<\/div>\n\t\t<\/section>\n\t\t\t\t<section class=\"elementor-section elementor-top-section elementor-element elementor-element-fbde6a8 elementor-section-boxed elementor-section-height-default elementor-section-height-default\" data-id=\"fbde6a8\" data-element_type=\"section\">\n\t\t\t\t\t\t<div class=\"elementor-container elementor-column-gap-default\">\n\t\t\t\t\t<div class=\"elementor-column elementor-col-25 elementor-top-column elementor-element elementor-element-66f9316\" data-id=\"66f9316\" data-element_type=\"column\">\n\t\t\t<div class=\"elementor-widget-wrap elementor-element-populated\">\n\t\t\t\t\t\t<div class=\"elementor-element elementor-element-f78d75b elementor-widget elementor-widget-image\" data-id=\"f78d75b\" data-element_type=\"widget\" data-widget_type=\"image.default\">\n\t\t\t\t<div class=\"elementor-widget-container\">\n\t\t\t\t\t\t\t\t\t\t\t\t\t\t<a href=\"https:\/\/vetatwork-project.eu\/is\/samstarfsadilar\/hollenska-teymid\/\">\n\t\t\t\t\t\t\t<img decoding=\"async\" src=\"https:\/\/vetatwork-project.eu\/wp-content\/uploads\/elementor\/thumbs\/Partners-Flags-02@2-pesak055zpdf2jz3ldptlddvj59064dwgvx337atu0.png\" title=\"Partners-Flags-02@2\" alt=\"partners\" class=\"elementor-animation-grow\" loading=\"lazy\" \/>\t\t\t\t\t\t\t\t<\/a>\n\t\t\t\t\t\t\t\t\t\t\t\t\t<\/div>\n\t\t\t\t<\/div>\n\t\t\t\t<div class=\"elementor-element elementor-element-62e29be elementor-widget elementor-widget-text-editor\" data-id=\"62e29be\" data-element_type=\"widget\" data-widget_type=\"text-editor.default\">\n\t\t\t\t<div class=\"elementor-widget-container\">\n\t\t\t\t\t\t\t<p><a href=\"https:\/\/vetatwork-project.eu\/is\/samstarfsadilar\/hollenska-teymid\/\">Hollenska teymi\u00f0<\/a><\/p>\t\t\t\t\t\t<\/div>\n\t\t\t\t<\/div>\n\t\t\t\t\t<\/div>\n\t\t<\/div>\n\t\t\t\t<div class=\"elementor-column elementor-col-25 elementor-top-column elementor-element elementor-element-78e316b\" data-id=\"78e316b\" data-element_type=\"column\">\n\t\t\t<div class=\"elementor-widget-wrap elementor-element-populated\">\n\t\t\t\t\t\t<div class=\"elementor-element elementor-element-afd4572 elementor-widget elementor-widget-image\" data-id=\"afd4572\" data-element_type=\"widget\" data-widget_type=\"image.default\">\n\t\t\t\t<div class=\"elementor-widget-container\">\n\t\t\t\t\t\t\t\t\t\t\t\t\t\t<a href=\"https:\/\/vetatwork-project.eu\/is\/samstarfsadilar\/islenska-teymid\/\">\n\t\t\t\t\t\t\t<img decoding=\"async\" src=\"https:\/\/vetatwork-project.eu\/wp-content\/uploads\/elementor\/thumbs\/Partners-Flags-03@2-pesak4ucxvjuols9txqyfu76i2lu8lwk5j6ihl3uyw.png\" title=\"Partners-Flags-03@2\" alt=\"partners\" class=\"elementor-animation-grow\" loading=\"lazy\" \/>\t\t\t\t\t\t\t\t<\/a>\n\t\t\t\t\t\t\t\t\t\t\t\t\t<\/div>\n\t\t\t\t<\/div>\n\t\t\t\t<div class=\"elementor-element elementor-element-117a2b8 elementor-widget elementor-widget-text-editor\" data-id=\"117a2b8\" data-element_type=\"widget\" data-widget_type=\"text-editor.default\">\n\t\t\t\t<div class=\"elementor-widget-container\">\n\t\t\t\t\t\t\t<p><a href=\"https:\/\/vetatwork-project.eu\/is\/samstarfsadilar\/islenska-teymid\/\">\u00cdslenska teymi\u00f0<\/a><\/p>\t\t\t\t\t\t<\/div>\n\t\t\t\t<\/div>\n\t\t\t\t\t<\/div>\n\t\t<\/div>\n\t\t\t\t<div class=\"elementor-column elementor-col-25 elementor-top-column elementor-element elementor-element-68ce58b\" data-id=\"68ce58b\" data-element_type=\"column\">\n\t\t\t<div class=\"elementor-widget-wrap elementor-element-populated\">\n\t\t\t\t\t\t<div class=\"elementor-element elementor-element-4b13624 elementor-widget elementor-widget-image\" data-id=\"4b13624\" data-element_type=\"widget\" data-widget_type=\"image.default\">\n\t\t\t\t<div class=\"elementor-widget-container\">\n\t\t\t\t\t\t\t\t\t\t\t\t\t\t<a href=\"https:\/\/vetatwork-project.eu\/is\/samstarfsadilar\/franska-teymid\/\">\n\t\t\t\t\t\t\t<img decoding=\"async\" src=\"https:\/\/vetatwork-project.eu\/wp-content\/uploads\/elementor\/thumbs\/Partners-Flags-06@2-pgmiwaxjmusnljykw3dkudp8fn1yv3jnj4hcsmyow8.png\" title=\"Partners-Flags-06@2\" alt=\"partner flag\" class=\"elementor-animation-grow\" loading=\"lazy\" \/>\t\t\t\t\t\t\t\t<\/a>\n\t\t\t\t\t\t\t\t\t\t\t\t\t<\/div>\n\t\t\t\t<\/div>\n\t\t\t\t<div class=\"elementor-element elementor-element-5ddc2ef elementor-widget elementor-widget-text-editor\" data-id=\"5ddc2ef\" data-element_type=\"widget\" data-widget_type=\"text-editor.default\">\n\t\t\t\t<div class=\"elementor-widget-container\">\n\t\t\t\t\t\t\t<p><a href=\"https:\/\/vetatwork-project.eu\/is\/samstarfsadilar\/franska-teymid\/\">Franska teymi\u00f0<\/a><\/p>\t\t\t\t\t\t<\/div>\n\t\t\t\t<\/div>\n\t\t\t\t\t<\/div>\n\t\t<\/div>\n\t\t\t\t<div class=\"elementor-column elementor-col-25 elementor-top-column elementor-element elementor-element-c53c208\" data-id=\"c53c208\" data-element_type=\"column\">\n\t\t\t<div class=\"elementor-widget-wrap elementor-element-populated\">\n\t\t\t\t\t\t<div class=\"elementor-element elementor-element-143a037 elementor-widget elementor-widget-image\" data-id=\"143a037\" data-element_type=\"widget\" data-widget_type=\"image.default\">\n\t\t\t\t<div class=\"elementor-widget-container\">\n\t\t\t\t\t\t\t\t\t\t\t\t\t\t<a href=\"https:\/\/vetatwork-project.eu\/is\/samstarfsadilar\/finnska-teymid\/\">\n\t\t\t\t\t\t\t<img decoding=\"async\" src=\"https:\/\/vetatwork-project.eu\/wp-content\/uploads\/elementor\/thumbs\/Partners-Flags-05@2-pesajvfz1j6zgi5xctooqwkkk7w63mv8s8nnothsp4.png\" title=\"Partners-Flags-05@2\" alt=\"partners\" class=\"elementor-animation-grow\" loading=\"lazy\" \/>\t\t\t\t\t\t\t\t<\/a>\n\t\t\t\t\t\t\t\t\t\t\t\t\t<\/div>\n\t\t\t\t<\/div>\n\t\t\t\t<div class=\"elementor-element elementor-element-8a57aeb elementor-widget elementor-widget-text-editor\" data-id=\"8a57aeb\" data-element_type=\"widget\" data-widget_type=\"text-editor.default\">\n\t\t\t\t<div class=\"elementor-widget-container\">\n\t\t\t\t\t\t\t<p><a href=\"https:\/\/vetatwork-project.eu\/is\/samstarfsadilar\/finnska-teymid\/\">Finnska teymi\u00f0<\/a><\/p>\t\t\t\t\t\t<\/div>\n\t\t\t\t<\/div>\n\t\t\t\t\t<\/div>\n\t\t<\/div>\n\t\t\t\t\t<\/div>\n\t\t<\/section>\n\t\t\t\t<\/div>\n\t\t","protected":false},"excerpt":{"rendered":"<p>Breska teymi\u00f0 Philip BroomheadDirector at Broadshoulders Ltd Philip byrja\u00f0i a\u00f0 vinna a\u00f0 Evr\u00f3pusamstarfi \u00e1ri\u00f0 2002 og b\u00fdr a\u00f0 langt\u00edmatengslum vi\u00f0 samstarfsf\u00f3lk \u00ed m\u00f6rgum verkefnum, me\u00f0al annars \u00feeim verkefnum sem hafa leitt til VET@work. Me\u00f0 yfir 30 \u00e1ra reynslu af framhaldssk\u00f3lakerfinu og bakgrunn \u00ed v\u00edsindum og landb\u00fana\u00f0i hefur \u00feetta starf leitt til tengsla vi\u00f0 nema \u00e1 [&hellip;]<\/p>\n","protected":false},"author":3,"featured_media":0,"parent":4219,"menu_order":0,"comment_status":"closed","ping_status":"closed","template":"","meta":{"site-sidebar-layout":"no-sidebar","site-content-layout":"page-builder","ast-site-content-layout":"","site-content-style":"default","site-sidebar-style":"default","ast-global-header-display":"","ast-banner-title-visibility":"","ast-main-header-display":"","ast-hfb-above-header-display":"","ast-hfb-below-header-display":"","ast-hfb-mobile-header-display":"","site-post-title":"disabled","ast-breadcrumbs-content":"","ast-featured-img":"disabled","footer-sml-layout":"","theme-transparent-header-meta":"","adv-header-id-meta":"","stick-header-meta":"","header-above-stick-meta":"","header-main-stick-meta":"","header-below-stick-meta":"","astra-migrate-meta-layouts":"default","ast-page-background-enabled":"default","ast-page-background-meta":{"desktop":{"background-color":"","background-image":"","background-repeat":"repeat","background-position":"center center","background-size":"auto","background-attachment":"scroll","background-type":"","background-media":"","overlay-type":"","overlay-color":"","overlay-opacity":"","overlay-gradient":""},"tablet":{"background-color":"","background-image":"","background-repeat":"repeat","background-position":"center center","background-size":"auto","background-attachment":"scroll","background-type":"","background-media":"","overlay-type":"","overlay-color":"","overlay-opacity":"","overlay-gradient":""},"mobile":{"background-color":"","background-image":"","background-repeat":"repeat","background-position":"center center","background-size":"auto","background-attachment":"scroll","background-type":"","background-media":"","overlay-type":"","overlay-color":"","overlay-opacity":"","overlay-gradient":""}},"ast-content-background-meta":{"desktop":{"background-color":"var(--ast-global-color-5)","background-image":"","background-repeat":"repeat","background-position":"center center","background-size":"auto","background-attachment":"scroll","background-type":"","background-media":"","overlay-type":"","overlay-color":"","overlay-opacity":"","overlay-gradient":""},"tablet":{"background-color":"var(--ast-global-color-5)","background-image":"","background-repeat":"repeat","background-position":"center center","background-size":"auto","background-attachment":"scroll","background-type":"","background-media":"","overlay-type":"","overlay-color":"","overlay-opacity":"","overlay-gradient":""},"mobile":{"background-color":"var(--ast-global-color-5)","background-image":"","background-repeat":"repeat","background-position":"center center","background-size":"auto","background-attachment":"scroll","background-type":"","background-media":"","overlay-type":"","overlay-color":"","overlay-opacity":"","overlay-gradient":""}},"footnotes":""},"class_list":["post-4223","page","type-page","status-publish","hentry"],"_links":{"self":[{"href":"https:\/\/vetatwork-project.eu\/is\/wp-json\/wp\/v2\/pages\/4223","targetHints":{"allow":["GET"]}}],"collection":[{"href":"https:\/\/vetatwork-project.eu\/is\/wp-json\/wp\/v2\/pages"}],"about":[{"href":"https:\/\/vetatwork-project.eu\/is\/wp-json\/wp\/v2\/types\/page"}],"author":[{"embeddable":true,"href":"https:\/\/vetatwork-project.eu\/is\/wp-json\/wp\/v2\/users\/3"}],"replies":[{"embeddable":true,"href":"https:\/\/vetatwork-project.eu\/is\/wp-json\/wp\/v2\/comments?post=4223"}],"version-history":[{"count":10,"href":"https:\/\/vetatwork-project.eu\/is\/wp-json\/wp\/v2\/pages\/4223\/revisions"}],"predecessor-version":[{"id":4244,"href":"https:\/\/vetatwork-project.eu\/is\/wp-json\/wp\/v2\/pages\/4223\/revisions\/4244"}],"up":[{"embeddable":true,"href":"https:\/\/vetatwork-project.eu\/is\/wp-json\/wp\/v2\/pages\/4219"}],"wp:attachment":[{"href":"https:\/\/vetatwork-project.eu\/is\/wp-json\/wp\/v2\/media?parent=4223"}],"curies":[{"name":"wp","href":"https:\/\/api.w.org\/{rel}","templated":true}]}}