{"id":4217,"date":"2022-01-03T13:28:53","date_gmt":"2022-01-03T11:28:53","guid":{"rendered":"https:\/\/vetatwork-project.eu\/um-verkefnid\/"},"modified":"2022-01-03T13:28:54","modified_gmt":"2022-01-03T11:28:54","slug":"um-verkefnid","status":"publish","type":"page","link":"https:\/\/vetatwork-project.eu\/is\/um-verkefnid\/","title":{"rendered":"Um verkefni\u00f0"},"content":{"rendered":"\t\t<div data-elementor-type=\"wp-page\" data-elementor-id=\"4217\" class=\"elementor elementor-4217 elementor-698\" data-elementor-post-type=\"page\">\n\t\t\t\t\t\t<section class=\"elementor-section elementor-top-section elementor-element elementor-element-f61e93f elementor-section-content-middle elementor-section-boxed elementor-section-height-default elementor-section-height-default\" data-id=\"f61e93f\" data-element_type=\"section\">\n\t\t\t\t\t\t<div class=\"elementor-container elementor-column-gap-default\">\n\t\t\t\t\t<div class=\"elementor-column elementor-col-50 elementor-top-column elementor-element elementor-element-e13ecb8\" data-id=\"e13ecb8\" data-element_type=\"column\">\n\t\t\t<div class=\"elementor-widget-wrap elementor-element-populated\">\n\t\t\t\t\t\t<div class=\"elementor-element elementor-element-f41f03c elementor-widget elementor-widget-text-editor\" data-id=\"f41f03c\" data-element_type=\"widget\" data-widget_type=\"text-editor.default\">\n\t\t\t\t<div class=\"elementor-widget-container\">\n\t\t\t\t\t\t\t<p><strong>Um VET@work<\/strong><\/p>\n\t\t\t\t\t\t<\/div>\n\t\t\t\t<\/div>\n\t\t\t\t<div class=\"elementor-element elementor-element-d21eb0c elementor-widget elementor-widget-text-editor\" data-id=\"d21eb0c\" data-element_type=\"widget\" data-widget_type=\"text-editor.default\">\n\t\t\t\t<div class=\"elementor-widget-container\">\n\t\t\t\t\t\t\t<p>VET@work er Erasmus+ KA2 verkefni og fj\u00e1rmagna\u00f0 af Evr\u00f3pusambandinu \u00ed gegnum Finnsku Landsskrifstofu Mennta\u00e1\u00e6tlunar ES.\u00a0 Verkefni\u00f0 er framhald af nokkrum vel heppnu\u00f0um Leonardo da Vinci og Erasmus+ KA2 verkefnum svo sem: POETE, WorkMentor (sem var \u00fatnefnt vel heppna\u00f0 verkefni) WorkQual og AppMentor (sem vann European Innovative Teaching Award 2021).<\/p>\n<p>Hugmyndin um verkefni\u00f0 \u00fer\u00f3a\u00f0ist \u00e1 me\u00f0an unni\u00f0 var a\u00f0 AppMentor verkefninu.\u00a0 Vi\u00f0 ur\u00f0um v\u00f6r vi\u00f0 a\u00f0 vinnuveitendur og starfsn\u00e1mssk\u00f3la vanta\u00f0i sameiginlegt tungum\u00e1l og verkf\u00e6ri til a\u00f0 nemar fengju f\u00e6rnina sem atvinnul\u00edfi\u00f0 kalla\u00f0i eftir.\u00a0 Samvinna milli vinnuveitenda og starfsn\u00e1mssk\u00f3la er svo breytileg, a\u00f0 einhverju leyti tilviljanakennd og lei\u00f0ir ekki til heildr\u00e6nnar n\u00e1msreynslu fyrir nemendur.<\/p>\n\t\t\t\t\t\t<\/div>\n\t\t\t\t<\/div>\n\t\t\t\t\t<\/div>\n\t\t<\/div>\n\t\t\t\t<div class=\"elementor-column elementor-col-50 elementor-top-column elementor-element elementor-element-c5b9a36\" data-id=\"c5b9a36\" data-element_type=\"column\">\n\t\t\t<div class=\"elementor-widget-wrap elementor-element-populated\">\n\t\t\t\t\t\t<div class=\"elementor-element elementor-element-decb4b7 elementor-widget elementor-widget-image\" data-id=\"decb4b7\" data-element_type=\"widget\" data-widget_type=\"image.default\">\n\t\t\t\t<div class=\"elementor-widget-container\">\n\t\t\t\t\t\t\t\t\t\t\t\t\t<img fetchpriority=\"high\" decoding=\"async\" width=\"800\" height=\"800\" src=\"https:\/\/vetatwork-project.eu\/wp-content\/uploads\/2021\/09\/Vet@Work-About-banner-woman@2.png\" class=\"attachment-full size-full wp-image-3111\" alt=\"about\" srcset=\"https:\/\/vetatwork-project.eu\/wp-content\/uploads\/2021\/09\/Vet@Work-About-banner-woman@2.png 800w, https:\/\/vetatwork-project.eu\/wp-content\/uploads\/2021\/09\/Vet@Work-About-banner-woman@2-300x300.png 300w, https:\/\/vetatwork-project.eu\/wp-content\/uploads\/2021\/09\/Vet@Work-About-banner-woman@2-150x150.png 150w, https:\/\/vetatwork-project.eu\/wp-content\/uploads\/2021\/09\/Vet@Work-About-banner-woman@2-768x768.png 768w\" sizes=\"(max-width: 800px) 100vw, 800px\" \/>\t\t\t\t\t\t\t\t\t\t\t\t\t<\/div>\n\t\t\t\t<\/div>\n\t\t\t\t\t<\/div>\n\t\t<\/div>\n\t\t\t\t\t<\/div>\n\t\t<\/section>\n\t\t\t\t<section class=\"elementor-section elementor-top-section elementor-element elementor-element-00a8827 elementor-section-boxed elementor-section-height-default elementor-section-height-default\" data-id=\"00a8827\" data-element_type=\"section\">\n\t\t\t\t\t\t<div class=\"elementor-container elementor-column-gap-default\">\n\t\t\t\t\t<div class=\"elementor-column elementor-col-100 elementor-top-column elementor-element elementor-element-b464930\" data-id=\"b464930\" data-element_type=\"column\">\n\t\t\t<div class=\"elementor-widget-wrap elementor-element-populated\">\n\t\t\t\t\t\t<div class=\"elementor-element elementor-element-d1d4b8c elementor-widget elementor-widget-text-editor\" data-id=\"d1d4b8c\" data-element_type=\"widget\" data-widget_type=\"text-editor.default\">\n\t\t\t\t<div class=\"elementor-widget-container\">\n\t\t\t\t\t\t\t<p>Vi\u00f0 vildum vinna verkefni \u00fear sem b\u00e6\u00f0i starfsn\u00e1mssk\u00f3lar og mi\u00f0st\u00f6\u00f0var starfsn\u00e1ms og vinnuveitendur vinna saman hli\u00f0 vi\u00f0 hli\u00f0, gagns\u00e6tt og me\u00f0 opnum huga vi\u00f0 a\u00f0 uppg\u00f6tva lei\u00f0ir til a\u00f0 \u00feessir a\u00f0ilar geti komi\u00f0 \u00e1 og unni\u00f0 me\u00f0\u00a0 samskipti og samvinnu sem standast kr\u00f6fur um g\u00e6\u00f0i og gagns\u00e6i. Markmi\u00f0i\u00f0 var a\u00f0 pr\u00f3fa \u00fdmsar a\u00f0fer\u00f0ir og vinnubr\u00f6g\u00f0 sem myndu tryggja a\u00f0 nemar \u00ed starfsn\u00e1mi \u00f6\u00f0lu\u00f0ust \u00fe\u00e1 f\u00e6rni sem \u00feeir \u00feurfa \u00e1 lei\u00f0 inn \u00e1 vinnumarka\u00f0inn.<\/p>\n<p>\u00c1 \u00feriggja \u00e1ra t\u00edma verkefnisins hafa starfsn\u00e1mssk\u00f3lar og \u00feeir vinnuveitendur sem voru me\u00f0 haldi\u00f0 reglulega fundi og fjarfundi.\u00a0 \u00dear var horft \u00e1 \u00feau atri\u00f0i og a\u00f0fer\u00f0ir sem stu\u00f0la a\u00f0 og efla samstarf a\u00f0ilanna til framt\u00ed\u00f0ar.\u00a0 \u00c1 fundunum skiptumst vi\u00f0 \u00e1 hugmyndum og reynslus\u00f6gum, t\u00f3kum vi\u00f0t\u00f6l hvert vi\u00f0 anna\u00f0, l\u00e6r\u00f0um af s\u00e9rfr\u00e6\u00f0ingum m.a. nemum, kennurum, vinnuveitendum, starfsm\u00f6nnum ( starfsmentorum ) \u00e1 vinnust\u00f6\u00f0um og fulltr\u00faum mi\u00f0st\u00f6\u00f0va starfsn\u00e1ms sem ekki voru beinir a\u00f0ilar a\u00f0 verkefninu.<\/p>\n<p>VET@work h\u00f3purinn vill \u00feakka \u00f6llum sem veittu verkefninu athygli, t\u00edma og l\u00f6g\u00f0u efni \u00ed p\u00fakki\u00f0.\u00a0 \u00dea\u00f0 hversu viljugt f\u00f3lk var a\u00f0 a\u00f0sto\u00f0a okkur er afar mikilv\u00e6gt og vi\u00f0 erum \u00feakkl\u00e1t fyrir allt sem vi\u00f0 heyr\u00f0um og s\u00e1um.\u00a0 \u00dea\u00f0 er \u00fea\u00f0 sem gerir \u00fea\u00f0 kleift a\u00f0 birta handb\u00f3kina sem vi\u00f0 erum stolt af.<\/p>\n\t\t\t\t\t\t<\/div>\n\t\t\t\t<\/div>\n\t\t\t\t\t<\/div>\n\t\t<\/div>\n\t\t\t\t\t<\/div>\n\t\t<\/section>\n\t\t\t\t<section class=\"elementor-section elementor-top-section elementor-element elementor-element-9fc4e32 elementor-section-content-middle elementor-reverse-mobile elementor-section-boxed elementor-section-height-default elementor-section-height-default\" data-id=\"9fc4e32\" data-element_type=\"section\">\n\t\t\t\t\t\t<div class=\"elementor-container elementor-column-gap-default\">\n\t\t\t\t\t<div class=\"elementor-column elementor-col-50 elementor-top-column elementor-element elementor-element-7373f92\" data-id=\"7373f92\" data-element_type=\"column\">\n\t\t\t<div class=\"elementor-widget-wrap elementor-element-populated\">\n\t\t\t\t\t\t<div class=\"elementor-element elementor-element-8acacb9 elementor-widget elementor-widget-image\" data-id=\"8acacb9\" data-element_type=\"widget\" data-widget_type=\"image.default\">\n\t\t\t\t<div class=\"elementor-widget-container\">\n\t\t\t\t\t\t\t\t\t\t\t\t\t<img decoding=\"async\" width=\"800\" height=\"800\" src=\"https:\/\/vetatwork-project.eu\/wp-content\/uploads\/2021\/09\/Vet@Work-About-banner-man@2.png\" class=\"attachment-full size-full wp-image-3107\" alt=\"about\" srcset=\"https:\/\/vetatwork-project.eu\/wp-content\/uploads\/2021\/09\/Vet@Work-About-banner-man@2.png 800w, https:\/\/vetatwork-project.eu\/wp-content\/uploads\/2021\/09\/Vet@Work-About-banner-man@2-300x300.png 300w, https:\/\/vetatwork-project.eu\/wp-content\/uploads\/2021\/09\/Vet@Work-About-banner-man@2-150x150.png 150w, https:\/\/vetatwork-project.eu\/wp-content\/uploads\/2021\/09\/Vet@Work-About-banner-man@2-768x768.png 768w\" sizes=\"(max-width: 800px) 100vw, 800px\" \/>\t\t\t\t\t\t\t\t\t\t\t\t\t<\/div>\n\t\t\t\t<\/div>\n\t\t\t\t\t<\/div>\n\t\t<\/div>\n\t\t\t\t<div class=\"elementor-column elementor-col-50 elementor-top-column elementor-element elementor-element-0c38ab7\" data-id=\"0c38ab7\" data-element_type=\"column\">\n\t\t\t<div class=\"elementor-widget-wrap elementor-element-populated\">\n\t\t\t\t\t\t<div class=\"elementor-element elementor-element-d68e8e9 elementor-widget elementor-widget-text-editor\" data-id=\"d68e8e9\" data-element_type=\"widget\" data-widget_type=\"text-editor.default\">\n\t\t\t\t<div class=\"elementor-widget-container\">\n\t\t\t\t\t\t\t<p>Markmi\u00f0 okkar hefur veri\u00f0 a\u00f0 a\u00f0sto\u00f0a starfsn\u00e1mssk\u00f3la og vinnuveitendur vi\u00f0 a\u00f0 byggja upp betri samstarfslei\u00f0ir, hvort sem um er a\u00f0 r\u00e6\u00f0a n\u00fdjar lei\u00f0ir til samstarfs e\u00f0a \u00fe\u00e6r sem hafa veri\u00f0 n\u00fdttar hinga\u00f0 til.\u00a0 \u00deetta n\u00e1\u00f0ist me\u00f0 \u00fev\u00ed a\u00f0 veita uppl\u00fdsingar um \u00fea\u00f0 sem gengur vel, sko\u00f0a hindranir sem eru n\u00fana til trafala fyrir samstarfi og benda \u00e1 kosti samstarfs \u00ed anda VET@work fyrir sk\u00f3lana, nema og vinnuveitendur.\u00a0 Vi\u00f0 vildum l\u00edka benda \u00e1 a\u00f0fer\u00f0ir og d\u00e6mi sem v\u00edsa veginn a\u00f0 mismunandi lei\u00f0um \u00ed samstarfi.\u00a0 Sum d\u00e6min henta betur \u00feegar samstarfi\u00f0 er a\u00f0 byrja og \u00f6nnur henta betur \u00feeim sem vinna \u00ed samstarfi n\u00fa \u00feegar. Vi\u00f0 birtum l\u00edka \u00e1bendingar og hugmyndir um hvernig er h\u00e6gt a\u00f0 skapa \u00e1huga og koma \u00e1 samstarfslei\u00f0um.\u00a0 Ein a\u00f0fer\u00f0in til \u00feess er a\u00f0 bj\u00f3\u00f0a einfalda k\u00f6nnun \u00e1 netinu sem mun gefa til kynna hversu tilb\u00fainn vinnuveitandi e\u00f0a starfsn\u00e1mssk\u00f3li er a\u00f0 vera \u00ed samstarfi um starfsn\u00e1m og starfs\u00fej\u00e1lfun.<\/p>\n\t\t\t\t\t\t<\/div>\n\t\t\t\t<\/div>\n\t\t\t\t<div class=\"elementor-element elementor-element-3056223 elementor-widget elementor-widget-spacer\" data-id=\"3056223\" data-element_type=\"widget\" data-widget_type=\"spacer.default\">\n\t\t\t\t<div class=\"elementor-widget-container\">\n\t\t\t\t\t<div class=\"elementor-spacer\">\n\t\t\t<div class=\"elementor-spacer-inner\"><\/div>\n\t\t<\/div>\n\t\t\t\t<\/div>\n\t\t\t\t<\/div>\n\t\t\t\t\t<\/div>\n\t\t<\/div>\n\t\t\t\t\t<\/div>\n\t\t<\/section>\n\t\t\t\t<section class=\"elementor-section elementor-top-section elementor-element elementor-element-fc925e0 elementor-section-boxed elementor-section-height-default elementor-section-height-default\" data-id=\"fc925e0\" data-element_type=\"section\">\n\t\t\t\t\t\t<div class=\"elementor-container elementor-column-gap-default\">\n\t\t\t\t\t<div class=\"elementor-column elementor-col-100 elementor-top-column elementor-element elementor-element-efe6668\" data-id=\"efe6668\" data-element_type=\"column\">\n\t\t\t<div class=\"elementor-widget-wrap elementor-element-populated\">\n\t\t\t\t\t\t<div class=\"elementor-element elementor-element-0f1a3a3 elementor-widget elementor-widget-text-editor\" data-id=\"0f1a3a3\" data-element_type=\"widget\" data-widget_type=\"text-editor.default\">\n\t\t\t\t<div class=\"elementor-widget-container\">\n\t\t\t\t\t\t\t<p>Allt \u00feetta og mun meira er a\u00f0 finna \u00ed handb\u00f3kinni.\u00a0 Vi\u00f0 vonum a\u00f0 handb\u00f3kin geti komi\u00f0 a\u00f0 gagni, verkf\u00e6ri, a\u00f0fer\u00f0ir og \u00e1bendingar s\u00e9u nytsamleg og ver\u00f0i til hvatningar til a\u00f0 hafa samstarf um \u00fej\u00e1lfun sem hluta af samstarfinu.<\/p>\n<p><em>Kve\u00f0jur: Tanja, Johanna, Klara, Bernadetta, Kirsi, Philip, Adele, Maarten, Myriam, Brenda, Hrafnhildur, Harpa, Hulda, Yveline and Mireille (the VET@work team)<\/em><\/p>\n\t\t\t\t\t\t<\/div>\n\t\t\t\t<\/div>\n\t\t\t\t\t<\/div>\n\t\t<\/div>\n\t\t\t\t\t<\/div>\n\t\t<\/section>\n\t\t\t\t<\/div>\n\t\t","protected":false},"excerpt":{"rendered":"<p>Um VET@work VET@work er Erasmus+ KA2 verkefni og fj\u00e1rmagna\u00f0 af Evr\u00f3pusambandinu \u00ed gegnum Finnsku Landsskrifstofu Mennta\u00e1\u00e6tlunar ES.\u00a0 Verkefni\u00f0 er framhald af nokkrum vel heppnu\u00f0um Leonardo da Vinci og Erasmus+ KA2 verkefnum svo sem: POETE, WorkMentor (sem var \u00fatnefnt vel heppna\u00f0 verkefni) WorkQual og AppMentor (sem vann European Innovative Teaching Award 2021). Hugmyndin um verkefni\u00f0 \u00fer\u00f3a\u00f0ist [&hellip;]<\/p>\n","protected":false},"author":3,"featured_media":3059,"parent":0,"menu_order":0,"comment_status":"closed","ping_status":"closed","template":"","meta":{"site-sidebar-layout":"no-sidebar","site-content-layout":"page-builder","ast-site-content-layout":"","site-content-style":"default","site-sidebar-style":"default","ast-global-header-display":"","ast-banner-title-visibility":"","ast-main-header-display":"","ast-hfb-above-header-display":"","ast-hfb-below-header-display":"","ast-hfb-mobile-header-display":"","site-post-title":"disabled","ast-breadcrumbs-content":"","ast-featured-img":"disabled","footer-sml-layout":"","theme-transparent-header-meta":"","adv-header-id-meta":"","stick-header-meta":"","header-above-stick-meta":"","header-main-stick-meta":"","header-below-stick-meta":"","astra-migrate-meta-layouts":"default","ast-page-background-enabled":"default","ast-page-background-meta":{"desktop":{"background-color":"","background-image":"","background-repeat":"repeat","background-position":"center center","background-size":"auto","background-attachment":"scroll","background-type":"","background-media":"","overlay-type":"","overlay-color":"","overlay-opacity":"","overlay-gradient":""},"tablet":{"background-color":"","background-image":"","background-repeat":"repeat","background-position":"center center","background-size":"auto","background-attachment":"scroll","background-type":"","background-media":"","overlay-type":"","overlay-color":"","overlay-opacity":"","overlay-gradient":""},"mobile":{"background-color":"","background-image":"","background-repeat":"repeat","background-position":"center center","background-size":"auto","background-attachment":"scroll","background-type":"","background-media":"","overlay-type":"","overlay-color":"","overlay-opacity":"","overlay-gradient":""}},"ast-content-background-meta":{"desktop":{"background-color":"var(--ast-global-color-5)","background-image":"","background-repeat":"repeat","background-position":"center center","background-size":"auto","background-attachment":"scroll","background-type":"","background-media":"","overlay-type":"","overlay-color":"","overlay-opacity":"","overlay-gradient":""},"tablet":{"background-color":"var(--ast-global-color-5)","background-image":"","background-repeat":"repeat","background-position":"center center","background-size":"auto","background-attachment":"scroll","background-type":"","background-media":"","overlay-type":"","overlay-color":"","overlay-opacity":"","overlay-gradient":""},"mobile":{"background-color":"var(--ast-global-color-5)","background-image":"","background-repeat":"repeat","background-position":"center center","background-size":"auto","background-attachment":"scroll","background-type":"","background-media":"","overlay-type":"","overlay-color":"","overlay-opacity":"","overlay-gradient":""}},"footnotes":""},"class_list":["post-4217","page","type-page","status-publish","has-post-thumbnail","hentry"],"_links":{"self":[{"href":"https:\/\/vetatwork-project.eu\/is\/wp-json\/wp\/v2\/pages\/4217","targetHints":{"allow":["GET"]}}],"collection":[{"href":"https:\/\/vetatwork-project.eu\/is\/wp-json\/wp\/v2\/pages"}],"about":[{"href":"https:\/\/vetatwork-project.eu\/is\/wp-json\/wp\/v2\/types\/page"}],"author":[{"embeddable":true,"href":"https:\/\/vetatwork-project.eu\/is\/wp-json\/wp\/v2\/users\/3"}],"replies":[{"embeddable":true,"href":"https:\/\/vetatwork-project.eu\/is\/wp-json\/wp\/v2\/comments?post=4217"}],"version-history":[{"count":1,"href":"https:\/\/vetatwork-project.eu\/is\/wp-json\/wp\/v2\/pages\/4217\/revisions"}],"predecessor-version":[{"id":4218,"href":"https:\/\/vetatwork-project.eu\/is\/wp-json\/wp\/v2\/pages\/4217\/revisions\/4218"}],"wp:featuredmedia":[{"embeddable":true,"href":"https:\/\/vetatwork-project.eu\/is\/wp-json\/wp\/v2\/media\/3059"}],"wp:attachment":[{"href":"https:\/\/vetatwork-project.eu\/is\/wp-json\/wp\/v2\/media?parent=4217"}],"curies":[{"name":"wp","href":"https:\/\/api.w.org\/{rel}","templated":true}]}}