{"id":5448,"date":"2022-01-14T11:08:16","date_gmt":"2022-01-14T09:08:16","guid":{"rendered":"https:\/\/vetatwork-project.eu\/comment-commencer\/"},"modified":"2022-01-14T11:08:17","modified_gmt":"2022-01-14T09:08:17","slug":"comment-commencer","status":"publish","type":"page","link":"https:\/\/vetatwork-project.eu\/fr\/comment-commencer\/","title":{"rendered":"Comment commencer"},"content":{"rendered":"\t\t<div data-elementor-type=\"wp-page\" data-elementor-id=\"5448\" class=\"elementor elementor-5448 elementor-2073\" data-elementor-post-type=\"page\">\n\t\t\t\t\t\t<section class=\"elementor-section elementor-top-section elementor-element elementor-element-215b96d elementor-section-boxed elementor-section-height-default elementor-section-height-default\" data-id=\"215b96d\" data-element_type=\"section\">\n\t\t\t\t\t\t<div class=\"elementor-container elementor-column-gap-default\">\n\t\t\t\t\t<div class=\"elementor-column elementor-col-100 elementor-top-column elementor-element elementor-element-a327a0e\" data-id=\"a327a0e\" data-element_type=\"column\">\n\t\t\t<div class=\"elementor-widget-wrap elementor-element-populated\">\n\t\t\t\t\t\t<div class=\"elementor-element elementor-element-a4c1176 elementor-widget elementor-widget-text-editor\" data-id=\"a4c1176\" data-element_type=\"widget\" data-widget_type=\"text-editor.default\">\n\t\t\t\t<div class=\"elementor-widget-container\">\n\t\t\t\t\t\t\t<h3 style=\"text-align: left;\"><strong>Comment commencer<\/strong><\/h3>\n<p><img fetchpriority=\"high\" decoding=\"async\" class=\"alignright wp-image-3114\" src=\"https:\/\/vetatwork-project.eu\/wp-content\/uploads\/2021\/09\/methodologies-employer-banner-Vet@Work@2.png\" alt=\"cases get started\" width=\"400\" height=\"400\" srcset=\"https:\/\/vetatwork-project.eu\/wp-content\/uploads\/2021\/09\/methodologies-employer-banner-Vet@Work@2.png 800w, https:\/\/vetatwork-project.eu\/wp-content\/uploads\/2021\/09\/methodologies-employer-banner-Vet@Work@2-300x300.png 300w, https:\/\/vetatwork-project.eu\/wp-content\/uploads\/2021\/09\/methodologies-employer-banner-Vet@Work@2-150x150.png 150w, https:\/\/vetatwork-project.eu\/wp-content\/uploads\/2021\/09\/methodologies-employer-banner-Vet@Work@2-768x768.png 768w\" sizes=\"(max-width: 400px) 100vw, 400px\" \/><\/p>\n<p>Dans ce chapitre du manuel VET@work, vous trouverez des informations, des conseils et des m\u00e9thodologies test\u00e9es qui vous aideront \u00e0 d\u00e9marrer, que vous soyez nouveau dans le domaine de la formation et\/ou\u00a0 de collaborations professionnelles ou que vous soyez un acteur exp\u00e9riment\u00e9 dans ce type de collaborations.<\/p>\n<p>En testant et en \u00e9valuant les 12 m\u00e9thodologies, il nous est apparu tr\u00e8s clairement que nous devions d&rsquo;abord trouver un objectif et un langage commun.<\/p>\n<p>Cela nous facilitera la mise en place d\u2019une collaboration transparente, constructive et durable qui aidera les \u00e9tudiants en formation professionnelle \u00e0 acqu\u00e9rir les comp\u00e9tences du 21e si\u00e8cle n\u00e9cessaires pour r\u00e9ussir dans le monde du travail. Nous avons r\u00e9alis\u00e9 \u00e0 quel point il est important que les prestataires de formation et les employeurs incluent la formation professionnelle et la collaboration avec les employeurs dans leurs strat\u00e9gies, visions et plans d\u2019action de mani\u00e8re concr\u00e8te et r\u00e9aliste.tr<\/p>\n<p>Lorsque nous avons travaill\u00e9 sur le manuel VET@work, et en particulier sur ce chapitre qui se concentre sur les diff\u00e9rentes fa\u00e7ons dont la formation professionnelle et le monde du travail peuvent collaborer, nous avons vu devant nous un pont o\u00f9 les besoins et les r\u00e9alit\u00e9s de formation professionnelle sont d\u2019un c\u00f4t\u00e9 et les besoins et les r\u00e9alit\u00e9s du monde du travail de l\u2019autre c\u00f4t\u00e9. Nous (les prestataires de formation professionnelle et les employeurs) voulions tous la m\u00eame chose, c\u2019est-\u00e0-dire mettre en \u0153uvre une formation professionnelle qui fournisse des travailleurs qualifi\u00e9s au march\u00e9 du travail. Comme dans toute collaboration \/ m\u00e9thodologie, nous avons commenc\u00e9 notre processus de VET@work en parlant et en nous assurant que nous comprenions ce qui \u00e9tait dit \/ discut\u00e9 de la m\u00eame mani\u00e8re. Nous avons partag\u00e9 des cas de pratiques exemplaires et tir\u00e9 les le\u00e7ons des erreurs que nous avons commises dans le pass\u00e9. Nous \u00e9tions ouverts, honn\u00eates et nous voulions tous apprendre et am\u00e9liorer nos fa\u00e7ons de travailler et de collaborer. Nous n\u2019avions pas peur de faire des erreurs, nous les consid\u00e9rions comme un moyen de grandir.<\/p>\n<p><span style=\"font-size: 16px;\">Si vous n\u2019\u00eates pas certain de votre exp\u00e9rience en mati\u00e8re de collaborations VET@work, nous vous recommandons de commencer par passer le test d\u2019auto-\u00e9valuation que vous pouvez trouver <\/span><a style=\"font-size: 20px;\" href=\"https:\/\/vetatwork-project.eu\/fr\/self-evaluation-tool\/\" target=\"_blank\" rel=\"noopener\">ici<\/a><\/p>\n\t\t\t\t\t\t<\/div>\n\t\t\t\t<\/div>\n\t\t\t\t\t<\/div>\n\t\t<\/div>\n\t\t\t\t\t<\/div>\n\t\t<\/section>\n\t\t\t\t<\/div>\n\t\t","protected":false},"excerpt":{"rendered":"<p>Comment commencer Dans ce chapitre du manuel VET@work, vous trouverez des informations, des conseils et des m\u00e9thodologies test\u00e9es qui vous aideront \u00e0 d\u00e9marrer, que vous soyez nouveau dans le domaine de la formation et\/ou\u00a0 de collaborations professionnelles ou que vous soyez un acteur exp\u00e9riment\u00e9 dans ce type de collaborations. En testant et en \u00e9valuant les [&hellip;]<\/p>\n","protected":false},"author":3,"featured_media":0,"parent":0,"menu_order":0,"comment_status":"closed","ping_status":"closed","template":"","meta":{"site-sidebar-layout":"no-sidebar","site-content-layout":"page-builder","ast-site-content-layout":"","site-content-style":"default","site-sidebar-style":"default","ast-global-header-display":"","ast-banner-title-visibility":"","ast-main-header-display":"","ast-hfb-above-header-display":"","ast-hfb-below-header-display":"","ast-hfb-mobile-header-display":"","site-post-title":"disabled","ast-breadcrumbs-content":"","ast-featured-img":"disabled","footer-sml-layout":"","theme-transparent-header-meta":"","adv-header-id-meta":"","stick-header-meta":"","header-above-stick-meta":"","header-main-stick-meta":"","header-below-stick-meta":"","astra-migrate-meta-layouts":"default","ast-page-background-enabled":"default","ast-page-background-meta":{"desktop":{"background-color":"","background-image":"","background-repeat":"repeat","background-position":"center center","background-size":"auto","background-attachment":"scroll","background-type":"","background-media":"","overlay-type":"","overlay-color":"","overlay-opacity":"","overlay-gradient":""},"tablet":{"background-color":"","background-image":"","background-repeat":"repeat","background-position":"center center","background-size":"auto","background-attachment":"scroll","background-type":"","background-media":"","overlay-type":"","overlay-color":"","overlay-opacity":"","overlay-gradient":""},"mobile":{"background-color":"","background-image":"","background-repeat":"repeat","background-position":"center center","background-size":"auto","background-attachment":"scroll","background-type":"","background-media":"","overlay-type":"","overlay-color":"","overlay-opacity":"","overlay-gradient":""}},"ast-content-background-meta":{"desktop":{"background-color":"var(--ast-global-color-5)","background-image":"","background-repeat":"repeat","background-position":"center center","background-size":"auto","background-attachment":"scroll","background-type":"","background-media":"","overlay-type":"","overlay-color":"","overlay-opacity":"","overlay-gradient":""},"tablet":{"background-color":"var(--ast-global-color-5)","background-image":"","background-repeat":"repeat","background-position":"center center","background-size":"auto","background-attachment":"scroll","background-type":"","background-media":"","overlay-type":"","overlay-color":"","overlay-opacity":"","overlay-gradient":""},"mobile":{"background-color":"var(--ast-global-color-5)","background-image":"","background-repeat":"repeat","background-position":"center center","background-size":"auto","background-attachment":"scroll","background-type":"","background-media":"","overlay-type":"","overlay-color":"","overlay-opacity":"","overlay-gradient":""}},"footnotes":""},"class_list":["post-5448","page","type-page","status-publish","hentry"],"_links":{"self":[{"href":"https:\/\/vetatwork-project.eu\/fr\/wp-json\/wp\/v2\/pages\/5448","targetHints":{"allow":["GET"]}}],"collection":[{"href":"https:\/\/vetatwork-project.eu\/fr\/wp-json\/wp\/v2\/pages"}],"about":[{"href":"https:\/\/vetatwork-project.eu\/fr\/wp-json\/wp\/v2\/types\/page"}],"author":[{"embeddable":true,"href":"https:\/\/vetatwork-project.eu\/fr\/wp-json\/wp\/v2\/users\/3"}],"replies":[{"embeddable":true,"href":"https:\/\/vetatwork-project.eu\/fr\/wp-json\/wp\/v2\/comments?post=5448"}],"version-history":[{"count":1,"href":"https:\/\/vetatwork-project.eu\/fr\/wp-json\/wp\/v2\/pages\/5448\/revisions"}],"predecessor-version":[{"id":5449,"href":"https:\/\/vetatwork-project.eu\/fr\/wp-json\/wp\/v2\/pages\/5448\/revisions\/5449"}],"wp:attachment":[{"href":"https:\/\/vetatwork-project.eu\/fr\/wp-json\/wp\/v2\/media?parent=5448"}],"curies":[{"name":"wp","href":"https:\/\/api.w.org\/{rel}","templated":true}]}}