{"id":5131,"date":"2022-01-12T14:38:08","date_gmt":"2022-01-12T12:38:08","guid":{"rendered":"https:\/\/vetatwork-project.eu\/partenaires\/lequipe-francaise\/"},"modified":"2022-01-13T15:08:25","modified_gmt":"2022-01-13T13:08:25","slug":"lequipe-francaise","status":"publish","type":"page","link":"https:\/\/vetatwork-project.eu\/fr\/partenaires\/lequipe-francaise\/","title":{"rendered":"L\u2019\u00e9quipe FRAN\u00c7AISE"},"content":{"rendered":"\t\t<div data-elementor-type=\"wp-page\" data-elementor-id=\"5131\" class=\"elementor elementor-5131 elementor-1139\" data-elementor-post-type=\"page\">\n\t\t\t\t\t\t<section class=\"elementor-section elementor-top-section elementor-element elementor-element-934404d elementor-section-boxed elementor-section-height-default elementor-section-height-default\" data-id=\"934404d\" data-element_type=\"section\">\n\t\t\t\t\t\t<div class=\"elementor-container elementor-column-gap-default\">\n\t\t\t\t\t<div class=\"elementor-column elementor-col-100 elementor-top-column elementor-element elementor-element-bc2717e\" data-id=\"bc2717e\" data-element_type=\"column\">\n\t\t\t<div class=\"elementor-widget-wrap elementor-element-populated\">\n\t\t\t\t\t\t<div class=\"elementor-element elementor-element-bbdc672 elementor-widget elementor-widget-spacer\" data-id=\"bbdc672\" data-element_type=\"widget\" data-widget_type=\"spacer.default\">\n\t\t\t\t<div class=\"elementor-widget-container\">\n\t\t\t\t\t<div class=\"elementor-spacer\">\n\t\t\t<div class=\"elementor-spacer-inner\"><\/div>\n\t\t<\/div>\n\t\t\t\t<\/div>\n\t\t\t\t<\/div>\n\t\t\t\t<div class=\"elementor-element elementor-element-e3e3e7c elementor-widget elementor-widget-text-editor\" data-id=\"e3e3e7c\" data-element_type=\"widget\" data-widget_type=\"text-editor.default\">\n\t\t\t\t<div class=\"elementor-widget-container\">\n\t\t\t\t\t\t\t<p>L\u2019\u00e9quipe FRAN\u00c7AISE<\/p>\n\t\t\t\t\t\t<\/div>\n\t\t\t\t<\/div>\n\t\t\t\t\t<\/div>\n\t\t<\/div>\n\t\t\t\t\t<\/div>\n\t\t<\/section>\n\t\t\t\t<section class=\"elementor-section elementor-top-section elementor-element elementor-element-b3e8c94 elementor-section-boxed elementor-section-height-default elementor-section-height-default\" data-id=\"b3e8c94\" data-element_type=\"section\">\n\t\t\t\t\t\t<div class=\"elementor-container elementor-column-gap-default\">\n\t\t\t\t\t<div class=\"elementor-column elementor-col-50 elementor-top-column elementor-element elementor-element-5559eba\" data-id=\"5559eba\" data-element_type=\"column\">\n\t\t\t<div class=\"elementor-widget-wrap elementor-element-populated\">\n\t\t\t\t\t\t<div class=\"elementor-element elementor-element-26bab18 elementor-widget elementor-widget-image\" data-id=\"26bab18\" data-element_type=\"widget\" data-widget_type=\"image.default\">\n\t\t\t\t<div class=\"elementor-widget-container\">\n\t\t\t\t\t\t\t\t\t\t\t\t\t<img decoding=\"async\" src=\"https:\/\/vetatwork-project.eu\/wp-content\/uploads\/elementor\/thumbs\/V@WFR2-pgmjqwkdirahrjfizv4qymaa4k4c4hf7goru68cob8.png\" title=\"V@WFR2\" alt=\"partner\" loading=\"lazy\" \/>\t\t\t\t\t\t\t\t\t\t\t\t\t<\/div>\n\t\t\t\t<\/div>\n\t\t\t\t<div class=\"elementor-element elementor-element-55fc624 elementor-widget elementor-widget-text-editor\" data-id=\"55fc624\" data-element_type=\"widget\" data-widget_type=\"text-editor.default\">\n\t\t\t\t<div class=\"elementor-widget-container\">\n\t\t\t\t\t\t\t<p><strong><em>Mireille Rioual<\/em><\/strong><br \/><em>Head of unit Agricultral sector<br \/><\/em><em>Nantes Terre Atlantique<\/em><\/p>\n\t\t\t\t\t\t<\/div>\n\t\t\t\t<\/div>\n\t\t\t\t\t<\/div>\n\t\t<\/div>\n\t\t\t\t<div class=\"elementor-column elementor-col-50 elementor-top-column elementor-element elementor-element-f551990\" data-id=\"f551990\" data-element_type=\"column\">\n\t\t\t<div class=\"elementor-widget-wrap elementor-element-populated\">\n\t\t\t\t\t\t<div class=\"elementor-element elementor-element-a43ce00 elementor-widget elementor-widget-spacer\" data-id=\"a43ce00\" data-element_type=\"widget\" data-widget_type=\"spacer.default\">\n\t\t\t\t<div class=\"elementor-widget-container\">\n\t\t\t\t\t<div class=\"elementor-spacer\">\n\t\t\t<div class=\"elementor-spacer-inner\"><\/div>\n\t\t<\/div>\n\t\t\t\t<\/div>\n\t\t\t\t<\/div>\n\t\t\t\t<div class=\"elementor-element elementor-element-e385536 elementor-widget elementor-widget-text-editor\" data-id=\"e385536\" data-element_type=\"widget\" data-widget_type=\"text-editor.default\">\n\t\t\t\t<div class=\"elementor-widget-container\">\n\t\t\t\t\t\t\t<p>Je m\u2019appelle Mireille Rioual et je travaille pour Nantes Terre Atlantique en France o\u00f9 je suis enseignante dans un centre de formation en apprentissage et responsable du secteur agricole. J\u2019ai 53 ans, je vis \u00e0 la campagne et j\u2019adore m\u2019occuper de mon jardin et produire mes propres l\u00e9gumes.<\/p>\n<p>\u00c0 mon avis, la collaboration p\u00e9dagogique est importante parce que mes apprentis n\u2019aiment pas \u00ab\u00a0l\u2019\u00e9cole\u00a0\u00bb. En tant que formateur, nous devons leur faire sentir que l\u2019\u00e9cole et l\u2019entreprise travaillent ensemble, que les instructions sont coh\u00e9rentes et vont dans la m\u00eame direction.<\/p>\n<p>Je suis d\u2019avis que les enseignants et les tuteurs en entreprises doivent \u00eatre consid\u00e9r\u00e9s par l\u2019apprenant comme des pairs, m\u00eame si le temps dans l\u2019entreprise va plus vite qu\u2019au centre de formation o\u00f9 il faut prendre le temps de r\u00e9fl\u00e9chir, d\u2019expliquer, d\u2019analyser et de prendre du recul.<\/p>\n<p>Travailler avec les partenaires du projet m\u2019a permis d\u2019ouvrir ma vision de la coop\u00e9ration entre le centre de formation et l\u2019entreprise. Les exemples de coop\u00e9ration rencontr\u00e9s dans les diff\u00e9rents pays sont autant de d\u00e9couvertes qui m\u2019ont incit\u00e9e \u00e0 identifier d\u2019\u00e9ventuels transferts, mais aussi \u00e0 identifier ce qui est d\u00e9j\u00e0 pratiqu\u00e9 et qui doit \u00eatre d\u00e9velopp\u00e9.<\/p>\n<p>VET@work m\u2019a montr\u00e9 des exemples de coop\u00e9ration qui fonctionnent, cela permet de donner des id\u00e9es et de dire : \u00ab Je peux essayer ! \u00bb Il a \u00e9galement \u00e9prouv\u00e9 le proverbe \u00ab\u00a0Seul, je vais plus vite, ensemble, nous allons plus loin\u00a0\u00bb<\/p>\n\t\t\t\t\t\t<\/div>\n\t\t\t\t<\/div>\n\t\t\t\t\t<\/div>\n\t\t<\/div>\n\t\t\t\t\t<\/div>\n\t\t<\/section>\n\t\t\t\t<section class=\"elementor-section elementor-top-section elementor-element elementor-element-b9d6efe elementor-reverse-tablet elementor-reverse-mobile elementor-section-boxed elementor-section-height-default elementor-section-height-default\" data-id=\"b9d6efe\" data-element_type=\"section\">\n\t\t\t\t\t\t<div class=\"elementor-container elementor-column-gap-default\">\n\t\t\t\t\t<div class=\"elementor-column elementor-col-50 elementor-top-column elementor-element elementor-element-9e750a6\" data-id=\"9e750a6\" data-element_type=\"column\">\n\t\t\t<div class=\"elementor-widget-wrap elementor-element-populated\">\n\t\t\t\t\t\t<div class=\"elementor-element elementor-element-0c9d553 elementor-widget elementor-widget-spacer\" data-id=\"0c9d553\" data-element_type=\"widget\" data-widget_type=\"spacer.default\">\n\t\t\t\t<div class=\"elementor-widget-container\">\n\t\t\t\t\t<div class=\"elementor-spacer\">\n\t\t\t<div class=\"elementor-spacer-inner\"><\/div>\n\t\t<\/div>\n\t\t\t\t<\/div>\n\t\t\t\t<\/div>\n\t\t\t\t<div class=\"elementor-element elementor-element-72d7b7c elementor-widget elementor-widget-text-editor\" data-id=\"72d7b7c\" data-element_type=\"widget\" data-widget_type=\"text-editor.default\">\n\t\t\t\t<div class=\"elementor-widget-container\">\n\t\t\t\t\t\t\t<p>Je m\u2019appelle Yveline Beraud-Dupalis, je suis enseignante en am\u00e9nagement paysager dans un centre de formation par apprentissage. Avant de devenir enseignante, j\u2019\u00e9tais architecte paysagiste. J\u2019habite pr\u00e8s de NANTES et j\u2019aime particuli\u00e8rement voyager et visiter les jardins, ch\u00e2teaux, mus\u00e9es, expositions. J\u2019aime aussi faire les choses par moi-m\u00eame. Je travaille \u00e0 Nantes terre Atlantique depuis mai 2001 et j\u2019ai d\u00e9j\u00e0 particip\u00e9 \u00e0 des programmes europ\u00e9ens tels que WORQUAL et APPMENTOR.Nantes Terre Atlantique est une \u00e9cole publique de formation technique et professionnelle situ\u00e9e pr\u00e8s de Nantes dans l\u2019Ouest de la France, nous dispensons des formations dans les secteurs de l\u2019agriculture, de l\u2019horticulture, du paysage et de l\u2019agro-alimentaire<\/p>\n<p>C\u2019est le plus grand lyc\u00e9e public agricole de Loire Altantique avec un lyc\u00e9e, un lyc\u00e9e professionnel (LYCEE DU GRAND BLOTTEREAU), un centre d\u2019apprentissage des apprentis (CFA JULES RIEFFEL), un centre de formation des adultes (CFPPA JULES RIEFFEL). Il y a environ 800 \u00e9tudiants qui y \u00e9tudient Nous avons des apprentis essentiellement dans le paysage, mais aussi dans la transformation des aliments et l\u2019agriculture\u00a0; beaucoup d\u2019entre eux aiment travailler et apprendre en fabriquant quelque chose. Il est tr\u00e8s important pour le centre de formation d\u2019\u00eatre en relation \u00e9troite avec les entreprises pour pr\u00e9parer les jeunes apprenants \u00e0 une vie active. Nous ne sommes pas seulement des enseignants ; nous sommes plus des formateurs en \u00e9ducation et nous travaillons avec des mentors tuteurs en entreprise pour progresser pas \u00e0 pas vers le m\u00eame objectif.<\/p>\n<p>Le projet VET@work m\u2019a permis d\u2019\u00e9largir mes connaissances sur les diff\u00e9rents types de collaboration entre les centres de formation et les entreprises. En Europe, en visitant diff\u00e9rentes entreprises, nous avons d\u00e9couvert diff\u00e9rentes pratiques, et ces exp\u00e9riences pourraient ouvrir de nouvelles perspectives sur la fa\u00e7on de collaborer avec nos propres entreprises.<\/p>\n<p>Les exp\u00e9riences en Europe confirment que d\u00e9velopper la relation entre les centres de formation et les entreprises est le meilleur moyen pour les jeunes apprenants de r\u00e9ussir leur introduction \u00e0 la vie active.<\/p>\n\t\t\t\t\t\t<\/div>\n\t\t\t\t<\/div>\n\t\t\t\t\t<\/div>\n\t\t<\/div>\n\t\t\t\t<div class=\"elementor-column elementor-col-50 elementor-top-column elementor-element elementor-element-6914dcf\" data-id=\"6914dcf\" data-element_type=\"column\">\n\t\t\t<div class=\"elementor-widget-wrap elementor-element-populated\">\n\t\t\t\t\t\t<div class=\"elementor-element elementor-element-a4608ae elementor-widget elementor-widget-image\" data-id=\"a4608ae\" data-element_type=\"widget\" data-widget_type=\"image.default\">\n\t\t\t\t<div class=\"elementor-widget-container\">\n\t\t\t\t\t\t\t\t\t\t\t\t\t<img decoding=\"async\" src=\"https:\/\/vetatwork-project.eu\/wp-content\/uploads\/elementor\/thumbs\/V@WFR1-pgmjqzdw39ecqdbfjecmo3knwpqfrkqeh2qam28hsk.png\" title=\"V@WFR1\" alt=\"partners\" loading=\"lazy\" \/>\t\t\t\t\t\t\t\t\t\t\t\t\t<\/div>\n\t\t\t\t<\/div>\n\t\t\t\t<div class=\"elementor-element elementor-element-0b120d8 elementor-widget elementor-widget-text-editor\" data-id=\"0b120d8\" data-element_type=\"widget\" data-widget_type=\"text-editor.default\">\n\t\t\t\t<div class=\"elementor-widget-container\">\n\t\t\t\t\t\t\t<p><strong><em>Yveline Beraud<\/em><\/strong><br \/><em>Head of unit Horticultural sector<\/em><br \/><em>Nantes Terre Atlantique<\/em><\/p>\n\t\t\t\t\t\t<\/div>\n\t\t\t\t<\/div>\n\t\t\t\t\t<\/div>\n\t\t<\/div>\n\t\t\t\t\t<\/div>\n\t\t<\/section>\n\t\t\t\t<section class=\"elementor-section elementor-top-section elementor-element elementor-element-1615f25 elementor-section-boxed elementor-section-height-default elementor-section-height-default\" data-id=\"1615f25\" data-element_type=\"section\">\n\t\t\t\t\t\t<div class=\"elementor-container elementor-column-gap-default\">\n\t\t\t\t\t<div class=\"elementor-column elementor-col-100 elementor-top-column elementor-element elementor-element-9d026bd\" data-id=\"9d026bd\" data-element_type=\"column\">\n\t\t\t<div class=\"elementor-widget-wrap elementor-element-populated\">\n\t\t\t\t\t\t<div class=\"elementor-element elementor-element-8eae1df elementor-widget elementor-widget-text-editor\" data-id=\"8eae1df\" data-element_type=\"widget\" data-widget_type=\"text-editor.default\">\n\t\t\t\t<div class=\"elementor-widget-container\">\n\t\t\t\t\t\t\t<p>Je peux recommander VET@work car le monde \u00e9conomique et du travail change tr\u00e8s rapidement et la nouvelle g\u00e9n\u00e9ration de travailleurs aura besoin non seulement de comp\u00e9tences manuelles ou intellectuelles, mais aussi de connaissances th\u00e9oriques pour r\u00e9ussir. La collaboration entre les centres de formation et les entreprises est l\u2019un des meilleurs moyens de r\u00e9aliser ce d\u00e9fi du XXIe si\u00e8cle.<\/p>\n\t\t\t\t\t\t<\/div>\n\t\t\t\t<\/div>\n\t\t\t\t\t<\/div>\n\t\t<\/div>\n\t\t\t\t\t<\/div>\n\t\t<\/section>\n\t\t\t\t<section class=\"elementor-section elementor-top-section elementor-element elementor-element-f3f934f elementor-section-boxed elementor-section-height-default elementor-section-height-default\" data-id=\"f3f934f\" data-element_type=\"section\">\n\t\t\t\t\t\t<div class=\"elementor-container elementor-column-gap-default\">\n\t\t\t\t\t<div class=\"elementor-column elementor-col-25 elementor-top-column elementor-element elementor-element-e5c1309\" data-id=\"e5c1309\" data-element_type=\"column\">\n\t\t\t<div class=\"elementor-widget-wrap elementor-element-populated\">\n\t\t\t\t\t\t<div class=\"elementor-element elementor-element-5784e5f elementor-widget elementor-widget-image\" data-id=\"5784e5f\" data-element_type=\"widget\" data-widget_type=\"image.default\">\n\t\t\t\t<div class=\"elementor-widget-container\">\n\t\t\t\t\t\t\t\t\t\t\t\t\t\t<a href=\"https:\/\/vetatwork-project.eu\/fr\/partners\/icelandic-team\/\">\n\t\t\t\t\t\t\t<img decoding=\"async\" src=\"https:\/\/vetatwork-project.eu\/wp-content\/uploads\/elementor\/thumbs\/Partners-Flags-03@2-pesak4ucxvjuols9txqyfu76i2lu8lwk5j6ihl3uyw.png\" title=\"Partners-Flags-03@2\" alt=\"partners\" class=\"elementor-animation-grow\" loading=\"lazy\" \/>\t\t\t\t\t\t\t\t<\/a>\n\t\t\t\t\t\t\t\t\t\t\t\t\t<\/div>\n\t\t\t\t<\/div>\n\t\t\t\t<div class=\"elementor-element elementor-element-0bee097 elementor-widget elementor-widget-text-editor\" data-id=\"0bee097\" data-element_type=\"widget\" data-widget_type=\"text-editor.default\">\n\t\t\t\t<div class=\"elementor-widget-container\">\n\t\t\t\t\t\t\t<p><a href=\"https:\/\/vetatwork-project.eu\/fr\/partners\/icelandic-team\/\">L\u2019\u00e9quipe <br \/>D\u2019ISLANDE<\/a><\/p>\t\t\t\t\t\t<\/div>\n\t\t\t\t<\/div>\n\t\t\t\t\t<\/div>\n\t\t<\/div>\n\t\t\t\t<div class=\"elementor-column elementor-col-25 elementor-top-column elementor-element elementor-element-a33fbe9\" data-id=\"a33fbe9\" data-element_type=\"column\">\n\t\t\t<div class=\"elementor-widget-wrap elementor-element-populated\">\n\t\t\t\t\t\t<div class=\"elementor-element elementor-element-3eb238b elementor-widget elementor-widget-image\" data-id=\"3eb238b\" data-element_type=\"widget\" data-widget_type=\"image.default\">\n\t\t\t\t<div class=\"elementor-widget-container\">\n\t\t\t\t\t\t\t\t\t\t\t\t\t\t<a href=\"https:\/\/vetatwork-project.eu\/fr\/partners\/dutch-team\/\">\n\t\t\t\t\t\t\t<img decoding=\"async\" src=\"https:\/\/vetatwork-project.eu\/wp-content\/uploads\/elementor\/thumbs\/Partners-Flags-02@2-pesak055zpdf2jz3ldptlddvj59064dwgvx337atu0.png\" title=\"Partners-Flags-02@2\" alt=\"partners\" class=\"elementor-animation-grow\" loading=\"lazy\" \/>\t\t\t\t\t\t\t\t<\/a>\n\t\t\t\t\t\t\t\t\t\t\t\t\t<\/div>\n\t\t\t\t<\/div>\n\t\t\t\t<div class=\"elementor-element elementor-element-cd3134a elementor-widget elementor-widget-text-editor\" data-id=\"cd3134a\" data-element_type=\"widget\" data-widget_type=\"text-editor.default\">\n\t\t\t\t<div class=\"elementor-widget-container\">\n\t\t\t\t\t\t\t<p><a href=\"https:\/\/vetatwork-project.eu\/fr\/partners\/dutch-team\/\">L\u2019\u00e9quipe <br \/>des Pays bas<\/a><\/p>\t\t\t\t\t\t<\/div>\n\t\t\t\t<\/div>\n\t\t\t\t\t<\/div>\n\t\t<\/div>\n\t\t\t\t<div class=\"elementor-column elementor-col-25 elementor-top-column elementor-element elementor-element-d0a2241\" data-id=\"d0a2241\" data-element_type=\"column\">\n\t\t\t<div class=\"elementor-widget-wrap elementor-element-populated\">\n\t\t\t\t\t\t<div class=\"elementor-element elementor-element-c3441ee elementor-widget elementor-widget-image\" data-id=\"c3441ee\" data-element_type=\"widget\" data-widget_type=\"image.default\">\n\t\t\t\t<div class=\"elementor-widget-container\">\n\t\t\t\t\t\t\t\t\t\t\t\t\t\t<a href=\"https:\/\/vetatwork-project.eu\/fr\/partenaires\/lequipe-du-royaume-uni\/\">\n\t\t\t\t\t\t\t<img decoding=\"async\" src=\"https:\/\/vetatwork-project.eu\/wp-content\/uploads\/elementor\/thumbs\/Partners-Flags-01@2-pesak9jjw1qaanlg2hs3ab0hgzyob3f7u6fxvyww3s.png\" title=\"Partners-Flags-01@2\" alt=\"partners\" class=\"elementor-animation-grow\" loading=\"lazy\" \/>\t\t\t\t\t\t\t\t<\/a>\n\t\t\t\t\t\t\t\t\t\t\t\t\t<\/div>\n\t\t\t\t<\/div>\n\t\t\t\t<div class=\"elementor-element elementor-element-23956a6 elementor-widget elementor-widget-text-editor\" data-id=\"23956a6\" data-element_type=\"widget\" data-widget_type=\"text-editor.default\">\n\t\t\t\t<div class=\"elementor-widget-container\">\n\t\t\t\t\t\t\t<p><a href=\"https:\/\/vetatwork-project.eu\/fr\/partenaires\/lequipe-du-royaume-uni\/\">L\u2019\u00e9quipe <br \/>du Royaume-Uni<\/a><\/p>\t\t\t\t\t\t<\/div>\n\t\t\t\t<\/div>\n\t\t\t\t\t<\/div>\n\t\t<\/div>\n\t\t\t\t<div class=\"elementor-column elementor-col-25 elementor-top-column elementor-element elementor-element-1aa7c9c\" data-id=\"1aa7c9c\" data-element_type=\"column\">\n\t\t\t<div class=\"elementor-widget-wrap elementor-element-populated\">\n\t\t\t\t\t\t<div class=\"elementor-element elementor-element-06317e4 elementor-widget elementor-widget-image\" data-id=\"06317e4\" data-element_type=\"widget\" data-widget_type=\"image.default\">\n\t\t\t\t<div class=\"elementor-widget-container\">\n\t\t\t\t\t\t\t\t\t\t\t\t\t\t<a href=\"https:\/\/vetatwork-project.eu\/fr\/partners\/finland-team\/\">\n\t\t\t\t\t\t\t<img decoding=\"async\" src=\"https:\/\/vetatwork-project.eu\/wp-content\/uploads\/elementor\/thumbs\/Partners-Flags-05@2-pesajvfz1j6zgi5xctooqwkkk7w63mv8s8nnothsp4.png\" title=\"Partners-Flags-05@2\" alt=\"partners\" class=\"elementor-animation-grow\" loading=\"lazy\" \/>\t\t\t\t\t\t\t\t<\/a>\n\t\t\t\t\t\t\t\t\t\t\t\t\t<\/div>\n\t\t\t\t<\/div>\n\t\t\t\t<div class=\"elementor-element elementor-element-bd36fd4 elementor-widget elementor-widget-text-editor\" data-id=\"bd36fd4\" data-element_type=\"widget\" data-widget_type=\"text-editor.default\">\n\t\t\t\t<div class=\"elementor-widget-container\">\n\t\t\t\t\t\t\t<p><a href=\"https:\/\/vetatwork-project.eu\/fr\/partners\/finland-team\/\">L\u2019\u00e9quipe<br \/>de Finlande<\/a><\/p>\t\t\t\t\t\t<\/div>\n\t\t\t\t<\/div>\n\t\t\t\t\t<\/div>\n\t\t<\/div>\n\t\t\t\t\t<\/div>\n\t\t<\/section>\n\t\t\t\t<\/div>\n\t\t","protected":false},"excerpt":{"rendered":"<p>L\u2019\u00e9quipe FRAN\u00c7AISE Mireille RioualHead of unit Agricultral sectorNantes Terre Atlantique Je m\u2019appelle Mireille Rioual et je travaille pour Nantes Terre Atlantique en France o\u00f9 je suis enseignante dans un centre de formation en apprentissage et responsable du secteur agricole. J\u2019ai 53 ans, je vis \u00e0 la campagne et j\u2019adore m\u2019occuper de mon jardin et produire [&hellip;]<\/p>\n","protected":false},"author":3,"featured_media":0,"parent":5123,"menu_order":0,"comment_status":"closed","ping_status":"closed","template":"","meta":{"site-sidebar-layout":"no-sidebar","site-content-layout":"page-builder","ast-site-content-layout":"","site-content-style":"default","site-sidebar-style":"default","ast-global-header-display":"","ast-banner-title-visibility":"","ast-main-header-display":"","ast-hfb-above-header-display":"","ast-hfb-below-header-display":"","ast-hfb-mobile-header-display":"","site-post-title":"disabled","ast-breadcrumbs-content":"","ast-featured-img":"disabled","footer-sml-layout":"","theme-transparent-header-meta":"","adv-header-id-meta":"","stick-header-meta":"","header-above-stick-meta":"","header-main-stick-meta":"","header-below-stick-meta":"","astra-migrate-meta-layouts":"default","ast-page-background-enabled":"default","ast-page-background-meta":{"desktop":{"background-color":"","background-image":"","background-repeat":"repeat","background-position":"center center","background-size":"auto","background-attachment":"scroll","background-type":"","background-media":"","overlay-type":"","overlay-color":"","overlay-opacity":"","overlay-gradient":""},"tablet":{"background-color":"","background-image":"","background-repeat":"repeat","background-position":"center center","background-size":"auto","background-attachment":"scroll","background-type":"","background-media":"","overlay-type":"","overlay-color":"","overlay-opacity":"","overlay-gradient":""},"mobile":{"background-color":"","background-image":"","background-repeat":"repeat","background-position":"center center","background-size":"auto","background-attachment":"scroll","background-type":"","background-media":"","overlay-type":"","overlay-color":"","overlay-opacity":"","overlay-gradient":""}},"ast-content-background-meta":{"desktop":{"background-color":"var(--ast-global-color-5)","background-image":"","background-repeat":"repeat","background-position":"center center","background-size":"auto","background-attachment":"scroll","background-type":"","background-media":"","overlay-type":"","overlay-color":"","overlay-opacity":"","overlay-gradient":""},"tablet":{"background-color":"var(--ast-global-color-5)","background-image":"","background-repeat":"repeat","background-position":"center center","background-size":"auto","background-attachment":"scroll","background-type":"","background-media":"","overlay-type":"","overlay-color":"","overlay-opacity":"","overlay-gradient":""},"mobile":{"background-color":"var(--ast-global-color-5)","background-image":"","background-repeat":"repeat","background-position":"center center","background-size":"auto","background-attachment":"scroll","background-type":"","background-media":"","overlay-type":"","overlay-color":"","overlay-opacity":"","overlay-gradient":""}},"footnotes":""},"class_list":["post-5131","page","type-page","status-publish","hentry"],"_links":{"self":[{"href":"https:\/\/vetatwork-project.eu\/fr\/wp-json\/wp\/v2\/pages\/5131","targetHints":{"allow":["GET"]}}],"collection":[{"href":"https:\/\/vetatwork-project.eu\/fr\/wp-json\/wp\/v2\/pages"}],"about":[{"href":"https:\/\/vetatwork-project.eu\/fr\/wp-json\/wp\/v2\/types\/page"}],"author":[{"embeddable":true,"href":"https:\/\/vetatwork-project.eu\/fr\/wp-json\/wp\/v2\/users\/3"}],"replies":[{"embeddable":true,"href":"https:\/\/vetatwork-project.eu\/fr\/wp-json\/wp\/v2\/comments?post=5131"}],"version-history":[{"count":4,"href":"https:\/\/vetatwork-project.eu\/fr\/wp-json\/wp\/v2\/pages\/5131\/revisions"}],"predecessor-version":[{"id":5440,"href":"https:\/\/vetatwork-project.eu\/fr\/wp-json\/wp\/v2\/pages\/5131\/revisions\/5440"}],"up":[{"embeddable":true,"href":"https:\/\/vetatwork-project.eu\/fr\/wp-json\/wp\/v2\/pages\/5123"}],"wp:attachment":[{"href":"https:\/\/vetatwork-project.eu\/fr\/wp-json\/wp\/v2\/media?parent=5131"}],"curies":[{"name":"wp","href":"https:\/\/api.w.org\/{rel}","templated":true}]}}