{"id":5123,"date":"2022-01-12T14:27:50","date_gmt":"2022-01-12T12:27:50","guid":{"rendered":"https:\/\/vetatwork-project.eu\/partenaires\/"},"modified":"2022-01-17T13:56:43","modified_gmt":"2022-01-17T11:56:43","slug":"partenaires","status":"publish","type":"page","link":"https:\/\/vetatwork-project.eu\/fr\/partenaires\/","title":{"rendered":"Partenaires"},"content":{"rendered":"\t\t<div data-elementor-type=\"wp-page\" data-elementor-id=\"5123\" class=\"elementor elementor-5123 elementor-1061\" data-elementor-post-type=\"page\">\n\t\t\t\t\t\t<section class=\"elementor-section elementor-top-section elementor-element elementor-element-e426066 elementor-section-boxed elementor-section-height-default elementor-section-height-default\" data-id=\"e426066\" data-element_type=\"section\">\n\t\t\t\t\t\t<div class=\"elementor-container elementor-column-gap-default\">\n\t\t\t\t\t<div class=\"elementor-column elementor-col-100 elementor-top-column elementor-element elementor-element-bfaca4d\" data-id=\"bfaca4d\" data-element_type=\"column\">\n\t\t\t<div class=\"elementor-widget-wrap elementor-element-populated\">\n\t\t\t\t\t\t<div class=\"elementor-element elementor-element-c4a3a53 elementor-widget elementor-widget-text-editor\" data-id=\"c4a3a53\" data-element_type=\"widget\" data-widget_type=\"text-editor.default\">\n\t\t\t\t<div class=\"elementor-widget-container\">\n\t\t\t\t\t\t\t<p>Pr\u00e9sentation des partenaires<\/p>\n\t\t\t\t\t\t<\/div>\n\t\t\t\t<\/div>\n\t\t\t\t\t<\/div>\n\t\t<\/div>\n\t\t\t\t\t<\/div>\n\t\t<\/section>\n\t\t\t\t<section class=\"elementor-section elementor-top-section elementor-element elementor-element-da8f80d elementor-section-content-middle elementor-section-boxed elementor-section-height-default elementor-section-height-default\" data-id=\"da8f80d\" data-element_type=\"section\">\n\t\t\t\t\t\t<div class=\"elementor-container elementor-column-gap-default\">\n\t\t\t\t\t<div class=\"elementor-column elementor-col-100 elementor-top-column elementor-element elementor-element-8270513\" data-id=\"8270513\" data-element_type=\"column\">\n\t\t\t<div class=\"elementor-widget-wrap elementor-element-populated\">\n\t\t\t\t\t\t<div class=\"elementor-element elementor-element-2ae8752 elementor-widget elementor-widget-text-editor\" data-id=\"2ae8752\" data-element_type=\"widget\" data-widget_type=\"text-editor.default\">\n\t\t\t\t<div class=\"elementor-widget-container\">\n\t\t\t\t\t\t\t<p>Le partenariat VET@work<\/p>\n\t\t\t\t\t\t<\/div>\n\t\t\t\t<\/div>\n\t\t\t\t<div class=\"elementor-element elementor-element-be247a9 elementor-widget elementor-widget-text-editor\" data-id=\"be247a9\" data-element_type=\"widget\" data-widget_type=\"text-editor.default\">\n\t\t\t\t<div class=\"elementor-widget-container\">\n\t\t\t\t\t\t\t<p>Le partenariat VET@work se compose de 8 partenaires; 3 des partenaires repr\u00e9sentent des centres de formation professionnelle (Axxell (Finlande), Verkmenntaskolinn \u00e0 Akureyri (Islande), Nantes Terre Atlantique (France)) et 5 repr\u00e9sentent le monde du travail (La municipalit\u00e9 de Raasepori (Finlande), Broadshoulders (Royaume-Uni), Het Idee (Pays-Bas), Welzijn Lelystad (Pays-Bas) et Medulla (Islande).<\/p>\n\t\t\t\t\t\t<\/div>\n\t\t\t\t<\/div>\n\t\t\t\t\t<\/div>\n\t\t<\/div>\n\t\t\t\t\t<\/div>\n\t\t<\/section>\n\t\t\t\t<section class=\"elementor-section elementor-top-section elementor-element elementor-element-0e93320 elementor-section-content-middle elementor-reverse-mobile elementor-section-boxed elementor-section-height-default elementor-section-height-default\" data-id=\"0e93320\" data-element_type=\"section\">\n\t\t\t\t\t\t<div class=\"elementor-container elementor-column-gap-default\">\n\t\t\t\t\t<div class=\"elementor-column elementor-col-50 elementor-top-column elementor-element elementor-element-4aed621\" data-id=\"4aed621\" data-element_type=\"column\">\n\t\t\t<div class=\"elementor-widget-wrap elementor-element-populated\">\n\t\t\t\t\t\t<div class=\"elementor-element elementor-element-e7964d4 elementor-widget elementor-widget-text-editor\" data-id=\"e7964d4\" data-element_type=\"widget\" data-widget_type=\"text-editor.default\">\n\t\t\t\t<div class=\"elementor-widget-container\">\n\t\t\t\t\t\t\t<p>Tous les partenaires partagent la passion de d\u00e9velopper la formation professionnelle en collaboration avec les entreprises et sont convaincus que la seule fa\u00e7on pour les \u00e9tudiants de en formation professionnelle d\u2019obtenir les comp\u00e9tences requises par le march\u00e9 du travail passe par le biais d\u2019une collaboration active, authentique et transparente. Au cours du projet, les partenaires ont travaill\u00e9 sur le manuel lors de r\u00e9unions transnationales du projet tenues au Royaume-Uni, en France, en Islande, aux Pays-Bas et en Finlande, ainsi que lors de r\u00e9unions transnationales et nationales virtuelles. Tous les partenaires ont activement partag\u00e9 les meilleures pratiques et mis \u00e0 l\u2019essai et \u00e9valu\u00e9 des m\u00e9thodologies qui encouragent les prestataires de formation professionnelle et les employeurs \u00e0 collaborer.<\/p>\n\t\t\t\t\t\t<\/div>\n\t\t\t\t<\/div>\n\t\t\t\t\t<\/div>\n\t\t<\/div>\n\t\t\t\t<div class=\"elementor-column elementor-col-50 elementor-top-column elementor-element elementor-element-838e5c5\" data-id=\"838e5c5\" data-element_type=\"column\">\n\t\t\t<div class=\"elementor-widget-wrap elementor-element-populated\">\n\t\t\t\t\t\t<div class=\"elementor-element elementor-element-9ded7ff elementor-widget elementor-widget-image\" data-id=\"9ded7ff\" data-element_type=\"widget\" data-widget_type=\"image.default\">\n\t\t\t\t<div class=\"elementor-widget-container\">\n\t\t\t\t\t\t\t\t\t\t\t\t\t\t<a href=\"https:\/\/vetatwork-project.eu\/wp-content\/uploads\/2021\/09\/meeting-190421-thumbs-up_orig.jpg\" data-elementor-open-lightbox=\"yes\" data-elementor-lightbox-title=\"meeting-190421-thumbs-up_orig\" data-e-action-hash=\"#elementor-action%3Aaction%3Dlightbox%26settings%3DeyJpZCI6MzIxNCwidXJsIjoiaHR0cHM6XC9cL3ZldGF0d29yay1wcm9qZWN0LmV1XC93cC1jb250ZW50XC91cGxvYWRzXC8yMDIxXC8wOVwvbWVldGluZy0xOTA0MjEtdGh1bWJzLXVwX29yaWcuanBnIn0%3D\">\n\t\t\t\t\t\t\t<img fetchpriority=\"high\" decoding=\"async\" width=\"1100\" height=\"608\" src=\"https:\/\/vetatwork-project.eu\/wp-content\/uploads\/2021\/09\/meeting-190421-thumbs-up_orig.jpg\" class=\"attachment-full size-full wp-image-3214\" alt=\"partners\" srcset=\"https:\/\/vetatwork-project.eu\/wp-content\/uploads\/2021\/09\/meeting-190421-thumbs-up_orig.jpg 1100w, https:\/\/vetatwork-project.eu\/wp-content\/uploads\/2021\/09\/meeting-190421-thumbs-up_orig-300x166.jpg 300w, https:\/\/vetatwork-project.eu\/wp-content\/uploads\/2021\/09\/meeting-190421-thumbs-up_orig-1024x566.jpg 1024w, https:\/\/vetatwork-project.eu\/wp-content\/uploads\/2021\/09\/meeting-190421-thumbs-up_orig-768x424.jpg 768w\" sizes=\"(max-width: 1100px) 100vw, 1100px\" \/>\t\t\t\t\t\t\t\t<\/a>\n\t\t\t\t\t\t\t\t\t\t\t\t\t<\/div>\n\t\t\t\t<\/div>\n\t\t\t\t\t<\/div>\n\t\t<\/div>\n\t\t\t\t\t<\/div>\n\t\t<\/section>\n\t\t\t\t<section class=\"elementor-section elementor-top-section elementor-element elementor-element-f83156f elementor-section-boxed elementor-section-height-default elementor-section-height-default\" data-id=\"f83156f\" data-element_type=\"section\">\n\t\t\t\t\t\t<div class=\"elementor-container elementor-column-gap-default\">\n\t\t\t\t\t<div class=\"elementor-column elementor-col-33 elementor-top-column elementor-element elementor-element-2f99c1a\" data-id=\"2f99c1a\" data-element_type=\"column\">\n\t\t\t<div class=\"elementor-widget-wrap elementor-element-populated\">\n\t\t\t\t\t\t<div class=\"elementor-element elementor-element-89460d8 elementor-widget elementor-widget-image\" data-id=\"89460d8\" data-element_type=\"widget\" data-widget_type=\"image.default\">\n\t\t\t\t<div class=\"elementor-widget-container\">\n\t\t\t\t\t\t\t\t\t\t\t\t\t\t<a href=\"https:\/\/vetatwork-project.eu\/fr\/partners\/uk-team\/\">\n\t\t\t\t\t\t\t<img decoding=\"async\" src=\"https:\/\/vetatwork-project.eu\/wp-content\/uploads\/elementor\/thumbs\/Partners-Flags-01@2-pesak9jjw1qaanlg2hs3ab0hgzyob3f7u6fxvyww3s.png\" title=\"Partners-Flags-01@2\" alt=\"partners\" loading=\"lazy\" \/>\t\t\t\t\t\t\t\t<\/a>\n\t\t\t\t\t\t\t\t\t\t\t\t\t<\/div>\n\t\t\t\t<\/div>\n\t\t\t\t<div class=\"elementor-element elementor-element-6764173 elementor-widget elementor-widget-text-editor\" data-id=\"6764173\" data-element_type=\"widget\" data-widget_type=\"text-editor.default\">\n\t\t\t\t<div class=\"elementor-widget-container\">\n\t\t\t\t\t\t\t<p><a href=\"https:\/\/vetatwork-project.eu\/fr\/partners\/uk-team\/\">L\u2019\u00e9quipe <br \/>du Royaume-Uni<\/a><\/p>\t\t\t\t\t\t<\/div>\n\t\t\t\t<\/div>\n\t\t\t\t<div class=\"elementor-element elementor-element-17d5a7e elementor-widget elementor-widget-text-editor\" data-id=\"17d5a7e\" data-element_type=\"widget\" data-widget_type=\"text-editor.default\">\n\t\t\t\t<div class=\"elementor-widget-container\">\n\t\t\t\t\t\t\t<p><a href=\"https:\/\/vetatwork-project.eu\/fr\/partners\/uk-team\/\">voir plus&gt;<\/a><\/p>\t\t\t\t\t\t<\/div>\n\t\t\t\t<\/div>\n\t\t\t\t\t<\/div>\n\t\t<\/div>\n\t\t\t\t<div class=\"elementor-column elementor-col-33 elementor-top-column elementor-element elementor-element-779af4e\" data-id=\"779af4e\" data-element_type=\"column\">\n\t\t\t<div class=\"elementor-widget-wrap elementor-element-populated\">\n\t\t\t\t\t\t<div class=\"elementor-element elementor-element-f6c136f elementor-widget elementor-widget-image\" data-id=\"f6c136f\" data-element_type=\"widget\" data-widget_type=\"image.default\">\n\t\t\t\t<div class=\"elementor-widget-container\">\n\t\t\t\t\t\t\t\t\t\t\t\t\t\t<a href=\"https:\/\/vetatwork-project.eu\/fr\/partners\/dutch-team\/\">\n\t\t\t\t\t\t\t<img decoding=\"async\" src=\"https:\/\/vetatwork-project.eu\/wp-content\/uploads\/elementor\/thumbs\/Partners-Flags-02@2-pesak055zpdf2jz3ldptlddvj59064dwgvx337atu0.png\" title=\"Partners-Flags-02@2\" alt=\"partners\" loading=\"lazy\" \/>\t\t\t\t\t\t\t\t<\/a>\n\t\t\t\t\t\t\t\t\t\t\t\t\t<\/div>\n\t\t\t\t<\/div>\n\t\t\t\t<div class=\"elementor-element elementor-element-10cb032 elementor-widget elementor-widget-text-editor\" data-id=\"10cb032\" data-element_type=\"widget\" data-widget_type=\"text-editor.default\">\n\t\t\t\t<div class=\"elementor-widget-container\">\n\t\t\t\t\t\t\t<p><a href=\"https:\/\/vetatwork-project.eu\/fr\/partners\/dutch-team\/\">L\u2019\u00e9quipe <br \/>des Pays bas<\/a><\/p>\t\t\t\t\t\t<\/div>\n\t\t\t\t<\/div>\n\t\t\t\t<div class=\"elementor-element elementor-element-2ca15de elementor-widget elementor-widget-text-editor\" data-id=\"2ca15de\" data-element_type=\"widget\" data-widget_type=\"text-editor.default\">\n\t\t\t\t<div class=\"elementor-widget-container\">\n\t\t\t\t\t\t\t<p><a href=\"https:\/\/vetatwork-project.eu\/fr\/partners\/dutch-team\/\">voir plus&gt;<\/a><\/p>\t\t\t\t\t\t<\/div>\n\t\t\t\t<\/div>\n\t\t\t\t\t<\/div>\n\t\t<\/div>\n\t\t\t\t<div class=\"elementor-column elementor-col-33 elementor-top-column elementor-element elementor-element-81e28b6\" data-id=\"81e28b6\" data-element_type=\"column\">\n\t\t\t<div class=\"elementor-widget-wrap elementor-element-populated\">\n\t\t\t\t\t\t<div class=\"elementor-element elementor-element-f240268 elementor-widget elementor-widget-image\" data-id=\"f240268\" data-element_type=\"widget\" data-widget_type=\"image.default\">\n\t\t\t\t<div class=\"elementor-widget-container\">\n\t\t\t\t\t\t\t\t\t\t\t\t\t\t<a href=\"https:\/\/vetatwork-project.eu\/fr\/partners\/icelandic-team\/\">\n\t\t\t\t\t\t\t<img decoding=\"async\" src=\"https:\/\/vetatwork-project.eu\/wp-content\/uploads\/elementor\/thumbs\/Partners-Flags-03@2-pesak4ucxvjuols9txqyfu76i2lu8lwk5j6ihl3uyw.png\" title=\"Partners-Flags-03@2\" alt=\"partners\" loading=\"lazy\" \/>\t\t\t\t\t\t\t\t<\/a>\n\t\t\t\t\t\t\t\t\t\t\t\t\t<\/div>\n\t\t\t\t<\/div>\n\t\t\t\t<div class=\"elementor-element elementor-element-fa78f51 elementor-widget elementor-widget-text-editor\" data-id=\"fa78f51\" data-element_type=\"widget\" data-widget_type=\"text-editor.default\">\n\t\t\t\t<div class=\"elementor-widget-container\">\n\t\t\t\t\t\t\t<p><a href=\"https:\/\/vetatwork-project.eu\/fr\/partners\/icelandic-team\/\" data-wplink-edit=\"true\">L\u2019\u00e9quipe <br \/>D\u2019ISLANDE<\/a><\/p>\t\t\t\t\t\t<\/div>\n\t\t\t\t<\/div>\n\t\t\t\t<div class=\"elementor-element elementor-element-474327c elementor-widget elementor-widget-text-editor\" data-id=\"474327c\" data-element_type=\"widget\" data-widget_type=\"text-editor.default\">\n\t\t\t\t<div class=\"elementor-widget-container\">\n\t\t\t\t\t\t\t<p><a href=\"https:\/\/vetatwork-project.eu\/fr\/partenaires\/lequipe-dislande\/\">voir plus&gt;<\/a><\/p>\t\t\t\t\t\t<\/div>\n\t\t\t\t<\/div>\n\t\t\t\t\t<\/div>\n\t\t<\/div>\n\t\t\t\t\t<\/div>\n\t\t<\/section>\n\t\t\t\t<section class=\"elementor-section elementor-top-section elementor-element elementor-element-aa4513a elementor-section-boxed elementor-section-height-default elementor-section-height-default\" data-id=\"aa4513a\" data-element_type=\"section\">\n\t\t\t\t\t\t<div class=\"elementor-container elementor-column-gap-default\">\n\t\t\t\t\t<div class=\"elementor-column elementor-col-50 elementor-top-column elementor-element elementor-element-1a4c21b\" data-id=\"1a4c21b\" data-element_type=\"column\">\n\t\t\t<div class=\"elementor-widget-wrap elementor-element-populated\">\n\t\t\t\t\t\t<div class=\"elementor-element elementor-element-b281140 elementor-widget elementor-widget-image\" data-id=\"b281140\" data-element_type=\"widget\" data-widget_type=\"image.default\">\n\t\t\t\t<div class=\"elementor-widget-container\">\n\t\t\t\t\t\t\t\t\t\t\t\t\t\t<a href=\"https:\/\/vetatwork-project.eu\/fr\/partners\/the-french-team\/\">\n\t\t\t\t\t\t\t<img decoding=\"async\" src=\"https:\/\/vetatwork-project.eu\/wp-content\/uploads\/elementor\/thumbs\/Partners-Flags-06@2-pgmiwaxjmusnljykw3dkudp8fn1yv3jnj4hcsmyow8.png\" title=\"Partners-Flags-06@2\" alt=\"partner flag\" loading=\"lazy\" \/>\t\t\t\t\t\t\t\t<\/a>\n\t\t\t\t\t\t\t\t\t\t\t\t\t<\/div>\n\t\t\t\t<\/div>\n\t\t\t\t<div class=\"elementor-element elementor-element-fccc8ea elementor-widget elementor-widget-text-editor\" data-id=\"fccc8ea\" data-element_type=\"widget\" data-widget_type=\"text-editor.default\">\n\t\t\t\t<div class=\"elementor-widget-container\">\n\t\t\t\t\t\t\t<p><a href=\"https:\/\/vetatwork-project.eu\/fr\/partners\/the-french-team\/\">L\u2019\u00e9quipe <br \/>FRAN\u00c7AISE<\/a><\/p>\t\t\t\t\t\t<\/div>\n\t\t\t\t<\/div>\n\t\t\t\t<div class=\"elementor-element elementor-element-6f72182 elementor-widget elementor-widget-text-editor\" data-id=\"6f72182\" data-element_type=\"widget\" data-widget_type=\"text-editor.default\">\n\t\t\t\t<div class=\"elementor-widget-container\">\n\t\t\t\t\t\t\t<p><a href=\"https:\/\/vetatwork-project.eu\/fr\/partners\/the-french-team\/\">voir plus&gt;<\/a><\/p>\t\t\t\t\t\t<\/div>\n\t\t\t\t<\/div>\n\t\t\t\t\t<\/div>\n\t\t<\/div>\n\t\t\t\t<div class=\"elementor-column elementor-col-50 elementor-top-column elementor-element elementor-element-e11d47c\" data-id=\"e11d47c\" data-element_type=\"column\">\n\t\t\t<div class=\"elementor-widget-wrap elementor-element-populated\">\n\t\t\t\t\t\t<div class=\"elementor-element elementor-element-0f5b554 elementor-widget elementor-widget-image\" data-id=\"0f5b554\" data-element_type=\"widget\" data-widget_type=\"image.default\">\n\t\t\t\t<div class=\"elementor-widget-container\">\n\t\t\t\t\t\t\t\t\t\t\t\t\t\t<a href=\"https:\/\/vetatwork-project.eu\/fr\/partners\/finland-team\/\">\n\t\t\t\t\t\t\t<img decoding=\"async\" src=\"https:\/\/vetatwork-project.eu\/wp-content\/uploads\/elementor\/thumbs\/Partners-Flags-05@2-pesajvfz1j6zgi5xctooqwkkk7w63mv8s8nnothsp4.png\" title=\"Partners-Flags-05@2\" alt=\"partners\" loading=\"lazy\" \/>\t\t\t\t\t\t\t\t<\/a>\n\t\t\t\t\t\t\t\t\t\t\t\t\t<\/div>\n\t\t\t\t<\/div>\n\t\t\t\t<div class=\"elementor-element elementor-element-7f7adf2 elementor-widget elementor-widget-text-editor\" data-id=\"7f7adf2\" data-element_type=\"widget\" data-widget_type=\"text-editor.default\">\n\t\t\t\t<div class=\"elementor-widget-container\">\n\t\t\t\t\t\t\t<p><a href=\"https:\/\/vetatwork-project.eu\/fr\/partners\/finland-team\/\">L\u2019\u00e9quipe <br \/>de Finlande<\/a><\/p>\t\t\t\t\t\t<\/div>\n\t\t\t\t<\/div>\n\t\t\t\t<div class=\"elementor-element elementor-element-ab0bb29 elementor-widget elementor-widget-text-editor\" data-id=\"ab0bb29\" data-element_type=\"widget\" data-widget_type=\"text-editor.default\">\n\t\t\t\t<div class=\"elementor-widget-container\">\n\t\t\t\t\t\t\t<p><a href=\"https:\/\/vetatwork-project.eu\/fr\/partners\/finland-team\/\">voir plus&gt;<\/a><\/p>\t\t\t\t\t\t<\/div>\n\t\t\t\t<\/div>\n\t\t\t\t\t<\/div>\n\t\t<\/div>\n\t\t\t\t\t<\/div>\n\t\t<\/section>\n\t\t\t\t<\/div>\n\t\t","protected":false},"excerpt":{"rendered":"<p>Pr\u00e9sentation des partenaires Le partenariat VET@work Le partenariat VET@work se compose de 8 partenaires; 3 des partenaires repr\u00e9sentent des centres de formation professionnelle (Axxell (Finlande), Verkmenntaskolinn \u00e0 Akureyri (Islande), Nantes Terre Atlantique (France)) et 5 repr\u00e9sentent le monde du travail (La municipalit\u00e9 de Raasepori (Finlande), Broadshoulders (Royaume-Uni), Het Idee (Pays-Bas), Welzijn Lelystad (Pays-Bas) et Medulla [&hellip;]<\/p>\n","protected":false},"author":3,"featured_media":0,"parent":0,"menu_order":0,"comment_status":"closed","ping_status":"closed","template":"","meta":{"site-sidebar-layout":"no-sidebar","site-content-layout":"page-builder","ast-site-content-layout":"","site-content-style":"default","site-sidebar-style":"default","ast-global-header-display":"","ast-banner-title-visibility":"","ast-main-header-display":"","ast-hfb-above-header-display":"","ast-hfb-below-header-display":"","ast-hfb-mobile-header-display":"","site-post-title":"disabled","ast-breadcrumbs-content":"","ast-featured-img":"disabled","footer-sml-layout":"","theme-transparent-header-meta":"","adv-header-id-meta":"","stick-header-meta":"","header-above-stick-meta":"","header-main-stick-meta":"","header-below-stick-meta":"","astra-migrate-meta-layouts":"default","ast-page-background-enabled":"default","ast-page-background-meta":{"desktop":{"background-color":"","background-image":"","background-repeat":"repeat","background-position":"center center","background-size":"auto","background-attachment":"scroll","background-type":"","background-media":"","overlay-type":"","overlay-color":"","overlay-opacity":"","overlay-gradient":""},"tablet":{"background-color":"","background-image":"","background-repeat":"repeat","background-position":"center center","background-size":"auto","background-attachment":"scroll","background-type":"","background-media":"","overlay-type":"","overlay-color":"","overlay-opacity":"","overlay-gradient":""},"mobile":{"background-color":"","background-image":"","background-repeat":"repeat","background-position":"center center","background-size":"auto","background-attachment":"scroll","background-type":"","background-media":"","overlay-type":"","overlay-color":"","overlay-opacity":"","overlay-gradient":""}},"ast-content-background-meta":{"desktop":{"background-color":"var(--ast-global-color-5)","background-image":"","background-repeat":"repeat","background-position":"center center","background-size":"auto","background-attachment":"scroll","background-type":"","background-media":"","overlay-type":"","overlay-color":"","overlay-opacity":"","overlay-gradient":""},"tablet":{"background-color":"var(--ast-global-color-5)","background-image":"","background-repeat":"repeat","background-position":"center center","background-size":"auto","background-attachment":"scroll","background-type":"","background-media":"","overlay-type":"","overlay-color":"","overlay-opacity":"","overlay-gradient":""},"mobile":{"background-color":"var(--ast-global-color-5)","background-image":"","background-repeat":"repeat","background-position":"center center","background-size":"auto","background-attachment":"scroll","background-type":"","background-media":"","overlay-type":"","overlay-color":"","overlay-opacity":"","overlay-gradient":""}},"footnotes":""},"class_list":["post-5123","page","type-page","status-publish","hentry"],"_links":{"self":[{"href":"https:\/\/vetatwork-project.eu\/fr\/wp-json\/wp\/v2\/pages\/5123","targetHints":{"allow":["GET"]}}],"collection":[{"href":"https:\/\/vetatwork-project.eu\/fr\/wp-json\/wp\/v2\/pages"}],"about":[{"href":"https:\/\/vetatwork-project.eu\/fr\/wp-json\/wp\/v2\/types\/page"}],"author":[{"embeddable":true,"href":"https:\/\/vetatwork-project.eu\/fr\/wp-json\/wp\/v2\/users\/3"}],"replies":[{"embeddable":true,"href":"https:\/\/vetatwork-project.eu\/fr\/wp-json\/wp\/v2\/comments?post=5123"}],"version-history":[{"count":10,"href":"https:\/\/vetatwork-project.eu\/fr\/wp-json\/wp\/v2\/pages\/5123\/revisions"}],"predecessor-version":[{"id":5845,"href":"https:\/\/vetatwork-project.eu\/fr\/wp-json\/wp\/v2\/pages\/5123\/revisions\/5845"}],"wp:attachment":[{"href":"https:\/\/vetatwork-project.eu\/fr\/wp-json\/wp\/v2\/media?parent=5123"}],"curies":[{"name":"wp","href":"https:\/\/api.w.org\/{rel}","templated":true}]}}