{"id":5118,"date":"2022-01-12T14:11:38","date_gmt":"2022-01-12T12:11:38","guid":{"rendered":"https:\/\/vetatwork-project.eu\/a-propos\/"},"modified":"2022-01-12T14:11:38","modified_gmt":"2022-01-12T12:11:38","slug":"a-propos","status":"publish","type":"page","link":"https:\/\/vetatwork-project.eu\/fr\/a-propos\/","title":{"rendered":"A propos"},"content":{"rendered":"\t\t<div data-elementor-type=\"wp-page\" data-elementor-id=\"5118\" class=\"elementor elementor-5118 elementor-698\" data-elementor-post-type=\"page\">\n\t\t\t\t\t\t<section class=\"elementor-section elementor-top-section elementor-element elementor-element-f61e93f elementor-section-content-middle elementor-section-boxed elementor-section-height-default elementor-section-height-default\" data-id=\"f61e93f\" data-element_type=\"section\">\n\t\t\t\t\t\t<div class=\"elementor-container elementor-column-gap-default\">\n\t\t\t\t\t<div class=\"elementor-column elementor-col-50 elementor-top-column elementor-element elementor-element-e13ecb8\" data-id=\"e13ecb8\" data-element_type=\"column\">\n\t\t\t<div class=\"elementor-widget-wrap elementor-element-populated\">\n\t\t\t\t\t\t<div class=\"elementor-element elementor-element-f41f03c elementor-widget elementor-widget-text-editor\" data-id=\"f41f03c\" data-element_type=\"widget\" data-widget_type=\"text-editor.default\">\n\t\t\t\t<div class=\"elementor-widget-container\">\n\t\t\t\t\t\t\t<p><strong>\u00c0 propos de VET@work<\/strong><\/p>\n\t\t\t\t\t\t<\/div>\n\t\t\t\t<\/div>\n\t\t\t\t<div class=\"elementor-element elementor-element-d21eb0c elementor-widget elementor-widget-text-editor\" data-id=\"d21eb0c\" data-element_type=\"widget\" data-widget_type=\"text-editor.default\">\n\t\t\t\t<div class=\"elementor-widget-container\">\n\t\t\t\t\t\t\t<p>VET@work est un projet Erasmus+ KA2 financ\u00e9 par la Commission europ\u00e9enne par l\u2019interm\u00e9diaire de l\u2019Agence nationale finlandaise pour l\u2019\u00e9ducation. Il s\u2019inscrit dans la continuit\u00e9 de plusieurs projets Leonardo da Vinci et Erasmus+ KA2 couronn\u00e9s de succ\u00e8s, notamment POETE, WorkMentor (s\u00e9lectionn\u00e9 comme Success Story), WorkQual et AppMentor (laur\u00e9at du Prix europ\u00e9en de l\u2019enseignement innovant 2021).<\/p>\n<p>L\u2019id\u00e9e de ce projet a grandi pendant le projet AppMentor. Nous avons pris conscience que les employeurs et les centres de formations professionnelle ne disposent pas d\u2019un langage commun et d\u2019outils permettant aux \u00e9tudiants d\u2019avoir les comp\u00e9tences n\u00e9cessaires pour s\u2019ins\u00e9rer professionnellement. La collaboration entre l\u2019employeur et le centre de formation est si vari\u00e9e qu\u2019elle n\u2019offre pas toujours une exp\u00e9rience d\u2019apprentissage coh\u00e9rente aux \u00e9tudiants.<\/p>\n\t\t\t\t\t\t<\/div>\n\t\t\t\t<\/div>\n\t\t\t\t\t<\/div>\n\t\t<\/div>\n\t\t\t\t<div class=\"elementor-column elementor-col-50 elementor-top-column elementor-element elementor-element-c5b9a36\" data-id=\"c5b9a36\" data-element_type=\"column\">\n\t\t\t<div class=\"elementor-widget-wrap elementor-element-populated\">\n\t\t\t\t\t\t<div class=\"elementor-element elementor-element-decb4b7 elementor-widget elementor-widget-image\" data-id=\"decb4b7\" data-element_type=\"widget\" data-widget_type=\"image.default\">\n\t\t\t\t<div class=\"elementor-widget-container\">\n\t\t\t\t\t\t\t\t\t\t\t\t\t<img fetchpriority=\"high\" decoding=\"async\" width=\"800\" height=\"800\" src=\"https:\/\/vetatwork-project.eu\/wp-content\/uploads\/2021\/09\/Vet@Work-About-banner-woman@2.png\" class=\"attachment-full size-full wp-image-3110\" alt=\"about\" srcset=\"https:\/\/vetatwork-project.eu\/wp-content\/uploads\/2021\/09\/Vet@Work-About-banner-woman@2.png 800w, https:\/\/vetatwork-project.eu\/wp-content\/uploads\/2021\/09\/Vet@Work-About-banner-woman@2-300x300.png 300w, https:\/\/vetatwork-project.eu\/wp-content\/uploads\/2021\/09\/Vet@Work-About-banner-woman@2-150x150.png 150w, https:\/\/vetatwork-project.eu\/wp-content\/uploads\/2021\/09\/Vet@Work-About-banner-woman@2-768x768.png 768w\" sizes=\"(max-width: 800px) 100vw, 800px\" \/>\t\t\t\t\t\t\t\t\t\t\t\t\t<\/div>\n\t\t\t\t<\/div>\n\t\t\t\t\t<\/div>\n\t\t<\/div>\n\t\t\t\t\t<\/div>\n\t\t<\/section>\n\t\t\t\t<section class=\"elementor-section elementor-top-section elementor-element elementor-element-00a8827 elementor-section-boxed elementor-section-height-default elementor-section-height-default\" data-id=\"00a8827\" data-element_type=\"section\">\n\t\t\t\t\t\t<div class=\"elementor-container elementor-column-gap-default\">\n\t\t\t\t\t<div class=\"elementor-column elementor-col-100 elementor-top-column elementor-element elementor-element-b464930\" data-id=\"b464930\" data-element_type=\"column\">\n\t\t\t<div class=\"elementor-widget-wrap elementor-element-populated\">\n\t\t\t\t\t\t<div class=\"elementor-element elementor-element-d1d4b8c elementor-widget elementor-widget-text-editor\" data-id=\"d1d4b8c\" data-element_type=\"widget\" data-widget_type=\"text-editor.default\">\n\t\t\t\t<div class=\"elementor-widget-container\">\n\t\t\t\t\t\t\t<p>Nous voulions mettre en \u0153uvre un projet dans lequel les prestataires de formation et les employeurs collaborent c\u00f4te \u00e0 c\u00f4te, de mani\u00e8re transparente et avec un esprit ouvert, pour d\u00e9couvrir des outils qui aident les prestataires de formation et les employeurs \u00e0 mettre en place et \u00e0 mettre en \u0153uvre des collaborations qualitatives et transparentes. L\u2019objectif \u00e9tant de tester des m\u00e9thodologies et des pratiques qui garantiraient que les \u00e9tudiants en formation professionnelle obtiennent les comp\u00e9tences n\u00e9cessaires pour entrer avec succ\u00e8s sur le march\u00e9 du travail.<\/p>\n<p>Au cours de ce projet d\u2019une dur\u00e9e de 3 ans, les prestataires de formation professionnelle et les employeurs impliqu\u00e9s ont organis\u00e9 r\u00e9guli\u00e8rement des r\u00e9unions de travail transnationales et en ligne ax\u00e9es sur des sujets et des m\u00e9thodologies qui encouragent et aident les futures collaborations VET@work. Au cours des r\u00e9unions, nous avons partag\u00e9 des id\u00e9es et des exp\u00e9riences, interview\u00e9 et appris d\u2019experts, notamment des prestataires de formation professionnelle, des \u00e9tudiants, des enseignants, des employeurs et des employ\u00e9s (mentors de travail), et des prestataires de formation professionnelle qui ne sont pas directement impliqu\u00e9s dans le projet.<\/p>\n<p>L\u2019\u00e9quipe VET@work tient \u00e0 remercier tous ceux qui ont donn\u00e9 \u00e0 ce projet leur temps pr\u00e9cieux et leur contribution. Votre volont\u00e9 de nous aider et de nous faire part de vos commentaires est extr\u00eamement pr\u00e9cieuse et nous sommes extr\u00eamement reconnaissants pour toutes les contributions qui ont permis de d\u00e9velopper un manuel en ligne dont nous sommes fiers.<\/p>\n\t\t\t\t\t\t<\/div>\n\t\t\t\t<\/div>\n\t\t\t\t\t<\/div>\n\t\t<\/div>\n\t\t\t\t\t<\/div>\n\t\t<\/section>\n\t\t\t\t<section class=\"elementor-section elementor-top-section elementor-element elementor-element-9fc4e32 elementor-section-content-middle elementor-reverse-mobile elementor-section-boxed elementor-section-height-default elementor-section-height-default\" data-id=\"9fc4e32\" data-element_type=\"section\">\n\t\t\t\t\t\t<div class=\"elementor-container elementor-column-gap-default\">\n\t\t\t\t\t<div class=\"elementor-column elementor-col-50 elementor-top-column elementor-element elementor-element-7373f92\" data-id=\"7373f92\" data-element_type=\"column\">\n\t\t\t<div class=\"elementor-widget-wrap elementor-element-populated\">\n\t\t\t\t\t\t<div class=\"elementor-element elementor-element-8acacb9 elementor-widget elementor-widget-image\" data-id=\"8acacb9\" data-element_type=\"widget\" data-widget_type=\"image.default\">\n\t\t\t\t<div class=\"elementor-widget-container\">\n\t\t\t\t\t\t\t\t\t\t\t\t\t<img decoding=\"async\" width=\"800\" height=\"800\" src=\"https:\/\/vetatwork-project.eu\/wp-content\/uploads\/2021\/09\/Vet@Work-About-banner-man@2.png\" class=\"attachment-full size-full wp-image-3106\" alt=\"about\" srcset=\"https:\/\/vetatwork-project.eu\/wp-content\/uploads\/2021\/09\/Vet@Work-About-banner-man@2.png 800w, https:\/\/vetatwork-project.eu\/wp-content\/uploads\/2021\/09\/Vet@Work-About-banner-man@2-300x300.png 300w, https:\/\/vetatwork-project.eu\/wp-content\/uploads\/2021\/09\/Vet@Work-About-banner-man@2-150x150.png 150w, https:\/\/vetatwork-project.eu\/wp-content\/uploads\/2021\/09\/Vet@Work-About-banner-man@2-768x768.png 768w\" sizes=\"(max-width: 800px) 100vw, 800px\" \/>\t\t\t\t\t\t\t\t\t\t\t\t\t<\/div>\n\t\t\t\t<\/div>\n\t\t\t\t\t<\/div>\n\t\t<\/div>\n\t\t\t\t<div class=\"elementor-column elementor-col-50 elementor-top-column elementor-element elementor-element-0c38ab7\" data-id=\"0c38ab7\" data-element_type=\"column\">\n\t\t\t<div class=\"elementor-widget-wrap elementor-element-populated\">\n\t\t\t\t\t\t<div class=\"elementor-element elementor-element-d68e8e9 elementor-widget elementor-widget-text-editor\" data-id=\"d68e8e9\" data-element_type=\"widget\" data-widget_type=\"text-editor.default\">\n\t\t\t\t<div class=\"elementor-widget-container\">\n\t\t\t\t\t\t\t<p>Notre objectif principal a \u00e9t\u00e9 d\u2019aider les prestataires de formation professionnelle et les employeurs \u00e0 am\u00e9liorer la qualit\u00e9 de leur collaboration, qu\u2019il s\u2019agisse d\u2019une collaboration nouvelle ou existante entre VET@work. Cet objectif a \u00e9t\u00e9 atteint en partageant les meilleures pratiques, en examinant les obstacles existants qui emp\u00eachent les collaborations et en soulignant les avantages que les collaborations VET@work ont sur la formation professionnelle, les employeurs et les \u00e9tudiants. Nous voulions \u00e9galement fournir aux utilisateurs des m\u00e9thodologies et des \u00e9tudes de cas qui pr\u00e9sentent diff\u00e9rentes fa\u00e7ons de collaborer. Certains cas sont pour les d\u00e9butants et d\u2019autres pour ceux qui sont plus exp\u00e9riment\u00e9s dans les collaborations VET@work. Nous partageons \u00e9galement des conseils et des id\u00e9es sur la fa\u00e7on de promouvoir et de mettre en \u0153uvre des collaborations VET@work et nous aidons \u00e0 d\u00e9marrer en lan\u00e7ant une auto-\u00e9valuation en ligne simple qui indiquera dans quelle mesure un centre de formation professionnelle ou un employeur est pr\u00eat \u00e0 mettre en place et \u00e0 mettre en \u0153uvre des collaborations VET@work.<\/p>\n\t\t\t\t\t\t<\/div>\n\t\t\t\t<\/div>\n\t\t\t\t<div class=\"elementor-element elementor-element-3056223 elementor-widget elementor-widget-spacer\" data-id=\"3056223\" data-element_type=\"widget\" data-widget_type=\"spacer.default\">\n\t\t\t\t<div class=\"elementor-widget-container\">\n\t\t\t\t\t<div class=\"elementor-spacer\">\n\t\t\t<div class=\"elementor-spacer-inner\"><\/div>\n\t\t<\/div>\n\t\t\t\t<\/div>\n\t\t\t\t<\/div>\n\t\t\t\t\t<\/div>\n\t\t<\/div>\n\t\t\t\t\t<\/div>\n\t\t<\/section>\n\t\t\t\t<section class=\"elementor-section elementor-top-section elementor-element elementor-element-fc925e0 elementor-section-boxed elementor-section-height-default elementor-section-height-default\" data-id=\"fc925e0\" data-element_type=\"section\">\n\t\t\t\t\t\t<div class=\"elementor-container elementor-column-gap-default\">\n\t\t\t\t\t<div class=\"elementor-column elementor-col-100 elementor-top-column elementor-element elementor-element-efe6668\" data-id=\"efe6668\" data-element_type=\"column\">\n\t\t\t<div class=\"elementor-widget-wrap elementor-element-populated\">\n\t\t\t\t\t\t<div class=\"elementor-element elementor-element-0f1a3a3 elementor-widget elementor-widget-text-editor\" data-id=\"0f1a3a3\" data-element_type=\"widget\" data-widget_type=\"text-editor.default\">\n\t\t\t\t<div class=\"elementor-widget-container\">\n\t\t\t\t\t\t\t<p>Tout cela et bien plus encore peuvent \u00eatre trouv\u00e9 dans ce manuel qui a \u00e9t\u00e9 d\u00e9velopp\u00e9 pour vous! Nous esp\u00e9rons que vous trouverez le manuel avec ses outils, m\u00e9thodologies et conseils utiles et qu\u2019il vous encouragera \u00e0 mettre en \u0153uvre des collaborations VET@work dans vos plans d\u2019action.<\/p>\n<p><em>Formules de politesse: Tanja, Johanna, Klara, Bernadetta, Kirsi, Philip, Adele, Maarten, Myriam, Brenda, Hrafnhildur, Harpa, Hulda, Yveline and Mireille (the VET@work team)<\/em><\/p>\n\t\t\t\t\t\t<\/div>\n\t\t\t\t<\/div>\n\t\t\t\t\t<\/div>\n\t\t<\/div>\n\t\t\t\t\t<\/div>\n\t\t<\/section>\n\t\t\t\t<\/div>\n\t\t","protected":false},"excerpt":{"rendered":"<p>\u00c0 propos de VET@work VET@work est un projet Erasmus+ KA2 financ\u00e9 par la Commission europ\u00e9enne par l\u2019interm\u00e9diaire de l\u2019Agence nationale finlandaise pour l\u2019\u00e9ducation. Il s\u2019inscrit dans la continuit\u00e9 de plusieurs projets Leonardo da Vinci et Erasmus+ KA2 couronn\u00e9s de succ\u00e8s, notamment POETE, WorkMentor (s\u00e9lectionn\u00e9 comme Success Story), WorkQual et AppMentor (laur\u00e9at du Prix europ\u00e9en de [&hellip;]<\/p>\n","protected":false},"author":3,"featured_media":3058,"parent":0,"menu_order":0,"comment_status":"closed","ping_status":"closed","template":"","meta":{"site-sidebar-layout":"no-sidebar","site-content-layout":"page-builder","ast-site-content-layout":"","site-content-style":"default","site-sidebar-style":"default","ast-global-header-display":"","ast-banner-title-visibility":"","ast-main-header-display":"","ast-hfb-above-header-display":"","ast-hfb-below-header-display":"","ast-hfb-mobile-header-display":"","site-post-title":"disabled","ast-breadcrumbs-content":"","ast-featured-img":"disabled","footer-sml-layout":"","theme-transparent-header-meta":"","adv-header-id-meta":"","stick-header-meta":"","header-above-stick-meta":"","header-main-stick-meta":"","header-below-stick-meta":"","astra-migrate-meta-layouts":"default","ast-page-background-enabled":"default","ast-page-background-meta":{"desktop":{"background-color":"","background-image":"","background-repeat":"repeat","background-position":"center center","background-size":"auto","background-attachment":"scroll","background-type":"","background-media":"","overlay-type":"","overlay-color":"","overlay-opacity":"","overlay-gradient":""},"tablet":{"background-color":"","background-image":"","background-repeat":"repeat","background-position":"center center","background-size":"auto","background-attachment":"scroll","background-type":"","background-media":"","overlay-type":"","overlay-color":"","overlay-opacity":"","overlay-gradient":""},"mobile":{"background-color":"","background-image":"","background-repeat":"repeat","background-position":"center center","background-size":"auto","background-attachment":"scroll","background-type":"","background-media":"","overlay-type":"","overlay-color":"","overlay-opacity":"","overlay-gradient":""}},"ast-content-background-meta":{"desktop":{"background-color":"var(--ast-global-color-5)","background-image":"","background-repeat":"repeat","background-position":"center center","background-size":"auto","background-attachment":"scroll","background-type":"","background-media":"","overlay-type":"","overlay-color":"","overlay-opacity":"","overlay-gradient":""},"tablet":{"background-color":"var(--ast-global-color-5)","background-image":"","background-repeat":"repeat","background-position":"center center","background-size":"auto","background-attachment":"scroll","background-type":"","background-media":"","overlay-type":"","overlay-color":"","overlay-opacity":"","overlay-gradient":""},"mobile":{"background-color":"var(--ast-global-color-5)","background-image":"","background-repeat":"repeat","background-position":"center center","background-size":"auto","background-attachment":"scroll","background-type":"","background-media":"","overlay-type":"","overlay-color":"","overlay-opacity":"","overlay-gradient":""}},"footnotes":""},"class_list":["post-5118","page","type-page","status-publish","has-post-thumbnail","hentry"],"_links":{"self":[{"href":"https:\/\/vetatwork-project.eu\/fr\/wp-json\/wp\/v2\/pages\/5118","targetHints":{"allow":["GET"]}}],"collection":[{"href":"https:\/\/vetatwork-project.eu\/fr\/wp-json\/wp\/v2\/pages"}],"about":[{"href":"https:\/\/vetatwork-project.eu\/fr\/wp-json\/wp\/v2\/types\/page"}],"author":[{"embeddable":true,"href":"https:\/\/vetatwork-project.eu\/fr\/wp-json\/wp\/v2\/users\/3"}],"replies":[{"embeddable":true,"href":"https:\/\/vetatwork-project.eu\/fr\/wp-json\/wp\/v2\/comments?post=5118"}],"version-history":[{"count":1,"href":"https:\/\/vetatwork-project.eu\/fr\/wp-json\/wp\/v2\/pages\/5118\/revisions"}],"predecessor-version":[{"id":5119,"href":"https:\/\/vetatwork-project.eu\/fr\/wp-json\/wp\/v2\/pages\/5118\/revisions\/5119"}],"wp:featuredmedia":[{"embeddable":true,"href":"https:\/\/vetatwork-project.eu\/fr\/wp-json\/wp\/v2\/media\/3058"}],"wp:attachment":[{"href":"https:\/\/vetatwork-project.eu\/fr\/wp-json\/wp\/v2\/media?parent=5118"}],"curies":[{"name":"wp","href":"https:\/\/api.w.org\/{rel}","templated":true}]}}