{"id":5080,"date":"2022-01-11T15:29:00","date_gmt":"2022-01-11T13:29:00","guid":{"rendered":"https:\/\/vetatwork-project.eu\/methodologie-10-se-tenir-a-jour\/"},"modified":"2022-01-11T15:29:00","modified_gmt":"2022-01-11T13:29:00","slug":"methodologie-10-se-tenir-a-jour","status":"publish","type":"page","link":"https:\/\/vetatwork-project.eu\/fr\/methodologie-10-se-tenir-a-jour\/","title":{"rendered":"M\u00e9thodologie 10 : Se tenir \u00e0 jour"},"content":{"rendered":"\t\t<div data-elementor-type=\"wp-page\" data-elementor-id=\"5080\" class=\"elementor elementor-5080 elementor-958\" data-elementor-post-type=\"page\">\n\t\t\t\t\t\t<section class=\"elementor-section elementor-top-section elementor-element elementor-element-14ce778 elementor-section-boxed elementor-section-height-default elementor-section-height-default\" data-id=\"14ce778\" data-element_type=\"section\">\n\t\t\t\t\t\t<div class=\"elementor-container elementor-column-gap-default\">\n\t\t\t\t\t<div class=\"elementor-column elementor-col-100 elementor-top-column elementor-element elementor-element-5a27598\" data-id=\"5a27598\" data-element_type=\"column\">\n\t\t\t<div class=\"elementor-widget-wrap elementor-element-populated\">\n\t\t\t\t\t\t<div class=\"elementor-element elementor-element-a0e59dd elementor-widget elementor-widget-spacer\" data-id=\"a0e59dd\" data-element_type=\"widget\" data-widget_type=\"spacer.default\">\n\t\t\t\t<div class=\"elementor-widget-container\">\n\t\t\t\t\t<div class=\"elementor-spacer\">\n\t\t\t<div class=\"elementor-spacer-inner\"><\/div>\n\t\t<\/div>\n\t\t\t\t<\/div>\n\t\t\t\t<\/div>\n\t\t\t\t<div class=\"elementor-element elementor-element-051acff elementor-widget elementor-widget-text-editor\" data-id=\"051acff\" data-element_type=\"widget\" data-widget_type=\"text-editor.default\">\n\t\t\t\t<div class=\"elementor-widget-container\">\n\t\t\t\t\t\t\t<p>M\u00e9thodologie 10 : Se tenir \u00e0 jour<\/p>\n\t\t\t\t\t\t<\/div>\n\t\t\t\t<\/div>\n\t\t\t\t<div class=\"elementor-element elementor-element-b6524c2 elementor-widget elementor-widget-spacer\" data-id=\"b6524c2\" data-element_type=\"widget\" data-widget_type=\"spacer.default\">\n\t\t\t\t<div class=\"elementor-widget-container\">\n\t\t\t\t\t<div class=\"elementor-spacer\">\n\t\t\t<div class=\"elementor-spacer-inner\"><\/div>\n\t\t<\/div>\n\t\t\t\t<\/div>\n\t\t\t\t<\/div>\n\t\t\t\t\t<\/div>\n\t\t<\/div>\n\t\t\t\t\t<\/div>\n\t\t<\/section>\n\t\t\t\t<section class=\"elementor-section elementor-top-section elementor-element elementor-element-30d863e elementor-section-boxed elementor-section-height-default elementor-section-height-default\" data-id=\"30d863e\" data-element_type=\"section\">\n\t\t\t\t\t\t<div class=\"elementor-container elementor-column-gap-default\">\n\t\t\t\t\t<div class=\"elementor-column elementor-col-50 elementor-top-column elementor-element elementor-element-0153a68\" data-id=\"0153a68\" data-element_type=\"column\">\n\t\t\t<div class=\"elementor-widget-wrap elementor-element-populated\">\n\t\t\t\t\t\t<div class=\"elementor-element elementor-element-05e8aa6 elementor-widget elementor-widget-text-editor\" data-id=\"05e8aa6\" data-element_type=\"widget\" data-widget_type=\"text-editor.default\">\n\t\t\t\t<div class=\"elementor-widget-container\">\n\t\t\t\t\t\t\t<p>Introduction<\/p>\n\t\t\t\t\t\t<\/div>\n\t\t\t\t<\/div>\n\t\t\t\t<div class=\"elementor-element elementor-element-b9d6597 elementor-widget elementor-widget-text-editor\" data-id=\"b9d6597\" data-element_type=\"widget\" data-widget_type=\"text-editor.default\">\n\t\t\t\t<div class=\"elementor-widget-container\">\n\t\t\t\t\t\t\t<p style=\"text-align: justify;\">Apprentissage mutuel !\u00a0 Envoyez l\u2019enseignant sur le lieu de travail pour apprendre les situations courantes et se mettre \u00e0 jour professionnellement. Invitez les employeurs et les tuteurs professionnels au centre de formation afin qu\u2019ils puissent apprendre les r\u00e9alit\u00e9s de la formation et qu\u2019ils acqui\u00e8rent une compr\u00e9hension plus profonde du paysage \u00e9ducatif.<\/p>\n\t\t\t\t\t\t<\/div>\n\t\t\t\t<\/div>\n\t\t\t\t\t<\/div>\n\t\t<\/div>\n\t\t\t\t<div class=\"elementor-column elementor-col-50 elementor-top-column elementor-element elementor-element-dca50ec\" data-id=\"dca50ec\" data-element_type=\"column\">\n\t\t\t<div class=\"elementor-widget-wrap elementor-element-populated\">\n\t\t\t\t\t\t<div class=\"elementor-element elementor-element-ace7bd9 elementor-widget elementor-widget-image\" data-id=\"ace7bd9\" data-element_type=\"widget\" data-widget_type=\"image.default\">\n\t\t\t\t<div class=\"elementor-widget-container\">\n\t\t\t\t\t\t\t\t\t\t\t\t\t<img fetchpriority=\"high\" decoding=\"async\" width=\"1024\" height=\"538\" src=\"https:\/\/vetatwork-project.eu\/wp-content\/uploads\/2021\/09\/teacher-at-work-2-2-1024x538.jpg\" class=\"attachment-large size-large wp-image-3138\" alt=\"cases keeping updated\" srcset=\"https:\/\/vetatwork-project.eu\/wp-content\/uploads\/2021\/09\/teacher-at-work-2-2-1024x538.jpg 1024w, https:\/\/vetatwork-project.eu\/wp-content\/uploads\/2021\/09\/teacher-at-work-2-2-300x158.jpg 300w, https:\/\/vetatwork-project.eu\/wp-content\/uploads\/2021\/09\/teacher-at-work-2-2-768x403.jpg 768w, https:\/\/vetatwork-project.eu\/wp-content\/uploads\/2021\/09\/teacher-at-work-2-2.jpg 1200w\" sizes=\"(max-width: 1024px) 100vw, 1024px\" \/>\t\t\t\t\t\t\t\t\t\t\t\t\t<\/div>\n\t\t\t\t<\/div>\n\t\t\t\t\t<\/div>\n\t\t<\/div>\n\t\t\t\t\t<\/div>\n\t\t<\/section>\n\t\t\t\t<section class=\"elementor-section elementor-top-section elementor-element elementor-element-aef983e elementor-section-boxed elementor-section-height-default elementor-section-height-default\" data-id=\"aef983e\" data-element_type=\"section\">\n\t\t\t\t\t\t<div class=\"elementor-container elementor-column-gap-default\">\n\t\t\t\t\t<div class=\"elementor-column elementor-col-100 elementor-top-column elementor-element elementor-element-5b07e3f\" data-id=\"5b07e3f\" data-element_type=\"column\">\n\t\t\t<div class=\"elementor-widget-wrap elementor-element-populated\">\n\t\t\t\t\t\t<div class=\"elementor-element elementor-element-38b84d9 elementor-widget elementor-widget-spacer\" data-id=\"38b84d9\" data-element_type=\"widget\" data-widget_type=\"spacer.default\">\n\t\t\t\t<div class=\"elementor-widget-container\">\n\t\t\t\t\t<div class=\"elementor-spacer\">\n\t\t\t<div class=\"elementor-spacer-inner\"><\/div>\n\t\t<\/div>\n\t\t\t\t<\/div>\n\t\t\t\t<\/div>\n\t\t\t\t<div class=\"elementor-element elementor-element-266c968 elementor-widget elementor-widget-text-editor\" data-id=\"266c968\" data-element_type=\"widget\" data-widget_type=\"text-editor.default\">\n\t\t\t\t<div class=\"elementor-widget-container\">\n\t\t\t\t\t\t\t<p>Exemples de mise \u00e0 jour qui ont \u00e9t\u00e9 mis \u00e0 l\u2019essai dans le cadre du projet VET@work<\/p>\n\t\t\t\t\t\t<\/div>\n\t\t\t\t<\/div>\n\t\t\t\t\t<\/div>\n\t\t<\/div>\n\t\t\t\t\t<\/div>\n\t\t<\/section>\n\t\t\t\t<section class=\"elementor-section elementor-top-section elementor-element elementor-element-1e63ae0 elementor-section-boxed elementor-section-height-default elementor-section-height-default\" data-id=\"1e63ae0\" data-element_type=\"section\">\n\t\t\t\t\t\t<div class=\"elementor-container elementor-column-gap-default\">\n\t\t\t\t\t<div class=\"elementor-column elementor-col-100 elementor-top-column elementor-element elementor-element-3954dc3\" data-id=\"3954dc3\" data-element_type=\"column\">\n\t\t\t<div class=\"elementor-widget-wrap elementor-element-populated\">\n\t\t\t\t\t\t<div class=\"elementor-element elementor-element-1b3e067 elementor-widget elementor-widget-toggle\" data-id=\"1b3e067\" data-element_type=\"widget\" data-widget_type=\"toggle.default\">\n\t\t\t\t<div class=\"elementor-widget-container\">\n\t\t\t\t\t<div class=\"elementor-toggle\">\n\t\t\t\t\t\t\t<div class=\"elementor-toggle-item\">\n\t\t\t\t\t<div id=\"elementor-tab-title-2851\" class=\"elementor-tab-title\" data-tab=\"1\" role=\"button\" aria-controls=\"elementor-tab-content-2851\" aria-expanded=\"false\">\n\t\t\t\t\t\t\t\t\t\t\t\t<span class=\"elementor-toggle-icon elementor-toggle-icon-left\" aria-hidden=\"true\">\n\t\t\t\t\t\t\t\t\t\t\t\t\t\t\t<span class=\"elementor-toggle-icon-closed\"><i class=\"fas fa-caret-right\"><\/i><\/span>\n\t\t\t\t\t\t\t\t<span class=\"elementor-toggle-icon-opened\"><i class=\"elementor-toggle-icon-opened fas fa-caret-up\"><\/i><\/span>\n\t\t\t\t\t\t\t\t\t\t\t\t\t<\/span>\n\t\t\t\t\t\t\t\t\t\t\t\t<a class=\"elementor-toggle-title\" tabindex=\"0\">Cas 1 Finlande \u2013 P\u00e9riodes de mise \u00e0 niveau en entreprise pour les enseignants<\/a>\n\t\t\t\t\t<\/div>\n\n\t\t\t\t\t<div id=\"elementor-tab-content-2851\" class=\"elementor-tab-content elementor-clearfix\" data-tab=\"1\" role=\"region\" aria-labelledby=\"elementor-tab-title-2851\"><p style=\"text-align: justify;\">Les enseignants ont parfois l\u2019impression de s\u2019\u00e9loigner du monde professionnel. Ils auraient besoin d\u2019apprendre les r\u00e9alit\u00e9s et de se mettre \u00e0 jour sur les derni\u00e8res techniques professionnelles. En offrant aux enseignants la possibilit\u00e9 de trouver une entreprise appropri\u00e9e qui leur permettrait d\u2019atteindre leurs propres objectifs d\u2019apprentissage et ceux des prestataires de formation, les enseignants ne seraient pas seulement en mesure d\u2019acqu\u00e9rir\/d\u00e9velopper\/mettre \u00e0 jour leurs comp\u00e9tences professionnelles. Ils seraient \u00e9galement en mesure d\u2019\u00e9tablir des contacts et une collaboration plus \u00e9troite avec l\u2019employeur et les employ\u00e9s de l\u2019entreprise. Ils peuvent former des tuteurs professionnels tout en travaillant dans l\u2019entreprise et ils deviendront meilleurs pour pr\u00e9parer les \u00e9tudiants qui souhaitent faire leur apprentissage dans l\u2019entreprise o\u00f9 l\u2019enseignant fait se mise \u00e0 niveau.<\/p>\n<h4 style=\"text-align: justify;\">Pr\u00e9paration<\/h4>\n<p style=\"text-align: justify;\"><strong>Prestataire de formation professionnelle<\/strong><br \/>\nLe prestataire de formation et l\u2019enseignant planifient ensemble le calendrier et les objectifs d\u2019apprentissage de la p\u00e9riode de mise \u00e0 niveau pour l\u2019enseignant. Ils discutent de la dur\u00e9e de la p\u00e9riode, de ce que l\u2019enseignant doit faire et de l\u2019organisation pratique (besoin d\u2019enseignants suppl\u00e9ants, etc.). L\u2019enseignant trouve une entreprise appropri\u00e9e et contacte l\u2019employeur et prend les dispositions n\u00e9cessaires pour la mise \u00e0 niveau. L\u2019enseignant est en contact avec l\u2019employeur et s\u2019accordent sur les horaires et des t\u00e2ches de travail.<\/p>\n<p style=\"text-align: justify;\"><strong>Employeur<\/strong><br \/>\nL\u2019employeur et le prestataire de formation concluent un contrat pour le stage de l\u2019enseignant. L\u2019employeur s\u2019assure que l\u2019enseignant peut effectuer les t\u00e2ches qu\u2019il est cens\u00e9 effectuer et nomme l\u2019un de ses membres du personnel pour devenir le tuteur de l\u2019enseignant. L\u2019employeur pr\u00e9pare son personnel et l\u2019informe de ce que l\u2019enseignant travaillera et de l\u2019endroit o\u00f9 il travaillera.<\/p>\n<h4 style=\"text-align: justify;\">Mise en \u0153uvre<\/h4>\n<p style=\"text-align: justify;\"><strong>Prestataire de formation professionnelle<\/strong><br \/>\nL&rsquo;enseignant travaille en tant que membre du personnel mais est r\u00e9mun\u00e9r\u00e9 par son \u00e9tablissement. Pendant qu&rsquo;il travaille, l&rsquo;enseignant forme de futurs tuteurs et \u00e9labore des projets sur la mani\u00e8re dont il peut mettre en \u0153uvre les comp\u00e9tences et les m\u00e9thodologies enseign\u00e9es dans ses cours et comment il peut diffuser son exp\u00e9rience aupr\u00e8s de ses coll\u00e8gues. L&#8217;employeur a des entretiens r\u00e9guliers avec l&rsquo;enseignant et le tuteur pour \u00e9voquer les progr\u00e8s et les attentes de l&#8217;employeur\/des employ\u00e9s vis-\u00e0-vis des enseignants et des \u00e9tudiants qu&rsquo;ils accueilleront \u00e0 l&rsquo;avenir.<\/p>\n<p style=\"text-align: justify;\"><strong>Employeur<\/strong><br \/>\nL\u2019employeur s\u2019assure que l\u2019enseignant peut effectuer les t\u00e2ches qu\u2019il est cens\u00e9 faire pendant sa p\u00e9riode en entreprise et s\u2019assure que le \u00a0tuteur a suffisamment de temps pour soutenir l\u2019enseignant. L\u2019employeur et les employ\u00e9s commencent \u00e0 planifier la fa\u00e7on de mettre en \u0153uvre les choses qu\u2019ils ont apprises de l\u2019enseignant lors de sa visite.<\/p>\n<h4 style=\"text-align: justify;\">Apr\u00e8s l\u2019\u00e9v\u00e9nement<\/h4>\n<p style=\"text-align: justify;\"><strong>Prestataire e formation<\/strong><br \/>\nL\u2019enseignant diffuse ce qu\u2019il a appris pendant son stage \u00e0 son employeur et \u00e0 ses coll\u00e8gues. Ensemble, ils font des propositions d\u2019action sur la fa\u00e7on de mettre en \u0153uvre les choses apprises pendant le stage.<\/p>\n<p style=\"text-align: justify;\"><strong>Employeur<\/strong><br \/>\nLe prestataire de formation, l\u2019enseignant, l\u2019employeur et le(s) employ\u00e9(s) impliqu\u00e9(s) dans la mise \u00e0 niveau des enseignants \u00e9valuent l\u2019exp\u00e9rience et apportent des ajustements et des am\u00e9liorations qui seront mis en \u0153uvre lorsque le prochain enseignant participera \u00e0 sa mise \u00e0 niveau.<\/p>\n<h4 style=\"text-align: justify;\">Recommandations<\/h4>\n<p style=\"text-align: justify;\">Nous n\u2019avons pas r\u00e9ussi \u00e0 le piloter pendant le projet VET@work, mais faire un \u00e9change enseignant\/employ\u00e9 permettrait \u00e0 l\u2019enseignant d\u2019entrer sur le lieu de travail en tant qu&rsquo;\u00ab employ\u00e9 \u00bb et \u00e0 l\u2019employ\u00e9 entrant dans l\u2019\u00e9cole en tant qu&rsquo;\u00ab enseignant \u00bb de sensibiliser davantage aux r\u00e9alit\u00e9s de chacun.<\/p>\n<\/div>\n\t\t\t\t<\/div>\n\t\t\t\t\t\t\t<div class=\"elementor-toggle-item\">\n\t\t\t\t\t<div id=\"elementor-tab-title-2852\" class=\"elementor-tab-title\" data-tab=\"2\" role=\"button\" aria-controls=\"elementor-tab-content-2852\" aria-expanded=\"false\">\n\t\t\t\t\t\t\t\t\t\t\t\t<span class=\"elementor-toggle-icon elementor-toggle-icon-left\" aria-hidden=\"true\">\n\t\t\t\t\t\t\t\t\t\t\t\t\t\t\t<span class=\"elementor-toggle-icon-closed\"><i class=\"fas fa-caret-right\"><\/i><\/span>\n\t\t\t\t\t\t\t\t<span class=\"elementor-toggle-icon-opened\"><i class=\"elementor-toggle-icon-opened fas fa-caret-up\"><\/i><\/span>\n\t\t\t\t\t\t\t\t\t\t\t\t\t<\/span>\n\t\t\t\t\t\t\t\t\t\t\t\t<a class=\"elementor-toggle-title\" tabindex=\"0\">Cas 2 : Pays-Bas \u2013 Stage d\u2019enseignant<\/a>\n\t\t\t\t\t<\/div>\n\n\t\t\t\t\t<div id=\"elementor-tab-content-2852\" class=\"elementor-tab-content elementor-clearfix\" data-tab=\"2\" role=\"region\" aria-labelledby=\"elementor-tab-title-2852\"><p style=\"text-align: justify;\">Les employeurs identifient que ce qui est appris au centre de formation ne correspond pas toujours \u00e0 ce qui est r\u00e9ellement n\u00e9cessaire dans la pratique. Les employeurs trouvent toujours que proposer des stages repr\u00e9sente beaucoup de travail et n&rsquo;ont souvent pas le temps de guider les \u00e9tudiants. Surtout si la th\u00e9orie apprise ne correspond pas \u00e0 la pratique.\u00a0 Afin d\u2019am\u00e9liorer ce lien au niveau des connaissances et d\u2019am\u00e9liorer la coop\u00e9ration entre l\u2019employeur et le centre de formation, le stage pour les enseignants a \u00e9t\u00e9 mis en place \u00e0 Lelystad, en Hollande.<\/p>\n<p style=\"text-align: justify;\">Afin de bien travailler ensemble, il est important de conna\u00eetre la situation de chacun. Pour un enseignant : savoir quelles connaissances et comp\u00e9tences sont n\u00e9cessaires pour fonctionner sur le lieu de travail. Les deux, en ce qui concerne les connaissances professionnelles et les comp\u00e9tences du 21\u00e8me si\u00e8cle. Pour les enseignants eux-m\u00eames, il est \u00e9galement important d\u2019\u00eatre au courant des derniers d\u00e9veloppements professionnels. \u00a0Cela leur permet de maintenir leur de formation \u00e0 jour et de pr\u00e9parer de mani\u00e8re optimale les \u00e9tudiants \u00e0 leur stage.<\/p>\n<p style=\"text-align: justify;\">\u00c0 Lelystad, les enseignants effectuent leur propre stage dans une entreprise d&rsquo;apprentissage pendant quelques jours. Cela a \u00e9galement un impact positif sur la coop\u00e9ration entre l\u2019enseignant et l\u2019employeur. Ils sont en lien les uns avec les autres sur le lieu de travail, ce qui stimule le respect mutuel et renforce la coop\u00e9ration..<\/p>\n<h4 style=\"text-align: justify;\">Pr\u00e9paration<\/h4>\n<p style=\"text-align: justify;\"><strong>Prestataire de formation professionnelle<\/strong><br \/>\nLe prestataire ou l&rsquo;enseignant et l&#8217;employeur prennent contact au sujet de la coop\u00e9ration. Les deux parties doivent \u00eatre convaincues du d\u00e9sir, de l&rsquo;utilit\u00e9 de la coop\u00e9ration. Des accords clairs sont conclus sur l&rsquo;objectif du stage et du programme de formation.<\/p>\n<p style=\"text-align: justify;\"><strong>Employeur<\/strong><br \/>\nL&#8217;employeur doit indiquer qu&rsquo;il souhaite \u00e9galement investir du temps dans la coop\u00e9ration et \u00eatre pr\u00eat \u00e0 encadrer le stagiaire.<\/p>\n<h4 style=\"text-align: justify;\">Mise en \u0153uvre<\/h4>\n<p style=\"text-align: justify;\"><strong>Prestataire de formation professionnelle<\/strong><br \/>\nL&rsquo;enseignant participe sur le lieu de travail aux diff\u00e9rentes t\u00e2ches ; il apprend les derniers processus et techniques en coop\u00e9rant avec les sp\u00e9cialistes et en observant leur travail.<\/p>\n<p style=\"text-align: justify;\">L&rsquo;enseignant recherche et inventorie les connaissances et les comp\u00e9tences dont les \u00e9l\u00e8ves ont besoin pour pouvoir effectuer un stage dans l&rsquo;entreprise. Que doivent-ils apprendre en formation et qu&rsquo;apprennent-ils dans la pratique ?<\/p>\n<p style=\"text-align: justify;\">L&rsquo;enseignant fait le point sur ce que l&rsquo;on attend des stagiaires en ce qui concerne les comp\u00e9tences du 21e si\u00e8cle.<\/p>\n<p style=\"text-align: justify;\"><strong>Employeur<\/strong><br \/>\nL&#8217;employeur fournit un soutien structur\u00e9 et un contexte technique. Il faut pr\u00e9voir du temps pour informer l&rsquo;enseignant et lui permettre d&rsquo;observer les membres cl\u00e9s de l&rsquo;entreprise tout en respectant les r\u00e8gles de sant\u00e9 et de s\u00e9curit\u00e9.<\/p>\n<h3 style=\"text-align: justify;\">Apr\u00e8s l&rsquo;\u00e9v\u00e9nement<\/h3>\n<p style=\"text-align: justify;\"><strong>Prestataire de formation professionnelle<\/strong><br \/>\nL&rsquo;enseignant \u00e9value le stage avec l&#8217;employeur : comment s&rsquo;est pass\u00e9e la coop\u00e9ration des deux c\u00f4t\u00e9s ? Qu&rsquo;est-ce qui a \u00e9t\u00e9 remarqu\u00e9 pendant le stage ? Que prend en compte l&rsquo;enseignant dans le programme d&rsquo;\u00e9tudes, comment les deux parties consid\u00e8rent-elles la collaboration, etc.<\/p>\n<p style=\"text-align: justify;\">En tant qu&rsquo;enseignant, parlez \u00e0 l&#8217;employeur des prochaines \u00e9tapes possibles.<\/p>\n<p style=\"text-align: justify;\">L&rsquo;enseignant fait part de ses conclusions \u00e0 ses coll\u00e8gues du d\u00e9partement o\u00f9 il travaille. Quelles sont les am\u00e9liorations organisationnelles n\u00e9cessaires pour am\u00e9liorer la collaboration ?<\/p>\n<p style=\"text-align: justify;\">\u00c0 partir de l\u00e0, le prestataire de formation professionnelle peut d\u00e9terminer comment les \u00e9tudiants peuvent r\u00e9pondre aux attentes de l&#8217;employeur en mati\u00e8re de comp\u00e9tences du 21e si\u00e8cle ?<\/p>\n<p style=\"text-align: justify;\"><strong>Employeur<\/strong><br \/>\nL&#8217;employeur doit fournir un retour d&rsquo;information au prestataire de formation sur les comp\u00e9tences et les connaissances acquises et sur les am\u00e9liorations n\u00e9cessaires.<\/p>\n<h4 style=\"text-align: justify;\">Recommandations<\/h4>\n<p style=\"text-align: justify;\">Le stage de l&rsquo;enseignant est une \u00e9tape ex\u00e9cutive pour rapprocher le centre de formation et l&#8217;employeur. Ne vous en tenez pas l\u00e0, assurez-vous qu&rsquo;il y ait une suite qui renforce le lien de coop\u00e9ration. Cela peut se faire en pla\u00e7ant en stage des \u00e9tudiants qui r\u00e9pondent aux attentes, mais aussi, par exemple, en invitant l&#8217;employeur \u00e0 donner des cours \u00e0 l&rsquo;\u00e9cole.<\/p>\n<p style=\"text-align: justify;\">Maintenez un contact aussi actif que possible afin que l&#8217;employeur et le centre de formation puissent communiquer en permanence et que la coop\u00e9ration soit de plus en plus renforc\u00e9e.<\/p>\n<p style=\"text-align: justify;\">Veillez \u00e0 ce qu&rsquo;une \u00e9valuation de la collaboration et des stages des enseignants ait lieu au moins une fois par an. Ajustez les rendez-vous et les processus si n\u00e9cessaires.<\/p>\n<\/div>\n\t\t\t\t<\/div>\n\t\t\t\t\t\t\t\t<\/div>\n\t\t\t\t<\/div>\n\t\t\t\t<\/div>\n\t\t\t\t<div class=\"elementor-element elementor-element-0ecad45 elementor-widget elementor-widget-spacer\" data-id=\"0ecad45\" data-element_type=\"widget\" data-widget_type=\"spacer.default\">\n\t\t\t\t<div class=\"elementor-widget-container\">\n\t\t\t\t\t<div class=\"elementor-spacer\">\n\t\t\t<div class=\"elementor-spacer-inner\"><\/div>\n\t\t<\/div>\n\t\t\t\t<\/div>\n\t\t\t\t<\/div>\n\t\t\t\t\t<\/div>\n\t\t<\/div>\n\t\t\t\t\t<\/div>\n\t\t<\/section>\n\t\t\t\t<\/div>\n\t\t","protected":false},"excerpt":{"rendered":"<p>M\u00e9thodologie 10 : Se tenir \u00e0 jour Introduction Apprentissage mutuel !\u00a0 Envoyez l\u2019enseignant sur le lieu de travail pour apprendre les situations courantes et se mettre \u00e0 jour professionnellement. Invitez les employeurs et les tuteurs professionnels au centre de formation afin qu\u2019ils puissent apprendre les r\u00e9alit\u00e9s de la formation et qu\u2019ils acqui\u00e8rent une compr\u00e9hension plus [&hellip;]<\/p>\n","protected":false},"author":3,"featured_media":3138,"parent":0,"menu_order":0,"comment_status":"closed","ping_status":"closed","template":"","meta":{"site-sidebar-layout":"no-sidebar","site-content-layout":"page-builder","ast-site-content-layout":"","site-content-style":"default","site-sidebar-style":"default","ast-global-header-display":"","ast-banner-title-visibility":"","ast-main-header-display":"","ast-hfb-above-header-display":"","ast-hfb-below-header-display":"","ast-hfb-mobile-header-display":"","site-post-title":"disabled","ast-breadcrumbs-content":"","ast-featured-img":"disabled","footer-sml-layout":"","theme-transparent-header-meta":"","adv-header-id-meta":"","stick-header-meta":"","header-above-stick-meta":"","header-main-stick-meta":"","header-below-stick-meta":"","astra-migrate-meta-layouts":"default","ast-page-background-enabled":"default","ast-page-background-meta":{"desktop":{"background-color":"","background-image":"","background-repeat":"repeat","background-position":"center center","background-size":"auto","background-attachment":"scroll","background-type":"","background-media":"","overlay-type":"","overlay-color":"","overlay-opacity":"","overlay-gradient":""},"tablet":{"background-color":"","background-image":"","background-repeat":"repeat","background-position":"center center","background-size":"auto","background-attachment":"scroll","background-type":"","background-media":"","overlay-type":"","overlay-color":"","overlay-opacity":"","overlay-gradient":""},"mobile":{"background-color":"","background-image":"","background-repeat":"repeat","background-position":"center center","background-size":"auto","background-attachment":"scroll","background-type":"","background-media":"","overlay-type":"","overlay-color":"","overlay-opacity":"","overlay-gradient":""}},"ast-content-background-meta":{"desktop":{"background-color":"var(--ast-global-color-5)","background-image":"","background-repeat":"repeat","background-position":"center center","background-size":"auto","background-attachment":"scroll","background-type":"","background-media":"","overlay-type":"","overlay-color":"","overlay-opacity":"","overlay-gradient":""},"tablet":{"background-color":"var(--ast-global-color-5)","background-image":"","background-repeat":"repeat","background-position":"center center","background-size":"auto","background-attachment":"scroll","background-type":"","background-media":"","overlay-type":"","overlay-color":"","overlay-opacity":"","overlay-gradient":""},"mobile":{"background-color":"var(--ast-global-color-5)","background-image":"","background-repeat":"repeat","background-position":"center center","background-size":"auto","background-attachment":"scroll","background-type":"","background-media":"","overlay-type":"","overlay-color":"","overlay-opacity":"","overlay-gradient":""}},"footnotes":""},"class_list":["post-5080","page","type-page","status-publish","has-post-thumbnail","hentry"],"_links":{"self":[{"href":"https:\/\/vetatwork-project.eu\/fr\/wp-json\/wp\/v2\/pages\/5080","targetHints":{"allow":["GET"]}}],"collection":[{"href":"https:\/\/vetatwork-project.eu\/fr\/wp-json\/wp\/v2\/pages"}],"about":[{"href":"https:\/\/vetatwork-project.eu\/fr\/wp-json\/wp\/v2\/types\/page"}],"author":[{"embeddable":true,"href":"https:\/\/vetatwork-project.eu\/fr\/wp-json\/wp\/v2\/users\/3"}],"replies":[{"embeddable":true,"href":"https:\/\/vetatwork-project.eu\/fr\/wp-json\/wp\/v2\/comments?post=5080"}],"version-history":[{"count":1,"href":"https:\/\/vetatwork-project.eu\/fr\/wp-json\/wp\/v2\/pages\/5080\/revisions"}],"predecessor-version":[{"id":5081,"href":"https:\/\/vetatwork-project.eu\/fr\/wp-json\/wp\/v2\/pages\/5080\/revisions\/5081"}],"wp:featuredmedia":[{"embeddable":true,"href":"https:\/\/vetatwork-project.eu\/fr\/wp-json\/wp\/v2\/media\/3138"}],"wp:attachment":[{"href":"https:\/\/vetatwork-project.eu\/fr\/wp-json\/wp\/v2\/media?parent=5080"}],"curies":[{"name":"wp","href":"https:\/\/api.w.org\/{rel}","templated":true}]}}