{"id":3640,"date":"2021-12-03T12:37:26","date_gmt":"2021-12-03T10:37:26","guid":{"rendered":"https:\/\/vetatwork-project.eu\/ota-yhteytta\/"},"modified":"2021-12-03T12:37:27","modified_gmt":"2021-12-03T10:37:27","slug":"ota-yhteytta","status":"publish","type":"page","link":"https:\/\/vetatwork-project.eu\/fi\/ota-yhteytta\/","title":{"rendered":"Ota yhteytt\u00e4"},"content":{"rendered":"\t\t<div data-elementor-type=\"wp-page\" data-elementor-id=\"3640\" class=\"elementor elementor-3640 elementor-662\" data-elementor-post-type=\"page\">\n\t\t\t\t\t\t<section class=\"elementor-section elementor-top-section elementor-element elementor-element-6f54c61 elementor-section-content-middle elementor-section-boxed elementor-section-height-default elementor-section-height-default\" data-id=\"6f54c61\" data-element_type=\"section\">\n\t\t\t\t\t\t<div class=\"elementor-container elementor-column-gap-default\">\n\t\t\t\t\t<div class=\"elementor-column elementor-col-50 elementor-top-column elementor-element elementor-element-2304518\" data-id=\"2304518\" data-element_type=\"column\">\n\t\t\t<div class=\"elementor-widget-wrap elementor-element-populated\">\n\t\t\t\t\t\t<div class=\"elementor-element elementor-element-492310d elementor-widget elementor-widget-text-editor\" data-id=\"492310d\" data-element_type=\"widget\" data-widget_type=\"text-editor.default\">\n\t\t\t\t<div class=\"elementor-widget-container\">\n\t\t\t\t\t\t\t<h1>Yhteystiedot<\/h1>\n<p>Olet nyt p\u00e4\u00e4ssyt k\u00e4sikirjan loppuun. Toivomme, ett\u00e4 olet saanut tarvitsemaasi tietoa ja rohkaisua aloittamaan ammatillisen koulutuksen ja ty\u00f6el\u00e4m\u00e4n v\u00e4lisen pedagogisen yhteisty\u00f6n.<\/p>\n<p>Alta l\u00f6yd\u00e4t hankekumppaneiden yhteystiedot. Jos sinulla on viel\u00e4 avoimia kysymyksi\u00e4 tai haluat lis\u00e4tietoja VET@work -hankkeesta, \u00e4l\u00e4 ep\u00e4r\u00f6i ottaa meihin yhteytt\u00e4 l\u00e4hett\u00e4m\u00e4ll\u00e4 meille s\u00e4hk\u00f6postia.<\/p>\n\t\t\t\t\t\t<\/div>\n\t\t\t\t<\/div>\n\t\t\t\t\t<\/div>\n\t\t<\/div>\n\t\t\t\t<div class=\"elementor-column elementor-col-50 elementor-top-column elementor-element elementor-element-56487b3\" data-id=\"56487b3\" data-element_type=\"column\">\n\t\t\t<div class=\"elementor-widget-wrap elementor-element-populated\">\n\t\t\t\t\t\t<div class=\"elementor-element elementor-element-31a0bfc elementor-widget elementor-widget-image\" data-id=\"31a0bfc\" data-element_type=\"widget\" data-widget_type=\"image.default\">\n\t\t\t\t<div class=\"elementor-widget-container\">\n\t\t\t\t\t\t\t\t\t\t\t\t\t<img fetchpriority=\"high\" decoding=\"async\" width=\"800\" height=\"800\" src=\"https:\/\/vetatwork-project.eu\/wp-content\/uploads\/2021\/09\/contact-banner@2.png\" class=\"attachment-full size-full wp-image-3029\" alt=\"contact\" srcset=\"https:\/\/vetatwork-project.eu\/wp-content\/uploads\/2021\/09\/contact-banner@2.png 800w, https:\/\/vetatwork-project.eu\/wp-content\/uploads\/2021\/09\/contact-banner@2-300x300.png 300w, https:\/\/vetatwork-project.eu\/wp-content\/uploads\/2021\/09\/contact-banner@2-150x150.png 150w, https:\/\/vetatwork-project.eu\/wp-content\/uploads\/2021\/09\/contact-banner@2-768x768.png 768w\" sizes=\"(max-width: 800px) 100vw, 800px\" \/>\t\t\t\t\t\t\t\t\t\t\t\t\t<\/div>\n\t\t\t\t<\/div>\n\t\t\t\t\t<\/div>\n\t\t<\/div>\n\t\t\t\t\t<\/div>\n\t\t<\/section>\n\t\t\t\t<section class=\"elementor-section elementor-top-section elementor-element elementor-element-bb293b4 elementor-section-boxed elementor-section-height-default elementor-section-height-default\" data-id=\"bb293b4\" data-element_type=\"section\">\n\t\t\t\t\t\t<div class=\"elementor-container elementor-column-gap-default\">\n\t\t\t\t\t<div class=\"elementor-column elementor-col-33 elementor-top-column elementor-element elementor-element-7e1952f\" data-id=\"7e1952f\" data-element_type=\"column\">\n\t\t\t<div class=\"elementor-widget-wrap elementor-element-populated\">\n\t\t\t\t\t\t<div class=\"elementor-element elementor-element-a6af8a3 elementor-widget elementor-widget-image\" data-id=\"a6af8a3\" data-element_type=\"widget\" data-widget_type=\"image.default\">\n\t\t\t\t<div class=\"elementor-widget-container\">\n\t\t\t\t\t\t\t\t\t\t\t\t\t\t<a href=\"http:\/\/www.axxell.fi\" target=\"_blank\" rel=\"noopener\">\n\t\t\t\t\t\t\t<img decoding=\"async\" width=\"300\" height=\"300\" src=\"https:\/\/vetatwork-project.eu\/wp-content\/uploads\/2021\/09\/axxell-logo-300x300.jpg\" class=\"attachment-medium size-medium wp-image-3033\" alt=\"axxell logo\" srcset=\"https:\/\/vetatwork-project.eu\/wp-content\/uploads\/2021\/09\/axxell-logo.jpg 300w, https:\/\/vetatwork-project.eu\/wp-content\/uploads\/2021\/09\/axxell-logo-150x150.jpg 150w\" sizes=\"(max-width: 300px) 100vw, 300px\" \/>\t\t\t\t\t\t\t\t<\/a>\n\t\t\t\t\t\t\t\t\t\t\t\t\t<\/div>\n\t\t\t\t<\/div>\n\t\t\t\t<div class=\"elementor-element elementor-element-8daab06 elementor-widget elementor-widget-text-editor\" data-id=\"8daab06\" data-element_type=\"widget\" data-widget_type=\"text-editor.default\">\n\t\t\t\t<div class=\"elementor-widget-container\">\n\t\t\t\t\t\t\t<p>PB 1006, 10601 Eken\u00e4s, Finland<\/p>\n\t\t\t\t\t\t<\/div>\n\t\t\t\t<\/div>\n\t\t\t\t<div class=\"elementor-element elementor-element-e465cc8 elementor-widget elementor-widget-text-editor\" data-id=\"e465cc8\" data-element_type=\"widget\" data-widget_type=\"text-editor.default\">\n\t\t\t\t<div class=\"elementor-widget-container\">\n\t\t\t\t\t\t\t<p><a href=\"http:\/\/www.axxell.fi\" target=\"_blank\" rel=\"noopener\">www.axxell.fi<\/a><\/p>\n\t\t\t\t\t\t<\/div>\n\t\t\t\t<\/div>\n\t\t\t\t<div class=\"elementor-element elementor-element-1c8b6f0 elementor-widget elementor-widget-text-editor\" data-id=\"1c8b6f0\" data-element_type=\"widget\" data-widget_type=\"text-editor.default\">\n\t\t\t\t<div class=\"elementor-widget-container\">\n\t\t\t\t\t\t\t<p>Tanja Halttunen<br \/>\nExpert of International Affairs<\/p>\n\t\t\t\t\t\t<\/div>\n\t\t\t\t<\/div>\n\t\t\t\t\t<\/div>\n\t\t<\/div>\n\t\t\t\t<div class=\"elementor-column elementor-col-33 elementor-top-column elementor-element elementor-element-52ab92b\" data-id=\"52ab92b\" data-element_type=\"column\">\n\t\t\t<div class=\"elementor-widget-wrap elementor-element-populated\">\n\t\t\t\t\t\t<div class=\"elementor-element elementor-element-8de02d5 elementor-widget elementor-widget-image\" data-id=\"8de02d5\" data-element_type=\"widget\" data-widget_type=\"image.default\">\n\t\t\t\t<div class=\"elementor-widget-container\">\n\t\t\t\t\t\t\t\t\t\t\t\t\t\t<a href=\"http:\/\/www.raasepori.fi\" target=\"_blank\" rel=\"noopener\">\n\t\t\t\t\t\t\t<img decoding=\"async\" width=\"300\" height=\"300\" src=\"https:\/\/vetatwork-project.eu\/wp-content\/uploads\/2021\/09\/Municipality-of-Raasepori-logo-300x300.jpg\" class=\"attachment-medium size-medium wp-image-3041\" alt=\"Municipality of Raasepori logo\" srcset=\"https:\/\/vetatwork-project.eu\/wp-content\/uploads\/2021\/09\/Municipality-of-Raasepori-logo.jpg 300w, https:\/\/vetatwork-project.eu\/wp-content\/uploads\/2021\/09\/Municipality-of-Raasepori-logo-150x150.jpg 150w\" sizes=\"(max-width: 300px) 100vw, 300px\" \/>\t\t\t\t\t\t\t\t<\/a>\n\t\t\t\t\t\t\t\t\t\t\t\t\t<\/div>\n\t\t\t\t<\/div>\n\t\t\t\t<div class=\"elementor-element elementor-element-288b63e elementor-widget elementor-widget-text-editor\" data-id=\"288b63e\" data-element_type=\"widget\" data-widget_type=\"text-editor.default\">\n\t\t\t\t<div class=\"elementor-widget-container\">\n\t\t\t\t\t\t\t<p>Municipality of Raasepori(Villa Anemone)<\/p>\n\t\t\t\t\t\t<\/div>\n\t\t\t\t<\/div>\n\t\t\t\t<div class=\"elementor-element elementor-element-1653bf6 elementor-widget elementor-widget-text-editor\" data-id=\"1653bf6\" data-element_type=\"widget\" data-widget_type=\"text-editor.default\">\n\t\t\t\t<div class=\"elementor-widget-container\">\n\t\t\t\t\t\t\t<p><a href=\"http:\/\/www.raasepori.fi\" target=\"_blank\" rel=\"noopener\">www.raasepori.fi<\/a><\/p>\n\t\t\t\t\t\t<\/div>\n\t\t\t\t<\/div>\n\t\t\t\t<div class=\"elementor-element elementor-element-4cbc9ce elementor-widget elementor-widget-text-editor\" data-id=\"4cbc9ce\" data-element_type=\"widget\" data-widget_type=\"text-editor.default\">\n\t\t\t\t<div class=\"elementor-widget-container\">\n\t\t\t\t\t\t\t<p>Bernadetta Stenstr\u00f6m<br \/>\nHead of Assisted Living Facilities<\/p>\n\t\t\t\t\t\t<\/div>\n\t\t\t\t<\/div>\n\t\t\t\t\t<\/div>\n\t\t<\/div>\n\t\t\t\t<div class=\"elementor-column elementor-col-33 elementor-top-column elementor-element elementor-element-5d65c30\" data-id=\"5d65c30\" data-element_type=\"column\">\n\t\t\t<div class=\"elementor-widget-wrap elementor-element-populated\">\n\t\t\t\t\t\t<div class=\"elementor-element elementor-element-9284c19 elementor-widget elementor-widget-image\" data-id=\"9284c19\" data-element_type=\"widget\" data-widget_type=\"image.default\">\n\t\t\t\t<div class=\"elementor-widget-container\">\n\t\t\t\t\t\t\t\t\t\t\t\t\t\t<a href=\"http:\/\/www.hetidee.eu\" target=\"_blank\" rel=\"noopener\">\n\t\t\t\t\t\t\t<img loading=\"lazy\" decoding=\"async\" width=\"300\" height=\"300\" src=\"https:\/\/vetatwork-project.eu\/wp-content\/uploads\/2021\/09\/het-idee-logo-300x300.jpg\" class=\"attachment-medium size-medium wp-image-3037\" alt=\"het idee logo\" srcset=\"https:\/\/vetatwork-project.eu\/wp-content\/uploads\/2021\/09\/het-idee-logo.jpg 300w, https:\/\/vetatwork-project.eu\/wp-content\/uploads\/2021\/09\/het-idee-logo-150x150.jpg 150w\" sizes=\"(max-width: 300px) 100vw, 300px\" \/>\t\t\t\t\t\t\t\t<\/a>\n\t\t\t\t\t\t\t\t\t\t\t\t\t<\/div>\n\t\t\t\t<\/div>\n\t\t\t\t<div class=\"elementor-element elementor-element-07204f9 elementor-widget elementor-widget-text-editor\" data-id=\"07204f9\" data-element_type=\"widget\" data-widget_type=\"text-editor.default\">\n\t\t\t\t<div class=\"elementor-widget-container\">\n\t\t\t\t\t\t\t<p>Het Idee<\/p>\n\t\t\t\t\t\t<\/div>\n\t\t\t\t<\/div>\n\t\t\t\t<div class=\"elementor-element elementor-element-c374faa elementor-widget elementor-widget-text-editor\" data-id=\"c374faa\" data-element_type=\"widget\" data-widget_type=\"text-editor.default\">\n\t\t\t\t<div class=\"elementor-widget-container\">\n\t\t\t\t\t\t\t<p><a href=\"http:\/\/www.hetidee.eu\" target=\"_blank\" rel=\"noopener\">www.hetidee.eu<\/a><\/p>\n\t\t\t\t\t\t<\/div>\n\t\t\t\t<\/div>\n\t\t\t\t<div class=\"elementor-element elementor-element-7a88957 elementor-widget elementor-widget-text-editor\" data-id=\"7a88957\" data-element_type=\"widget\" data-widget_type=\"text-editor.default\">\n\t\t\t\t<div class=\"elementor-widget-container\">\n\t\t\t\t\t\t\t<p>Maarten Reckman<br \/>\nDirector<\/p>\n\t\t\t\t\t\t<\/div>\n\t\t\t\t<\/div>\n\t\t\t\t\t<\/div>\n\t\t<\/div>\n\t\t\t\t\t<\/div>\n\t\t<\/section>\n\t\t\t\t<section class=\"elementor-section elementor-top-section elementor-element elementor-element-a5762a0 elementor-section-boxed elementor-section-height-default elementor-section-height-default\" data-id=\"a5762a0\" data-element_type=\"section\">\n\t\t\t\t\t\t<div class=\"elementor-container elementor-column-gap-default\">\n\t\t\t\t\t<div class=\"elementor-column elementor-col-33 elementor-top-column elementor-element elementor-element-0300056\" data-id=\"0300056\" data-element_type=\"column\">\n\t\t\t<div class=\"elementor-widget-wrap elementor-element-populated\">\n\t\t\t\t\t\t<div class=\"elementor-element elementor-element-b909243 elementor-widget elementor-widget-image\" data-id=\"b909243\" data-element_type=\"widget\" data-widget_type=\"image.default\">\n\t\t\t\t<div class=\"elementor-widget-container\">\n\t\t\t\t\t\t\t\t\t\t\t\t\t\t<a href=\"http:\/\/www.vma.is\" target=\"_blank\" rel=\"noopener\">\n\t\t\t\t\t\t\t<img loading=\"lazy\" decoding=\"async\" width=\"300\" height=\"300\" src=\"https:\/\/vetatwork-project.eu\/wp-content\/uploads\/2021\/09\/Vermenntaskolinn-a-Akureyri-Logo-300x300.jpg\" class=\"attachment-medium size-medium wp-image-3049\" alt=\"Vermenntask\u00f3linn \u00e1 Akureyri Logo\" srcset=\"https:\/\/vetatwork-project.eu\/wp-content\/uploads\/2021\/09\/Vermenntaskolinn-a-Akureyri-Logo.jpg 300w, https:\/\/vetatwork-project.eu\/wp-content\/uploads\/2021\/09\/Vermenntaskolinn-a-Akureyri-Logo-150x150.jpg 150w\" sizes=\"(max-width: 300px) 100vw, 300px\" \/>\t\t\t\t\t\t\t\t<\/a>\n\t\t\t\t\t\t\t\t\t\t\t\t\t<\/div>\n\t\t\t\t<\/div>\n\t\t\t\t<div class=\"elementor-element elementor-element-53421fd elementor-widget elementor-widget-text-editor\" data-id=\"53421fd\" data-element_type=\"widget\" data-widget_type=\"text-editor.default\">\n\t\t\t\t<div class=\"elementor-widget-container\">\n\t\t\t\t\t\t\t<p>Vermenntask\u00f3linn \u00e1 Akureyri<\/p>\n\t\t\t\t\t\t<\/div>\n\t\t\t\t<\/div>\n\t\t\t\t<div class=\"elementor-element elementor-element-398101a elementor-widget elementor-widget-text-editor\" data-id=\"398101a\" data-element_type=\"widget\" data-widget_type=\"text-editor.default\">\n\t\t\t\t<div class=\"elementor-widget-container\">\n\t\t\t\t\t\t\t<p><a href=\"http:\/\/www.vma.is\" target=\"_blank\" rel=\"noopener\">www.vma.is<\/a><\/p>\n\t\t\t\t\t\t<\/div>\n\t\t\t\t<\/div>\n\t\t\t\t<div class=\"elementor-element elementor-element-cacba14 elementor-widget elementor-widget-text-editor\" data-id=\"cacba14\" data-element_type=\"widget\" data-widget_type=\"text-editor.default\">\n\t\t\t\t<div class=\"elementor-widget-container\">\n\t\t\t\t\t\t\t<p>Hrafnhildur Sigurgeirsdottir<br \/>\nTeacher<\/p>\n\t\t\t\t\t\t<\/div>\n\t\t\t\t<\/div>\n\t\t\t\t\t<\/div>\n\t\t<\/div>\n\t\t\t\t<div class=\"elementor-column elementor-col-33 elementor-top-column elementor-element elementor-element-c42bb46\" data-id=\"c42bb46\" data-element_type=\"column\">\n\t\t\t<div class=\"elementor-widget-wrap elementor-element-populated\">\n\t\t\t\t\t\t<div class=\"elementor-element elementor-element-27d9585 elementor-widget elementor-widget-image\" data-id=\"27d9585\" data-element_type=\"widget\" data-widget_type=\"image.default\">\n\t\t\t\t<div class=\"elementor-widget-container\">\n\t\t\t\t\t\t\t\t\t\t\t\t\t\t<a href=\"http:\/\/www.welzijnlelystad.nl\" target=\"_blank\" rel=\"noopener\">\n\t\t\t\t\t\t\t<img loading=\"lazy\" decoding=\"async\" width=\"300\" height=\"300\" src=\"https:\/\/vetatwork-project.eu\/wp-content\/uploads\/2021\/09\/Sticting-Welzijn-Lelystad-logo-300x300.jpg\" class=\"attachment-medium size-medium wp-image-3045\" alt=\"Sticting Welzijn Lelystad logo\" srcset=\"https:\/\/vetatwork-project.eu\/wp-content\/uploads\/2021\/09\/Sticting-Welzijn-Lelystad-logo.jpg 300w, https:\/\/vetatwork-project.eu\/wp-content\/uploads\/2021\/09\/Sticting-Welzijn-Lelystad-logo-150x150.jpg 150w\" sizes=\"(max-width: 300px) 100vw, 300px\" \/>\t\t\t\t\t\t\t\t<\/a>\n\t\t\t\t\t\t\t\t\t\t\t\t\t<\/div>\n\t\t\t\t<\/div>\n\t\t\t\t<div class=\"elementor-element elementor-element-9053e2e elementor-widget elementor-widget-text-editor\" data-id=\"9053e2e\" data-element_type=\"widget\" data-widget_type=\"text-editor.default\">\n\t\t\t\t<div class=\"elementor-widget-container\">\n\t\t\t\t\t\t\t<p>Sticting Welzijn Lelystad<\/p>\n\t\t\t\t\t\t<\/div>\n\t\t\t\t<\/div>\n\t\t\t\t<div class=\"elementor-element elementor-element-3227bd0 elementor-widget elementor-widget-text-editor\" data-id=\"3227bd0\" data-element_type=\"widget\" data-widget_type=\"text-editor.default\">\n\t\t\t\t<div class=\"elementor-widget-container\">\n\t\t\t\t\t\t\t<p><a href=\"http:\/\/www.welzijnlelystad.nl\" target=\"_blank\" rel=\"noopener\">www.welzijnlelystad.nl<\/a><\/p>\n\t\t\t\t\t\t<\/div>\n\t\t\t\t<\/div>\n\t\t\t\t<div class=\"elementor-element elementor-element-f7702ca elementor-widget elementor-widget-text-editor\" data-id=\"f7702ca\" data-element_type=\"widget\" data-widget_type=\"text-editor.default\">\n\t\t\t\t<div class=\"elementor-widget-container\">\n\t\t\t\t\t\t\t<p>Brenda Bos<br \/>\nStaff Consultant<\/p>\n\t\t\t\t\t\t<\/div>\n\t\t\t\t<\/div>\n\t\t\t\t\t<\/div>\n\t\t<\/div>\n\t\t\t\t<div class=\"elementor-column elementor-col-33 elementor-top-column elementor-element elementor-element-6d69455\" data-id=\"6d69455\" data-element_type=\"column\">\n\t\t\t<div class=\"elementor-widget-wrap elementor-element-populated\">\n\t\t\t\t\t\t<div class=\"elementor-element elementor-element-05abe33 elementor-widget elementor-widget-image\" data-id=\"05abe33\" data-element_type=\"widget\" data-widget_type=\"image.default\">\n\t\t\t\t<div class=\"elementor-widget-container\">\n\t\t\t\t\t\t\t\t\t\t\t\t\t\t<a href=\"http:\/\/www.broadshoulders.co.uk\" target=\"_blank\" rel=\"noopener\">\n\t\t\t\t\t\t\t<img loading=\"lazy\" decoding=\"async\" width=\"300\" height=\"300\" src=\"https:\/\/vetatwork-project.eu\/wp-content\/uploads\/2021\/09\/Broadshoulders-Logo-300x300.jpg\" class=\"attachment-medium size-medium wp-image-3209\" alt=\"Broadshoulders Logo\" srcset=\"https:\/\/vetatwork-project.eu\/wp-content\/uploads\/2021\/09\/Broadshoulders-Logo.jpg 300w, https:\/\/vetatwork-project.eu\/wp-content\/uploads\/2021\/09\/Broadshoulders-Logo-150x150.jpg 150w\" sizes=\"(max-width: 300px) 100vw, 300px\" \/>\t\t\t\t\t\t\t\t<\/a>\n\t\t\t\t\t\t\t\t\t\t\t\t\t<\/div>\n\t\t\t\t<\/div>\n\t\t\t\t<div class=\"elementor-element elementor-element-61239c1 elementor-widget elementor-widget-text-editor\" data-id=\"61239c1\" data-element_type=\"widget\" data-widget_type=\"text-editor.default\">\n\t\t\t\t<div class=\"elementor-widget-container\">\n\t\t\t\t\t\t\t<p>Broadshoulders<\/p>\n\t\t\t\t\t\t<\/div>\n\t\t\t\t<\/div>\n\t\t\t\t<div class=\"elementor-element elementor-element-e3f9eb0 elementor-widget elementor-widget-text-editor\" data-id=\"e3f9eb0\" data-element_type=\"widget\" data-widget_type=\"text-editor.default\">\n\t\t\t\t<div class=\"elementor-widget-container\">\n\t\t\t\t\t\t\t<p><a href=\"http:\/\/www.broadshoulders.co.uk\" target=\"_blank\" rel=\"noopener\">www.broadshoulders.co.uk<\/a><\/p>\n\t\t\t\t\t\t<\/div>\n\t\t\t\t<\/div>\n\t\t\t\t<div class=\"elementor-element elementor-element-3fbe317 elementor-widget elementor-widget-text-editor\" data-id=\"3fbe317\" data-element_type=\"widget\" data-widget_type=\"text-editor.default\">\n\t\t\t\t<div class=\"elementor-widget-container\">\n\t\t\t\t\t\t\t<p>Philip Broomhead<br \/>\nDirector<\/p>\n\t\t\t\t\t\t<\/div>\n\t\t\t\t<\/div>\n\t\t\t\t\t<\/div>\n\t\t<\/div>\n\t\t\t\t\t<\/div>\n\t\t<\/section>\n\t\t\t\t<\/div>\n\t\t","protected":false},"excerpt":{"rendered":"<p>Yhteystiedot Olet nyt p\u00e4\u00e4ssyt k\u00e4sikirjan loppuun. Toivomme, ett\u00e4 olet saanut tarvitsemaasi tietoa ja rohkaisua aloittamaan ammatillisen koulutuksen ja ty\u00f6el\u00e4m\u00e4n v\u00e4lisen pedagogisen yhteisty\u00f6n. Alta l\u00f6yd\u00e4t hankekumppaneiden yhteystiedot. Jos sinulla on viel\u00e4 avoimia kysymyksi\u00e4 tai haluat lis\u00e4tietoja VET@work -hankkeesta, \u00e4l\u00e4 ep\u00e4r\u00f6i ottaa meihin yhteytt\u00e4 l\u00e4hett\u00e4m\u00e4ll\u00e4 meille s\u00e4hk\u00f6postia. PB 1006, 10601 Eken\u00e4s, Finland www.axxell.fi Tanja Halttunen Expert of [&hellip;]<\/p>\n","protected":false},"author":3,"featured_media":3073,"parent":0,"menu_order":0,"comment_status":"closed","ping_status":"closed","template":"","meta":{"site-sidebar-layout":"no-sidebar","site-content-layout":"page-builder","ast-site-content-layout":"","site-content-style":"default","site-sidebar-style":"default","ast-global-header-display":"","ast-banner-title-visibility":"","ast-main-header-display":"","ast-hfb-above-header-display":"","ast-hfb-below-header-display":"","ast-hfb-mobile-header-display":"","site-post-title":"disabled","ast-breadcrumbs-content":"","ast-featured-img":"disabled","footer-sml-layout":"","theme-transparent-header-meta":"","adv-header-id-meta":"","stick-header-meta":"","header-above-stick-meta":"","header-main-stick-meta":"","header-below-stick-meta":"","astra-migrate-meta-layouts":"default","ast-page-background-enabled":"default","ast-page-background-meta":{"desktop":{"background-color":"","background-image":"","background-repeat":"repeat","background-position":"center center","background-size":"auto","background-attachment":"scroll","background-type":"","background-media":"","overlay-type":"","overlay-color":"","overlay-opacity":"","overlay-gradient":""},"tablet":{"background-color":"","background-image":"","background-repeat":"repeat","background-position":"center center","background-size":"auto","background-attachment":"scroll","background-type":"","background-media":"","overlay-type":"","overlay-color":"","overlay-opacity":"","overlay-gradient":""},"mobile":{"background-color":"","background-image":"","background-repeat":"repeat","background-position":"center center","background-size":"auto","background-attachment":"scroll","background-type":"","background-media":"","overlay-type":"","overlay-color":"","overlay-opacity":"","overlay-gradient":""}},"ast-content-background-meta":{"desktop":{"background-color":"var(--ast-global-color-5)","background-image":"","background-repeat":"repeat","background-position":"center center","background-size":"auto","background-attachment":"scroll","background-type":"","background-media":"","overlay-type":"","overlay-color":"","overlay-opacity":"","overlay-gradient":""},"tablet":{"background-color":"var(--ast-global-color-5)","background-image":"","background-repeat":"repeat","background-position":"center center","background-size":"auto","background-attachment":"scroll","background-type":"","background-media":"","overlay-type":"","overlay-color":"","overlay-opacity":"","overlay-gradient":""},"mobile":{"background-color":"var(--ast-global-color-5)","background-image":"","background-repeat":"repeat","background-position":"center center","background-size":"auto","background-attachment":"scroll","background-type":"","background-media":"","overlay-type":"","overlay-color":"","overlay-opacity":"","overlay-gradient":""}},"footnotes":""},"class_list":["post-3640","page","type-page","status-publish","has-post-thumbnail","hentry"],"_links":{"self":[{"href":"https:\/\/vetatwork-project.eu\/fi\/wp-json\/wp\/v2\/pages\/3640","targetHints":{"allow":["GET"]}}],"collection":[{"href":"https:\/\/vetatwork-project.eu\/fi\/wp-json\/wp\/v2\/pages"}],"about":[{"href":"https:\/\/vetatwork-project.eu\/fi\/wp-json\/wp\/v2\/types\/page"}],"author":[{"embeddable":true,"href":"https:\/\/vetatwork-project.eu\/fi\/wp-json\/wp\/v2\/users\/3"}],"replies":[{"embeddable":true,"href":"https:\/\/vetatwork-project.eu\/fi\/wp-json\/wp\/v2\/comments?post=3640"}],"version-history":[{"count":1,"href":"https:\/\/vetatwork-project.eu\/fi\/wp-json\/wp\/v2\/pages\/3640\/revisions"}],"predecessor-version":[{"id":3641,"href":"https:\/\/vetatwork-project.eu\/fi\/wp-json\/wp\/v2\/pages\/3640\/revisions\/3641"}],"wp:featuredmedia":[{"embeddable":true,"href":"https:\/\/vetatwork-project.eu\/fi\/wp-json\/wp\/v2\/media\/3073"}],"wp:attachment":[{"href":"https:\/\/vetatwork-project.eu\/fi\/wp-json\/wp\/v2\/media?parent=3640"}],"curies":[{"name":"wp","href":"https:\/\/api.w.org\/{rel}","templated":true}]}}