{"id":3619,"date":"2021-12-03T11:08:55","date_gmt":"2021-12-03T09:08:55","guid":{"rendered":"https:\/\/vetatwork-project.eu\/hyodyt\/"},"modified":"2021-12-06T13:31:09","modified_gmt":"2021-12-06T11:31:09","slug":"hyodyt","status":"publish","type":"page","link":"https:\/\/vetatwork-project.eu\/fi\/hyodyt\/","title":{"rendered":"Hy\u00f6dyt"},"content":{"rendered":"\t\t<div data-elementor-type=\"wp-page\" data-elementor-id=\"3619\" class=\"elementor elementor-3619 elementor-628\" data-elementor-post-type=\"page\">\n\t\t\t\t\t\t<section class=\"elementor-section elementor-top-section elementor-element elementor-element-8b0b259 elementor-section-content-middle elementor-section-boxed elementor-section-height-default elementor-section-height-default\" data-id=\"8b0b259\" data-element_type=\"section\">\n\t\t\t\t\t\t<div class=\"elementor-container elementor-column-gap-default\">\n\t\t\t\t\t<div class=\"elementor-column elementor-col-50 elementor-top-column elementor-element elementor-element-72bd10b\" data-id=\"72bd10b\" data-element_type=\"column\">\n\t\t\t<div class=\"elementor-widget-wrap elementor-element-populated\">\n\t\t\t\t\t\t<div class=\"elementor-element elementor-element-e9ccc22 elementor-widget elementor-widget-text-editor\" data-id=\"e9ccc22\" data-element_type=\"widget\" data-widget_type=\"text-editor.default\">\n\t\t\t\t<div class=\"elementor-widget-container\">\n\t\t\t\t\t\t\t<p>Hy\u00f6dyt<\/p>\n\t\t\t\t\t\t<\/div>\n\t\t\t\t<\/div>\n\t\t\t\t<div class=\"elementor-element elementor-element-24a751c elementor-widget elementor-widget-text-editor\" data-id=\"24a751c\" data-element_type=\"widget\" data-widget_type=\"text-editor.default\">\n\t\t\t\t<div class=\"elementor-widget-container\">\n\t\t\t\t\t\t\t<p><strong>Johdanto<\/strong><\/p>\n<p>Ammatillisen koulutuksen j\u00e4rjest\u00e4jien ja ty\u00f6el\u00e4m\u00e4n v\u00e4linen avoin yhteisty\u00f6 vaikuttaa my\u00f6nteisesti ammatillisen koulutuksen laatuun ja opettajien, ty\u00f6nantajien, ty\u00f6paikkaohjaajien ja ennen kaikkea opiskelijoiden taitojen kehitt\u00e4miseen.<\/p>\n\t\t\t\t\t\t<\/div>\n\t\t\t\t<\/div>\n\t\t\t\t<div class=\"elementor-element elementor-element-93c73fe elementor-widget elementor-widget-spacer\" data-id=\"93c73fe\" data-element_type=\"widget\" data-widget_type=\"spacer.default\">\n\t\t\t\t<div class=\"elementor-widget-container\">\n\t\t\t\t\t<div class=\"elementor-spacer\">\n\t\t\t<div class=\"elementor-spacer-inner\"><\/div>\n\t\t<\/div>\n\t\t\t\t<\/div>\n\t\t\t\t<\/div>\n\t\t\t\t\t<\/div>\n\t\t<\/div>\n\t\t\t\t<div class=\"elementor-column elementor-col-50 elementor-top-column elementor-element elementor-element-ec3b8b5\" data-id=\"ec3b8b5\" data-element_type=\"column\">\n\t\t\t<div class=\"elementor-widget-wrap elementor-element-populated\">\n\t\t\t\t\t\t<div class=\"elementor-element elementor-element-da7ba49 elementor-widget elementor-widget-image\" data-id=\"da7ba49\" data-element_type=\"widget\" data-widget_type=\"image.default\">\n\t\t\t\t<div class=\"elementor-widget-container\">\n\t\t\t\t\t\t\t\t\t\t\t\t\t<img fetchpriority=\"high\" decoding=\"async\" width=\"800\" height=\"800\" src=\"https:\/\/vetatwork-project.eu\/wp-content\/uploads\/2021\/09\/benefits-banner-Vet@Work@2.png\" class=\"attachment-full size-full wp-image-3021\" alt=\"benefits\" srcset=\"https:\/\/vetatwork-project.eu\/wp-content\/uploads\/2021\/09\/benefits-banner-Vet@Work@2.png 800w, https:\/\/vetatwork-project.eu\/wp-content\/uploads\/2021\/09\/benefits-banner-Vet@Work@2-300x300.png 300w, https:\/\/vetatwork-project.eu\/wp-content\/uploads\/2021\/09\/benefits-banner-Vet@Work@2-150x150.png 150w, https:\/\/vetatwork-project.eu\/wp-content\/uploads\/2021\/09\/benefits-banner-Vet@Work@2-768x768.png 768w\" sizes=\"(max-width: 800px) 100vw, 800px\" \/>\t\t\t\t\t\t\t\t\t\t\t\t\t<\/div>\n\t\t\t\t<\/div>\n\t\t\t\t\t<\/div>\n\t\t<\/div>\n\t\t\t\t\t<\/div>\n\t\t<\/section>\n\t\t\t\t<section class=\"elementor-section elementor-top-section elementor-element elementor-element-d6fc508 elementor-section-boxed elementor-section-height-default elementor-section-height-default\" data-id=\"d6fc508\" data-element_type=\"section\">\n\t\t\t\t\t\t<div class=\"elementor-container elementor-column-gap-default\">\n\t\t\t\t\t<div class=\"elementor-column elementor-col-100 elementor-top-column elementor-element elementor-element-fda7072\" data-id=\"fda7072\" data-element_type=\"column\">\n\t\t\t<div class=\"elementor-widget-wrap elementor-element-populated\">\n\t\t\t\t\t\t<div class=\"elementor-element elementor-element-8b15fa5 elementor-widget elementor-widget-text-editor\" data-id=\"8b15fa5\" data-element_type=\"widget\" data-widget_type=\"text-editor.default\">\n\t\t\t\t<div class=\"elementor-widget-container\">\n\t\t\t\t\t\t\t<p>Arvioidessamme t\u00e4m\u00e4n hankkeen ja VET@work k\u00e4sikirjan vaikutusta sitoutumisen vahvistamiseen kysyimme itselt\u00e4mme: 1) Olemmeko onnistuneet saamaan ylimm\u00e4n johdon hyv\u00e4ksynn\u00e4n ja kehitt\u00e4m\u00e4\u00e4n vision ammatillisen koulutuksen ja sis\u00e4llytt\u00e4m\u00e4\u00e4n ty\u00f6el\u00e4m\u00e4n yhteisty\u00f6n olemassa oleviin strategioihin ja visioihin; 2) Miten k\u00e4sikirjamme tukee ja kannustaa ammatillisen koulutuksen tarjoajien, opettajien, ty\u00f6nantajien ja ty\u00f6paikkaohjaajien v\u00e4list\u00e4 yhteisty\u00f6t\u00e4; ja 3) Olemmeko pystyneet osoittamaan, miten t\u00e4rke\u00e4\u00e4 on, ett\u00e4 ammatillisen koulutuksen tarjoajat ja ty\u00f6nantajat toteuttavat toimintatapoja, menetelmi\u00e4 ja resursseja tavalla joka mahdollistaa ja kannustaa ammatillisen koulutuksen ja ty\u00f6el\u00e4m\u00e4n v\u00e4list\u00e4 yhteisty\u00f6t\u00e4.<\/p>\n<p>Kun on kyse yhteisty\u00f6n aloittamisesta ja vahvistamisesta, kysyimme itselt\u00e4mme seuraavaa: 1) Miten k\u00e4sikirjamme auttaa luomaan keinoja tehokkaan ja avoimen viestinn\u00e4n toteuttamiseksi ty\u00f6nantajien ja ammatillisen koulutuksen j\u00e4rjest\u00e4jien v\u00e4lill\u00e4? 2) Miten k\u00e4sikirja voi auttaa varmistamaan kest\u00e4v\u00e4n ja laadukkaan yhteisty\u00f6n, joka johtaa tilanteeseen, jossa kaikki osapuolet voittavat, ja 3) Miten auttaa ammatillisen koulutuksen j\u00e4rjest\u00e4jien ja ty\u00f6nantajia arvioimaan valmiutensa yhteisty\u00f6h\u00f6n ja aloittaa yhteisty\u00f6n, joka vastaa heid\u00e4n kokemustasoaan.<\/p>\n<p>Seuraavaksi keskityimme yhteisty\u00f6h\u00f6n ja kysyimme itselt\u00e4mme, 1) onnistuimmeko osoittamaan, miten t\u00e4rke\u00e4\u00e4 on integroida oppimisohjelma\/opetussuunnitelma josta on neuvoteltu, suunniteltu ja mukautettu yhdess\u00e4 ja joka vastaa kaikkien osapuolten tarpeisiin; 2) onnistuimmeko osoittamaan, miten t\u00e4rke\u00e4\u00e4 on varmistaa, ett\u00e4 kaikilla osapuolilla on yhteinen k\u00e4sitys oppimistavoitteista ja yhteisty\u00f6ss\u00e4 k\u00e4ytetyist\u00e4 m\u00e4\u00e4ritelmist\u00e4\/termeist\u00e4; ja 3) onnistuimmeko auttamaan ammatillisen koulutuksen j\u00e4rjest\u00e4ji\u00e4 ja ty\u00f6nantajia uudistamaan tapaa jolla he tekev\u00e4t yhteisty\u00f6t\u00e4 ja kommunikoivat ja t\u00e4ten parantamaan ammatillisen koulutuksen laatua.<\/p>\n<p>Viimeisen\u00e4 painopisteen\u00e4 oli juhlistaminen ja arviointi siit\u00e4 miten 1) ammatillisen koulutuksen ja ty\u00f6el\u00e4m\u00e4n yhteisty\u00f6 auttaa opiskelijoita saavuttamaan lyhyen, keskipitk\u00e4n ja pitk\u00e4n aikav\u00e4lin tavoitteet tavalla, joka tekee siirtymisen ammatillisesta koulutuksesta ty\u00f6el\u00e4m\u00e4\u00e4n sujuvampaa, 2) parhaiden k\u00e4yt\u00e4nt\u00f6jen jakaminen johtaa ammatillisen koulutuksen ja ty\u00f6el\u00e4m\u00e4n l\u00e4hettil\u00e4isiin jotka auttavat tekem\u00e4\u00e4n ammatillisesta koulutuksesta houkuttelevampaa, ja 3) ammatillisen koulutuksen ja ty\u00f6el\u00e4m\u00e4n yhteisty\u00f6 tarjoaa opiskelijoille parempia uramahdollisuuksia ja jatkuvaa ammatillista kehityst\u00e4.<\/p>\n\t\t\t\t\t\t<\/div>\n\t\t\t\t<\/div>\n\t\t\t\t<div class=\"elementor-element elementor-element-926ec4f elementor-tabs-alignment-stretch elementor-tabs-view-horizontal elementor-widget elementor-widget-tabs\" data-id=\"926ec4f\" data-element_type=\"widget\" data-widget_type=\"tabs.default\">\n\t\t\t\t<div class=\"elementor-widget-container\">\n\t\t\t\t\t<div class=\"elementor-tabs\">\n\t\t\t<div class=\"elementor-tabs-wrapper\" role=\"tablist\" >\n\t\t\t\t\t\t\t\t\t<div id=\"elementor-tab-title-1531\" class=\"elementor-tab-title elementor-tab-desktop-title\" aria-selected=\"true\" data-tab=\"1\" role=\"tab\" tabindex=\"0\" aria-controls=\"elementor-tab-content-1531\" aria-expanded=\"false\">VET@workin my\u00f6nteiset vaikutukset<\/div>\n\t\t\t\t\t\t\t\t\t<div id=\"elementor-tab-title-1532\" class=\"elementor-tab-title elementor-tab-desktop-title\" aria-selected=\"false\" data-tab=\"2\" role=\"tab\" tabindex=\"-1\" aria-controls=\"elementor-tab-content-1532\" aria-expanded=\"false\">Odotetut vaikutukset ammatillisen koulutuksen ja ty\u00f6el\u00e4m\u00e4n yhteisty\u00f6n k\u00e4ynnist\u00e4misen j\u00e4lkeen<\/div>\n\t\t\t\t\t\t\t<\/div>\n\t\t\t<div class=\"elementor-tabs-content-wrapper\" role=\"tablist\" aria-orientation=\"vertical\">\n\t\t\t\t\t\t\t\t\t<div class=\"elementor-tab-title elementor-tab-mobile-title\" aria-selected=\"true\" data-tab=\"1\" role=\"tab\" tabindex=\"0\" aria-controls=\"elementor-tab-content-1531\" aria-expanded=\"false\">VET@workin my\u00f6nteiset vaikutukset<\/div>\n\t\t\t\t\t<div id=\"elementor-tab-content-1531\" class=\"elementor-tab-content elementor-clearfix\" data-tab=\"1\" role=\"tabpanel\" aria-labelledby=\"elementor-tab-title-1531\" tabindex=\"0\" hidden=\"false\"><p style=\"text-align: justify;\">Hanke on johtanut moneen my\u00f6nteiseen tulokseen meille jotka olimme mukana hankkeessa ja joilla on ollut mahdollisuus testata ja toteuttaa menetelmi\u00e4 k\u00e4sittelev\u00e4ss\u00e4 luvussa kuvattuja parhaita k\u00e4yt\u00e4nt\u00f6j\u00e4.<\/p><p style=\"text-align: justify;\">Ensinn\u00e4kin avoin ja kest\u00e4v\u00e4 yhteisty\u00f6 on mahdollistanut ideoiden esille tuomisen ja testaamisen. Jotkut ovat olleet menestyksekk\u00e4\u00e4mpi\u00e4 kuin toiset, mutta kaikki ideat ja kokeilut ovat auttaneet meit\u00e4 kasvamaan ja parantamaan viestint\u00e4\u00e4, yhteisty\u00f6t\u00e4, tapaa toimia yhdess\u00e4 ja juhlia yhteisi\u00e4 menestystarinoita. Olemme oppineet, miten VET@work yhteisty\u00f6n ideaa myyd\u00e4\u00e4n ja mit\u00e4 haasteita todenn\u00e4k\u00f6isesti kohtaamme. Tietoisuus haasteista joita todenn\u00e4k\u00f6isesti kohtaamme, auttaa meit\u00e4 p\u00e4\u00e4sem\u00e4\u00e4n haasteiden yli ja antaa meille paremmat valmiudet selviyty\u00e4 niist\u00e4.<\/p><p style=\"text-align: justify;\">Olemme nyt paljon varmempia tavasta jolla l\u00e4hesty\u00e4 ammatillisen koulutuksen j\u00e4rjest\u00e4ji\u00e4 ja ty\u00f6nantajia. Tied\u00e4mme, miten t\u00e4rke\u00e4\u00e4 on viesti\u00e4 avoimesti siit\u00e4 mit\u00e4 haluamme saavuttaa, ja varmistaa ett\u00e4 ymm\u00e4rr\u00e4mme kohtaamamme asiat ja aiheet samalla tavalla. Olemme parantaneet viestint\u00e4taitojamme ja oppineet, ett\u00e4 meid\u00e4n on n\u00e4ht\u00e4v\u00e4 erityist\u00e4 vaivaa varmistuaksemme siit\u00e4, ett\u00e4 ymm\u00e4rr\u00e4mme k\u00e4ytetyt termit\/sanat samalla tavalla. Se ett\u00e4 varmistamme ett\u00e4 puhumme &#8221;samaa&#8221; kielt\u00e4, lis\u00e4\u00e4 yhteisty\u00f6halukkuutta mik\u00e4 taas johtaa useampaan ja parempiin yhteisty\u00f6mahdollisuuksiin.<\/p><p style=\"text-align: justify;\">Yksi arvokkaimmista vaikutuksista on se, ett\u00e4 VET@work on auttanut ammatillisen koulutuksen j\u00e4rjest\u00e4ji\u00e4 ja opettajia arvostamaan paremmin yrityksiss\u00e4 olevia taitoja ja tietoja. Heist\u00e4 on tullut parempia arvioimaan VET@work yhteisty\u00f6n saavuttamia hy\u00f6tyj\u00e4 ja my\u00f6nteisi\u00e4 tuloksia ja viestim\u00e4\u00e4n n\u00e4ist\u00e4 muille. Se on my\u00f6s lis\u00e4nnyt ty\u00f6nantajien ymm\u00e4rryst\u00e4 ammatillisesta koulutuksesta ja lis\u00e4nnyt heid\u00e4n arvostustaan siit\u00e4, mit\u00e4 ammatillisessa koulutuksessa tapahtuu. He oppineet ymm\u00e4rt\u00e4m\u00e4\u00e4n sit\u00e4 todellisuutta jonka kanssa ammatillinen koulutus (usein) kamppailee. Parempi ymm\u00e4rrys ja arvostus on auttanut parantamaan viestint\u00e4\u00e4 ja rakentamaan luottamukseen, kunnioitukseen ja ymm\u00e4rrykseen perustavia suhteita. T\u00e4m\u00e4 taas vaikuttaa my\u00f6nteisesti yhteisty\u00f6n laatuun ja taitojen kehitykseen.<\/p><p style=\"text-align: justify;\">Huomasimme ett\u00e4 luottamuksen ja kunnioituksen kasvaessa my\u00f6s voimaantumisen tunne kasvaa! Ty\u00f6nantajat, ty\u00f6paikkaohjaajat, opettajat ja ammatillisen koulutuksen j\u00e4rjest\u00e4j\u00e4t tuntevat itsens\u00e4 voimaantuneiksi ja haluavat tehd\u00e4 yh\u00e4 enemm\u00e4n, mik\u00e4 johtaa my\u00f6nteiseen keh\u00e4\u00e4n, joka johtaa laadullisempaan viestint\u00e4\u00e4n ja syvemp\u00e4\u00e4n yhteisty\u00f6h\u00f6n. Ty\u00f6nantajat p\u00e4\u00e4sev\u00e4t tarkkailemaan erilaisia opiskelijoita ja saavat mahdollisuuden valita yritykseens\u00e4 parhaiten sopivat opiskelijat. Lainatakseni er\u00e4st\u00e4 ty\u00f6nantajaa, jota haastateltiin er\u00e4\u00e4ss\u00e4 kansainv\u00e4lisess\u00e4 kokouksessa: &#8221;Opiskelija ei ehk\u00e4 ole paras opiskelija, h\u00e4n ei ehk\u00e4 ole vahvin opiskelija, mutta yhteisty\u00f6 auttaa minua n\u00e4kem\u00e4\u00e4n, mik\u00e4 opiskelija sopii parhaiten minulle, ty\u00f6ntekij\u00f6illeni ja yritykselleni.&#8221; T\u00e4m\u00e4 johtaa siihen, ett\u00e4 yh\u00e4 useammat opiskelijat voivat saada pitk\u00e4aikaisen ty\u00f6sopimuksen jo opiskellessaan, ja monissa tapauksissa opiskelijoille voidaan tarjota oppisopimuspaikan tutkinnon suorittamista varten.<\/p><p style=\"text-align: justify;\">Meille VET@work on tarjonnut tilaisuuden luoda yhteinen n\u00e4kemys laajemmasta yhteisty\u00f6st\u00e4. Se on antanut meille itseluottamusta omaksua uusia ideoita ja jakaa niit\u00e4 muiden kanssa (ty\u00f6nantajat, ty\u00f6ntekij\u00e4t, ty\u00f6paikkaohjaajat, ammatillisen koulutuksen tarjoajat, opettajat, opiskelijat jne.). Se on antanut meille mahdollisuuden pys\u00e4hty\u00e4 ja pohtia, miten ty\u00f6skentelemme, mit\u00e4 haluamme saavuttaa ja miten voimme saavuttaa t\u00e4m\u00e4n VET@work yhteisty\u00f6n avulla. Se on antanut meille mahdollisuuden parantaa viestint\u00e4- ja yhteisty\u00f6taitojamme samalla kun olemme oppineet ymm\u00e4rt\u00e4m\u00e4\u00e4n miten t\u00e4rke\u00e4\u00e4 on jakaa ja juhlia menestystarinoita. Se on tehnyt meid\u00e4t tietoiseksi siit\u00e4, ett\u00e4 vaikka ammatillisen koulutuksen ja ty\u00f6el\u00e4m\u00e4n yhteisty\u00f6 vaatii resursseja, yhteisty\u00f6 maksaa itsens\u00e4 takaisin korkojen kera!<\/p><p style=\"text-align: justify;\">Olemme my\u00f6s tietoisia siit\u00e4, ett\u00e4 kaikki menetelm\u00e4t eiv\u00e4t sovi kaikille! Mutta jos olemme onnistuneet kannustamaan ja tukemaan yhden ty\u00f6nantajan ja yhden ammatillisen koulutuksen j\u00e4rjest\u00e4j\u00e4n v\u00e4lisen yhteisty\u00f6n ja auttamaan heit\u00e4 toteuttamaan yhden menetelmist\u00e4mme, olemme mielest\u00e4mme menestyneet! Olemme onnistuneet saavuttamaan vaikutuksen, joka (todenn\u00e4k\u00f6isesti) johtaa uusiin VET@work yhteist\u00f6ihin.<\/p><\/div>\n\t\t\t\t\t\t\t\t\t<div class=\"elementor-tab-title elementor-tab-mobile-title\" aria-selected=\"false\" data-tab=\"2\" role=\"tab\" tabindex=\"-1\" aria-controls=\"elementor-tab-content-1532\" aria-expanded=\"false\">Odotetut vaikutukset ammatillisen koulutuksen ja ty\u00f6el\u00e4m\u00e4n yhteisty\u00f6n k\u00e4ynnist\u00e4misen j\u00e4lkeen<\/div>\n\t\t\t\t\t<div id=\"elementor-tab-content-1532\" class=\"elementor-tab-content elementor-clearfix\" data-tab=\"2\" role=\"tabpanel\" aria-labelledby=\"elementor-tab-title-1532\" tabindex=\"0\" hidden=\"hidden\"><p style=\"text-align: justify;\">Mit\u00e4 vaikutuksia on odotettavissa, jos aloitat t\u00e4ss\u00e4 k\u00e4sikirjassa kuvatut VET@work yhteisty\u00f6t? Ensinn\u00e4kin saat paremman ja syvemm\u00e4n k\u00e4sityksen siit\u00e4, mit\u00e4 ty\u00f6el\u00e4m\u00e4 voi tarjota ammatilliselle koulutukselle ja p\u00e4invastoin. N\u00e4et ett\u00e4 yhteisty\u00f6ss\u00e4 kaikki ovat voittajia, ja voit parantaa ammatillisen koulutuksen ja osaamisen laatua kaikkien osapuolten osalta. Opiskelijat kokevat koulutuksen ja oppimisen haastavammaksi mutta samalla palkitsevammaksi, mik\u00e4 tekee ammatillisesta koulutuksesta houkuttelevan vaihtoehdon opiskelijoille.<\/p><p style=\"text-align: justify;\">Opiskelijoilla on paremmat mahdollisuudet oppia ymm\u00e4rt\u00e4m\u00e4\u00e4n mit\u00e4 heilt\u00e4 odotetaan ty\u00f6el\u00e4m\u00e4\u00e4n astuessaan ja he kehitt\u00e4v\u00e4t ja saavat taitoja jotka hy\u00f6dytt\u00e4v\u00e4t heit\u00e4 ja ty\u00f6el\u00e4m\u00e4\u00e4. Opettajien ymm\u00e4rrys ty\u00f6markkinoista ja ty\u00f6el\u00e4m\u00e4st\u00e4 pysyy ajan tasalla. Heid\u00e4n opetustaitonsa vastaavat paremmin 2000-luvun tarpeita, ja heist\u00e4 tulee parempia opettajia ja ohjaajia opiskelijoille jotka ovat siirtym\u00e4ss\u00e4 ty\u00f6el\u00e4m\u00e4\u00e4n.<\/p><p style=\"text-align: justify;\">Opiskelijat voivat oppia sek\u00e4 opettajilta, ty\u00f6nantajilta ett\u00e4 ty\u00f6ntekij\u00f6ilt\u00e4. He saavat realistisen k\u00e4sityksen ty\u00f6el\u00e4m\u00e4st\u00e4 ja siit\u00e4, mit\u00e4 heilt\u00e4 odotetaan, kun he astuvat ty\u00f6el\u00e4m\u00e4\u00e4n ty\u00f6ntekij\u00f6in\u00e4\/ty\u00f6nantajina.<\/p><p style=\"text-align: justify;\">Ammatillisen koulutuksen j\u00e4rjest\u00e4jien ja ty\u00f6nantajien v\u00e4linen kuilu katoaa, ja avoimen viestinn\u00e4n pohjalta tapahtuvan yhteisty\u00f6n ansiosta ammatillisesta koulutuksesta tulee joustavampaa ja laadullisempaa kun ty\u00f6nantajat ja ammatillisen koulutuksen j\u00e4rjest\u00e4j\u00e4t ty\u00f6skentelev\u00e4t rinnakkain opiskelijoiden tarpeiden t\u00e4ytt\u00e4miseksi. Opetussuunnitelmia kehitet\u00e4\u00e4n ja toteutetaan yhdess\u00e4 ja ammatilliset oppilaitokset saavat alan huipputiet\u00e4myst\u00e4. Yhteiskunnan nykyisiin tarpeisiin perustuva alakohtaisempi oppiminen on mahdollista ja se antaa opiskelijoille mahdollisuuden oppia uusimpia nykyk\u00e4yt\u00e4nt\u00f6j\u00e4. Se edist\u00e4\u00e4 ja mahdollistaa kokonaisvaltaisen l\u00e4hestymistavan toteuttamisen ammatillisessa koulutuksessa ja parantaa koulun ja ty\u00f6nantajien mainetta. Se johtaa my\u00f6s ammattitaitoisemman ty\u00f6voiman ja tyytyv\u00e4isempien opettajien, opiskelijoiden, ty\u00f6ntekij\u00f6iden ja ty\u00f6nantajien syntymiseen.<\/p><\/div>\n\t\t\t\t\t\t\t<\/div>\n\t\t<\/div>\n\t\t\t\t<\/div>\n\t\t\t\t<\/div>\n\t\t\t\t<div class=\"elementor-element elementor-element-44e46bc elementor-widget elementor-widget-spacer\" data-id=\"44e46bc\" data-element_type=\"widget\" data-widget_type=\"spacer.default\">\n\t\t\t\t<div class=\"elementor-widget-container\">\n\t\t\t\t\t<div class=\"elementor-spacer\">\n\t\t\t<div class=\"elementor-spacer-inner\"><\/div>\n\t\t<\/div>\n\t\t\t\t<\/div>\n\t\t\t\t<\/div>\n\t\t\t\t\t<\/div>\n\t\t<\/div>\n\t\t\t\t\t<\/div>\n\t\t<\/section>\n\t\t\t\t<\/div>\n\t\t","protected":false},"excerpt":{"rendered":"<p>Hy\u00f6dyt Johdanto Ammatillisen koulutuksen j\u00e4rjest\u00e4jien ja ty\u00f6el\u00e4m\u00e4n v\u00e4linen avoin yhteisty\u00f6 vaikuttaa my\u00f6nteisesti ammatillisen koulutuksen laatuun ja opettajien, ty\u00f6nantajien, ty\u00f6paikkaohjaajien ja ennen kaikkea opiskelijoiden taitojen kehitt\u00e4miseen. Arvioidessamme t\u00e4m\u00e4n hankkeen ja VET@work k\u00e4sikirjan vaikutusta sitoutumisen vahvistamiseen kysyimme itselt\u00e4mme: 1) Olemmeko onnistuneet saamaan ylimm\u00e4n johdon hyv\u00e4ksynn\u00e4n ja kehitt\u00e4m\u00e4\u00e4n vision ammatillisen koulutuksen ja sis\u00e4llytt\u00e4m\u00e4\u00e4n ty\u00f6el\u00e4m\u00e4n yhteisty\u00f6n olemassa oleviin strategioihin [&hellip;]<\/p>\n","protected":false},"author":3,"featured_media":0,"parent":0,"menu_order":0,"comment_status":"closed","ping_status":"closed","template":"","meta":{"site-sidebar-layout":"no-sidebar","site-content-layout":"page-builder","ast-site-content-layout":"","site-content-style":"default","site-sidebar-style":"default","ast-global-header-display":"","ast-banner-title-visibility":"","ast-main-header-display":"","ast-hfb-above-header-display":"","ast-hfb-below-header-display":"","ast-hfb-mobile-header-display":"","site-post-title":"disabled","ast-breadcrumbs-content":"","ast-featured-img":"disabled","footer-sml-layout":"","theme-transparent-header-meta":"","adv-header-id-meta":"","stick-header-meta":"","header-above-stick-meta":"","header-main-stick-meta":"","header-below-stick-meta":"","astra-migrate-meta-layouts":"default","ast-page-background-enabled":"default","ast-page-background-meta":{"desktop":{"background-color":"","background-image":"","background-repeat":"repeat","background-position":"center center","background-size":"auto","background-attachment":"scroll","background-type":"","background-media":"","overlay-type":"","overlay-color":"","overlay-opacity":"","overlay-gradient":""},"tablet":{"background-color":"","background-image":"","background-repeat":"repeat","background-position":"center center","background-size":"auto","background-attachment":"scroll","background-type":"","background-media":"","overlay-type":"","overlay-color":"","overlay-opacity":"","overlay-gradient":""},"mobile":{"background-color":"","background-image":"","background-repeat":"repeat","background-position":"center center","background-size":"auto","background-attachment":"scroll","background-type":"","background-media":"","overlay-type":"","overlay-color":"","overlay-opacity":"","overlay-gradient":""}},"ast-content-background-meta":{"desktop":{"background-color":"var(--ast-global-color-5)","background-image":"","background-repeat":"repeat","background-position":"center center","background-size":"auto","background-attachment":"scroll","background-type":"","background-media":"","overlay-type":"","overlay-color":"","overlay-opacity":"","overlay-gradient":""},"tablet":{"background-color":"var(--ast-global-color-5)","background-image":"","background-repeat":"repeat","background-position":"center center","background-size":"auto","background-attachment":"scroll","background-type":"","background-media":"","overlay-type":"","overlay-color":"","overlay-opacity":"","overlay-gradient":""},"mobile":{"background-color":"var(--ast-global-color-5)","background-image":"","background-repeat":"repeat","background-position":"center center","background-size":"auto","background-attachment":"scroll","background-type":"","background-media":"","overlay-type":"","overlay-color":"","overlay-opacity":"","overlay-gradient":""}},"footnotes":""},"class_list":["post-3619","page","type-page","status-publish","hentry"],"_links":{"self":[{"href":"https:\/\/vetatwork-project.eu\/fi\/wp-json\/wp\/v2\/pages\/3619","targetHints":{"allow":["GET"]}}],"collection":[{"href":"https:\/\/vetatwork-project.eu\/fi\/wp-json\/wp\/v2\/pages"}],"about":[{"href":"https:\/\/vetatwork-project.eu\/fi\/wp-json\/wp\/v2\/types\/page"}],"author":[{"embeddable":true,"href":"https:\/\/vetatwork-project.eu\/fi\/wp-json\/wp\/v2\/users\/3"}],"replies":[{"embeddable":true,"href":"https:\/\/vetatwork-project.eu\/fi\/wp-json\/wp\/v2\/comments?post=3619"}],"version-history":[{"count":4,"href":"https:\/\/vetatwork-project.eu\/fi\/wp-json\/wp\/v2\/pages\/3619\/revisions"}],"predecessor-version":[{"id":3883,"href":"https:\/\/vetatwork-project.eu\/fi\/wp-json\/wp\/v2\/pages\/3619\/revisions\/3883"}],"wp:attachment":[{"href":"https:\/\/vetatwork-project.eu\/fi\/wp-json\/wp\/v2\/media?parent=3619"}],"curies":[{"name":"wp","href":"https:\/\/api.w.org\/{rel}","templated":true}]}}