{"id":3609,"date":"2021-12-03T10:44:19","date_gmt":"2021-12-03T08:44:19","guid":{"rendered":"https:\/\/vetatwork-project.eu\/miten-paasta-alkuun\/"},"modified":"2021-12-03T16:46:00","modified_gmt":"2021-12-03T14:46:00","slug":"miten-paasta-alkuun","status":"publish","type":"page","link":"https:\/\/vetatwork-project.eu\/fi\/miten-paasta-alkuun\/","title":{"rendered":"Miten p\u00e4\u00e4st\u00e4 alkuun"},"content":{"rendered":"\t\t<div data-elementor-type=\"wp-page\" data-elementor-id=\"3609\" class=\"elementor elementor-3609 elementor-2073\" data-elementor-post-type=\"page\">\n\t\t\t\t\t\t<section class=\"elementor-section elementor-top-section elementor-element elementor-element-215b96d elementor-section-boxed elementor-section-height-default elementor-section-height-default\" data-id=\"215b96d\" data-element_type=\"section\">\n\t\t\t\t\t\t<div class=\"elementor-container elementor-column-gap-default\">\n\t\t\t\t\t<div class=\"elementor-column elementor-col-100 elementor-top-column elementor-element elementor-element-a327a0e\" data-id=\"a327a0e\" data-element_type=\"column\">\n\t\t\t<div class=\"elementor-widget-wrap elementor-element-populated\">\n\t\t\t\t\t\t<div class=\"elementor-element elementor-element-a4c1176 elementor-widget elementor-widget-text-editor\" data-id=\"a4c1176\" data-element_type=\"widget\" data-widget_type=\"text-editor.default\">\n\t\t\t\t<div class=\"elementor-widget-container\">\n\t\t\t\t\t\t\t<h3 style=\"text-align: left;\"><strong>Miten p\u00e4\u00e4st\u00e4 alkuun<\/strong><\/h3>\n<p><img fetchpriority=\"high\" decoding=\"async\" class=\"alignright wp-image-3113\" src=\"https:\/\/vetatwork-project.eu\/wp-content\/uploads\/2021\/09\/methodologies-employer-banner-Vet@Work@2.png\" alt=\"cases\" width=\"400\" height=\"400\" srcset=\"https:\/\/vetatwork-project.eu\/wp-content\/uploads\/2021\/09\/methodologies-employer-banner-Vet@Work@2.png 800w, https:\/\/vetatwork-project.eu\/wp-content\/uploads\/2021\/09\/methodologies-employer-banner-Vet@Work@2-300x300.png 300w, https:\/\/vetatwork-project.eu\/wp-content\/uploads\/2021\/09\/methodologies-employer-banner-Vet@Work@2-150x150.png 150w, https:\/\/vetatwork-project.eu\/wp-content\/uploads\/2021\/09\/methodologies-employer-banner-Vet@Work@2-768x768.png 768w\" sizes=\"(max-width: 400px) 100vw, 400px\" \/><\/p>\n<p>T\u00e4ss\u00e4 VET@work k\u00e4sikirjan luvussa l\u00f6yd\u00e4t tietoa, vinkkej\u00e4 ja testattuja menetelmi\u00e4, jotka auttavat sinua p\u00e4\u00e4sem\u00e4\u00e4n alkuun riippumatta siit\u00e4, oletko noviisi ammatillisen koulutuksen ja ty\u00f6el\u00e4m\u00e4n yhteisty\u00f6h\u00f6n liittyviss\u00e4 asioissa vai kokenut toimija.<\/p>\n<p>Testatessamme ja arvioidessamme 12 menetelm\u00e4\u00e4 tuli selv\u00e4ksi, ett\u00e4 meid\u00e4n on ensin l\u00f6ydett\u00e4v\u00e4 yhteinen tavoite ja yhteinen kieli. T\u00e4m\u00e4 auttaa luomaan avoimen, rakentavan ja kest\u00e4v\u00e4n yhteisty\u00f6n, joka auttaa ammatillisen koulutuksen opiskelijoita hankkimaan ne 2000-luvun taidot, joita he tarvitsevat menesty\u00e4kseen ty\u00f6el\u00e4m\u00e4ss\u00e4.\u00a0 Ymm\u00e4rsimme, miten t\u00e4rke\u00e4\u00e4 on, ett\u00e4 sek\u00e4 ammatillisen koulutuksen j\u00e4rjest\u00e4j\u00e4t ett\u00e4 ty\u00f6nantajat sis\u00e4llytt\u00e4v\u00e4t ammatillisen koulutuksen ja ty\u00f6el\u00e4m\u00e4n yhteisty\u00f6n strategioihinsa, visioihinsa ja toimintasuunnitelmiinsa konkreettisella ja realistisella tavalla.<\/p>\n<p>Kun ty\u00f6stimme VET@work k\u00e4sikirjaa ja erityisesti t\u00e4t\u00e4 lukua, jossa keskityt\u00e4\u00e4n ammatillisen koulutuksen ja ty\u00f6el\u00e4m\u00e4n eri yhteisty\u00f6tapoihin, n\u00e4imme edess\u00e4mme sillan, jonka toisella puolella ovat ammatillisen koulutuksen tarpeet ja heid\u00e4n todellisuus ja toisella puolella ty\u00f6el\u00e4m\u00e4n tarpeet ja heid\u00e4n todellisuus. Me (ammatillisen koulutuksen j\u00e4rjest\u00e4j\u00e4t ja ty\u00f6nantajat) halusimme kaikki samaa asiaa, eli toteuttaa ammatillista koulutusta tavalla joka tarjoaa ammattitaitoisia ty\u00f6ntekij\u00f6it\u00e4 ty\u00f6markkinoille. Kuten miss\u00e4 tahansa yhteisty\u00f6ss\u00e4\/menetelm\u00e4ss\u00e4, aloitimme VET@work prosessin keskustelemalla ja varmistamalla, ett\u00e4 ymm\u00e4rsimme mist\u00e4 puhutaan samalla tavalla. Jaoimme parhaita k\u00e4yt\u00e4nt\u00f6j\u00e4 ja opimme aiemmin tekemist\u00e4mme virheist\u00e4. Olimme avoimia, rehellisi\u00e4 ja halusimme kaikki oppia ja parantaa ty\u00f6skentely- sek\u00e4 yhteisty\u00f6tapojamme. Emme pel\u00e4nneet tehd\u00e4 virheit\u00e4, vaan pidimme virheit\u00e4 keinona kasvaa ja kehitty\u00e4.<\/p>\n<p>Jos olet ep\u00e4varma siit\u00e4, kuinka kokenut olet VET@work yhteisty\u00f6n suhteen, suosittelemme, ett\u00e4 aloitat tekem\u00e4ll\u00e4 itsearviointitestin, jonka l\u00f6yd\u00e4t <a style=\"font-size: 20px;\" href=\"https:\/\/vetatwork-project.eu\/fi\/itsearviointi\/\" target=\"_blank\" rel=\"noopener\">t\u00e4\u00e4lt\u00e4<\/a>.<\/p>\n\t\t\t\t\t\t<\/div>\n\t\t\t\t<\/div>\n\t\t\t\t\t<\/div>\n\t\t<\/div>\n\t\t\t\t\t<\/div>\n\t\t<\/section>\n\t\t\t\t<\/div>\n\t\t","protected":false},"excerpt":{"rendered":"<p>Miten p\u00e4\u00e4st\u00e4 alkuun T\u00e4ss\u00e4 VET@work k\u00e4sikirjan luvussa l\u00f6yd\u00e4t tietoa, vinkkej\u00e4 ja testattuja menetelmi\u00e4, jotka auttavat sinua p\u00e4\u00e4sem\u00e4\u00e4n alkuun riippumatta siit\u00e4, oletko noviisi ammatillisen koulutuksen ja ty\u00f6el\u00e4m\u00e4n yhteisty\u00f6h\u00f6n liittyviss\u00e4 asioissa vai kokenut toimija. Testatessamme ja arvioidessamme 12 menetelm\u00e4\u00e4 tuli selv\u00e4ksi, ett\u00e4 meid\u00e4n on ensin l\u00f6ydett\u00e4v\u00e4 yhteinen tavoite ja yhteinen kieli. T\u00e4m\u00e4 auttaa luomaan avoimen, rakentavan ja [&hellip;]<\/p>\n","protected":false},"author":3,"featured_media":0,"parent":0,"menu_order":0,"comment_status":"closed","ping_status":"closed","template":"","meta":{"site-sidebar-layout":"no-sidebar","site-content-layout":"page-builder","ast-site-content-layout":"","site-content-style":"default","site-sidebar-style":"default","ast-global-header-display":"","ast-banner-title-visibility":"","ast-main-header-display":"","ast-hfb-above-header-display":"","ast-hfb-below-header-display":"","ast-hfb-mobile-header-display":"","site-post-title":"disabled","ast-breadcrumbs-content":"","ast-featured-img":"disabled","footer-sml-layout":"","theme-transparent-header-meta":"","adv-header-id-meta":"","stick-header-meta":"","header-above-stick-meta":"","header-main-stick-meta":"","header-below-stick-meta":"","astra-migrate-meta-layouts":"default","ast-page-background-enabled":"default","ast-page-background-meta":{"desktop":{"background-color":"","background-image":"","background-repeat":"repeat","background-position":"center center","background-size":"auto","background-attachment":"scroll","background-type":"","background-media":"","overlay-type":"","overlay-color":"","overlay-opacity":"","overlay-gradient":""},"tablet":{"background-color":"","background-image":"","background-repeat":"repeat","background-position":"center center","background-size":"auto","background-attachment":"scroll","background-type":"","background-media":"","overlay-type":"","overlay-color":"","overlay-opacity":"","overlay-gradient":""},"mobile":{"background-color":"","background-image":"","background-repeat":"repeat","background-position":"center center","background-size":"auto","background-attachment":"scroll","background-type":"","background-media":"","overlay-type":"","overlay-color":"","overlay-opacity":"","overlay-gradient":""}},"ast-content-background-meta":{"desktop":{"background-color":"var(--ast-global-color-5)","background-image":"","background-repeat":"repeat","background-position":"center center","background-size":"auto","background-attachment":"scroll","background-type":"","background-media":"","overlay-type":"","overlay-color":"","overlay-opacity":"","overlay-gradient":""},"tablet":{"background-color":"var(--ast-global-color-5)","background-image":"","background-repeat":"repeat","background-position":"center center","background-size":"auto","background-attachment":"scroll","background-type":"","background-media":"","overlay-type":"","overlay-color":"","overlay-opacity":"","overlay-gradient":""},"mobile":{"background-color":"var(--ast-global-color-5)","background-image":"","background-repeat":"repeat","background-position":"center center","background-size":"auto","background-attachment":"scroll","background-type":"","background-media":"","overlay-type":"","overlay-color":"","overlay-opacity":"","overlay-gradient":""}},"footnotes":""},"class_list":["post-3609","page","type-page","status-publish","hentry"],"_links":{"self":[{"href":"https:\/\/vetatwork-project.eu\/fi\/wp-json\/wp\/v2\/pages\/3609","targetHints":{"allow":["GET"]}}],"collection":[{"href":"https:\/\/vetatwork-project.eu\/fi\/wp-json\/wp\/v2\/pages"}],"about":[{"href":"https:\/\/vetatwork-project.eu\/fi\/wp-json\/wp\/v2\/types\/page"}],"author":[{"embeddable":true,"href":"https:\/\/vetatwork-project.eu\/fi\/wp-json\/wp\/v2\/users\/3"}],"replies":[{"embeddable":true,"href":"https:\/\/vetatwork-project.eu\/fi\/wp-json\/wp\/v2\/comments?post=3609"}],"version-history":[{"count":4,"href":"https:\/\/vetatwork-project.eu\/fi\/wp-json\/wp\/v2\/pages\/3609\/revisions"}],"predecessor-version":[{"id":3757,"href":"https:\/\/vetatwork-project.eu\/fi\/wp-json\/wp\/v2\/pages\/3609\/revisions\/3757"}],"wp:attachment":[{"href":"https:\/\/vetatwork-project.eu\/fi\/wp-json\/wp\/v2\/media?parent=3609"}],"curies":[{"name":"wp","href":"https:\/\/api.w.org\/{rel}","templated":true}]}}