{"id":3561,"date":"2021-12-02T16:11:21","date_gmt":"2021-12-02T14:11:21","guid":{"rendered":"https:\/\/vetatwork-project.eu\/kumppanit\/iso-britannian-tiimi\/"},"modified":"2021-12-03T10:31:29","modified_gmt":"2021-12-03T08:31:29","slug":"iso-britannian-tiimi","status":"publish","type":"page","link":"https:\/\/vetatwork-project.eu\/fi\/kumppanit\/iso-britannian-tiimi\/","title":{"rendered":"Iso-Britannian tiimi"},"content":{"rendered":"\t\t<div data-elementor-type=\"wp-page\" data-elementor-id=\"3561\" class=\"elementor elementor-3561 elementor-1093\" data-elementor-post-type=\"page\">\n\t\t\t\t\t\t<section class=\"elementor-section elementor-top-section elementor-element elementor-element-861109e elementor-section-boxed elementor-section-height-default elementor-section-height-default\" data-id=\"861109e\" data-element_type=\"section\">\n\t\t\t\t\t\t<div class=\"elementor-container elementor-column-gap-default\">\n\t\t\t\t\t<div class=\"elementor-column elementor-col-100 elementor-top-column elementor-element elementor-element-a16c726\" data-id=\"a16c726\" data-element_type=\"column\">\n\t\t\t<div class=\"elementor-widget-wrap elementor-element-populated\">\n\t\t\t\t\t\t<div class=\"elementor-element elementor-element-b011492 elementor-widget elementor-widget-spacer\" data-id=\"b011492\" data-element_type=\"widget\" data-widget_type=\"spacer.default\">\n\t\t\t\t<div class=\"elementor-widget-container\">\n\t\t\t\t\t<div class=\"elementor-spacer\">\n\t\t\t<div class=\"elementor-spacer-inner\"><\/div>\n\t\t<\/div>\n\t\t\t\t<\/div>\n\t\t\t\t<\/div>\n\t\t\t\t<div class=\"elementor-element elementor-element-e1586fe elementor-widget elementor-widget-spacer\" data-id=\"e1586fe\" data-element_type=\"widget\" data-widget_type=\"spacer.default\">\n\t\t\t\t<div class=\"elementor-widget-container\">\n\t\t\t\t\t<div class=\"elementor-spacer\">\n\t\t\t<div class=\"elementor-spacer-inner\"><\/div>\n\t\t<\/div>\n\t\t\t\t<\/div>\n\t\t\t\t<\/div>\n\t\t\t\t<div class=\"elementor-element elementor-element-4aa4ea3 elementor-widget elementor-widget-text-editor\" data-id=\"4aa4ea3\" data-element_type=\"widget\" data-widget_type=\"text-editor.default\">\n\t\t\t\t<div class=\"elementor-widget-container\">\n\t\t\t\t\t\t\t<p>Iso-Britannian tiimi<\/p>\n\t\t\t\t\t\t<\/div>\n\t\t\t\t<\/div>\n\t\t\t\t\t<\/div>\n\t\t<\/div>\n\t\t\t\t\t<\/div>\n\t\t<\/section>\n\t\t\t\t<section class=\"elementor-section elementor-top-section elementor-element elementor-element-6f4a775 elementor-section-boxed elementor-section-height-default elementor-section-height-default\" data-id=\"6f4a775\" data-element_type=\"section\">\n\t\t\t\t\t\t<div class=\"elementor-container elementor-column-gap-default\">\n\t\t\t\t\t<div class=\"elementor-column elementor-col-50 elementor-top-column elementor-element elementor-element-09df09e\" data-id=\"09df09e\" data-element_type=\"column\">\n\t\t\t<div class=\"elementor-widget-wrap elementor-element-populated\">\n\t\t\t\t\t\t<div class=\"elementor-element elementor-element-ad55ff9 elementor-widget elementor-widget-image\" data-id=\"ad55ff9\" data-element_type=\"widget\" data-widget_type=\"image.default\">\n\t\t\t\t<div class=\"elementor-widget-container\">\n\t\t\t\t\t\t\t\t\t\t\t\t\t<img decoding=\"async\" src=\"https:\/\/vetatwork-project.eu\/wp-content\/uploads\/elementor\/thumbs\/V@WUK1-pesaj2ayjqovnl9dvino1ki3mlrz551pec50qjge1g.png\" title=\"V@WUK1\" alt=\"uk team\" loading=\"lazy\" \/>\t\t\t\t\t\t\t\t\t\t\t\t\t<\/div>\n\t\t\t\t<\/div>\n\t\t\t\t<div class=\"elementor-element elementor-element-ffe484b elementor-widget elementor-widget-text-editor\" data-id=\"ffe484b\" data-element_type=\"widget\" data-widget_type=\"text-editor.default\">\n\t\t\t\t<div class=\"elementor-widget-container\">\n\t\t\t\t\t\t\t<p><strong><em>Philip Broomhead<\/em><\/strong><br \/>\n<em>Director at Broadshoulders Ltd<\/em><\/p>\n\t\t\t\t\t\t<\/div>\n\t\t\t\t<\/div>\n\t\t\t\t<div class=\"elementor-element elementor-element-1dd7476 elementor-view-default elementor-widget elementor-widget-icon\" data-id=\"1dd7476\" data-element_type=\"widget\" data-widget_type=\"icon.default\">\n\t\t\t\t<div class=\"elementor-widget-container\">\n\t\t\t\t\t<div class=\"elementor-icon-wrapper\">\n\t\t\t<a class=\"elementor-icon elementor-animation-grow\" href=\"mailto:Bphilip@broadshoulders.co.uk\">\n\t\t\t<i aria-hidden=\"true\" class=\"far fa-envelope\"><\/i>\t\t\t<\/a>\n\t\t<\/div>\n\t\t\t\t<\/div>\n\t\t\t\t<\/div>\n\t\t\t\t\t<\/div>\n\t\t<\/div>\n\t\t\t\t<div class=\"elementor-column elementor-col-50 elementor-top-column elementor-element elementor-element-9ec9019\" data-id=\"9ec9019\" data-element_type=\"column\">\n\t\t\t<div class=\"elementor-widget-wrap elementor-element-populated\">\n\t\t\t\t\t\t<div class=\"elementor-element elementor-element-e496c10 elementor-widget elementor-widget-spacer\" data-id=\"e496c10\" data-element_type=\"widget\" data-widget_type=\"spacer.default\">\n\t\t\t\t<div class=\"elementor-widget-container\">\n\t\t\t\t\t<div class=\"elementor-spacer\">\n\t\t\t<div class=\"elementor-spacer-inner\"><\/div>\n\t\t<\/div>\n\t\t\t\t<\/div>\n\t\t\t\t<\/div>\n\t\t\t\t<div class=\"elementor-element elementor-element-a68623b elementor-widget elementor-widget-text-editor\" data-id=\"a68623b\" data-element_type=\"widget\" data-widget_type=\"text-editor.default\">\n\t\t\t\t<div class=\"elementor-widget-container\">\n\t\t\t\t\t\t\t<p style=\"text-align: justify;\">Philip aloitti ensimm\u00e4isen eurooppalaisen yhteisty\u00f6ns\u00e4 vuonna 2002, ja h\u00e4n on luonut kest\u00e4vi\u00e4 yhteisty\u00f6suhteita niiden kautta, esimerkkein\u00e4 VET@workin edelt\u00e4v\u00e4t hankkeet.<\/p>\n<p style=\"text-align: justify;\">H\u00e4nell\u00e4 on yli 30 vuoden kokemus t\u00e4ydennyskoulutusalalta. H\u00e4nen taustansa on luonnontieteiden ja maatalouden alalta ja h\u00e4n tekee tiivist\u00e4 yhteisty\u00f6t\u00e4 oppisopimusopiskelijoiden, ammatillisen koulutuksen opiskelijoiden, kansainv\u00e4listen kumppaneiden sek\u00e4 valtiollisten organisaatioiden edustajien kanssa.<\/p>\n<p style=\"text-align: justify;\">T\u00e4n\u00e4 p\u00e4iv\u00e4n\u00e4 Philip on intohimoinen ty\u00f6ss\u00e4oppimisen puolestapuhuja ja erikoistunut johdon kehitt\u00e4miseen sek\u00e4 valmennuksen ja mentoroinnin vaikutuksen oppimiskulttuurin tuen antoon yrityksiss\u00e4.<\/p>\n<p style=\"text-align: justify;\">&#8221;Eurooppalaisten hankkeiden ansiosta olen p\u00e4\u00e4ssyt matkustamaan upeisiin paikkoihin ja solmimaan pysyvi\u00e4 yst\u00e4vyyssuhteita, mutta my\u00f6s tutustumaan monenlaisiin opetusfilosofioihin. Yksi asia, jonka olen oppinut, on se, ett\u00e4 meill\u00e4 kaikilla on samoja haasteita, ja yhdess\u00e4 voimme jakaa runsaasti kokemuksia ja tuoda uusia ideoita ja k\u00e4yt\u00e4nt\u00f6j\u00e4 kotimaahamme.&#8221;<\/p>\n\t\t\t\t\t\t<\/div>\n\t\t\t\t<\/div>\n\t\t\t\t\t<\/div>\n\t\t<\/div>\n\t\t\t\t\t<\/div>\n\t\t<\/section>\n\t\t\t\t<section class=\"elementor-section elementor-top-section elementor-element elementor-element-1cde9d3 elementor-reverse-tablet elementor-reverse-mobile elementor-section-boxed elementor-section-height-default elementor-section-height-default\" data-id=\"1cde9d3\" data-element_type=\"section\">\n\t\t\t\t\t\t<div class=\"elementor-container elementor-column-gap-default\">\n\t\t\t\t\t<div class=\"elementor-column elementor-col-50 elementor-top-column elementor-element elementor-element-eec48ac\" data-id=\"eec48ac\" data-element_type=\"column\">\n\t\t\t<div class=\"elementor-widget-wrap elementor-element-populated\">\n\t\t\t\t\t\t<div class=\"elementor-element elementor-element-5d9c694 elementor-widget elementor-widget-spacer\" data-id=\"5d9c694\" data-element_type=\"widget\" data-widget_type=\"spacer.default\">\n\t\t\t\t<div class=\"elementor-widget-container\">\n\t\t\t\t\t<div class=\"elementor-spacer\">\n\t\t\t<div class=\"elementor-spacer-inner\"><\/div>\n\t\t<\/div>\n\t\t\t\t<\/div>\n\t\t\t\t<\/div>\n\t\t\t\t<div class=\"elementor-element elementor-element-3130b05 elementor-widget elementor-widget-text-editor\" data-id=\"3130b05\" data-element_type=\"widget\" data-widget_type=\"text-editor.default\">\n\t\t\t\t<div class=\"elementor-widget-container\">\n\t\t\t\t\t\t\t<p style=\"text-align: justify;\">Adelen erikoisala on oppimisen tukeminen ja h\u00e4n toimii tukiopettajana paikallisessa oppilaitoksessa, jossa h\u00e4n tukee ja auttaa yli 16 vuotiaita opiskelijoita joilla on erityistarpeita oppimiseen liittyen.<\/p>\n<p style=\"text-align: justify;\">H\u00e4n on koulutettu asiakaspalvelun arvioija, jolla on aiempaa kokemusta v\u00e4hitt\u00e4iskaupan palveluista, asiakaspalvelusta ja v\u00e4hitt\u00e4iskaupan johtamisesta.<br \/>\nH\u00e4n on luontainen kommunikoija ja on ty\u00f6skennellyt aiemmin eurooppalaisissa hankkeissa. Adele liittyi VET@work-tiimiin jakaakseen oppijan n\u00e4k\u00f6kulmia ty\u00f6ss\u00e4oppimisesta.<br \/>\nAdele on kiinnostunut holistisesta terveydest\u00e4 ja henkisest\u00e4 hyvinvoinnista, ja h\u00e4nell\u00e4 on Bowen- ja hierontaharjoittelijan p\u00e4tevyys.\u00a0 Covid-19 aikana h\u00e4n nauttinut omien vihannesten kasvattamisesta ja leipomisesta.<\/p>\n<p style=\"text-align: justify;\">&#8221;Minusta on ollut eritt\u00e4in antoisaa osallistua hankkeeseen ja kokouksiin &#8211; vaikka meill\u00e4 kaikilla on erilaiset ty\u00f6skentelytavat, meill\u00e4 kaikilla on samat tavoitteet ja pyrkimykset.&#8221;<\/p>\n\t\t\t\t\t\t<\/div>\n\t\t\t\t<\/div>\n\t\t\t\t\t<\/div>\n\t\t<\/div>\n\t\t\t\t<div class=\"elementor-column elementor-col-50 elementor-top-column elementor-element elementor-element-c201b20\" data-id=\"c201b20\" data-element_type=\"column\">\n\t\t\t<div class=\"elementor-widget-wrap elementor-element-populated\">\n\t\t\t\t\t\t<div class=\"elementor-element elementor-element-64b4417 elementor-widget elementor-widget-image\" data-id=\"64b4417\" data-element_type=\"widget\" data-widget_type=\"image.default\">\n\t\t\t\t<div class=\"elementor-widget-container\">\n\t\t\t\t\t\t\t\t\t\t\t\t\t<img decoding=\"async\" src=\"https:\/\/vetatwork-project.eu\/wp-content\/uploads\/elementor\/thumbs\/V@WUK2-pesaius912el2pkb3fenhmeevit1fk7upax4wbrjf8.png\" title=\"V@WUK2\" alt=\"uk team\" loading=\"lazy\" \/>\t\t\t\t\t\t\t\t\t\t\t\t\t<\/div>\n\t\t\t\t<\/div>\n\t\t\t\t<div class=\"elementor-element elementor-element-ec12649 elementor-widget elementor-widget-text-editor\" data-id=\"ec12649\" data-element_type=\"widget\" data-widget_type=\"text-editor.default\">\n\t\t\t\t<div class=\"elementor-widget-container\">\n\t\t\t\t\t\t\t<p><strong><em>Adele Broomhead<\/em><\/strong><br \/>\n<em>Broadshoulders Ltd<\/em><\/p>\n\t\t\t\t\t\t<\/div>\n\t\t\t\t<\/div>\n\t\t\t\t\t<\/div>\n\t\t<\/div>\n\t\t\t\t\t<\/div>\n\t\t<\/section>\n\t\t\t\t<section class=\"elementor-section elementor-top-section elementor-element elementor-element-fbde6a8 elementor-section-boxed elementor-section-height-default elementor-section-height-default\" data-id=\"fbde6a8\" data-element_type=\"section\">\n\t\t\t\t\t\t<div class=\"elementor-container elementor-column-gap-default\">\n\t\t\t\t\t<div class=\"elementor-column elementor-col-25 elementor-top-column elementor-element elementor-element-66f9316\" data-id=\"66f9316\" data-element_type=\"column\">\n\t\t\t<div class=\"elementor-widget-wrap elementor-element-populated\">\n\t\t\t\t\t\t<div class=\"elementor-element elementor-element-f78d75b elementor-widget elementor-widget-image\" data-id=\"f78d75b\" data-element_type=\"widget\" data-widget_type=\"image.default\">\n\t\t\t\t<div class=\"elementor-widget-container\">\n\t\t\t\t\t\t\t\t\t\t\t\t\t\t<a href=\"https:\/\/vetatwork-project.eu\/fi\/kumppanit\/alankomaan-tiimi\/\">\n\t\t\t\t\t\t\t<img decoding=\"async\" src=\"https:\/\/vetatwork-project.eu\/wp-content\/uploads\/elementor\/thumbs\/Partners-Flags-02@2-pesak055zpdf2jz3ldptlddvj59064dwgvx337atu0.png\" title=\"Partners-Flags-02@2\" alt=\"partners\" class=\"elementor-animation-grow\" loading=\"lazy\" \/>\t\t\t\t\t\t\t\t<\/a>\n\t\t\t\t\t\t\t\t\t\t\t\t\t<\/div>\n\t\t\t\t<\/div>\n\t\t\t\t<div class=\"elementor-element elementor-element-62e29be elementor-widget elementor-widget-text-editor\" data-id=\"62e29be\" data-element_type=\"widget\" data-widget_type=\"text-editor.default\">\n\t\t\t\t<div class=\"elementor-widget-container\">\n\t\t\t\t\t\t\t<p><a href=\"https:\/\/vetatwork-project.eu\/fi\/kumppanit\/alankomaan-tiimi\/\"><strong>ALANKOMAAN-tiimi<\/strong><\/a><\/p>\n\t\t\t\t\t\t<\/div>\n\t\t\t\t<\/div>\n\t\t\t\t\t<\/div>\n\t\t<\/div>\n\t\t\t\t<div class=\"elementor-column elementor-col-25 elementor-top-column elementor-element elementor-element-78e316b\" data-id=\"78e316b\" data-element_type=\"column\">\n\t\t\t<div class=\"elementor-widget-wrap elementor-element-populated\">\n\t\t\t\t\t\t<div class=\"elementor-element elementor-element-afd4572 elementor-widget elementor-widget-image\" data-id=\"afd4572\" data-element_type=\"widget\" data-widget_type=\"image.default\">\n\t\t\t\t<div class=\"elementor-widget-container\">\n\t\t\t\t\t\t\t\t\t\t\t\t\t\t<a href=\"https:\/\/vetatwork-project.eu\/fi\/kumppanit\/islannin-tiimi\/\">\n\t\t\t\t\t\t\t<img decoding=\"async\" src=\"https:\/\/vetatwork-project.eu\/wp-content\/uploads\/elementor\/thumbs\/Partners-Flags-03@2-pesak4ucxvjuols9txqyfu76i2lu8lwk5j6ihl3uyw.png\" title=\"Partners-Flags-03@2\" alt=\"partners\" class=\"elementor-animation-grow\" loading=\"lazy\" \/>\t\t\t\t\t\t\t\t<\/a>\n\t\t\t\t\t\t\t\t\t\t\t\t\t<\/div>\n\t\t\t\t<\/div>\n\t\t\t\t<div class=\"elementor-element elementor-element-117a2b8 elementor-widget elementor-widget-text-editor\" data-id=\"117a2b8\" data-element_type=\"widget\" data-widget_type=\"text-editor.default\">\n\t\t\t\t<div class=\"elementor-widget-container\">\n\t\t\t\t\t\t\t<p><a href=\"https:\/\/vetatwork-project.eu\/fi\/kumppanit\/islannin-tiimi\/\"><strong>ISLANNIN-tiimi<\/strong><\/a><\/p>\n\t\t\t\t\t\t<\/div>\n\t\t\t\t<\/div>\n\t\t\t\t\t<\/div>\n\t\t<\/div>\n\t\t\t\t<div class=\"elementor-column elementor-col-25 elementor-top-column elementor-element elementor-element-68ce58b\" data-id=\"68ce58b\" data-element_type=\"column\">\n\t\t\t<div class=\"elementor-widget-wrap elementor-element-populated\">\n\t\t\t\t\t\t<div class=\"elementor-element elementor-element-4b13624 elementor-widget elementor-widget-image\" data-id=\"4b13624\" data-element_type=\"widget\" data-widget_type=\"image.default\">\n\t\t\t\t<div class=\"elementor-widget-container\">\n\t\t\t\t\t\t\t\t\t\t\t\t\t\t<a href=\"https:\/\/vetatwork-project.eu\/fi\/kumppanit\/ranskan-tiimi\/\">\n\t\t\t\t\t\t\t<img decoding=\"async\" src=\"https:\/\/vetatwork-project.eu\/wp-content\/uploads\/elementor\/thumbs\/Partners-Flags-06@2-pgmiwaxjmusnljykw3dkudp8fn1yv3jnj4hcsmyow8.png\" title=\"Partners-Flags-06@2\" alt=\"partner flag\" class=\"elementor-animation-grow\" loading=\"lazy\" \/>\t\t\t\t\t\t\t\t<\/a>\n\t\t\t\t\t\t\t\t\t\t\t\t\t<\/div>\n\t\t\t\t<\/div>\n\t\t\t\t<div class=\"elementor-element elementor-element-5ddc2ef elementor-widget elementor-widget-text-editor\" data-id=\"5ddc2ef\" data-element_type=\"widget\" data-widget_type=\"text-editor.default\">\n\t\t\t\t<div class=\"elementor-widget-container\">\n\t\t\t\t\t\t\t<p><a href=\"https:\/\/vetatwork-project.eu\/fi\/kumppanit\/ranskan-tiimi\/\"><strong>RANSKAN tiimi<\/strong><\/a><\/p>\n\t\t\t\t\t\t<\/div>\n\t\t\t\t<\/div>\n\t\t\t\t\t<\/div>\n\t\t<\/div>\n\t\t\t\t<div class=\"elementor-column elementor-col-25 elementor-top-column elementor-element elementor-element-c53c208\" data-id=\"c53c208\" data-element_type=\"column\">\n\t\t\t<div class=\"elementor-widget-wrap elementor-element-populated\">\n\t\t\t\t\t\t<div class=\"elementor-element elementor-element-143a037 elementor-widget elementor-widget-image\" data-id=\"143a037\" data-element_type=\"widget\" data-widget_type=\"image.default\">\n\t\t\t\t<div class=\"elementor-widget-container\">\n\t\t\t\t\t\t\t\t\t\t\t\t\t\t<a href=\"https:\/\/vetatwork-project.eu\/fi\/kumppanit\/suomen-tiimi\/\">\n\t\t\t\t\t\t\t<img decoding=\"async\" src=\"https:\/\/vetatwork-project.eu\/wp-content\/uploads\/elementor\/thumbs\/Partners-Flags-05@2-pesajvfz1j6zgi5xctooqwkkk7w63mv8s8nnothsp4.png\" title=\"Partners-Flags-05@2\" alt=\"partners\" class=\"elementor-animation-grow\" loading=\"lazy\" \/>\t\t\t\t\t\t\t\t<\/a>\n\t\t\t\t\t\t\t\t\t\t\t\t\t<\/div>\n\t\t\t\t<\/div>\n\t\t\t\t<div class=\"elementor-element elementor-element-8a57aeb elementor-widget elementor-widget-text-editor\" data-id=\"8a57aeb\" data-element_type=\"widget\" data-widget_type=\"text-editor.default\">\n\t\t\t\t<div class=\"elementor-widget-container\">\n\t\t\t\t\t\t\t<p><a href=\"https:\/\/vetatwork-project.eu\/fi\/kumppanit\/suomen-tiimi\/\"><strong>SUOMEN tiimi<\/strong><\/a><\/p>\n\t\t\t\t\t\t<\/div>\n\t\t\t\t<\/div>\n\t\t\t\t\t<\/div>\n\t\t<\/div>\n\t\t\t\t\t<\/div>\n\t\t<\/section>\n\t\t\t\t<\/div>\n\t\t","protected":false},"excerpt":{"rendered":"<p>Iso-Britannian tiimi Philip Broomhead Director at Broadshoulders Ltd Philip aloitti ensimm\u00e4isen eurooppalaisen yhteisty\u00f6ns\u00e4 vuonna 2002, ja h\u00e4n on luonut kest\u00e4vi\u00e4 yhteisty\u00f6suhteita niiden kautta, esimerkkein\u00e4 VET@workin edelt\u00e4v\u00e4t hankkeet. H\u00e4nell\u00e4 on yli 30 vuoden kokemus t\u00e4ydennyskoulutusalalta. H\u00e4nen taustansa on luonnontieteiden ja maatalouden alalta ja h\u00e4n tekee tiivist\u00e4 yhteisty\u00f6t\u00e4 oppisopimusopiskelijoiden, ammatillisen koulutuksen opiskelijoiden, kansainv\u00e4listen kumppaneiden sek\u00e4 valtiollisten organisaatioiden [&hellip;]<\/p>\n","protected":false},"author":3,"featured_media":0,"parent":3559,"menu_order":0,"comment_status":"closed","ping_status":"closed","template":"","meta":{"site-sidebar-layout":"no-sidebar","site-content-layout":"page-builder","ast-site-content-layout":"","site-content-style":"default","site-sidebar-style":"default","ast-global-header-display":"","ast-banner-title-visibility":"","ast-main-header-display":"","ast-hfb-above-header-display":"","ast-hfb-below-header-display":"","ast-hfb-mobile-header-display":"","site-post-title":"disabled","ast-breadcrumbs-content":"","ast-featured-img":"disabled","footer-sml-layout":"","theme-transparent-header-meta":"","adv-header-id-meta":"","stick-header-meta":"","header-above-stick-meta":"","header-main-stick-meta":"","header-below-stick-meta":"","astra-migrate-meta-layouts":"default","ast-page-background-enabled":"default","ast-page-background-meta":{"desktop":{"background-color":"","background-image":"","background-repeat":"repeat","background-position":"center center","background-size":"auto","background-attachment":"scroll","background-type":"","background-media":"","overlay-type":"","overlay-color":"","overlay-opacity":"","overlay-gradient":""},"tablet":{"background-color":"","background-image":"","background-repeat":"repeat","background-position":"center center","background-size":"auto","background-attachment":"scroll","background-type":"","background-media":"","overlay-type":"","overlay-color":"","overlay-opacity":"","overlay-gradient":""},"mobile":{"background-color":"","background-image":"","background-repeat":"repeat","background-position":"center center","background-size":"auto","background-attachment":"scroll","background-type":"","background-media":"","overlay-type":"","overlay-color":"","overlay-opacity":"","overlay-gradient":""}},"ast-content-background-meta":{"desktop":{"background-color":"var(--ast-global-color-5)","background-image":"","background-repeat":"repeat","background-position":"center center","background-size":"auto","background-attachment":"scroll","background-type":"","background-media":"","overlay-type":"","overlay-color":"","overlay-opacity":"","overlay-gradient":""},"tablet":{"background-color":"var(--ast-global-color-5)","background-image":"","background-repeat":"repeat","background-position":"center center","background-size":"auto","background-attachment":"scroll","background-type":"","background-media":"","overlay-type":"","overlay-color":"","overlay-opacity":"","overlay-gradient":""},"mobile":{"background-color":"var(--ast-global-color-5)","background-image":"","background-repeat":"repeat","background-position":"center center","background-size":"auto","background-attachment":"scroll","background-type":"","background-media":"","overlay-type":"","overlay-color":"","overlay-opacity":"","overlay-gradient":""}},"footnotes":""},"class_list":["post-3561","page","type-page","status-publish","hentry"],"_links":{"self":[{"href":"https:\/\/vetatwork-project.eu\/fi\/wp-json\/wp\/v2\/pages\/3561","targetHints":{"allow":["GET"]}}],"collection":[{"href":"https:\/\/vetatwork-project.eu\/fi\/wp-json\/wp\/v2\/pages"}],"about":[{"href":"https:\/\/vetatwork-project.eu\/fi\/wp-json\/wp\/v2\/types\/page"}],"author":[{"embeddable":true,"href":"https:\/\/vetatwork-project.eu\/fi\/wp-json\/wp\/v2\/users\/3"}],"replies":[{"embeddable":true,"href":"https:\/\/vetatwork-project.eu\/fi\/wp-json\/wp\/v2\/comments?post=3561"}],"version-history":[{"count":8,"href":"https:\/\/vetatwork-project.eu\/fi\/wp-json\/wp\/v2\/pages\/3561\/revisions"}],"predecessor-version":[{"id":3599,"href":"https:\/\/vetatwork-project.eu\/fi\/wp-json\/wp\/v2\/pages\/3561\/revisions\/3599"}],"up":[{"embeddable":true,"href":"https:\/\/vetatwork-project.eu\/fi\/wp-json\/wp\/v2\/pages\/3559"}],"wp:attachment":[{"href":"https:\/\/vetatwork-project.eu\/fi\/wp-json\/wp\/v2\/media?parent=3561"}],"curies":[{"name":"wp","href":"https:\/\/api.w.org\/{rel}","templated":true}]}}