{"id":3557,"date":"2021-12-02T15:55:47","date_gmt":"2021-12-02T13:55:47","guid":{"rendered":"https:\/\/vetatwork-project.eu\/tietoa-hankkeesta\/"},"modified":"2021-12-02T15:55:47","modified_gmt":"2021-12-02T13:55:47","slug":"tietoa-hankkeesta","status":"publish","type":"page","link":"https:\/\/vetatwork-project.eu\/fi\/tietoa-hankkeesta\/","title":{"rendered":"Tietoa hankkeesta"},"content":{"rendered":"\t\t<div data-elementor-type=\"wp-page\" data-elementor-id=\"3557\" class=\"elementor elementor-3557 elementor-698\" data-elementor-post-type=\"page\">\n\t\t\t\t\t\t<section class=\"elementor-section elementor-top-section elementor-element elementor-element-f61e93f elementor-section-content-middle elementor-section-boxed elementor-section-height-default elementor-section-height-default\" data-id=\"f61e93f\" data-element_type=\"section\">\n\t\t\t\t\t\t<div class=\"elementor-container elementor-column-gap-default\">\n\t\t\t\t\t<div class=\"elementor-column elementor-col-50 elementor-top-column elementor-element elementor-element-e13ecb8\" data-id=\"e13ecb8\" data-element_type=\"column\">\n\t\t\t<div class=\"elementor-widget-wrap elementor-element-populated\">\n\t\t\t\t\t\t<div class=\"elementor-element elementor-element-f41f03c elementor-widget elementor-widget-text-editor\" data-id=\"f41f03c\" data-element_type=\"widget\" data-widget_type=\"text-editor.default\">\n\t\t\t\t<div class=\"elementor-widget-container\">\n\t\t\t\t\t\t\t<p><strong>Tietoa hankkeesta<\/strong><\/p>\n\t\t\t\t\t\t<\/div>\n\t\t\t\t<\/div>\n\t\t\t\t<div class=\"elementor-element elementor-element-d21eb0c elementor-widget elementor-widget-text-editor\" data-id=\"d21eb0c\" data-element_type=\"widget\" data-widget_type=\"text-editor.default\">\n\t\t\t\t<div class=\"elementor-widget-container\">\n\t\t\t\t\t\t\t<p style=\"text-align: justify;\">VET@work on Erasmus+ KA2 -hanke, jota Euroopan komissio rahoittaa Opetushallituksen kautta. Se on jatkoa useille menestyksekk\u00e4ille Leonardo da Vinci- ja Erasmus+ KA2 -hankkeille, kuten POETE, WorkMentor (valittu menestystarinaksi), WorkQual ja AppMentor (Euroopan innovatiivisen opetuksen palkinnon 2021 voittaja).<\/p>\n<p style=\"text-align: justify;\">Idea t\u00e4h\u00e4n hankkeeseen syntyi AppMentor-hankkeen aikana. Tulimme tietoisiksi siit\u00e4, ett\u00e4 ty\u00f6nantajilta ja ammatillisen koulutuksen tarjoajilta puuttuu yhteinen kieli ja v\u00e4lineet, joiden avulla he voivat opettaa opiskelijoille oikeat ja tarvittavat taidot ty\u00f6markkinoita varten. Ty\u00f6nantajan ja ammatillisen koulutuksen tarjoajan v\u00e4linen yhteisty\u00f6 oli niin vaihtelevaa, ett\u00e4 se ei nykyisell\u00e4\u00e4n tarjoa opiskelijoille yhten\u00e4isi\u00e4 oppimiskokemuksia.<\/p>\n\t\t\t\t\t\t<\/div>\n\t\t\t\t<\/div>\n\t\t\t\t\t<\/div>\n\t\t<\/div>\n\t\t\t\t<div class=\"elementor-column elementor-col-50 elementor-top-column elementor-element elementor-element-c5b9a36\" data-id=\"c5b9a36\" data-element_type=\"column\">\n\t\t\t<div class=\"elementor-widget-wrap elementor-element-populated\">\n\t\t\t\t\t\t<div class=\"elementor-element elementor-element-decb4b7 elementor-widget elementor-widget-image\" data-id=\"decb4b7\" data-element_type=\"widget\" data-widget_type=\"image.default\">\n\t\t\t\t<div class=\"elementor-widget-container\">\n\t\t\t\t\t\t\t\t\t\t\t\t\t<img fetchpriority=\"high\" decoding=\"async\" width=\"800\" height=\"800\" src=\"https:\/\/vetatwork-project.eu\/wp-content\/uploads\/2021\/09\/Vet@Work-About-banner-woman@2.png\" class=\"attachment-full size-full wp-image-3109\" alt=\"Tietoa hankkeesta\" srcset=\"https:\/\/vetatwork-project.eu\/wp-content\/uploads\/2021\/09\/Vet@Work-About-banner-woman@2.png 800w, https:\/\/vetatwork-project.eu\/wp-content\/uploads\/2021\/09\/Vet@Work-About-banner-woman@2-300x300.png 300w, https:\/\/vetatwork-project.eu\/wp-content\/uploads\/2021\/09\/Vet@Work-About-banner-woman@2-150x150.png 150w, https:\/\/vetatwork-project.eu\/wp-content\/uploads\/2021\/09\/Vet@Work-About-banner-woman@2-768x768.png 768w\" sizes=\"(max-width: 800px) 100vw, 800px\" \/>\t\t\t\t\t\t\t\t\t\t\t\t\t<\/div>\n\t\t\t\t<\/div>\n\t\t\t\t\t<\/div>\n\t\t<\/div>\n\t\t\t\t\t<\/div>\n\t\t<\/section>\n\t\t\t\t<section class=\"elementor-section elementor-top-section elementor-element elementor-element-00a8827 elementor-section-boxed elementor-section-height-default elementor-section-height-default\" data-id=\"00a8827\" data-element_type=\"section\">\n\t\t\t\t\t\t<div class=\"elementor-container elementor-column-gap-default\">\n\t\t\t\t\t<div class=\"elementor-column elementor-col-100 elementor-top-column elementor-element elementor-element-b464930\" data-id=\"b464930\" data-element_type=\"column\">\n\t\t\t<div class=\"elementor-widget-wrap elementor-element-populated\">\n\t\t\t\t\t\t<div class=\"elementor-element elementor-element-d1d4b8c elementor-widget elementor-widget-text-editor\" data-id=\"d1d4b8c\" data-element_type=\"widget\" data-widget_type=\"text-editor.default\">\n\t\t\t\t<div class=\"elementor-widget-container\">\n\t\t\t\t\t\t\t<p style=\"text-align: justify;\">Halusimme toteuttaa hankkeen, jossa sek\u00e4 ammatillisen koulutuksen j\u00e4rjest\u00e4j\u00e4t ett\u00e4 ty\u00f6nantajat tekev\u00e4t yhteisty\u00f6t\u00e4 rinta rinnan, avoimesti ja ennakkoluulottomasti, l\u00f6yt\u00e4\u00e4kseen ty\u00f6kaluja, jotka auttavat ammatillisen koulutuksen j\u00e4rjest\u00e4ji\u00e4 ja ty\u00f6nantajia luomaan ja toteuttamaan laadukasta ja avointa yhteisty\u00f6t\u00e4. Tavoitteenamme oli testata menetelmi\u00e4 ja k\u00e4yt\u00e4nt\u00f6j\u00e4, joilla varmistetaan, ett\u00e4 ammatillisen koulutuksen opiskelijat saavat ty\u00f6markkinoille p\u00e4\u00e4semiseksi tarvittavat taidot.<\/p>\n<p style=\"text-align: justify;\">Hankkeen kolmivuotisen elinkaaren aikana ammatillisen koulutuksen j\u00e4rjest\u00e4j\u00e4t ja ty\u00f6nantajat pitiv\u00e4t s\u00e4\u00e4nn\u00f6llisesti kansainv\u00e4lisi\u00e4 ja verkkotapaamisia joissa keskityttiin aiheisiin ja menetelmiin jotka kannustavat ja auttavat tulevaa yhteisty\u00f6t\u00e4 ammatillisen koulutuksen ja ty\u00f6el\u00e4m\u00e4n v\u00e4lill\u00e4. Kokousten aikana jaoimme ideoita ja kokemuksia, haastattelimme asiantuntijoita, kuten ammatillisen koulutuksen j\u00e4rjest\u00e4ji\u00e4, opiskelijoita, opettajia, ty\u00f6nantajia ja ty\u00f6ntekij\u00f6it\u00e4 (ty\u00f6paikkaohjaajia), ja oppimme heilt\u00e4.<\/p>\n<p style=\"text-align: justify;\">VET@work-tiimi haluaa kiitt\u00e4\u00e4 kaikkia, jotka ovat antaneet t\u00e4lle hankkeelle arvokasta aikaansa ja tietoaan. Heid\u00e4n halukkuutensa auttaa ja antaa meille palautetta on ollut eritt\u00e4in arvokasta. Olemme eritt\u00e4in kiitollisia kaikista panoksista, jotka ovat mahdollistaneet sen ett\u00e4 pystyimme kehitt\u00e4\u00e4m\u00e4\u00e4n verkkok\u00e4sikirjan josta olemme ylpeit\u00e4.<\/p>\n\t\t\t\t\t\t<\/div>\n\t\t\t\t<\/div>\n\t\t\t\t\t<\/div>\n\t\t<\/div>\n\t\t\t\t\t<\/div>\n\t\t<\/section>\n\t\t\t\t<section class=\"elementor-section elementor-top-section elementor-element elementor-element-9fc4e32 elementor-section-content-middle elementor-reverse-mobile elementor-section-boxed elementor-section-height-default elementor-section-height-default\" data-id=\"9fc4e32\" data-element_type=\"section\">\n\t\t\t\t\t\t<div class=\"elementor-container elementor-column-gap-default\">\n\t\t\t\t\t<div class=\"elementor-column elementor-col-50 elementor-top-column elementor-element elementor-element-7373f92\" data-id=\"7373f92\" data-element_type=\"column\">\n\t\t\t<div class=\"elementor-widget-wrap elementor-element-populated\">\n\t\t\t\t\t\t<div class=\"elementor-element elementor-element-8acacb9 elementor-widget elementor-widget-image\" data-id=\"8acacb9\" data-element_type=\"widget\" data-widget_type=\"image.default\">\n\t\t\t\t<div class=\"elementor-widget-container\">\n\t\t\t\t\t\t\t\t\t\t\t\t\t<img decoding=\"async\" width=\"800\" height=\"800\" src=\"https:\/\/vetatwork-project.eu\/wp-content\/uploads\/2021\/09\/Vet@Work-About-banner-man@2.png\" class=\"attachment-full size-full wp-image-3105\" alt=\"Tietoa hankkeesta\" srcset=\"https:\/\/vetatwork-project.eu\/wp-content\/uploads\/2021\/09\/Vet@Work-About-banner-man@2.png 800w, https:\/\/vetatwork-project.eu\/wp-content\/uploads\/2021\/09\/Vet@Work-About-banner-man@2-300x300.png 300w, https:\/\/vetatwork-project.eu\/wp-content\/uploads\/2021\/09\/Vet@Work-About-banner-man@2-150x150.png 150w, https:\/\/vetatwork-project.eu\/wp-content\/uploads\/2021\/09\/Vet@Work-About-banner-man@2-768x768.png 768w\" sizes=\"(max-width: 800px) 100vw, 800px\" \/>\t\t\t\t\t\t\t\t\t\t\t\t\t<\/div>\n\t\t\t\t<\/div>\n\t\t\t\t\t<\/div>\n\t\t<\/div>\n\t\t\t\t<div class=\"elementor-column elementor-col-50 elementor-top-column elementor-element elementor-element-0c38ab7\" data-id=\"0c38ab7\" data-element_type=\"column\">\n\t\t\t<div class=\"elementor-widget-wrap elementor-element-populated\">\n\t\t\t\t\t\t<div class=\"elementor-element elementor-element-d68e8e9 elementor-widget elementor-widget-text-editor\" data-id=\"d68e8e9\" data-element_type=\"widget\" data-widget_type=\"text-editor.default\">\n\t\t\t\t<div class=\"elementor-widget-container\">\n\t\t\t\t\t\t\t<p style=\"text-align: justify;\">P\u00e4\u00e4tavoitteemme on ollut auttaa ammatillisen koulutuksen j\u00e4rjest\u00e4ji\u00e4 ja ty\u00f6nantajia parantamaan yhteisty\u00f6n laatua, olipa kyseess\u00e4 sitten uusi tai jo olemassa oleva yhteisty\u00f6 ammatillisen koulutuksen ja ty\u00f6el\u00e4m\u00e4n v\u00e4lill\u00e4. T\u00e4h\u00e4n p\u00e4\u00e4st\u00e4ksemme olemme jakaneet parhaita k\u00e4yt\u00e4nt\u00f6j\u00e4, tarkastelleet nykyisi\u00e4 yhteisty\u00f6kuvioita sek\u00e4 mik\u00e4 est\u00e4\u00e4 yhteisty\u00f6t\u00e4 ja korostamalla ammatillisen koulutuksen ja ty\u00f6el\u00e4m\u00e4n yhteisty\u00f6n etuja ammatilliselle koulutukselle, ty\u00f6nantajille ja opiskelijoille. Halusimme tarjota k\u00e4ytt\u00e4jille menetelmi\u00e4 ja testattuja esimerkkej\u00e4, joissa esitell\u00e4\u00e4n erilaisia yhteisty\u00f6tapoja. Osa tapauksista on tarkoitettu aloittelijoille ja osa niille, joilla on enemm\u00e4n kokemusta ammatillisen koulutuksen ja ty\u00f6el\u00e4m\u00e4n yhteisty\u00f6st\u00e4. Jaamme my\u00f6s vinkkej\u00e4 ja ideoita siit\u00e4, miten VET@work yhteisty\u00f6t\u00e4 voidaan markkinoida ja toteuttaa, ja autamme kiinnostuneita p\u00e4\u00e4sem\u00e4\u00e4n alkuun yksinkertaisen verkko itsearviointity\u00f6kalun avulla. T\u00e4m\u00e4 itsearviointity\u00f6kalu osoittaa miten valmis ammatillisen koulutuksen j\u00e4rjest\u00e4j\u00e4 tai ty\u00f6nantaja on perustamaan ja toteuttamaan VET@work yhteisty\u00f6n.<\/p>\n\t\t\t\t\t\t<\/div>\n\t\t\t\t<\/div>\n\t\t\t\t<div class=\"elementor-element elementor-element-3056223 elementor-widget elementor-widget-spacer\" data-id=\"3056223\" data-element_type=\"widget\" data-widget_type=\"spacer.default\">\n\t\t\t\t<div class=\"elementor-widget-container\">\n\t\t\t\t\t<div class=\"elementor-spacer\">\n\t\t\t<div class=\"elementor-spacer-inner\"><\/div>\n\t\t<\/div>\n\t\t\t\t<\/div>\n\t\t\t\t<\/div>\n\t\t\t\t\t<\/div>\n\t\t<\/div>\n\t\t\t\t\t<\/div>\n\t\t<\/section>\n\t\t\t\t<section class=\"elementor-section elementor-top-section elementor-element elementor-element-fc925e0 elementor-section-boxed elementor-section-height-default elementor-section-height-default\" data-id=\"fc925e0\" data-element_type=\"section\">\n\t\t\t\t\t\t<div class=\"elementor-container elementor-column-gap-default\">\n\t\t\t\t\t<div class=\"elementor-column elementor-col-100 elementor-top-column elementor-element elementor-element-efe6668\" data-id=\"efe6668\" data-element_type=\"column\">\n\t\t\t<div class=\"elementor-widget-wrap elementor-element-populated\">\n\t\t\t\t\t\t<div class=\"elementor-element elementor-element-0f1a3a3 elementor-widget elementor-widget-text-editor\" data-id=\"0f1a3a3\" data-element_type=\"widget\" data-widget_type=\"text-editor.default\">\n\t\t\t\t<div class=\"elementor-widget-container\">\n\t\t\t\t\t\t\t<p>Kaikki t\u00e4m\u00e4 ja paljon muuta l\u00f6ytyy t\u00e4st\u00e4 k\u00e4sikirjasta, joka on laadittu sinua varten! Toivomme, ett\u00e4 pid\u00e4t k\u00e4sikirjaa ty\u00f6kaluineen, menetelmineen ja vinkkeineen hy\u00f6dyllisen\u00e4 ja ett\u00e4 se rohkaisee sinua sis\u00e4llytt\u00e4m\u00e4\u00e4n VET@work yhteisty\u00f6n toimintasuunnitelmiisi.<\/p>\n<p><em>Terveisin: Tanja, Johanna, Klara, Bernadetta, Kirsi, Philip, Adele, Maarten, Myriam, Brenda, Hrafnhildur, Harpa, Hulda, Yveline and Mireille (the VET@work team)<\/em><\/p>\n\t\t\t\t\t\t<\/div>\n\t\t\t\t<\/div>\n\t\t\t\t\t<\/div>\n\t\t<\/div>\n\t\t\t\t\t<\/div>\n\t\t<\/section>\n\t\t\t\t<\/div>\n\t\t","protected":false},"excerpt":{"rendered":"<p>Tietoa hankkeesta VET@work on Erasmus+ KA2 -hanke, jota Euroopan komissio rahoittaa Opetushallituksen kautta. Se on jatkoa useille menestyksekk\u00e4ille Leonardo da Vinci- ja Erasmus+ KA2 -hankkeille, kuten POETE, WorkMentor (valittu menestystarinaksi), WorkQual ja AppMentor (Euroopan innovatiivisen opetuksen palkinnon 2021 voittaja). Idea t\u00e4h\u00e4n hankkeeseen syntyi AppMentor-hankkeen aikana. Tulimme tietoisiksi siit\u00e4, ett\u00e4 ty\u00f6nantajilta ja ammatillisen koulutuksen tarjoajilta puuttuu [&hellip;]<\/p>\n","protected":false},"author":3,"featured_media":3057,"parent":0,"menu_order":0,"comment_status":"closed","ping_status":"closed","template":"","meta":{"site-sidebar-layout":"no-sidebar","site-content-layout":"page-builder","ast-site-content-layout":"","site-content-style":"default","site-sidebar-style":"default","ast-global-header-display":"","ast-banner-title-visibility":"","ast-main-header-display":"","ast-hfb-above-header-display":"","ast-hfb-below-header-display":"","ast-hfb-mobile-header-display":"","site-post-title":"disabled","ast-breadcrumbs-content":"","ast-featured-img":"disabled","footer-sml-layout":"","theme-transparent-header-meta":"","adv-header-id-meta":"","stick-header-meta":"","header-above-stick-meta":"","header-main-stick-meta":"","header-below-stick-meta":"","astra-migrate-meta-layouts":"default","ast-page-background-enabled":"default","ast-page-background-meta":{"desktop":{"background-color":"","background-image":"","background-repeat":"repeat","background-position":"center center","background-size":"auto","background-attachment":"scroll","background-type":"","background-media":"","overlay-type":"","overlay-color":"","overlay-opacity":"","overlay-gradient":""},"tablet":{"background-color":"","background-image":"","background-repeat":"repeat","background-position":"center center","background-size":"auto","background-attachment":"scroll","background-type":"","background-media":"","overlay-type":"","overlay-color":"","overlay-opacity":"","overlay-gradient":""},"mobile":{"background-color":"","background-image":"","background-repeat":"repeat","background-position":"center center","background-size":"auto","background-attachment":"scroll","background-type":"","background-media":"","overlay-type":"","overlay-color":"","overlay-opacity":"","overlay-gradient":""}},"ast-content-background-meta":{"desktop":{"background-color":"var(--ast-global-color-5)","background-image":"","background-repeat":"repeat","background-position":"center center","background-size":"auto","background-attachment":"scroll","background-type":"","background-media":"","overlay-type":"","overlay-color":"","overlay-opacity":"","overlay-gradient":""},"tablet":{"background-color":"var(--ast-global-color-5)","background-image":"","background-repeat":"repeat","background-position":"center center","background-size":"auto","background-attachment":"scroll","background-type":"","background-media":"","overlay-type":"","overlay-color":"","overlay-opacity":"","overlay-gradient":""},"mobile":{"background-color":"var(--ast-global-color-5)","background-image":"","background-repeat":"repeat","background-position":"center center","background-size":"auto","background-attachment":"scroll","background-type":"","background-media":"","overlay-type":"","overlay-color":"","overlay-opacity":"","overlay-gradient":""}},"footnotes":""},"class_list":["post-3557","page","type-page","status-publish","has-post-thumbnail","hentry"],"_links":{"self":[{"href":"https:\/\/vetatwork-project.eu\/fi\/wp-json\/wp\/v2\/pages\/3557","targetHints":{"allow":["GET"]}}],"collection":[{"href":"https:\/\/vetatwork-project.eu\/fi\/wp-json\/wp\/v2\/pages"}],"about":[{"href":"https:\/\/vetatwork-project.eu\/fi\/wp-json\/wp\/v2\/types\/page"}],"author":[{"embeddable":true,"href":"https:\/\/vetatwork-project.eu\/fi\/wp-json\/wp\/v2\/users\/3"}],"replies":[{"embeddable":true,"href":"https:\/\/vetatwork-project.eu\/fi\/wp-json\/wp\/v2\/comments?post=3557"}],"version-history":[{"count":1,"href":"https:\/\/vetatwork-project.eu\/fi\/wp-json\/wp\/v2\/pages\/3557\/revisions"}],"predecessor-version":[{"id":3558,"href":"https:\/\/vetatwork-project.eu\/fi\/wp-json\/wp\/v2\/pages\/3557\/revisions\/3558"}],"wp:featuredmedia":[{"embeddable":true,"href":"https:\/\/vetatwork-project.eu\/fi\/wp-json\/wp\/v2\/media\/3057"}],"wp:attachment":[{"href":"https:\/\/vetatwork-project.eu\/fi\/wp-json\/wp\/v2\/media?parent=3557"}],"curies":[{"name":"wp","href":"https:\/\/api.w.org\/{rel}","templated":true}]}}